{"id":437,"date":"2025-08-06T15:01:26","date_gmt":"2025-08-06T13:01:26","guid":{"rendered":"https:\/\/concess.transport-manager.net\/alstom\/?page_id=437"},"modified":"2025-09-14T17:41:39","modified_gmt":"2025-09-14T15:41:39","slug":"accueil","status":"publish","type":"page","link":"https:\/\/concess.transport-manager.net\/alstom\/","title":{"rendered":"Accueil"},"content":{"rendered":"\n<h1 class=\"wp-block-heading has-text-align-center\">Bienvenue chez<\/h1>\n\n\n<div class=\"wp-block-image\">\n<figure class=\"aligncenter size-large\"><img loading=\"lazy\" decoding=\"async\" width=\"1024\" height=\"188\" src=\"https:\/\/concess.transport-manager.net\/alstom\/wp-content\/uploads\/sites\/13\/2025\/08\/alstom2-1024x188.png\" alt=\"\" class=\"wp-image-498\" srcset=\"https:\/\/concess.transport-manager.net\/alstom\/wp-content\/uploads\/sites\/13\/2025\/08\/alstom2-1024x188.png 1024w, https:\/\/concess.transport-manager.net\/alstom\/wp-content\/uploads\/sites\/13\/2025\/08\/alstom2-300x55.png 300w, https:\/\/concess.transport-manager.net\/alstom\/wp-content\/uploads\/sites\/13\/2025\/08\/alstom2-768x141.png 768w, https:\/\/concess.transport-manager.net\/alstom\/wp-content\/uploads\/sites\/13\/2025\/08\/alstom2-1536x282.png 1536w, https:\/\/concess.transport-manager.net\/alstom\/wp-content\/uploads\/sites\/13\/2025\/08\/alstom2.png 1929w\" sizes=\"auto, (max-width: 1024px) 100vw, 1024px\" \/><\/figure>\n<\/div>\n\n\n<p class=\"has-text-align-center\">Sur ce site, vous trouverez toutes les informations utiles concernant la concession <strong>Alstom \u2013 Bombardier<\/strong> : v\u00e9hicules neufs ou d\u2019occasion, services propos\u00e9s, d\u00e9marches de commande, programmes de fid\u00e9lit\u00e9 et formulaires de contact. Que vous soyez un exploitant exp\u00e9riment\u00e9 ou un joueur tout juste d\u00e9butant au niveau 5, nous avons \u00e0 c\u0153ur de vous accompagner avec s\u00e9rieux, r\u00e9activit\u00e9 et transparence. Notre objectif : vous offrir des solutions adapt\u00e9es, un suivi personnalis\u00e9 et une exp\u00e9rience fluide \u00e0 chaque \u00e9tape. Prenez le temps d\u2019explorer, tout a \u00e9t\u00e9 pens\u00e9 pour faciliter vos d\u00e9marches.<\/p>\n\n\n\n<div class=\"wp-block-columns is-layout-flex wp-container-core-columns-is-layout-9d6595d7 wp-block-columns-is-layout-flex\">\n<div class=\"wp-block-column is-layout-flow wp-block-column-is-layout-flow\"><div class=\"wp-block-image\">\n<figure class=\"aligncenter size-full is-resized\"><img loading=\"lazy\" decoding=\"async\" width=\"450\" height=\"300\" src=\"https:\/\/concess.transport-manager.net\/alstom\/wp-content\/uploads\/sites\/13\/2025\/09\/Alstom_Citadis405.jpg\" alt=\"\" class=\"wp-image-597\" style=\"width:450px;height:auto\" srcset=\"https:\/\/concess.transport-manager.net\/alstom\/wp-content\/uploads\/sites\/13\/2025\/09\/Alstom_Citadis405.jpg 450w, https:\/\/concess.transport-manager.net\/alstom\/wp-content\/uploads\/sites\/13\/2025\/09\/Alstom_Citadis405-300x200.jpg 300w\" sizes=\"auto, (max-width: 450px) 100vw, 450px\" \/><figcaption class=\"wp-element-caption\"><a href=\"https:\/\/concess.transport-manager.net\/alstom\/catalogue-neuf\/\" data-type=\"page\" data-id=\"439\"><mark style=\"color:#740000\" class=\"has-inline-color\"><strong>Consultez notre catalogue neuf!<\/strong><\/mark><\/a><\/figcaption><\/figure>\n<\/div><\/div>\n\n\n\n<div class=\"wp-block-column is-layout-flow wp-block-column-is-layout-flow\"><div class=\"wp-block-image\">\n<figure class=\"aligncenter size-full\"><img loading=\"lazy\" decoding=\"async\" width=\"450\" height=\"300\" src=\"https:\/\/concess.transport-manager.net\/alstom\/wp-content\/uploads\/sites\/13\/2025\/09\/Alstom_Citadis401.jpg\" alt=\"\" class=\"wp-image-600\" srcset=\"https:\/\/concess.transport-manager.net\/alstom\/wp-content\/uploads\/sites\/13\/2025\/09\/Alstom_Citadis401.jpg 450w, https:\/\/concess.transport-manager.net\/alstom\/wp-content\/uploads\/sites\/13\/2025\/09\/Alstom_Citadis401-300x200.jpg 300w\" sizes=\"auto, (max-width: 450px) 100vw, 450px\" \/><figcaption class=\"wp-element-caption\"><a href=\"https:\/\/concess.transport-manager.net\/alstom\/catalogue-occasion\/\" data-type=\"page\" data-id=\"440\"><mark style=\"color:#740000\" class=\"has-inline-color\"><strong>Consultez notre catalogue occasion!<\/strong><\/mark><\/a><\/figcaption><\/figure>\n<\/div><\/div>\n<\/div>\n\n\n\n<h1 class=\"wp-block-heading has-text-align-center\">Vous souhaitez b\u00e9n\u00e9ficier d&rsquo;avantages exclusifs?<\/h1>\n\n\n\n<p class=\"has-text-align-center\">Chez Alstom, nous r\u00e9compensons la confiance de nos clients. Gr\u00e2ce \u00e0 nos programmes de fid\u00e9lit\u00e9, profitez d\u2019avantages exclusifs : remises attractives, acc\u00e8s privil\u00e9gi\u00e9 aux ventes priv\u00e9es, extensions de garantie et services suppl\u00e9mentaires.<br>Que vous soyez un joueur individuel ou une alliance, il existe une formule adapt\u00e9e \u00e0 vos besoins.<\/p>\n\n\n\n<h3 class=\"wp-block-heading has-text-align-center\"><a href=\"https:\/\/concess.transport-manager.net\/alstom\/fidelite\/\" data-type=\"page\" data-id=\"443\"><mark style=\"color:#740000\" class=\"has-inline-color\">D\u00e9couvrez nos programmes de fid\u00e9lit\u00e9 d\u00e8s maintenant !<\/mark><\/a><\/h3>\n\n\n\n<p><\/p>\n","protected":false},"excerpt":{"rendered":"<p>Bienvenue chez Sur ce site, vous trouverez toutes les informations utiles concernant la concession Alstom \u2013 Bombardier : v\u00e9hicules neufs ou d\u2019occasion, services propos\u00e9s, d\u00e9marches de commande, programmes de fid\u00e9lit\u00e9 et formulaires de contact. Que vous soyez un exploitant exp\u00e9riment\u00e9 ou un joueur tout juste d\u00e9butant au niveau 5, nous avons \u00e0 c\u0153ur de vous&hellip;&nbsp;<\/p>\n","protected":false},"author":31,"featured_media":0,"parent":0,"menu_order":0,"comment_status":"closed","ping_status":"closed","template":"","meta":{"neve_meta_sidebar":"","neve_meta_container":"","neve_meta_enable_content_width":"","neve_meta_content_width":0,"neve_meta_title_alignment":"","neve_meta_author_avatar":"","neve_post_elements_order":"","neve_meta_disable_header":"","neve_meta_disable_footer":"","neve_meta_disable_title":"","footnotes":""},"class_list":["post-437","page","type-page","status-publish","hentry"],"_links":{"self":[{"href":"https:\/\/concess.transport-manager.net\/alstom\/wp-json\/wp\/v2\/pages\/437","targetHints":{"allow":["GET"]}}],"collection":[{"href":"https:\/\/concess.transport-manager.net\/alstom\/wp-json\/wp\/v2\/pages"}],"about":[{"href":"https:\/\/concess.transport-manager.net\/alstom\/wp-json\/wp\/v2\/types\/page"}],"author":[{"embeddable":true,"href":"https:\/\/concess.transport-manager.net\/alstom\/wp-json\/wp\/v2\/users\/31"}],"replies":[{"embeddable":true,"href":"https:\/\/concess.transport-manager.net\/alstom\/wp-json\/wp\/v2\/comments?post=437"}],"version-history":[{"count":5,"href":"https:\/\/concess.transport-manager.net\/alstom\/wp-json\/wp\/v2\/pages\/437\/revisions"}],"predecessor-version":[{"id":601,"href":"https:\/\/concess.transport-manager.net\/alstom\/wp-json\/wp\/v2\/pages\/437\/revisions\/601"}],"wp:attachment":[{"href":"https:\/\/concess.transport-manager.net\/alstom\/wp-json\/wp\/v2\/media?parent=437"}],"curies":[{"name":"wp","href":"https:\/\/api.w.org\/{rel}","templated":true}]}}