{"id":443,"date":"2025-08-06T15:01:26","date_gmt":"2025-08-06T13:01:26","guid":{"rendered":"https:\/\/concess.transport-manager.net\/alstom\/?page_id=443"},"modified":"2026-03-28T23:44:57","modified_gmt":"2026-03-28T22:44:57","slug":"fidelite","status":"publish","type":"page","link":"https:\/\/concess.transport-manager.net\/alstom\/fidelite\/","title":{"rendered":"Fid\u00e9lit\u00e9"},"content":{"rendered":"<div class=\"wp-block-image\">\n<figure class=\"aligncenter size-large is-resized\"><img loading=\"lazy\" decoding=\"async\" width=\"1024\" height=\"521\" src=\"https:\/\/concess.transport-manager.net\/alstom\/wp-content\/uploads\/sites\/13\/2025\/08\/fid_by-1-1024x521.png\" alt=\"\" class=\"wp-image-508\" style=\"width:690px;height:auto\" srcset=\"https:\/\/concess.transport-manager.net\/alstom\/wp-content\/uploads\/sites\/13\/2025\/08\/fid_by-1-1024x521.png 1024w, https:\/\/concess.transport-manager.net\/alstom\/wp-content\/uploads\/sites\/13\/2025\/08\/fid_by-1-300x153.png 300w, https:\/\/concess.transport-manager.net\/alstom\/wp-content\/uploads\/sites\/13\/2025\/08\/fid_by-1-768x391.png 768w, https:\/\/concess.transport-manager.net\/alstom\/wp-content\/uploads\/sites\/13\/2025\/08\/fid_by-1-1536x781.png 1536w, https:\/\/concess.transport-manager.net\/alstom\/wp-content\/uploads\/sites\/13\/2025\/08\/fid_by-1.png 1595w\" sizes=\"auto, (max-width: 1024px) 100vw, 1024px\" \/><\/figure>\n<\/div>\n\n\n<p class=\"has-text-align-center\"><strong>Chez Alstom, nous croyons qu&rsquo;une collaboration durable m\u00e9rite d&rsquo;\u00eatre valoris\u00e9e. C&rsquo;est pourquoi nous avons mis en place trois programme de fid\u00e9lit\u00e9 con\u00e7us pour s&rsquo;adapter aux profils de tous nos clients, qu&rsquo;ils soient op\u00e9rateurs ind\u00e9pendants ou alliances bien \u00e9tablies. Ces programmes vous permettent d&rsquo;acc\u00e9der \u00e0 des remises exclusives, \u00e0 des avantages \u00e9tendus et \u00e0 une relation commerciale encore plus fluide.<\/strong><\/p>\n\n\n\n<hr class=\"wp-block-separator has-alpha-channel-opacity\" \/>\n\n\n\n<div class=\"wp-block-columns is-layout-flex wp-container-core-columns-is-layout-9d6595d7 wp-block-columns-is-layout-flex\">\n<div class=\"wp-block-column is-layout-flow wp-block-column-is-layout-flow\" style=\"flex-basis:66.66%\"><div class=\"wp-block-image\">\n<figure class=\"aligncenter size-full is-resized\"><img loading=\"lazy\" decoding=\"async\" width=\"994\" height=\"698\" src=\"https:\/\/concess.transport-manager.net\/alstom\/wp-content\/uploads\/sites\/13\/2025\/08\/niveau_1-1.png\" alt=\"\" class=\"wp-image-510\" style=\"width:535px;height:auto\" srcset=\"https:\/\/concess.transport-manager.net\/alstom\/wp-content\/uploads\/sites\/13\/2025\/08\/niveau_1-1.png 994w, https:\/\/concess.transport-manager.net\/alstom\/wp-content\/uploads\/sites\/13\/2025\/08\/niveau_1-1-300x211.png 300w, https:\/\/concess.transport-manager.net\/alstom\/wp-content\/uploads\/sites\/13\/2025\/08\/niveau_1-1-768x539.png 768w\" sizes=\"auto, (max-width: 994px) 100vw, 994px\" \/><\/figure>\n<\/div><\/div>\n\n\n\n<div class=\"wp-block-column is-vertically-aligned-center is-layout-flow wp-block-column-is-layout-flow\" style=\"flex-basis:33.33%\">\n<h3 class=\"wp-block-heading has-text-align-center\">D\u00e9couverte<\/h3>\n\n\n\n<p class=\"has-text-align-center\">Id\u00e9al pour les clients r\u00e9guliers souhaitant acc\u00e9der \u00e0 des conditions avantageuses. D\u00e8s qu&rsquo;un devis porte sur 5 v\u00e9hicules ou plus, vous b\u00e9n\u00e9ficiez d&rsquo;une remise imm\u00e9diate de 5% sur l&rsquo;ensemble des v\u00e9hicules du devis (hors options). Les fid\u00e9lis\u00e9s b\u00e9n\u00e9ficient \u00e9galement d&rsquo;une extension de garantie de 1 an sur les v\u00e9hicules neufs et de 6 mois sur les v\u00e9hicules d&rsquo;occasion.<\/p>\n\n\n\n<h5 class=\"wp-block-heading has-text-align-center\">Tarif : 200 000 \u20ac \/ an<\/h5>\n<\/div>\n<\/div>\n\n\n\n<hr class=\"wp-block-separator has-alpha-channel-opacity\" \/>\n\n\n\n<div class=\"wp-block-columns is-layout-flex wp-container-core-columns-is-layout-9d6595d7 wp-block-columns-is-layout-flex\">\n<div class=\"wp-block-column is-vertically-aligned-center is-layout-flow wp-block-column-is-layout-flow\" style=\"flex-basis:33.33%\">\n<h3 class=\"wp-block-heading has-text-align-center\">VIP<\/h3>\n\n\n\n<p class=\"has-text-align-center\">Pens\u00e9 pour les clients fid\u00e8les recherchant confort, privil\u00e8ges et r\u00e9activit\u00e9. D\u00e8s votre premi\u00e8re commande, vous profiterez automatiquement d&rsquo;une remise de 6% sur le prix de d\u00e9part des v\u00e9hicules. Vous b\u00e9n\u00e9ficiez \u00e9galement d&rsquo;une extension de garantie de deux ans sur les v\u00e9hicules neufs et de un an sur les v\u00e9hicules d&rsquo;occasion.<\/p>\n\n\n\n<h5 class=\"wp-block-heading has-text-align-center\">Tarif : 600 000 \u20ac \/ an<\/h5>\n<\/div>\n\n\n\n<div class=\"wp-block-column is-layout-flow wp-block-column-is-layout-flow\" style=\"flex-basis:66.66%\"><div class=\"wp-block-image\">\n<figure class=\"aligncenter size-full is-resized\"><img loading=\"lazy\" decoding=\"async\" width=\"998\" height=\"716\" src=\"https:\/\/concess.transport-manager.net\/alstom\/wp-content\/uploads\/sites\/13\/2025\/08\/niveau_2.png\" alt=\"\" class=\"wp-image-511\" style=\"width:609px;height:auto\" srcset=\"https:\/\/concess.transport-manager.net\/alstom\/wp-content\/uploads\/sites\/13\/2025\/08\/niveau_2.png 998w, https:\/\/concess.transport-manager.net\/alstom\/wp-content\/uploads\/sites\/13\/2025\/08\/niveau_2-300x215.png 300w, https:\/\/concess.transport-manager.net\/alstom\/wp-content\/uploads\/sites\/13\/2025\/08\/niveau_2-768x551.png 768w\" sizes=\"auto, (max-width: 998px) 100vw, 998px\" \/><\/figure>\n<\/div><\/div>\n<\/div>\n\n\n\n<p class=\"has-text-align-center\"><strong>Membre d&rsquo;InfrAlliance? Le programme de fid\u00e9lit\u00e9 Niveau 2 vous est offert! Alors n&rsquo;h\u00e9sitez plus et profitez de nos meilleurs avantages sans plus attendre!<\/strong><\/p>\n\n\n<div class=\"wp-block-image\">\n<figure class=\"aligncenter size-large\"><img loading=\"lazy\" decoding=\"async\" width=\"1024\" height=\"137\" src=\"https:\/\/concess.transport-manager.net\/alstom\/wp-content\/uploads\/sites\/13\/2026\/03\/ALSTOM-1024x137.png\" alt=\"\" class=\"wp-image-693\" srcset=\"https:\/\/concess.transport-manager.net\/alstom\/wp-content\/uploads\/sites\/13\/2026\/03\/ALSTOM-1024x137.png 1024w, https:\/\/concess.transport-manager.net\/alstom\/wp-content\/uploads\/sites\/13\/2026\/03\/ALSTOM-300x40.png 300w, https:\/\/concess.transport-manager.net\/alstom\/wp-content\/uploads\/sites\/13\/2026\/03\/ALSTOM-768x103.png 768w, https:\/\/concess.transport-manager.net\/alstom\/wp-content\/uploads\/sites\/13\/2026\/03\/ALSTOM.png 1241w\" sizes=\"auto, (max-width: 1024px) 100vw, 1024px\" \/><\/figure>\n<\/div>\n\n\n<hr class=\"wp-block-separator has-alpha-channel-opacity\" \/>\n\n\n\n<div class=\"wp-block-columns is-layout-flex wp-container-core-columns-is-layout-9d6595d7 wp-block-columns-is-layout-flex\">\n<div class=\"wp-block-column is-layout-flow wp-block-column-is-layout-flow\" style=\"flex-basis:66.66%\">\n<figure class=\"wp-block-image size-full is-resized\"><img loading=\"lazy\" decoding=\"async\" width=\"997\" height=\"688\" src=\"https:\/\/concess.transport-manager.net\/alstom\/wp-content\/uploads\/sites\/13\/2025\/08\/niveau_3.png\" alt=\"\" class=\"wp-image-512\" style=\"width:630px;height:auto\" srcset=\"https:\/\/concess.transport-manager.net\/alstom\/wp-content\/uploads\/sites\/13\/2025\/08\/niveau_3.png 997w, https:\/\/concess.transport-manager.net\/alstom\/wp-content\/uploads\/sites\/13\/2025\/08\/niveau_3-300x207.png 300w, https:\/\/concess.transport-manager.net\/alstom\/wp-content\/uploads\/sites\/13\/2025\/08\/niveau_3-768x530.png 768w\" sizes=\"auto, (max-width: 997px) 100vw, 997px\" \/><\/figure>\n<\/div>\n\n\n\n<div class=\"wp-block-column is-vertically-aligned-center is-layout-flow wp-block-column-is-layout-flow\" style=\"flex-basis:33.33%\">\n<h3 class=\"wp-block-heading has-text-align-center\">Alliance<\/h3>\n\n\n\n<p class=\"has-text-align-center\">Sp\u00e9cialement con\u00e7u pour les alliances effectuant des commandes group\u00e9es. Ce programme permet \u00e0 votre alliance de b\u00e9n\u00e9ficier de remises \u00e9volutives :<br>&#8211; 7% de r\u00e9duction \u00e0 partir de 20 v\u00e9hicules command\u00e9s<br>&#8211; 8% de r\u00e9duction \u00e0 partir de 30 v\u00e9hicules<br>Les remises seront appliqu\u00e9es automatiquement sur le prix de d\u00e9part (catalogue) des v\u00e9hicules.<\/p>\n\n\n\n<h5 class=\"wp-block-heading has-text-align-center\">Tarif : 1 000 000 \u20ac \/ an<\/h5>\n<\/div>\n<\/div>\n\n\n\n<hr class=\"wp-block-separator has-alpha-channel-opacity\" \/>\n\n\n\n<div class=\"wp-block-buttons is-content-justification-center is-layout-flex wp-container-core-buttons-is-layout-16018d1d wp-block-buttons-is-layout-flex\">\n<div class=\"wp-block-button\"><a class=\"wp-block-button__link wp-element-button\" href=\"https:\/\/transport-manager.net\/jeu\/sendconcess.php?p=alstom_fidelite\">Formulaire de souscription<\/a><\/div>\n<\/div>\n","protected":false},"excerpt":{"rendered":"<p>Chez Alstom, nous croyons qu&rsquo;une collaboration durable m\u00e9rite d&rsquo;\u00eatre valoris\u00e9e. C&rsquo;est pourquoi nous avons mis en place trois programme de fid\u00e9lit\u00e9 con\u00e7us pour s&rsquo;adapter aux profils de tous nos clients, qu&rsquo;ils soient op\u00e9rateurs ind\u00e9pendants ou alliances bien \u00e9tablies. Ces programmes vous permettent d&rsquo;acc\u00e9der \u00e0 des remises exclusives, \u00e0 des avantages \u00e9tendus et \u00e0 une relation&hellip;&nbsp;<\/p>\n","protected":false},"author":31,"featured_media":0,"parent":0,"menu_order":0,"comment_status":"closed","ping_status":"closed","template":"","meta":{"neve_meta_sidebar":"","neve_meta_container":"","neve_meta_enable_content_width":"","neve_meta_content_width":0,"neve_meta_title_alignment":"","neve_meta_author_avatar":"","neve_post_elements_order":"","neve_meta_disable_header":"","neve_meta_disable_footer":"","neve_meta_disable_title":"","footnotes":""},"class_list":["post-443","page","type-page","status-publish","hentry"],"_links":{"self":[{"href":"https:\/\/concess.transport-manager.net\/alstom\/wp-json\/wp\/v2\/pages\/443","targetHints":{"allow":["GET"]}}],"collection":[{"href":"https:\/\/concess.transport-manager.net\/alstom\/wp-json\/wp\/v2\/pages"}],"about":[{"href":"https:\/\/concess.transport-manager.net\/alstom\/wp-json\/wp\/v2\/types\/page"}],"author":[{"embeddable":true,"href":"https:\/\/concess.transport-manager.net\/alstom\/wp-json\/wp\/v2\/users\/31"}],"replies":[{"embeddable":true,"href":"https:\/\/concess.transport-manager.net\/alstom\/wp-json\/wp\/v2\/comments?post=443"}],"version-history":[{"count":7,"href":"https:\/\/concess.transport-manager.net\/alstom\/wp-json\/wp\/v2\/pages\/443\/revisions"}],"predecessor-version":[{"id":695,"href":"https:\/\/concess.transport-manager.net\/alstom\/wp-json\/wp\/v2\/pages\/443\/revisions\/695"}],"wp:attachment":[{"href":"https:\/\/concess.transport-manager.net\/alstom\/wp-json\/wp\/v2\/media?parent=443"}],"curies":[{"name":"wp","href":"https:\/\/api.w.org\/{rel}","templated":true}]}}