{"id":444,"date":"2025-08-06T15:01:26","date_gmt":"2025-08-06T13:01:26","guid":{"rendered":"https:\/\/concess.transport-manager.net\/alstom\/?page_id=444"},"modified":"2025-09-23T21:39:29","modified_gmt":"2025-09-23T19:39:29","slug":"sav","status":"publish","type":"page","link":"https:\/\/concess.transport-manager.net\/alstom\/sav\/","title":{"rendered":"SAV"},"content":{"rendered":"\n<h1 class=\"wp-block-heading has-text-align-center\">Le SAV By Alstom<\/h1>\n\n\n\n<p class=\"has-text-align-center\">Chez Alstom, notre engagement ne s&rsquo;arr\u00eate pas \u00e0 la livraison de vos tramways. Nous pla\u00e7ons la satisfaction et la continuit\u00e9 d&rsquo;exploitation au coeur de notre d\u00e9marche, en vous proposant un service apr\u00e8s-vente r\u00e9actif, fiable et accessible. Notre SAV prend en charge toutes les pannes du quotidien (hors consommables et accidents), allant du simple disfonctionnement aux pannes majeures, qu&rsquo;il s&rsquo;agisse de v\u00e9hicules neufs ou d&rsquo;occasions.<br>Notre objectif : garantir \u00e0 nos clients une exploitation fluide, s\u00e9curis\u00e9e et durable de leur mat\u00e9riel roulant.<\/p>\n\n\n\n<h4 class=\"wp-block-heading has-text-align-center\">Ce que nous proposons:<\/h4>\n\n\n\n<ul class=\"wp-block-list\">\n<li><strong>D\u00e9claration de panne simplifi\u00e9e<\/strong> via notre formulaire d\u00e9di\u00e9, pour une prise en charge rapide<\/li>\n\n\n\n<li><strong>Suivi transparent des interventions<\/strong>, avec retour r\u00e9gulier (via tableau de suivi) sur l&rsquo;\u00e9tat du traitement<\/li>\n\n\n\n<li><strong>Prise en charge renforc\u00e9e<\/strong> pour les clients sous programme de fid\u00e9lit\u00e9<\/li>\n<\/ul>\n\n\n\n<h2 class=\"wp-block-heading has-text-align-center\">Une \u00e9quipe \u00e0 l&rsquo;\u00e9coute<\/h2>\n\n\n\n<p class=\"has-text-align-center\">Nous savons qu&rsquo;une interruption de service peut \u00eatre critique. C&rsquo;est pourquoi nous ferons tout notre possible pour vous aider le plus rapidement possible, avec une prise en charge financi\u00e8re, et dans les cas les plus critique, un pr\u00eat de materiel (prochainement disponible) pour pallier \u00e0 la perte d&rsquo;exploitation.<\/p>\n\n\n\n<p class=\"has-text-align-center\">Vous avez un souci technique? Rendez-vous sur le <a href=\"https:\/\/transport-manager.net\/jeu\/sendconcess.php?p=alstom_sav\">formulaire de d\u00e9claration de panne<\/a> pour que notre \u00e9quipe puisse vous accompagner dans les plus brefs d\u00e9lais.<\/p>\n\n\n\n<p><\/p>\n","protected":false},"excerpt":{"rendered":"<p>Le SAV By Alstom Chez Alstom, notre engagement ne s&rsquo;arr\u00eate pas \u00e0 la livraison de vos tramways. Nous pla\u00e7ons la satisfaction et la continuit\u00e9 d&rsquo;exploitation au coeur de notre d\u00e9marche, en vous proposant un service apr\u00e8s-vente r\u00e9actif, fiable et accessible. Notre SAV prend en charge toutes les pannes du quotidien (hors consommables et accidents), allant&hellip;&nbsp;<\/p>\n","protected":false},"author":31,"featured_media":0,"parent":0,"menu_order":0,"comment_status":"closed","ping_status":"closed","template":"","meta":{"neve_meta_sidebar":"","neve_meta_container":"","neve_meta_enable_content_width":"","neve_meta_content_width":0,"neve_meta_title_alignment":"","neve_meta_author_avatar":"","neve_post_elements_order":"","neve_meta_disable_header":"","neve_meta_disable_footer":"","neve_meta_disable_title":"","footnotes":""},"class_list":["post-444","page","type-page","status-publish","hentry"],"_links":{"self":[{"href":"https:\/\/concess.transport-manager.net\/alstom\/wp-json\/wp\/v2\/pages\/444","targetHints":{"allow":["GET"]}}],"collection":[{"href":"https:\/\/concess.transport-manager.net\/alstom\/wp-json\/wp\/v2\/pages"}],"about":[{"href":"https:\/\/concess.transport-manager.net\/alstom\/wp-json\/wp\/v2\/types\/page"}],"author":[{"embeddable":true,"href":"https:\/\/concess.transport-manager.net\/alstom\/wp-json\/wp\/v2\/users\/31"}],"replies":[{"embeddable":true,"href":"https:\/\/concess.transport-manager.net\/alstom\/wp-json\/wp\/v2\/comments?post=444"}],"version-history":[{"count":6,"href":"https:\/\/concess.transport-manager.net\/alstom\/wp-json\/wp\/v2\/pages\/444\/revisions"}],"predecessor-version":[{"id":605,"href":"https:\/\/concess.transport-manager.net\/alstom\/wp-json\/wp\/v2\/pages\/444\/revisions\/605"}],"wp:attachment":[{"href":"https:\/\/concess.transport-manager.net\/alstom\/wp-json\/wp\/v2\/media?parent=444"}],"curies":[{"name":"wp","href":"https:\/\/api.w.org\/{rel}","templated":true}]}}