{"id":445,"date":"2025-08-06T15:01:26","date_gmt":"2025-08-06T13:01:26","guid":{"rendered":"https:\/\/concess.transport-manager.net\/alstom\/?page_id=445"},"modified":"2026-03-26T22:03:02","modified_gmt":"2026-03-26T21:03:02","slug":"cgv","status":"publish","type":"page","link":"https:\/\/concess.transport-manager.net\/alstom\/cgv\/","title":{"rendered":"CGV"},"content":{"rendered":"\n<h1 class=\"wp-block-heading has-text-align-center\">Conditions G\u00e9n\u00e9rales de Vente &amp; Contact<\/h1>\n\n\n\n<p class=\"has-text-align-center\">Bienvenue sur la page d\u00e9di\u00e9e aux Conditions G\u00e9n\u00e9rales de Vente (CGV) de la concession ALSTOM, exclusivement destin\u00e9e \u00e0 l&rsquo;unviers du jeu <a href=\"https:\/\/transport-manager.net\/\">Transport Manager<\/a>.<br>Les CGV constituent le cadre contractuel de r\u00e9f\u00e9rence pour toute int\u00e9raction entre la concession et ses clients : demandes de devis, souscription \u00e0 un programme de fid\u00e9lit\u00e9, ou tout autre transaction. elles pr\u00e9cisent les droits et devoirs de chaque partie, dans un souci de transparence, d&rsquo;\u00e9quit\u00e9 et de professionnalisme.<\/p>\n\n\n\n<div data-wp-interactive=\"core\/file\" class=\"wp-block-file\"><object data-wp-bind--hidden=\"!state.hasPdfPreview\" hidden class=\"wp-block-file__embed\" data=\"https:\/\/concess.transport-manager.net\/alstom\/wp-content\/uploads\/sites\/13\/2026\/03\/CGV_VF.pdf\" type=\"application\/pdf\" style=\"width:100%;height:600px\" aria-label=\"Contenu embarqu\u00e9 CGV_VF.\"><\/object><a id=\"wp-block-file--media-ce8a2105-df79-4c5c-a90c-5f1c78657d62\" href=\"https:\/\/concess.transport-manager.net\/alstom\/wp-content\/uploads\/sites\/13\/2026\/03\/CGV_VF.pdf\">CGV_VF<\/a><a href=\"https:\/\/concess.transport-manager.net\/alstom\/wp-content\/uploads\/sites\/13\/2026\/03\/CGV_VF.pdf\" class=\"wp-block-file__button wp-element-button\" download aria-describedby=\"wp-block-file--media-ce8a2105-df79-4c5c-a90c-5f1c78657d62\">T\u00e9l\u00e9charger<\/a><\/div>\n\n\n\n<h4 class=\"wp-block-heading has-text-align-center\">Besoin d&rsquo;aide?<\/h4>\n\n\n\n<p class=\"has-text-align-center\">Si vous avez des questions concernant les CGV ou si vous souhaitez obtenir des pr\u00e9cisions sur un point particulier, vous pouvez nous contacter :<br>&#8211; Discord : <strong>@Mathieu<\/strong> <br>&#8211; Forum TM : <strong>Mathieu<\/strong><br>&#8211; Messagerie du jeu : <strong>Concession Alstom Bombardier<\/strong><br>Nous sommes \u00e0 votre \u00e9coute pour vous garantir une exp\u00e9rience fluide et professionnelle au sein de notre concession virtuelle.<\/p>\n","protected":false},"excerpt":{"rendered":"<p>Conditions G\u00e9n\u00e9rales de Vente &amp; Contact Bienvenue sur la page d\u00e9di\u00e9e aux Conditions G\u00e9n\u00e9rales de Vente (CGV) de la concession ALSTOM, exclusivement destin\u00e9e \u00e0 l&rsquo;unviers du jeu Transport Manager.Les CGV constituent le cadre contractuel de r\u00e9f\u00e9rence pour toute int\u00e9raction entre la concession et ses clients : demandes de devis, souscription \u00e0 un programme de fid\u00e9lit\u00e9,&hellip;&nbsp;<\/p>\n","protected":false},"author":31,"featured_media":0,"parent":0,"menu_order":0,"comment_status":"closed","ping_status":"closed","template":"","meta":{"neve_meta_sidebar":"","neve_meta_container":"","neve_meta_enable_content_width":"","neve_meta_content_width":0,"neve_meta_title_alignment":"","neve_meta_author_avatar":"","neve_post_elements_order":"","neve_meta_disable_header":"","neve_meta_disable_footer":"","neve_meta_disable_title":"","footnotes":""},"class_list":["post-445","page","type-page","status-publish","hentry"],"_links":{"self":[{"href":"https:\/\/concess.transport-manager.net\/alstom\/wp-json\/wp\/v2\/pages\/445","targetHints":{"allow":["GET"]}}],"collection":[{"href":"https:\/\/concess.transport-manager.net\/alstom\/wp-json\/wp\/v2\/pages"}],"about":[{"href":"https:\/\/concess.transport-manager.net\/alstom\/wp-json\/wp\/v2\/types\/page"}],"author":[{"embeddable":true,"href":"https:\/\/concess.transport-manager.net\/alstom\/wp-json\/wp\/v2\/users\/31"}],"replies":[{"embeddable":true,"href":"https:\/\/concess.transport-manager.net\/alstom\/wp-json\/wp\/v2\/comments?post=445"}],"version-history":[{"count":9,"href":"https:\/\/concess.transport-manager.net\/alstom\/wp-json\/wp\/v2\/pages\/445\/revisions"}],"predecessor-version":[{"id":673,"href":"https:\/\/concess.transport-manager.net\/alstom\/wp-json\/wp\/v2\/pages\/445\/revisions\/673"}],"wp:attachment":[{"href":"https:\/\/concess.transport-manager.net\/alstom\/wp-json\/wp\/v2\/media?parent=445"}],"curies":[{"name":"wp","href":"https:\/\/api.w.org\/{rel}","templated":true}]}}