{"id":518,"date":"2025-08-06T15:01:26","date_gmt":"2025-08-06T13:01:26","guid":{"rendered":"https:\/\/concess.transport-manager.net\/alstom\/?page_id=518"},"modified":"2025-09-14T17:26:37","modified_gmt":"2025-09-14T15:26:37","slug":"tarification-des-options","status":"publish","type":"page","link":"https:\/\/concess.transport-manager.net\/alstom\/tarification-des-options\/","title":{"rendered":"Tarification des options"},"content":{"rendered":"\n<h1 class=\"wp-block-heading has-text-align-center\">Tarification des options<\/h1>\n\n\n\n<p class=\"has-text-align-center\">Chez Alstom, nous savons que chaque r\u00e9seau de transport \u00e0 ses sp\u00e9cificit\u00e9s et que vos besoins en mati\u00e8re d&rsquo;\u00e9quipement et de personnalisation peuvent varier selon les lignes, les voyageurs et les contextes d&rsquo;exploitation. C&rsquo;est pourquoi nous vous proposons une large gamme d&rsquo;options modulables pour configurer vos tramways au plus pr\u00e8s de vos exigences.<br>Cette page vous donne une vision claire et transparente des principales options disponibles et de leurs tarifs. Ces options sont applicables lors de vos commandes de v\u00e9hicules neufs et d&rsquo;occasion. <\/p>\n\n\n\n<h5 class=\"wp-block-heading has-text-align-center\">Tarification des girouettes<\/h5>\n\n\n<div class=\"wp-block-image\">\n<figure class=\"aligncenter size-large is-resized\"><img loading=\"lazy\" decoding=\"async\" width=\"1024\" height=\"183\" src=\"https:\/\/concess.transport-manager.net\/alstom\/wp-content\/uploads\/sites\/13\/2025\/08\/tableau-girouette-1-1024x183.png\" alt=\"\" class=\"wp-image-522\" style=\"width:1170px;height:auto\" srcset=\"https:\/\/concess.transport-manager.net\/alstom\/wp-content\/uploads\/sites\/13\/2025\/08\/tableau-girouette-1-1024x183.png 1024w, https:\/\/concess.transport-manager.net\/alstom\/wp-content\/uploads\/sites\/13\/2025\/08\/tableau-girouette-1-300x54.png 300w, https:\/\/concess.transport-manager.net\/alstom\/wp-content\/uploads\/sites\/13\/2025\/08\/tableau-girouette-1-768x137.png 768w, https:\/\/concess.transport-manager.net\/alstom\/wp-content\/uploads\/sites\/13\/2025\/08\/tableau-girouette-1-1536x274.png 1536w, https:\/\/concess.transport-manager.net\/alstom\/wp-content\/uploads\/sites\/13\/2025\/08\/tableau-girouette-1.png 1844w\" sizes=\"auto, (max-width: 1024px) 100vw, 1024px\" \/><figcaption class=\"wp-element-caption\">* Seulement disponible pour les v\u00e9hicules d&rsquo;occasion datant d&rsquo;avant 2015<\/figcaption><\/figure>\n<\/div>\n\n\n<div class=\"wp-block-columns is-layout-flex wp-container-core-columns-is-layout-9d6595d7 wp-block-columns-is-layout-flex\">\n<div class=\"wp-block-column is-vertically-aligned-center is-layout-flow wp-block-column-is-layout-flow\" style=\"flex-basis:33.33%\">\n<h4 class=\"wp-block-heading has-text-align-center\">Tarification de la ventilation<\/h4>\n\n\n\n<p class=\"has-text-align-center\">Attention, les diff\u00e9rents syst\u00e8me de ventilation entrainent une surconsommation \u00e9lectrique. La surconsommation est de 20 kWh\/100 km pour la ventilation renforc\u00e9e, 30 kWh\/100 km pour la climatisation poste de conduite et 50kWh\/100 km pour la climatisation int\u00e9grale<\/p>\n<\/div>\n\n\n\n<div class=\"wp-block-column is-layout-flow wp-block-column-is-layout-flow\" style=\"flex-basis:66.66%\"><div class=\"wp-block-image\">\n<figure class=\"aligncenter size-full is-resized\"><img loading=\"lazy\" decoding=\"async\" width=\"632\" height=\"416\" src=\"https:\/\/concess.transport-manager.net\/alstom\/wp-content\/uploads\/sites\/13\/2025\/08\/tableau-ventilation.png\" alt=\"\" class=\"wp-image-520\" style=\"width:482px;height:auto\" srcset=\"https:\/\/concess.transport-manager.net\/alstom\/wp-content\/uploads\/sites\/13\/2025\/08\/tableau-ventilation.png 632w, https:\/\/concess.transport-manager.net\/alstom\/wp-content\/uploads\/sites\/13\/2025\/08\/tableau-ventilation-300x197.png 300w\" sizes=\"auto, (max-width: 632px) 100vw, 632px\" \/><\/figure>\n<\/div><\/div>\n<\/div>\n\n\n\n<div class=\"wp-block-columns is-layout-flex wp-container-core-columns-is-layout-9d6595d7 wp-block-columns-is-layout-flex\">\n<div class=\"wp-block-column is-layout-flow wp-block-column-is-layout-flow\" style=\"flex-basis:66.66%\"><div class=\"wp-block-image\">\n<figure class=\"aligncenter size-full\"><img loading=\"lazy\" decoding=\"async\" width=\"534\" height=\"266\" src=\"https:\/\/concess.transport-manager.net\/alstom\/wp-content\/uploads\/sites\/13\/2025\/08\/tableau-options_atelier.png\" alt=\"\" class=\"wp-image-521\" srcset=\"https:\/\/concess.transport-manager.net\/alstom\/wp-content\/uploads\/sites\/13\/2025\/08\/tableau-options_atelier.png 534w, https:\/\/concess.transport-manager.net\/alstom\/wp-content\/uploads\/sites\/13\/2025\/08\/tableau-options_atelier-300x149.png 300w\" sizes=\"auto, (max-width: 534px) 100vw, 534px\" \/><\/figure>\n<\/div><\/div>\n\n\n\n<div class=\"wp-block-column is-vertically-aligned-center is-layout-flow wp-block-column-is-layout-flow\" style=\"flex-basis:33.33%\">\n<h4 class=\"wp-block-heading has-text-align-center\">Tarification des options suppl\u00e9mentaires<\/h4>\n<\/div>\n<\/div>\n\n\n\n<div class=\"wp-block-columns is-layout-flex wp-container-core-columns-is-layout-9d6595d7 wp-block-columns-is-layout-flex\">\n<div class=\"wp-block-column is-layout-flow wp-block-column-is-layout-flow\" style=\"flex-basis:66.66%\"><div class=\"wp-block-image\">\n<figure class=\"aligncenter size-full\"><img loading=\"lazy\" decoding=\"async\" width=\"943\" height=\"369\" src=\"https:\/\/concess.transport-manager.net\/alstom\/wp-content\/uploads\/sites\/13\/2025\/08\/optios_atelier.png\" alt=\"\" class=\"wp-image-537\" srcset=\"https:\/\/concess.transport-manager.net\/alstom\/wp-content\/uploads\/sites\/13\/2025\/08\/optios_atelier.png 943w, https:\/\/concess.transport-manager.net\/alstom\/wp-content\/uploads\/sites\/13\/2025\/08\/optios_atelier-300x117.png 300w, https:\/\/concess.transport-manager.net\/alstom\/wp-content\/uploads\/sites\/13\/2025\/08\/optios_atelier-768x301.png 768w\" sizes=\"auto, (max-width: 943px) 100vw, 943px\" \/><\/figure>\n<\/div><\/div>\n\n\n\n<div class=\"wp-block-column is-layout-flow wp-block-column-is-layout-flow\"><\/div>\n\n\n\n<div class=\"wp-block-column is-vertically-aligned-center is-layout-flow wp-block-column-is-layout-flow\" style=\"flex-basis:33.33%\">\n<h4 class=\"wp-block-heading has-text-align-center\">Tarification des options d&rsquo;atelier<\/h4>\n\n\n\n<p class=\"has-text-align-center\">Attention, ces options m\u00e9ritent un soin particulier de notre part. Attendez-vous donc \u00e0 une prolongation des d\u00e9lais de livraison d&rsquo;un \u00e0 deux jours. Merci de votre compr\u00e9hension.<\/p>\n<\/div>\n<\/div>\n","protected":false},"excerpt":{"rendered":"<p>Tarification des options Chez Alstom, nous savons que chaque r\u00e9seau de transport \u00e0 ses sp\u00e9cificit\u00e9s et que vos besoins en mati\u00e8re d&rsquo;\u00e9quipement et de personnalisation peuvent varier selon les lignes, les voyageurs et les contextes d&rsquo;exploitation. C&rsquo;est pourquoi nous vous proposons une large gamme d&rsquo;options modulables pour configurer vos tramways au plus pr\u00e8s de vos&hellip;&nbsp;<\/p>\n","protected":false},"author":31,"featured_media":0,"parent":0,"menu_order":0,"comment_status":"closed","ping_status":"closed","template":"","meta":{"neve_meta_sidebar":"","neve_meta_container":"","neve_meta_enable_content_width":"","neve_meta_content_width":0,"neve_meta_title_alignment":"","neve_meta_author_avatar":"","neve_post_elements_order":"","neve_meta_disable_header":"","neve_meta_disable_footer":"","neve_meta_disable_title":"","footnotes":""},"class_list":["post-518","page","type-page","status-publish","hentry"],"_links":{"self":[{"href":"https:\/\/concess.transport-manager.net\/alstom\/wp-json\/wp\/v2\/pages\/518","targetHints":{"allow":["GET"]}}],"collection":[{"href":"https:\/\/concess.transport-manager.net\/alstom\/wp-json\/wp\/v2\/pages"}],"about":[{"href":"https:\/\/concess.transport-manager.net\/alstom\/wp-json\/wp\/v2\/types\/page"}],"author":[{"embeddable":true,"href":"https:\/\/concess.transport-manager.net\/alstom\/wp-json\/wp\/v2\/users\/31"}],"replies":[{"embeddable":true,"href":"https:\/\/concess.transport-manager.net\/alstom\/wp-json\/wp\/v2\/comments?post=518"}],"version-history":[{"count":3,"href":"https:\/\/concess.transport-manager.net\/alstom\/wp-json\/wp\/v2\/pages\/518\/revisions"}],"predecessor-version":[{"id":593,"href":"https:\/\/concess.transport-manager.net\/alstom\/wp-json\/wp\/v2\/pages\/518\/revisions\/593"}],"wp:attachment":[{"href":"https:\/\/concess.transport-manager.net\/alstom\/wp-json\/wp\/v2\/media?parent=518"}],"curies":[{"name":"wp","href":"https:\/\/api.w.org\/{rel}","templated":true}]}}