{"id":17,"date":"2024-10-04T23:48:40","date_gmt":"2024-10-04T21:48:40","guid":{"rendered":"https:\/\/concess.transport-manager.net\/cafstatran\/?page_id=17"},"modified":"2024-10-05T12:35:22","modified_gmt":"2024-10-05T10:35:22","slug":"17-2","status":"publish","type":"page","link":"https:\/\/concess.transport-manager.net\/cst\/17-2\/","title":{"rendered":"Accueil"},"content":{"rendered":"\n<div class=\"wp-block-group alignfull has-global-padding is-layout-constrained wp-container-core-group-is-layout-490fa1db wp-block-group-is-layout-constrained\" style=\"padding-top:var(--wp--preset--spacing--50);padding-right:var(--wp--preset--spacing--50);padding-bottom:var(--wp--preset--spacing--50);padding-left:var(--wp--preset--spacing--50)\">\n<div class=\"wp-block-group has-global-padding is-layout-constrained wp-container-core-group-is-layout-650790e1 wp-block-group-is-layout-constrained\">\n<h1 class=\"wp-block-heading has-text-align-center has-body-font-family has-x-large-font-size\"><strong>Bienvenue dans votre concession CST pour Transport Manager !<\/strong><\/h1>\n\n\n\n<div style=\"height:1.25rem\" aria-hidden=\"true\" class=\"wp-block-spacer\"><\/div>\n\n\n\n<p class=\"has-text-align-center\">Regroupant ici les v\u00e9hicules issus de CAF, Stadler et Translohr, une vaste s\u00e9lection de tramway vous est ici propos\u00e9e pour satisfaire l\u2019ensemble de vos besoins.<\/p>\n\n\n\n<div style=\"height:1.25rem\" aria-hidden=\"true\" class=\"wp-block-spacer\"><\/div>\n\n\n\n<div class=\"wp-block-buttons is-content-justification-center is-layout-flex wp-container-core-buttons-is-layout-a89b3969 wp-block-buttons-is-layout-flex\">\n<div class=\"wp-block-button\"><a class=\"wp-block-button__link wp-element-button\" href=\"https:\/\/concess.transport-manager.net\/cst\/catalogue-neuf\/\">Catalogue Neuf<\/a><\/div>\n\n\n\n<div class=\"wp-block-button\"><a class=\"wp-block-button__link wp-element-button\" href=\"https:\/\/concess.transport-manager.net\/cst\/catalogue-occasion\/\">Catalogue Occasion<\/a><\/div>\n\n\n\n<div class=\"wp-block-button\"><a class=\"wp-block-button__link wp-element-button\" href=\"https:\/\/concess.transport-manager.net\/cst\/soyez-equipe-e\/\">Personnalisation<\/a><\/div>\n\n\n\n<div class=\"wp-block-button\"><a class=\"wp-block-button__link wp-element-button\">CGV<\/a><\/div>\n<\/div>\n<\/div>\n<\/div>\n\n\n\n<div class=\"wp-block-group alignfull has-base-color has-contrast-background-color has-text-color has-background has-global-padding is-layout-constrained wp-container-core-group-is-layout-ef3d885c wp-block-group-is-layout-constrained\" style=\"margin-top:0;margin-bottom:0;padding-top:var(--wp--preset--spacing--60);padding-right:var(--wp--preset--spacing--60);padding-bottom:var(--wp--preset--spacing--60);padding-left:var(--wp--preset--spacing--60)\">\n<div class=\"wp-block-group has-global-padding is-layout-constrained wp-block-group-is-layout-constrained\">\n<p class=\"has-text-align-left has-base-color has-text-color has-body-font-family has-x-large-font-size\" style=\"line-height:1.2\"><em>La concession est actuellement tenue par @BaptBus, \u00e9galement concessionnaire pour Solaris. Il est \u00e0 votre disposition pour tout renseignement et m\u00eame vous accompagner dans vos d\u00e9marches d\u2019acquisitions de v\u00e9hicules de haute capacit\u00e9. <\/em><\/p>\n\n\n\n<p class=\"has-text-align-left has-base-color has-text-color has-body-font-family has-x-large-font-size\" style=\"line-height:1.2\"><em>N\u2019h\u00e9sitez pas \u00e0 le solliciter sur le forum, rubrique Service Client, ou dans les messages priv\u00e9s. Vos demandes seront trait\u00e9es le plus rapidement possible.<\/em><\/p>\n<\/div>\n<\/div>\n","protected":false},"excerpt":{"rendered":"<p>Bienvenue dans votre concession CST pour Transport Manager ! Regroupant ici les v\u00e9hicules issus de CAF, Stadler et Translohr, une vaste s\u00e9lection de tramway vous est ici propos\u00e9e pour satisfaire l\u2019ensemble de vos besoins. La concession est actuellement tenue par @BaptBus, \u00e9galement concessionnaire pour Solaris. Il est \u00e0 votre disposition pour tout renseignement et m\u00eame [&hellip;]<\/p>\n","protected":false},"author":13,"featured_media":0,"parent":0,"menu_order":0,"comment_status":"closed","ping_status":"closed","template":"","meta":{"footnotes":""},"class_list":["post-17","page","type-page","status-publish","hentry"],"_links":{"self":[{"href":"https:\/\/concess.transport-manager.net\/cst\/wp-json\/wp\/v2\/pages\/17","targetHints":{"allow":["GET"]}}],"collection":[{"href":"https:\/\/concess.transport-manager.net\/cst\/wp-json\/wp\/v2\/pages"}],"about":[{"href":"https:\/\/concess.transport-manager.net\/cst\/wp-json\/wp\/v2\/types\/page"}],"author":[{"embeddable":true,"href":"https:\/\/concess.transport-manager.net\/cst\/wp-json\/wp\/v2\/users\/13"}],"replies":[{"embeddable":true,"href":"https:\/\/concess.transport-manager.net\/cst\/wp-json\/wp\/v2\/comments?post=17"}],"version-history":[{"count":5,"href":"https:\/\/concess.transport-manager.net\/cst\/wp-json\/wp\/v2\/pages\/17\/revisions"}],"predecessor-version":[{"id":53,"href":"https:\/\/concess.transport-manager.net\/cst\/wp-json\/wp\/v2\/pages\/17\/revisions\/53"}],"wp:attachment":[{"href":"https:\/\/concess.transport-manager.net\/cst\/wp-json\/wp\/v2\/media?parent=17"}],"curies":[{"name":"wp","href":"https:\/\/api.w.org\/{rel}","templated":true}]}}