{"id":21,"date":"2024-10-05T00:15:57","date_gmt":"2024-10-04T22:15:57","guid":{"rendered":"https:\/\/concess.transport-manager.net\/cafstatran\/?page_id=21"},"modified":"2025-09-25T16:38:31","modified_gmt":"2025-09-25T14:38:31","slug":"catalogue-neuf","status":"publish","type":"page","link":"https:\/\/concess.transport-manager.net\/cst\/catalogue-neuf\/","title":{"rendered":"Catalogue &#8211; Neuf"},"content":{"rendered":"\n<h2 class=\"wp-block-heading has-body-font-family\"><strong>CAF Urbos 3 23m<\/strong><\/h2>\n\n\n\n<p>Longueur de 23m<br>4 Portes<br>Accessibilit\u00e9 garantie : plancher bas int\u00e9gral<br>Capacit\u00e9 de 152 personnes<br>Consommation de base : 299 kWh \/ 100 km<br>Mode de roulement : Fer<br><br><strong>A partir de 2 096 600\u20ac\/unit\u00e9<\/strong><br><\/p>\n\n\n\n<h2 class=\"wp-block-heading has-body-font-family\" id=\"block-05470a48-b4e1-46b5-a13f-e20efe83b306\"><strong>CAF Urbos 3 33m<\/strong><\/h2>\n\n\n\n<p id=\"block-79549a8a-b495-41b2-9ae2-1352a6d3208b\">Longueur de 33m<br>6 Portes<br>Accessibilit\u00e9 garantie : plancher bas int\u00e9gral<br>Capacit\u00e9 de 210 personnes<br>Consommation de base : 429 kWh \/ 100 km<br>Mode de roulement : Fer<br><br><strong>A partir de 2 855 820\u20ac\/unit\u00e9<\/strong><\/p>\n\n\n\n<h2 class=\"wp-block-heading has-body-font-family\" id=\"block-05470a48-b4e1-46b5-a13f-e20efe83b306\"><strong>CAF Urbos 3 38m<\/strong><\/h2>\n\n\n\n<p id=\"block-79549a8a-b495-41b2-9ae2-1352a6d3208b\">Longueur de 38m<br>6 Portes<br>Accessibilit\u00e9 garantie : plancher bas int\u00e9gral<br>Capacit\u00e9 de 240 personnes<br>Consommation de base : 494 kWh \/ 100 km<br>Mode de roulement : Fer<br><br><strong>A partir de 3 228 060\u20ac\/unit\u00e9<\/strong><\/p>\n\n\n\n<h2 class=\"wp-block-heading has-body-font-family\" id=\"block-05470a48-b4e1-46b5-a13f-e20efe83b306\"><strong>CAF Urbos 3 43m<\/strong><\/h2>\n\n\n\n<p id=\"block-79549a8a-b495-41b2-9ae2-1352a6d3208b\">Longueur de 43m<br>8 Portes<br>Accessibilit\u00e9 garantie : plancher bas int\u00e9gral<br>Capacit\u00e9 de 307 personnes<br>Consommation de base : 559 kWh \/ 100 km<br>Mode de roulement : Fer<br><br><strong>A partir de 4 059 220\u20ac\/unit\u00e9<\/strong><\/p>\n\n\n\n<h2 class=\"wp-block-heading has-body-font-family\" id=\"block-05470a48-b4e1-46b5-a13f-e20efe83b306\"><strong>Stadler Tango 27m<\/strong><\/h2>\n\n\n\n<p id=\"block-79549a8a-b495-41b2-9ae2-1352a6d3208b\">Longueur de 27m<br>4 Portes<br>Accessibilit\u00e9 garantie : plancher bas int\u00e9gral<br>Capacit\u00e9 de 156 personnes<br>Consommation de base : 351 kWh \/ 100 km<br>Mode de roulement : Fer<br><br><strong>A partir de 2 149 510\u20ac\/unit\u00e9<\/strong><\/p>\n\n\n\n<h2 class=\"wp-block-heading has-body-font-family\" id=\"block-05470a48-b4e1-46b5-a13f-e20efe83b306\"><strong>Stadler Tango 44m<\/strong><\/h2>\n\n\n\n<p id=\"block-79549a8a-b495-41b2-9ae2-1352a6d3208b\">Longueur de 44m<br>7 Portes<br>Accessibilit\u00e9 garantie : plancher bas int\u00e9gral<br>Capacit\u00e9 de 261 personnes<br>Consommation de base : 572 kWh \/ 100 km<br>Mode de roulement : Fer<br><br><strong>A partir de 3 488 540\u20ac\/unit\u00e9<\/strong><\/p>\n\n\n\n<h2 class=\"wp-block-heading has-body-font-family\" id=\"block-05470a48-b4e1-46b5-a13f-e20efe83b306\"><strong>Translohr THR2 STE3<\/strong><\/h2>\n\n\n\n<p id=\"block-79549a8a-b495-41b2-9ae2-1352a6d3208b\">Longueur de 25m<br>3 Portes<br>Accessibilit\u00e9 garantie : plancher bas int\u00e9gral<br>Capacit\u00e9 de 178 personnes<br>Consommation de base : 325 kWh \/ 100 km<br>Mode de roulement : Pneu<br><br><strong>A partir de 2 440 680\u20ac\/unit\u00e9<\/strong><\/p>\n\n\n\n<h2 class=\"wp-block-heading has-body-font-family\" id=\"block-05470a48-b4e1-46b5-a13f-e20efe83b306\"><strong>Translohr THR2 STE4<\/strong><\/h2>\n\n\n\n<p id=\"block-79549a8a-b495-41b2-9ae2-1352a6d3208b\">Longueur de 32m<br>4 Portes<br>Accessibilit\u00e9 garantie : plancher bas int\u00e9gral<br>Capacit\u00e9 de 238 personnes<br>Consommation de base : 416 kWh \/ 100 km<br>Mode de roulement : Pneu<br><br><strong>A partir de 3 203 200\u20ac\/unit\u00e9<\/strong><\/p>\n\n\n\n<h2 class=\"wp-block-heading has-body-font-family\" id=\"block-05470a48-b4e1-46b5-a13f-e20efe83b306\"><strong>Translohr THR2 STE5<\/strong><\/h2>\n\n\n\n<p id=\"block-79549a8a-b495-41b2-9ae2-1352a6d3208b\">Longueur de 39m<br>5 Portes<br>Accessibilit\u00e9 garantie : plancher bas int\u00e9gral<br>Capacit\u00e9 de 298 personnes<br>Consommation de base : 507 kWh \/ 100 km<br>Mode de roulement : Pneu<br><br><strong>A partir de 3 947 570\u20ac\/unit\u00e9<\/strong><\/p>\n\n\n\n<h2 class=\"wp-block-heading has-body-font-family\" id=\"block-05470a48-b4e1-46b5-a13f-e20efe83b306\"><strong>Translohr THR2 STE6<\/strong><\/h2>\n\n\n\n<p id=\"block-79549a8a-b495-41b2-9ae2-1352a6d3208b\">Longueur de 46m<br>6 Portes<br>Accessibilit\u00e9 garantie : plancher bas int\u00e9gral<br>Capacit\u00e9 de 358 personnes<br>Consommation de base : 598 kWh \/ 100 km<br>Mode de roulement : Pneu<br><br><strong>A partir de 4 691 940\u20ac\/unit\u00e9<\/strong><\/p>\n\n\n\n<p class=\"has-text-align-center\">Je souhaite r\u00e9aliser d\u00e8s maintenant un devis : <a href=\"https:\/\/forms.gle\/mKnwLajUfhFGaEHe9\">cliquez ici pour <\/a><a href=\"https:\/\/transport-manager.net\/jeu\/sendconcess.php?p=cstdevis\">acc\u00e9der <\/a><a href=\"https:\/\/forms.gle\/mKnwLajUfhFGaEHe9\">au formulaire<\/a>.<\/p>\n\n\n\n<p><\/p>\n","protected":false},"excerpt":{"rendered":"<p>CAF Urbos 3 23m Longueur de 23m4 PortesAccessibilit\u00e9 garantie : plancher bas int\u00e9gralCapacit\u00e9 de 152 personnesConsommation de base : 299 kWh \/ 100 kmMode de roulement : Fer A partir de 2 096 600\u20ac\/unit\u00e9 CAF Urbos 3 33m Longueur de 33m6 PortesAccessibilit\u00e9 garantie : plancher bas int\u00e9gralCapacit\u00e9 de 210 personnesConsommation de base : 429 kWh [&hellip;]<\/p>\n","protected":false},"author":13,"featured_media":0,"parent":0,"menu_order":0,"comment_status":"closed","ping_status":"closed","template":"","meta":{"footnotes":""},"class_list":["post-21","page","type-page","status-publish","hentry"],"_links":{"self":[{"href":"https:\/\/concess.transport-manager.net\/cst\/wp-json\/wp\/v2\/pages\/21","targetHints":{"allow":["GET"]}}],"collection":[{"href":"https:\/\/concess.transport-manager.net\/cst\/wp-json\/wp\/v2\/pages"}],"about":[{"href":"https:\/\/concess.transport-manager.net\/cst\/wp-json\/wp\/v2\/types\/page"}],"author":[{"embeddable":true,"href":"https:\/\/concess.transport-manager.net\/cst\/wp-json\/wp\/v2\/users\/13"}],"replies":[{"embeddable":true,"href":"https:\/\/concess.transport-manager.net\/cst\/wp-json\/wp\/v2\/comments?post=21"}],"version-history":[{"count":8,"href":"https:\/\/concess.transport-manager.net\/cst\/wp-json\/wp\/v2\/pages\/21\/revisions"}],"predecessor-version":[{"id":94,"href":"https:\/\/concess.transport-manager.net\/cst\/wp-json\/wp\/v2\/pages\/21\/revisions\/94"}],"wp:attachment":[{"href":"https:\/\/concess.transport-manager.net\/cst\/wp-json\/wp\/v2\/media?parent=21"}],"curies":[{"name":"wp","href":"https:\/\/api.w.org\/{rel}","templated":true}]}}