{"id":25,"date":"2024-10-05T11:55:55","date_gmt":"2024-10-05T09:55:55","guid":{"rendered":"https:\/\/concess.transport-manager.net\/cafstatran\/?page_id=25"},"modified":"2025-09-25T16:37:07","modified_gmt":"2025-09-25T14:37:07","slug":"catalogue-occasion","status":"publish","type":"page","link":"https:\/\/concess.transport-manager.net\/cst\/catalogue-occasion\/","title":{"rendered":"Catalogue &#8211; Occasion"},"content":{"rendered":"\n<h2 class=\"wp-block-heading has-body-font-family\"><strong>Breda VLC<\/strong><\/h2>\n\n\n\n<p>Disponible : 1994<br>Longueur de 30m<br>4 Portes<br>Accessibilit\u00e9 garantie : plancher bas int\u00e9gral<br>Capacit\u00e9 de 200 personnes<br>Consommation de base : 420 kWh \/ 100 km<br>Mode de roulement : Fer<br><br><strong>Prix sur devis<\/strong><br><\/p>\n\n\n\n<h2 class=\"wp-block-heading has-body-font-family\" id=\"block-d989a519-707e-4882-89f1-6da4a67a2085\"><strong>Translohr THR1 STE3<\/strong><\/h2>\n\n\n\n<p id=\"block-35e1136e-9bf6-48e5-808a-502d64ae4b2e\">Disponible : 2006 \u00e0 2012<br>Longueur de 25m<br>3 Portes<br>Accessibilit\u00e9 garantie : plancher bas int\u00e9gral<br>Capacit\u00e9 de 127 personnes<br>Consommation de base : 350 kWh \/ 100 km<br>Mode de roulement : Pneu<br><br><strong>Prix sur devis<\/strong><\/p>\n\n\n\n<h2 class=\"wp-block-heading has-body-font-family\" id=\"block-d989a519-707e-4882-89f1-6da4a67a2085\"><strong>Translohr THR1 STE4<\/strong><\/h2>\n\n\n\n<p id=\"block-35e1136e-9bf6-48e5-808a-502d64ae4b2e\">Disponible : 2006 \u00e0 2012<br>Longueur de 32m<br>4 Portes<br>Accessibilit\u00e9 garantie : plancher bas int\u00e9gral<br>Capacit\u00e9 de 170 personnes<br>Consommation de base : 448 kWh \/ 100 km<br>Mode de roulement : Pneu<br><br><strong>Prix sur devis<\/strong><\/p>\n\n\n\n<h2 class=\"wp-block-heading has-body-font-family\" id=\"block-d989a519-707e-4882-89f1-6da4a67a2085\"><strong>Translohr THR1 STE5<\/strong><\/h2>\n\n\n\n<p id=\"block-35e1136e-9bf6-48e5-808a-502d64ae4b2e\">Disponible : 2006 \u00e0 2012<br>Longueur de 39m<br>5 Portes<br>Accessibilit\u00e9 garantie : plancher bas int\u00e9gral<br>Capacit\u00e9 de 213 personnes<br>Consommation de base : 546 kWh \/ 100 km<br>Mode de roulement : Pneu<br><br><strong>Prix sur devis<\/strong><\/p>\n\n\n\n<h2 class=\"wp-block-heading has-body-font-family\" id=\"block-d989a519-707e-4882-89f1-6da4a67a2085\"><strong>Translohr THR1 STE6<\/strong><\/h2>\n\n\n\n<p id=\"block-35e1136e-9bf6-48e5-808a-502d64ae4b2e\">Disponible : 2006 \u00e0 2012<br>Longueur de 46m<br>6 Portes<br>Accessibilit\u00e9 garantie : plancher bas int\u00e9gral<br>Capacit\u00e9 de 255 personnes<br>Consommation de base : 644 kWh \/ 100 km<br>Mode de roulement : Pneu<br><br><strong>Prix sur devis<\/strong><\/p>\n\n\n\n<h2 class=\"wp-block-heading has-body-font-family\" id=\"block-05470a48-b4e1-46b5-a13f-e20efe83b306\"><strong>CAF Urbos 3 23m<\/strong><\/h2>\n\n\n\n<p>Disponible : 2012 \u00e0 2024<br>Longueur de 23m<br>4 Portes<br>Accessibilit\u00e9 garantie : plancher bas int\u00e9gral<br>Capacit\u00e9 de 152 personnes<br>Consommation de base : 299 kWh \/ 100 km<br>Mode de roulement : Fer<br><br><strong>Prix sur devis<\/strong><br><\/p>\n\n\n\n<h2 class=\"wp-block-heading has-body-font-family\" id=\"block-05470a48-b4e1-46b5-a13f-e20efe83b306\"><strong>CAF Urbos 3 33m<\/strong><\/h2>\n\n\n\n<p id=\"block-79549a8a-b495-41b2-9ae2-1352a6d3208b\">Disponible : 2012 \u00e0 2024<br>Longueur de 33m<br>6 Portes<br>Accessibilit\u00e9 garantie : plancher bas int\u00e9gral<br>Capacit\u00e9 de 210 personnes<br>Consommation de base : 429 kWh \/ 100 km<br>Mode de roulement : Fer<br><br><strong>Prix sur devis<\/strong><\/p>\n\n\n\n<h2 class=\"wp-block-heading has-body-font-family\" id=\"block-05470a48-b4e1-46b5-a13f-e20efe83b306\"><strong>CAF Urbos 3 38m<\/strong><\/h2>\n\n\n\n<p id=\"block-79549a8a-b495-41b2-9ae2-1352a6d3208b\">Disponible : 2012 \u00e0 2024<br>Longueur de 38m<br>6 Portes<br>Accessibilit\u00e9 garantie : plancher bas int\u00e9gral<br>Capacit\u00e9 de 240 personnes<br>Consommation de base : 494 kWh \/ 100 km<br>Mode de roulement : Fer<br><br><strong>Prix sur devis<\/strong><\/p>\n\n\n\n<h2 class=\"wp-block-heading has-body-font-family\" id=\"block-05470a48-b4e1-46b5-a13f-e20efe83b306\"><strong>CAF Urbos 3 43m<\/strong><\/h2>\n\n\n\n<p id=\"block-79549a8a-b495-41b2-9ae2-1352a6d3208b\">Disponible : 2012 \u00e0 2024<br>Longueur de 43m<br>8 Portes<br>Accessibilit\u00e9 garantie : plancher bas int\u00e9gral<br>Capacit\u00e9 de 307 personnes<br>Consommation de base : 559 kWh \/ 100 km<br>Mode de roulement : Fer<br><br><strong>Prix sur devis<\/strong><\/p>\n\n\n\n<h2 class=\"wp-block-heading has-body-font-family\" id=\"block-05470a48-b4e1-46b5-a13f-e20efe83b306\"><strong>Stadler Tango 27m<\/strong><\/h2>\n\n\n\n<p id=\"block-79549a8a-b495-41b2-9ae2-1352a6d3208b\">Disponible : 2004 \u00e0 2024<br>Longueur de 27m<br>4 Portes<br>Accessibilit\u00e9 garantie : plancher bas int\u00e9gral<br>Capacit\u00e9 de 156 personnes<br>Consommation de base : 351 kWh \/ 100 km<br>Mode de roulement : Fer<br><br><strong>Prix sur devis<\/strong><\/p>\n\n\n\n<h2 class=\"wp-block-heading has-body-font-family\" id=\"block-05470a48-b4e1-46b5-a13f-e20efe83b306\"><strong>Stadler Tango 44m<\/strong><\/h2>\n\n\n\n<p id=\"block-79549a8a-b495-41b2-9ae2-1352a6d3208b\">Disponible : 2011 \u00e0 2024<br>Longueur de 44m<br>7 Portes<br>Accessibilit\u00e9 garantie : plancher bas int\u00e9gral<br>Capacit\u00e9 de 261 personnes<br>Consommation de base : 572 kWh \/ 100 km<br>Mode de roulement : Fer<br><br><strong>Prix sur devis<\/strong><\/p>\n\n\n\n<h2 class=\"wp-block-heading has-body-font-family\" id=\"block-05470a48-b4e1-46b5-a13f-e20efe83b306\"><strong>Translohr THR2 STE3<\/strong><\/h2>\n\n\n\n<p id=\"block-79549a8a-b495-41b2-9ae2-1352a6d3208b\">Disponible : 2013 \u00e0 2024<br>Longueur de 25m<br>3 Portes<br>Accessibilit\u00e9 garantie : plancher bas int\u00e9gral<br>Capacit\u00e9 de 178 personnes<br>Consommation de base : 325 kWh \/ 100 km<br>Mode de roulement : Pneu<br><br><strong>Prix sur devis<\/strong><\/p>\n\n\n\n<h2 class=\"wp-block-heading has-body-font-family\" id=\"block-05470a48-b4e1-46b5-a13f-e20efe83b306\"><strong>Translohr THR2 STE4<\/strong><\/h2>\n\n\n\n<p id=\"block-79549a8a-b495-41b2-9ae2-1352a6d3208b\">Disponible : 2013 \u00e0 2024<br>Longueur de 32m<br>4 Portes<br>Accessibilit\u00e9 garantie : plancher bas int\u00e9gral<br>Capacit\u00e9 de 238 personnes<br>Consommation de base : 416 kWh \/ 100 km<br>Mode de roulement : Pneu<br><br><strong>Prix sur devis<\/strong><\/p>\n\n\n\n<h2 class=\"wp-block-heading has-body-font-family\" id=\"block-05470a48-b4e1-46b5-a13f-e20efe83b306\"><strong>Translohr THR2 STE5<\/strong><\/h2>\n\n\n\n<p id=\"block-79549a8a-b495-41b2-9ae2-1352a6d3208b\">Disponible : 2013 \u00e0 2024<br>Longueur de 39m<br>5 Portes<br>Accessibilit\u00e9 garantie : plancher bas int\u00e9gral<br>Capacit\u00e9 de 298 personnes<br>Consommation de base : 507 kWh \/ 100 km<br>Mode de roulement : Pneu<br><br><strong>Prix sur devis<\/strong><\/p>\n\n\n\n<h2 class=\"wp-block-heading has-body-font-family\" id=\"block-05470a48-b4e1-46b5-a13f-e20efe83b306\"><strong>Translohr THR2 STE6<\/strong><\/h2>\n\n\n\n<p id=\"block-79549a8a-b495-41b2-9ae2-1352a6d3208b\">Disponible : 2013 \u00e0 2024<br>Longueur de 46m<br>6 Portes<br>Accessibilit\u00e9 garantie : plancher bas int\u00e9gral<br>Capacit\u00e9 de 358 personnes<br>Consommation de base : 598 kWh \/ 100 km<br>Mode de roulement : Pneu<br><br><strong>Prix sur devis<\/strong><br><\/p>\n\n\n\n<p class=\"has-text-align-center\">Je souhaite r\u00e9aliser d\u00e8s maintenant un devis : <a href=\"https:\/\/transport-manager.net\/jeu\/sendconcess.php?p=cstdevis\" data-type=\"link\" data-id=\"https:\/\/forms.gle\/mKnwLajUfhFGaEHe9\">cliquez ici pour acc\u00e9der au formulaire<\/a>.<\/p>\n","protected":false},"excerpt":{"rendered":"<p>Breda VLC Disponible : 1994Longueur de 30m4 PortesAccessibilit\u00e9 garantie : plancher bas int\u00e9gralCapacit\u00e9 de 200 personnesConsommation de base : 420 kWh \/ 100 kmMode de roulement : Fer Prix sur devis Translohr THR1 STE3 Disponible : 2006 \u00e0 2012Longueur de 25m3 PortesAccessibilit\u00e9 garantie : plancher bas int\u00e9gralCapacit\u00e9 de 127 personnesConsommation de base : 350 kWh [&hellip;]<\/p>\n","protected":false},"author":13,"featured_media":0,"parent":0,"menu_order":0,"comment_status":"closed","ping_status":"closed","template":"","meta":{"footnotes":""},"class_list":["post-25","page","type-page","status-publish","hentry"],"_links":{"self":[{"href":"https:\/\/concess.transport-manager.net\/cst\/wp-json\/wp\/v2\/pages\/25","targetHints":{"allow":["GET"]}}],"collection":[{"href":"https:\/\/concess.transport-manager.net\/cst\/wp-json\/wp\/v2\/pages"}],"about":[{"href":"https:\/\/concess.transport-manager.net\/cst\/wp-json\/wp\/v2\/types\/page"}],"author":[{"embeddable":true,"href":"https:\/\/concess.transport-manager.net\/cst\/wp-json\/wp\/v2\/users\/13"}],"replies":[{"embeddable":true,"href":"https:\/\/concess.transport-manager.net\/cst\/wp-json\/wp\/v2\/comments?post=25"}],"version-history":[{"count":5,"href":"https:\/\/concess.transport-manager.net\/cst\/wp-json\/wp\/v2\/pages\/25\/revisions"}],"predecessor-version":[{"id":95,"href":"https:\/\/concess.transport-manager.net\/cst\/wp-json\/wp\/v2\/pages\/25\/revisions\/95"}],"wp:attachment":[{"href":"https:\/\/concess.transport-manager.net\/cst\/wp-json\/wp\/v2\/media?parent=25"}],"curies":[{"name":"wp","href":"https:\/\/api.w.org\/{rel}","templated":true}]}}