{"id":29,"date":"2024-10-05T12:15:49","date_gmt":"2024-10-05T10:15:49","guid":{"rendered":"https:\/\/concess.transport-manager.net\/cafstatran\/?page_id=29"},"modified":"2024-10-05T12:15:49","modified_gmt":"2024-10-05T10:15:49","slug":"soyez-equipe-e","status":"publish","type":"page","link":"https:\/\/concess.transport-manager.net\/cst\/soyez-equipe-e\/","title":{"rendered":"Soyez \u00e9quip\u00e9.e !"},"content":{"rendered":"\n<p>Pour vous proposer des solutions r\u00e9pondant \u00e0 vos besoins aussi bien esth\u00e9tiques qu&rsquo;en termes de confort.<br><br>D\u00e9couvrez comment constituer une flotte qui puisse vous satisfaire :<\/p>\n\n\n\n<p class=\"has-large-font-size\"><strong>Personnalisation Int\u00e9rieure :<\/strong><\/p>\n\n\n\n<p>Type de si\u00e8ges (de 1 \u00e0 4) :<\/p>\n\n\n\n<figure class=\"wp-block-image size-full\"><img loading=\"lazy\" decoding=\"async\" width=\"668\" height=\"147\" src=\"https:\/\/concess.transport-manager.net\/cafstatran\/wp-content\/uploads\/sites\/14\/2024\/10\/image-1.png\" alt=\"\" class=\"wp-image-31\" srcset=\"https:\/\/concess.transport-manager.net\/cst\/wp-content\/uploads\/sites\/14\/2024\/10\/image-1.png 668w, https:\/\/concess.transport-manager.net\/cst\/wp-content\/uploads\/sites\/14\/2024\/10\/image-1-300x66.png 300w\" sizes=\"auto, (max-width: 668px) 100vw, 668px\" \/><\/figure>\n\n\n\n<p>Rev\u00eatement de si\u00e8ges :<\/p>\n\n\n\n<figure class=\"wp-block-image size-full\"><img loading=\"lazy\" decoding=\"async\" width=\"612\" height=\"456\" src=\"https:\/\/concess.transport-manager.net\/cafstatran\/wp-content\/uploads\/sites\/14\/2024\/10\/image-4.png\" alt=\"\" class=\"wp-image-34\" srcset=\"https:\/\/concess.transport-manager.net\/cst\/wp-content\/uploads\/sites\/14\/2024\/10\/image-4.png 612w, https:\/\/concess.transport-manager.net\/cst\/wp-content\/uploads\/sites\/14\/2024\/10\/image-4-300x224.png 300w\" sizes=\"auto, (max-width: 612px) 100vw, 612px\" \/><\/figure>\n\n\n\n<figure class=\"wp-block-image size-full\"><img loading=\"lazy\" decoding=\"async\" width=\"608\" height=\"458\" src=\"https:\/\/concess.transport-manager.net\/cafstatran\/wp-content\/uploads\/sites\/14\/2024\/10\/image-3.png\" alt=\"\" class=\"wp-image-33\" srcset=\"https:\/\/concess.transport-manager.net\/cst\/wp-content\/uploads\/sites\/14\/2024\/10\/image-3.png 608w, https:\/\/concess.transport-manager.net\/cst\/wp-content\/uploads\/sites\/14\/2024\/10\/image-3-300x226.png 300w\" sizes=\"auto, (max-width: 608px) 100vw, 608px\" \/><\/figure>\n\n\n\n<figure class=\"wp-block-image size-full\"><img loading=\"lazy\" decoding=\"async\" width=\"611\" height=\"462\" src=\"https:\/\/concess.transport-manager.net\/cafstatran\/wp-content\/uploads\/sites\/14\/2024\/10\/image-5.png\" alt=\"\" class=\"wp-image-35\" srcset=\"https:\/\/concess.transport-manager.net\/cst\/wp-content\/uploads\/sites\/14\/2024\/10\/image-5.png 611w, https:\/\/concess.transport-manager.net\/cst\/wp-content\/uploads\/sites\/14\/2024\/10\/image-5-300x227.png 300w\" sizes=\"auto, (max-width: 611px) 100vw, 611px\" \/><\/figure>\n\n\n\n<p>Rev\u00eatement de sol :<\/p>\n\n\n\n<figure class=\"wp-block-image size-full\"><img loading=\"lazy\" decoding=\"async\" width=\"620\" height=\"172\" src=\"https:\/\/concess.transport-manager.net\/cafstatran\/wp-content\/uploads\/sites\/14\/2024\/10\/image-6.png\" alt=\"\" class=\"wp-image-36\" srcset=\"https:\/\/concess.transport-manager.net\/cst\/wp-content\/uploads\/sites\/14\/2024\/10\/image-6.png 620w, https:\/\/concess.transport-manager.net\/cst\/wp-content\/uploads\/sites\/14\/2024\/10\/image-6-300x83.png 300w\" sizes=\"auto, (max-width: 620px) 100vw, 620px\" \/><\/figure>\n\n\n\n<figure class=\"wp-block-image size-full\"><img loading=\"lazy\" decoding=\"async\" width=\"615\" height=\"171\" src=\"https:\/\/concess.transport-manager.net\/cafstatran\/wp-content\/uploads\/sites\/14\/2024\/10\/image-7.png\" alt=\"\" class=\"wp-image-37\" srcset=\"https:\/\/concess.transport-manager.net\/cst\/wp-content\/uploads\/sites\/14\/2024\/10\/image-7.png 615w, https:\/\/concess.transport-manager.net\/cst\/wp-content\/uploads\/sites\/14\/2024\/10\/image-7-300x83.png 300w\" sizes=\"auto, (max-width: 615px) 100vw, 615px\" \/><\/figure>\n\n\n\n<figure class=\"wp-block-image size-full\"><img loading=\"lazy\" decoding=\"async\" width=\"613\" height=\"168\" src=\"https:\/\/concess.transport-manager.net\/cafstatran\/wp-content\/uploads\/sites\/14\/2024\/10\/image-8.png\" alt=\"\" class=\"wp-image-38\" srcset=\"https:\/\/concess.transport-manager.net\/cst\/wp-content\/uploads\/sites\/14\/2024\/10\/image-8.png 613w, https:\/\/concess.transport-manager.net\/cst\/wp-content\/uploads\/sites\/14\/2024\/10\/image-8-300x82.png 300w\" sizes=\"auto, (max-width: 613px) 100vw, 613px\" \/><\/figure>\n\n\n\n<p>Barres de maintien :<\/p>\n\n\n\n<figure class=\"wp-block-image size-full\"><img loading=\"lazy\" decoding=\"async\" width=\"627\" height=\"273\" src=\"https:\/\/concess.transport-manager.net\/cafstatran\/wp-content\/uploads\/sites\/14\/2024\/10\/image-9.png\" alt=\"\" class=\"wp-image-39\" srcset=\"https:\/\/concess.transport-manager.net\/cst\/wp-content\/uploads\/sites\/14\/2024\/10\/image-9.png 627w, https:\/\/concess.transport-manager.net\/cst\/wp-content\/uploads\/sites\/14\/2024\/10\/image-9-300x131.png 300w\" sizes=\"auto, (max-width: 627px) 100vw, 627px\" \/><\/figure>\n\n\n\n<p class=\"has-large-font-size\"><strong>Options d&rsquo;atelier :<\/strong><\/p>\n\n\n\n<p><strong>Girouettes &#8211; Pour tous les tramways :<\/strong><br><br>Avant* : Diodes, Diodes Blanches, Diodes Couleurs ou Diodes Couleurs Blanches<br>Lat\u00e9rales : Diodes, Diodes Blanches, Diodes Couleurs ou Diodes Couleurs Blanches<br>Arri\u00e8res* : Diodes, Diodes Blanches, Diodes Couleurs ou Diodes Couleurs Blanches<\/p>\n\n\n\n<p>*Option obligatoire<br><br><strong>Girouettes &#8211; Pour les tramways avant 2015 :<\/strong><br><br>Avant* : Film, Pastilles, Bi-mode, Diodes, Diodes Blanches, Diodes Couleurs ou Diodes Couleurs Blanches<br>Lat\u00e9rales : Plaques, Film, Pastilles, Bi-mode, Diodes, Diodes Blanches, Diodes Couleurs ou Diodes Couleurs Blanches<br>Arri\u00e8res* : Film, Pastilles, Bi-mode, Diodes, Diodes Blanches, Diodes Couleurs ou Diodes Couleurs Blanches<\/p>\n\n\n\n<p>*Option obligatoire<br><br><strong>Syst\u00e8me d&rsquo;air<\/strong> :<br><br>&#8211; Ventilation Renforc\u00e9e<br>&#8211; Climatisation Postes de Conduite<br>&#8211; Climatisation Int\u00e9grale<br><br><strong>Vitres teint\u00e9es<\/strong><br><br><strong>Pr\u00e9-C\u00e2blage Self-Service<\/strong><\/p>\n\n\n\n<p><\/p>\n","protected":false},"excerpt":{"rendered":"<p>Pour vous proposer des solutions r\u00e9pondant \u00e0 vos besoins aussi bien esth\u00e9tiques qu&rsquo;en termes de confort. D\u00e9couvrez comment constituer une flotte qui puisse vous satisfaire : Personnalisation Int\u00e9rieure : Type de si\u00e8ges (de 1 \u00e0 4) : Rev\u00eatement de si\u00e8ges : Rev\u00eatement de sol : Barres de maintien : Options d&rsquo;atelier : Girouettes &#8211; Pour [&hellip;]<\/p>\n","protected":false},"author":13,"featured_media":0,"parent":0,"menu_order":0,"comment_status":"closed","ping_status":"closed","template":"","meta":{"footnotes":""},"class_list":["post-29","page","type-page","status-publish","hentry"],"_links":{"self":[{"href":"https:\/\/concess.transport-manager.net\/cst\/wp-json\/wp\/v2\/pages\/29","targetHints":{"allow":["GET"]}}],"collection":[{"href":"https:\/\/concess.transport-manager.net\/cst\/wp-json\/wp\/v2\/pages"}],"about":[{"href":"https:\/\/concess.transport-manager.net\/cst\/wp-json\/wp\/v2\/types\/page"}],"author":[{"embeddable":true,"href":"https:\/\/concess.transport-manager.net\/cst\/wp-json\/wp\/v2\/users\/13"}],"replies":[{"embeddable":true,"href":"https:\/\/concess.transport-manager.net\/cst\/wp-json\/wp\/v2\/comments?post=29"}],"version-history":[{"count":1,"href":"https:\/\/concess.transport-manager.net\/cst\/wp-json\/wp\/v2\/pages\/29\/revisions"}],"predecessor-version":[{"id":40,"href":"https:\/\/concess.transport-manager.net\/cst\/wp-json\/wp\/v2\/pages\/29\/revisions\/40"}],"wp:attachment":[{"href":"https:\/\/concess.transport-manager.net\/cst\/wp-json\/wp\/v2\/media?parent=29"}],"curies":[{"name":"wp","href":"https:\/\/api.w.org\/{rel}","templated":true}]}}