{"id":67,"date":"2024-10-12T00:46:53","date_gmt":"2024-10-11T22:46:53","guid":{"rendered":"https:\/\/concess.transport-manager.net\/cst\/?page_id=67"},"modified":"2025-09-25T16:38:21","modified_gmt":"2025-09-25T14:38:21","slug":"club-tramino","status":"publish","type":"page","link":"https:\/\/concess.transport-manager.net\/cst\/club-tramino\/","title":{"rendered":"Club Tramino"},"content":{"rendered":"\n<p>La concession CST souhaite favoriser l&rsquo;ensemble de ces clients pour leur fid\u00e9lit\u00e9 dans le cadre de leurs acquisitions de mat\u00e9riels roulants ferroviaires.<\/p>\n\n\n\n<p>A ce titre, d\u00e9couvrez tout ce que le Club Tramino peut vous offrir !<\/p>\n\n\n\n<p class=\"has-large-font-size\"><strong>Tarif d&rsquo;adh\u00e9sion<\/strong><\/p>\n\n\n\n<p>Unique, fix\u00e9 \u00e0 550 000\u20ac\/an, il vous permet de b\u00e9n\u00e9ficier de l&rsquo;ensemble de ses avantages tout en l&rsquo;amortissant avec une grande facilit\u00e9<\/p>\n\n\n\n<p class=\"has-large-font-size\"><strong>Une extension de garantie&#8230;<\/strong><\/p>\n\n\n\n<p>Vos tramways sont essentiels dans votre r\u00e9seau de transport, et n\u00e9cessitent \u00e0 ce titre une disponibilit\u00e9 optimale<br>Votre garantie est d\u00e9sormais \u00e9tendue \u00e0 10 ans sur vos tramways neufs<\/p>\n\n\n\n<p class=\"has-large-font-size\"><strong>&#8230;y compris sur l&rsquo;occasion<\/strong><\/p>\n\n\n\n<p>Parce qu&rsquo;il n&rsquo;y a pas que le mat\u00e9riel neuf qui a besoin d&rsquo;\u00eatre choy\u00e9, vos tramways d&rsquo;occasions peuvent aussi \u00eatre pris en charge<br>Votre garantie s&rsquo;allonge \u00e0 3 ans au lieu de 1 an pour les tramways d&rsquo;occasion<\/p>\n\n\n\n<p class=\"has-large-font-size\"><strong>Des tarifs tout en douceur<\/strong><\/p>\n\n\n\n<p>Acqu\u00e9rir des v\u00e9hicules de grande capacit\u00e9 c&rsquo;est bien, les acqu\u00e9rir sans se ruiner c&rsquo;est mieux !<br>B\u00e9n\u00e9ficiez d&rsquo;une remise de 3% sur l&rsquo;ensemble de vos devis<\/p>\n\n\n\n<p class=\"has-large-font-size\"><strong>Un paiement en toute simplicit\u00e9<\/strong><\/p>\n\n\n\n<p>Dans le cas o\u00f9 la tr\u00e9sorerie n&rsquo;est pas suffisante, le recours au cr\u00e9dit bancaire est une piste all\u00e9chante pour faire ses emplettes<br>A ce titre, la concession prend en charge le taux d&rsquo;int\u00e9r\u00eat de votre cr\u00e9dit, vous accordant donc un cr\u00e9dit \u00e0 taux 0<\/p>\n\n\n\n<p class=\"has-large-font-size\"><strong>Parfois, on aime changer<\/strong><\/p>\n\n\n\n<p>Parce que changer de v\u00e9hicule c&rsquo;est vouloir offrir le meilleur en terme de qualit\u00e9 de service, nous vous offrons de quoi vous accompagner dans votre d\u00e9marche<br>Les reprises sont fix\u00e9es \u00e0 Argus-15% pour les v\u00e9hicules toutes marques (au lieu de 20%) et \u00e0 Argus-10% pour les v\u00e9hicules des marques distribu\u00e9es par CST (au lieu de 15%)<\/p>\n\n\n\n<p class=\"has-large-font-size\"><strong>Extrait des CGV<\/strong><\/p>\n\n\n\n<p>\u00ab\u00a0Le Club Tramino est le programme de fid\u00e9lit\u00e9 propre \u00e0 la concession CST. Il accorde au joueur y ayant adh\u00e9r\u00e9, et ce pendant 1 an \u00e0 compter de la date de validation par la concession (r\u00e9ception du r\u00e9capitulatif dans la messagerie forum), des avantages exclusifs.<\/p>\n\n\n\n<p>La souscription peut s\u2019annuler sous 24 heures apr\u00e8s r\u00e9ception de la confirmation d\u2019adh\u00e9sion; au-del\u00e0 de ce d\u00e9lai aucun remboursement n\u2019est d\u00fb.<\/p>\n\n\n\n<p>Le paiement s\u2019effectue par pr\u00e9l\u00e8vement lors de la validation par la concession : il n\u2019est pas possible de diff\u00e9rer le paiement de l\u2019adh\u00e9sion.<\/p>\n\n\n\n<p>Les avantages conf\u00e9r\u00e9s par le Club Tramino ne s\u2019appliquent que pour l\u2019\u00e9dition de nouveaux devis : les devis d\u00e9j\u00e0 entam\u00e9s ne peuvent b\u00e9n\u00e9ficier de ces avantages.\u00a0\u00bb<\/p>\n\n\n\n<p><\/p>\n\n\n\n<p class=\"has-text-align-center\">Alors, convaincu.e ? <a href=\"https:\/\/transport-manager.net\/jeu\/sendconcess.php?p=csttramino\" data-type=\"link\" data-id=\"https:\/\/forms.gle\/dCmgv58KurqMCVRV8\">Rejoignez l&rsquo;aventure et laissez-nous vous assister dans vos acquisitions !<\/a><\/p>\n\n\n\n<p><\/p>\n","protected":false},"excerpt":{"rendered":"<p>La concession CST souhaite favoriser l&rsquo;ensemble de ces clients pour leur fid\u00e9lit\u00e9 dans le cadre de leurs acquisitions de mat\u00e9riels roulants ferroviaires. A ce titre, d\u00e9couvrez tout ce que le Club Tramino peut vous offrir ! Tarif d&rsquo;adh\u00e9sion Unique, fix\u00e9 \u00e0 550 000\u20ac\/an, il vous permet de b\u00e9n\u00e9ficier de l&rsquo;ensemble de ses avantages tout en [&hellip;]<\/p>\n","protected":false},"author":13,"featured_media":0,"parent":0,"menu_order":0,"comment_status":"closed","ping_status":"closed","template":"","meta":{"footnotes":""},"class_list":["post-67","page","type-page","status-publish","hentry"],"_links":{"self":[{"href":"https:\/\/concess.transport-manager.net\/cst\/wp-json\/wp\/v2\/pages\/67","targetHints":{"allow":["GET"]}}],"collection":[{"href":"https:\/\/concess.transport-manager.net\/cst\/wp-json\/wp\/v2\/pages"}],"about":[{"href":"https:\/\/concess.transport-manager.net\/cst\/wp-json\/wp\/v2\/types\/page"}],"author":[{"embeddable":true,"href":"https:\/\/concess.transport-manager.net\/cst\/wp-json\/wp\/v2\/users\/13"}],"replies":[{"embeddable":true,"href":"https:\/\/concess.transport-manager.net\/cst\/wp-json\/wp\/v2\/comments?post=67"}],"version-history":[{"count":4,"href":"https:\/\/concess.transport-manager.net\/cst\/wp-json\/wp\/v2\/pages\/67\/revisions"}],"predecessor-version":[{"id":96,"href":"https:\/\/concess.transport-manager.net\/cst\/wp-json\/wp\/v2\/pages\/67\/revisions\/96"}],"wp:attachment":[{"href":"https:\/\/concess.transport-manager.net\/cst\/wp-json\/wp\/v2\/media?parent=67"}],"curies":[{"name":"wp","href":"https:\/\/api.w.org\/{rel}","templated":true}]}}