{"id":2,"date":"2020-10-16T17:58:41","date_gmt":"2020-10-16T15:58:41","guid":{"rendered":"https:\/\/concess.transport-manager.net\/evobus\/?page_id=2"},"modified":"2026-02-09T14:47:05","modified_gmt":"2026-02-09T13:47:05","slug":"page-d-exemple","status":"publish","type":"page","link":"https:\/\/concess.transport-manager.net\/evobus\/","title":{"rendered":"Accueil"},"content":{"rendered":"\n<figure class=\"wp-block-image size-full\"><img loading=\"lazy\" decoding=\"async\" width=\"2190\" height=\"1080\" src=\"https:\/\/concess.transport-manager.net\/evobus\/wp-content\/uploads\/sites\/2\/2024\/01\/band-2.jpg\" alt=\"\" class=\"wp-image-2182\" srcset=\"https:\/\/concess.transport-manager.net\/evobus\/wp-content\/uploads\/sites\/2\/2024\/01\/band-2.jpg 2190w, https:\/\/concess.transport-manager.net\/evobus\/wp-content\/uploads\/sites\/2\/2024\/01\/band-2-300x148.jpg 300w, https:\/\/concess.transport-manager.net\/evobus\/wp-content\/uploads\/sites\/2\/2024\/01\/band-2-1024x505.jpg 1024w, https:\/\/concess.transport-manager.net\/evobus\/wp-content\/uploads\/sites\/2\/2024\/01\/band-2-768x379.jpg 768w, https:\/\/concess.transport-manager.net\/evobus\/wp-content\/uploads\/sites\/2\/2024\/01\/band-2-1536x757.jpg 1536w, https:\/\/concess.transport-manager.net\/evobus\/wp-content\/uploads\/sites\/2\/2024\/01\/band-2-2048x1010.jpg 2048w\" sizes=\"auto, (max-width: 2190px) 100vw, 2190px\" \/><\/figure>\n\n\n\n<div style=\"height:50px\" aria-hidden=\"true\" class=\"wp-block-spacer\"><\/div>\n\n\n\n<div class=\"wp-block-buttons is-content-justification-center is-layout-flex wp-container-core-buttons-is-layout-16018d1d wp-block-buttons-is-layout-flex\">\n<div class=\"wp-block-button has-custom-width wp-block-button__width-25 is-style-outline is-style-outline--1\"><a class=\"wp-block-button__link has-contrast-color has-base-3-background-color has-text-color has-background has-text-align-center wp-element-button\" href=\"https:\/\/concess.transport-manager.net\/evobus\/le\/\" style=\"border-radius:100px\"><strong>D\u00e9couvrez l&rsquo;eCitaro<\/strong><\/a><\/div>\n\n\n\n<div class=\"wp-block-button has-custom-width wp-block-button__width-25 is-style-outline is-style-outline--2\"><a class=\"wp-block-button__link has-contrast-color has-base-3-background-color has-text-color has-background has-text-align-center wp-element-button\" href=\"https:\/\/concess.transport-manager.net\/evobus\/location-avec-option-dachat\/\" style=\"border-radius:100px\"><strong>Profitez de l&rsquo;offre<\/strong><\/a><\/div>\n<\/div>\n\n\n\n<div style=\"height:42px\" aria-hidden=\"true\" class=\"wp-block-spacer\"><\/div>\n\n\n\n<div style=\"height:40px\" aria-hidden=\"true\" class=\"wp-block-spacer\"><\/div>\n\n\n\n<h1 class=\"wp-block-heading has-text-align-center\"><strong><span style=\"color:#1d3259\" class=\"has-inline-color\">L&rsquo;histoire de l&rsquo;entreprise EVOBUS<\/span><\/strong><\/h1>\n\n\n\n<p class=\"has-text-align-center\">Le 23 f\u00e9vrier 1995, naissance d&rsquo;Evobus apr\u00e8s la fusion des marques Setra et Mercedes-Benz. L&rsquo;entreprise commercialise et produit les autobus\/autocars et minibus\/minicars Mercedes-Benz et Setra. Mercedes-Benz, l&rsquo;inventeur des autobus et autocars, et Setra, la marque de tradition, autrefois connue sous le nom K\u00e4ssbohrer, figurent parmi les pionniers de la construction d&rsquo;autobus et d&rsquo;autocars.<\/p>\n\n\n\n<h2 class=\"wp-block-heading has-text-align-center\"><strong><span style=\"color:#1d3259\" class=\"has-inline-color\">Vos contacts commerciaux<\/span><\/strong><\/h2>\n\n\n\n<p class=\"has-text-align-center\">Avec une solide exp\u00e9rience sur le jeu Joss a le plaisir de vous accueillir chez Evobus. Il pourra vous aiguiller au mieux dans le d\u00e9veloppement de votre strat\u00e9gie de jeu accompagn\u00e9 par son adjoint Tibo_lyon.<br>Votre concession est ouverte 7j\/7 et votre concessionnaire est disponible tout au long de journ\u00e9e. Il faut noter que le traitement des demandes de devis se fait en g\u00e9n\u00e9ral dans les 24h \u00e0 72h.<br>Il est inutile de leur envoyer un MP, toutes vos demandes doivent passer par le forum. Vous pouvez le faire soit dans votre devis, soit dans le sujet d\u00e9di\u00e9&nbsp;<a href=\"https:\/\/forum.transport-manager.net\/thread-23069.html\" target=\"_blank\" rel=\"noreferrer noopener\">service client<\/a> si cela ne concerne pas un devis en cours.<\/p>\n\n\n\n<div style=\"height:40px\" aria-hidden=\"true\" class=\"wp-block-spacer\"><\/div>\n\n\n\n<hr class=\"wp-block-separator has-text-color has-base-color has-alpha-channel-opacity has-base-background-color has-background\"\/>\n\n\n\n<figure class=\"wp-block-image size-full is-resized\"><img loading=\"lazy\" decoding=\"async\" width=\"831\" height=\"92\" src=\"https:\/\/concess.transport-manager.net\/evobus\/wp-content\/uploads\/sites\/2\/2024\/01\/nos_vehiculespsd.png\" alt=\"\" class=\"wp-image-2136\" style=\"width:655px;height:auto\" srcset=\"https:\/\/concess.transport-manager.net\/evobus\/wp-content\/uploads\/sites\/2\/2024\/01\/nos_vehiculespsd.png 831w, https:\/\/concess.transport-manager.net\/evobus\/wp-content\/uploads\/sites\/2\/2024\/01\/nos_vehiculespsd-300x33.png 300w, https:\/\/concess.transport-manager.net\/evobus\/wp-content\/uploads\/sites\/2\/2024\/01\/nos_vehiculespsd-768x85.png 768w\" sizes=\"auto, (max-width: 831px) 100vw, 831px\" \/><\/figure>\n\n\n\n<div style=\"height:35px\" aria-hidden=\"true\" class=\"wp-block-spacer\"><\/div>\n\n\n\n<div class=\"wp-block-columns alignwide are-vertically-aligned-top has-white-background-color has-background is-layout-flex wp-container-core-columns-is-layout-9d6595d7 wp-block-columns-is-layout-flex\">\n<div class=\"wp-block-column is-vertically-aligned-top is-layout-flow wp-block-column-is-layout-flow\" style=\"flex-basis:50%\"><div class=\"wp-block-image is-style-default\">\n<figure class=\"aligncenter size-full is-resized\"><img loading=\"lazy\" decoding=\"async\" width=\"450\" height=\"300\" src=\"http:\/\/concess.transport-manager.net\/evobus\/wp-content\/uploads\/sites\/2\/2023\/08\/Mercedes_CitaroLE_C2.png\" alt=\"\" class=\"wp-image-1325\" style=\"width:300px;height:195px\" srcset=\"https:\/\/concess.transport-manager.net\/evobus\/wp-content\/uploads\/sites\/2\/2023\/08\/Mercedes_CitaroLE_C2.png 450w, https:\/\/concess.transport-manager.net\/evobus\/wp-content\/uploads\/sites\/2\/2023\/08\/Mercedes_CitaroLE_C2-300x200.png 300w\" sizes=\"auto, (max-width: 450px) 100vw, 450px\" \/><\/figure>\n<\/div>\n\n\n<p class=\"has-text-align-center has-base-3-color has-accent-background-color has-text-color has-background has-medium-font-size\"><strong>D\u00c9COUVREZ LA MARQUE MERCEDES<\/strong><\/p>\n\n\n\n<div class=\"wp-block-buttons is-horizontal is-content-justification-center is-layout-flex wp-container-core-buttons-is-layout-6b94795d wp-block-buttons-is-layout-flex\">\n<div class=\"wp-block-button has-custom-width wp-block-button__width-100 is-style-outline is-style-outline--3\"><a class=\"wp-block-button__link has-base-3-background-color has-text-color has-background wp-element-button\" href=\"https:\/\/concess.transport-manager.net\/evobus\/1487-2\/\" style=\"border-radius:0px;color:#1c325a\"><strong>D\u00e9couvrir MERCEDES<\/strong><\/a><\/div>\n<\/div>\n<\/div>\n\n\n\n<div class=\"wp-block-column is-vertically-aligned-top is-layout-flow wp-block-column-is-layout-flow\" style=\"flex-basis:50%\"><div class=\"wp-block-image is-style-default\">\n<figure class=\"aligncenter size-full is-resized\"><img loading=\"lazy\" decoding=\"async\" width=\"450\" height=\"300\" src=\"http:\/\/concess.transport-manager.net\/evobus\/wp-content\/uploads\/sites\/2\/2023\/12\/set.png\" alt=\"\" class=\"wp-image-2007\" style=\"width:300px;height:195px\" srcset=\"https:\/\/concess.transport-manager.net\/evobus\/wp-content\/uploads\/sites\/2\/2023\/12\/set.png 450w, https:\/\/concess.transport-manager.net\/evobus\/wp-content\/uploads\/sites\/2\/2023\/12\/set-300x200.png 300w\" sizes=\"auto, (max-width: 450px) 100vw, 450px\" \/><\/figure>\n<\/div>\n\n\n<p class=\"has-text-align-center has-base-3-color has-accent-background-color has-text-color has-background has-medium-font-size\"><strong>D\u00c9COUVREZ LA MARQUE SETRA<\/strong><\/p>\n\n\n\n<div class=\"wp-block-buttons is-horizontal is-content-justification-center is-layout-flex wp-container-core-buttons-is-layout-6b94795d wp-block-buttons-is-layout-flex\">\n<div class=\"wp-block-button has-custom-width wp-block-button__width-100 is-style-outline is-style-outline--4\"><a class=\"wp-block-button__link has-base-3-background-color has-text-color has-background wp-element-button\" href=\"https:\/\/concess.transport-manager.net\/evobus\/gamme-setra-comfortclass\/\" style=\"border-radius:0px;color:#1c325a\"><strong>D\u00e9couvrir SETRA<\/strong><\/a><\/div>\n<\/div>\n<\/div>\n<\/div>\n\n\n\n<div style=\"height:24px\" aria-hidden=\"true\" class=\"wp-block-spacer\"><\/div>\n\n\n\n<div class=\"wp-block-buttons is-horizontal is-content-justification-center is-layout-flex wp-container-core-buttons-is-layout-6b94795d wp-block-buttons-is-layout-flex\">\n<div class=\"wp-block-button has-custom-width wp-block-button__width-50 is-style-outline is-style-outline--5\"><a class=\"wp-block-button__link has-contrast-color has-base-3-background-color has-text-color has-background wp-element-button\" href=\"https:\/\/concess.transport-manager.net\/evobus\/bus-vehicules-doccasions\/\" style=\"border-radius:100px\" target=\"_blank\" rel=\"noreferrer noopener\"><strong>CATALOGUE &#8211; Bus d&rsquo;occasions<\/strong><\/a><\/div>\n\n\n\n<div class=\"wp-block-button has-custom-width wp-block-button__width-50 is-style-outline is-style-outline--6\"><a class=\"wp-block-button__link has-contrast-color has-base-3-background-color has-text-color has-background wp-element-button\" href=\"https:\/\/concess.transport-manager.net\/evobus\/car-vehicules-occasions\/\" style=\"border-radius:100px\" target=\"_blank\" rel=\"noreferrer noopener\"><strong>CATALOGUE &#8211; Car d&rsquo;occasions<\/strong><\/a><\/div>\n\n\n\n<div class=\"wp-block-button has-custom-width wp-block-button__width-50 is-style-fill\"><a class=\"wp-block-button__link has-base-3-color has-text-color has-background wp-element-button\" href=\"https:\/\/transport-manager.net\/jeu\/sendconcess.php?p=EVOBUS_bus_neuf\" style=\"border-radius:100px;background-color:#1c3359\" target=\"_blank\" rel=\"noopener\"><strong>DEMANDE DE DEVIS &#8211; Bus Neufs<\/strong><\/a><\/div>\n\n\n\n<div class=\"wp-block-button has-custom-width wp-block-button__width-50 is-style-outline is-style-outline--7\"><a class=\"wp-block-button__link has-base-3-color has-text-color has-background wp-element-button\" href=\"https:\/\/concess.transport-manager.net\/evobus\/car-vehicules-neufs\/\" style=\"border-radius:100px;background-color:#1c3359\" target=\"_blank\" rel=\"noreferrer noopener\"><strong>DEMANDE DE DEVIS &#8211; Car Neufs<\/strong><\/a><\/div>\n<\/div>\n\n\n\n<hr class=\"wp-block-separator has-text-color has-base-color has-alpha-channel-opacity has-base-background-color has-background is-style-default\"\/>\n\n\n\n<div style=\"height:35px\" aria-hidden=\"true\" class=\"wp-block-spacer\"><\/div>\n\n\n\n<figure class=\"wp-block-image size-full is-resized\"><img loading=\"lazy\" decoding=\"async\" width=\"831\" height=\"92\" src=\"https:\/\/concess.transport-manager.net\/evobus\/wp-content\/uploads\/sites\/2\/2024\/10\/actu.png\" alt=\"\" class=\"wp-image-2426\" style=\"width:600px\" srcset=\"https:\/\/concess.transport-manager.net\/evobus\/wp-content\/uploads\/sites\/2\/2024\/10\/actu.png 831w, https:\/\/concess.transport-manager.net\/evobus\/wp-content\/uploads\/sites\/2\/2024\/10\/actu-300x33.png 300w, https:\/\/concess.transport-manager.net\/evobus\/wp-content\/uploads\/sites\/2\/2024\/10\/actu-768x85.png 768w\" sizes=\"auto, (max-width: 831px) 100vw, 831px\" \/><\/figure>\n\n\n\n<h2 class=\"wp-block-heading has-text-align-center\"><\/h2>\n\n\n\n<figure class=\"wp-block-image size-full\"><img loading=\"lazy\" decoding=\"async\" width=\"1280\" height=\"720\" src=\"https:\/\/concess.transport-manager.net\/evobus\/wp-content\/uploads\/sites\/2\/2024\/10\/act_2024_adtem_2-1.png\" alt=\"\" class=\"wp-image-2428\" srcset=\"https:\/\/concess.transport-manager.net\/evobus\/wp-content\/uploads\/sites\/2\/2024\/10\/act_2024_adtem_2-1.png 1280w, https:\/\/concess.transport-manager.net\/evobus\/wp-content\/uploads\/sites\/2\/2024\/10\/act_2024_adtem_2-1-300x169.png 300w, https:\/\/concess.transport-manager.net\/evobus\/wp-content\/uploads\/sites\/2\/2024\/10\/act_2024_adtem_2-1-1024x576.png 1024w, https:\/\/concess.transport-manager.net\/evobus\/wp-content\/uploads\/sites\/2\/2024\/10\/act_2024_adtem_2-1-768x432.png 768w\" sizes=\"auto, (max-width: 1280px) 100vw, 1280px\" \/><\/figure>\n\n\n\n<div style=\"height:22px\" aria-hidden=\"true\" class=\"wp-block-spacer\"><\/div>\n\n\n\n<p class=\"has-text-align-center\"><\/p>\n\n\n\n<div style=\"height:35px\" aria-hidden=\"true\" class=\"wp-block-spacer\"><\/div>\n\n\n\n<hr class=\"wp-block-separator has-text-color has-base-color has-alpha-channel-opacity has-base-background-color has-background\"\/>\n\n\n\n<div style=\"height:35px\" aria-hidden=\"true\" class=\"wp-block-spacer\"><\/div>\n\n\n\n<figure class=\"wp-block-image size-full is-resized\"><img loading=\"lazy\" decoding=\"async\" width=\"831\" height=\"92\" src=\"https:\/\/concess.transport-manager.net\/evobus\/wp-content\/uploads\/sites\/2\/2024\/01\/quest.png\" alt=\"\" class=\"wp-image-2176\" style=\"width:655px\" srcset=\"https:\/\/concess.transport-manager.net\/evobus\/wp-content\/uploads\/sites\/2\/2024\/01\/quest.png 831w, https:\/\/concess.transport-manager.net\/evobus\/wp-content\/uploads\/sites\/2\/2024\/01\/quest-300x33.png 300w, https:\/\/concess.transport-manager.net\/evobus\/wp-content\/uploads\/sites\/2\/2024\/01\/quest-768x85.png 768w\" sizes=\"auto, (max-width: 831px) 100vw, 831px\" \/><\/figure>\n\n\n\n<div style=\"height:44px\" aria-hidden=\"true\" class=\"wp-block-spacer\"><\/div>\n\n\n\n<div class=\"wp-block-columns alignwide are-vertically-aligned-top has-white-background-color has-background is-layout-flex wp-container-core-columns-is-layout-9d6595d7 wp-block-columns-is-layout-flex\">\n<div class=\"wp-block-column is-vertically-aligned-top is-layout-flow wp-block-column-is-layout-flow\" style=\"flex-basis:33%\">\n<p class=\"has-text-align-center has-base-3-color has-text-color\" style=\"font-size:23px\"><strong>VOUS AVEZ UNE QUESTION ?<\/strong><\/p>\n\n\n\n<div class=\"wp-block-columns is-layout-flex wp-container-core-columns-is-layout-9d6595d7 wp-block-columns-is-layout-flex\">\n<div class=\"wp-block-column is-layout-flow wp-block-column-is-layout-flow\"><\/div>\n<\/div>\n<\/div>\n\n\n\n<div class=\"wp-block-column is-vertically-aligned-top is-layout-flow wp-block-column-is-layout-flow\" style=\"flex-basis:33%\">\n<div class=\"wp-block-columns is-layout-flex wp-container-core-columns-is-layout-9d6595d7 wp-block-columns-is-layout-flex\">\n<div class=\"wp-block-column is-layout-flow wp-block-column-is-layout-flow\">\n<div class=\"wp-block-buttons is-horizontal is-content-justification-center is-layout-flex wp-container-core-buttons-is-layout-6b94795d wp-block-buttons-is-layout-flex\">\n<div class=\"wp-block-button has-custom-width wp-block-button__width-100 is-style-outline is-style-outline--8\"><a class=\"wp-block-button__link has-base-3-background-color has-text-color has-background wp-element-button\" href=\"https:\/\/forum.transport-manager.net\/thread-23069.html\" style=\"border-radius:0px;color:#1c325a\" target=\"_blank\" rel=\"noreferrer noopener\"><strong>Contactez-nous !<\/strong><\/a><\/div>\n<\/div>\n<\/div>\n<\/div>\n<\/div>\n\n\n\n<div class=\"wp-block-column is-vertically-aligned-top is-layout-flow wp-block-column-is-layout-flow\" style=\"flex-basis:33%\">\n<p class=\"has-text-align-center has-base-3-color has-text-color\" style=\"font-size:23px\"><strong>VOUS PR\u00c9VOYEZ DE PASSER PLUSIEURS DEVIS ?<\/strong><\/p>\n<\/div>\n<\/div>\n","protected":false},"excerpt":{"rendered":"<p>L&rsquo;histoire de l&rsquo;entreprise EVOBUS Le 23 f\u00e9vrier 1995, naissance d&rsquo;Evobus apr\u00e8s la fusion des marques Setra et Mercedes-Benz. L&rsquo;entreprise commercialise et produit les autobus\/autocars et minibus\/minicars Mercedes-Benz et Setra. Mercedes-Benz, l&rsquo;inventeur des autobus et autocars, et Setra, la marque de tradition, autrefois connue sous le nom K\u00e4ssbohrer, figurent parmi les pionniers de la construction d&rsquo;autobus &#8230; <a title=\"Accueil\" class=\"read-more\" href=\"https:\/\/concess.transport-manager.net\/evobus\/\" aria-label=\"En savoir plus sur Accueil\">Lire la suite<\/a><\/p>\n","protected":false},"author":18,"featured_media":0,"parent":0,"menu_order":0,"comment_status":"closed","ping_status":"closed","template":"","meta":{"footnotes":""},"class_list":["post-2","page","type-page","status-publish"],"_links":{"self":[{"href":"https:\/\/concess.transport-manager.net\/evobus\/wp-json\/wp\/v2\/pages\/2","targetHints":{"allow":["GET"]}}],"collection":[{"href":"https:\/\/concess.transport-manager.net\/evobus\/wp-json\/wp\/v2\/pages"}],"about":[{"href":"https:\/\/concess.transport-manager.net\/evobus\/wp-json\/wp\/v2\/types\/page"}],"author":[{"embeddable":true,"href":"https:\/\/concess.transport-manager.net\/evobus\/wp-json\/wp\/v2\/users\/18"}],"replies":[{"embeddable":true,"href":"https:\/\/concess.transport-manager.net\/evobus\/wp-json\/wp\/v2\/comments?post=2"}],"version-history":[{"count":69,"href":"https:\/\/concess.transport-manager.net\/evobus\/wp-json\/wp\/v2\/pages\/2\/revisions"}],"predecessor-version":[{"id":2873,"href":"https:\/\/concess.transport-manager.net\/evobus\/wp-json\/wp\/v2\/pages\/2\/revisions\/2873"}],"wp:attachment":[{"href":"https:\/\/concess.transport-manager.net\/evobus\/wp-json\/wp\/v2\/media?parent=2"}],"curies":[{"name":"wp","href":"https:\/\/api.w.org\/{rel}","templated":true}]}}