{"id":2190,"date":"2024-03-03T20:04:01","date_gmt":"2024-03-03T19:04:01","guid":{"rendered":"https:\/\/concess.transport-manager.net\/evobus\/?page_id=2190"},"modified":"2024-12-21T17:45:20","modified_gmt":"2024-12-21T16:45:20","slug":"souscription-dassurance","status":"publish","type":"page","link":"https:\/\/concess.transport-manager.net\/evobus\/souscription-dassurance\/","title":{"rendered":"Souscription d&rsquo;assurance"},"content":{"rendered":"\n<figure class=\"wp-block-image size-large is-style-default\"><img loading=\"lazy\" decoding=\"async\" width=\"1024\" height=\"177\" src=\"https:\/\/concess.transport-manager.net\/evobus\/wp-content\/uploads\/sites\/2\/2024\/03\/entete_Ass_2-1024x177.png\" alt=\"\" class=\"wp-image-2192\" srcset=\"https:\/\/concess.transport-manager.net\/evobus\/wp-content\/uploads\/sites\/2\/2024\/03\/entete_Ass_2-1024x177.png 1024w, https:\/\/concess.transport-manager.net\/evobus\/wp-content\/uploads\/sites\/2\/2024\/03\/entete_Ass_2-300x52.png 300w, https:\/\/concess.transport-manager.net\/evobus\/wp-content\/uploads\/sites\/2\/2024\/03\/entete_Ass_2-768x133.png 768w, https:\/\/concess.transport-manager.net\/evobus\/wp-content\/uploads\/sites\/2\/2024\/03\/entete_Ass_2-1536x266.png 1536w, https:\/\/concess.transport-manager.net\/evobus\/wp-content\/uploads\/sites\/2\/2024\/03\/entete_Ass_2-2048x355.png 2048w\" sizes=\"auto, (max-width: 1024px) 100vw, 1024px\" \/><\/figure>\n\n\n\n<div style=\"height:20px\" aria-hidden=\"true\" class=\"wp-block-spacer\"><\/div>\n\n\n\n<p class=\"has-text-align-center\">Offrez \u00e0 votre flotte la s\u00e9r\u00e9nit\u00e9 qu\u2019elle m\u00e9rite gr\u00e2ce \u00e0 une assurance pens\u00e9e pour les exploitants. Avec des garanties solides, des services rapides et un accompagnement sur mesure, l&rsquo;assurance Azur est \u00e0 vos c\u00f4t\u00e9s.<\/p>\n\n\n\n<div style=\"height:70px\" aria-hidden=\"true\" class=\"wp-block-spacer\"><\/div>\n\n\n\n<figure class=\"wp-block-image size-full\"><img loading=\"lazy\" decoding=\"async\" width=\"1680\" height=\"945\" src=\"https:\/\/concess.transport-manager.net\/evobus\/wp-content\/uploads\/sites\/2\/2024\/12\/Assurance2-2.png\" alt=\"\" class=\"wp-image-2572\" srcset=\"https:\/\/concess.transport-manager.net\/evobus\/wp-content\/uploads\/sites\/2\/2024\/12\/Assurance2-2.png 1680w, https:\/\/concess.transport-manager.net\/evobus\/wp-content\/uploads\/sites\/2\/2024\/12\/Assurance2-2-300x169.png 300w, https:\/\/concess.transport-manager.net\/evobus\/wp-content\/uploads\/sites\/2\/2024\/12\/Assurance2-2-1024x576.png 1024w, https:\/\/concess.transport-manager.net\/evobus\/wp-content\/uploads\/sites\/2\/2024\/12\/Assurance2-2-768x432.png 768w, https:\/\/concess.transport-manager.net\/evobus\/wp-content\/uploads\/sites\/2\/2024\/12\/Assurance2-2-1536x864.png 1536w\" sizes=\"auto, (max-width: 1680px) 100vw, 1680px\" \/><\/figure>\n\n\n\n<p>En savoir plus : <a href=\"https:\/\/forum.transport-manager.net\/announcement-141.html\">https:\/\/forum.transport-manager.net\/announcement-141.html<\/a><\/p>\n\n\n\n<div style=\"height:50px\" aria-hidden=\"true\" class=\"wp-block-spacer\"><\/div>\n\n\n\n<div class=\"wp-block-buttons is-horizontal is-content-justification-center is-layout-flex wp-container-core-buttons-is-layout-499968f5 wp-block-buttons-is-layout-flex\">\n<div class=\"wp-block-button\"><a class=\"wp-block-button__link has-base-3-color has-text-color has-background wp-element-button\" href=\"https:\/\/transport-manager.net\/jeu\/sendconcess.php?p=EVOBUS_Souscription_Assurance\" style=\"background-color:#1c3359\"><strong>SOUSCRIPTION D&rsquo;ASSURANCE AVEC EVOBUS<\/strong><\/a><\/div>\n<\/div>\n\n\n\n<p><\/p>\n\n\n\n<h4 class=\"wp-block-heading\"><\/h4>\n\n\n\n<p><\/p>\n","protected":false},"excerpt":{"rendered":"<p>Offrez \u00e0 votre flotte la s\u00e9r\u00e9nit\u00e9 qu\u2019elle m\u00e9rite gr\u00e2ce \u00e0 une assurance pens\u00e9e pour les exploitants. Avec des garanties solides, des services rapides et un accompagnement sur mesure, l&rsquo;assurance Azur est \u00e0 vos c\u00f4t\u00e9s. En savoir plus : https:\/\/forum.transport-manager.net\/announcement-141.html<\/p>\n","protected":false},"author":18,"featured_media":0,"parent":0,"menu_order":0,"comment_status":"closed","ping_status":"closed","template":"","meta":{"footnotes":""},"class_list":["post-2190","page","type-page","status-publish"],"_links":{"self":[{"href":"https:\/\/concess.transport-manager.net\/evobus\/wp-json\/wp\/v2\/pages\/2190","targetHints":{"allow":["GET"]}}],"collection":[{"href":"https:\/\/concess.transport-manager.net\/evobus\/wp-json\/wp\/v2\/pages"}],"about":[{"href":"https:\/\/concess.transport-manager.net\/evobus\/wp-json\/wp\/v2\/types\/page"}],"author":[{"embeddable":true,"href":"https:\/\/concess.transport-manager.net\/evobus\/wp-json\/wp\/v2\/users\/18"}],"replies":[{"embeddable":true,"href":"https:\/\/concess.transport-manager.net\/evobus\/wp-json\/wp\/v2\/comments?post=2190"}],"version-history":[{"count":28,"href":"https:\/\/concess.transport-manager.net\/evobus\/wp-json\/wp\/v2\/pages\/2190\/revisions"}],"predecessor-version":[{"id":2573,"href":"https:\/\/concess.transport-manager.net\/evobus\/wp-json\/wp\/v2\/pages\/2190\/revisions\/2573"}],"wp:attachment":[{"href":"https:\/\/concess.transport-manager.net\/evobus\/wp-json\/wp\/v2\/media?parent=2190"}],"curies":[{"name":"wp","href":"https:\/\/api.w.org\/{rel}","templated":true}]}}