{"id":87,"date":"2020-10-25T20:10:48","date_gmt":"2020-10-25T19:10:48","guid":{"rendered":"https:\/\/concess.transport-manager.net\/evobus\/?page_id=87"},"modified":"2023-07-21T20:19:12","modified_gmt":"2023-07-21T18:19:12","slug":"fidelite-et-financement","status":"publish","type":"page","link":"https:\/\/concess.transport-manager.net\/evobus\/fidelite-et-financement\/","title":{"rendered":"Fid\u00e9lit\u00e9 &amp; Financement"},"content":{"rendered":"\n<figure class=\"wp-block-image size-large is-style-default\"><img loading=\"lazy\" decoding=\"async\" width=\"1024\" height=\"177\" src=\"https:\/\/concess.transport-manager.net\/evobus\/wp-content\/uploads\/sites\/2\/2020\/10\/fidelete_financement_entete-1024x177.png\" alt=\"\" class=\"wp-image-136\" srcset=\"https:\/\/concess.transport-manager.net\/evobus\/wp-content\/uploads\/sites\/2\/2020\/10\/fidelete_financement_entete-1024x177.png 1024w, https:\/\/concess.transport-manager.net\/evobus\/wp-content\/uploads\/sites\/2\/2020\/10\/fidelete_financement_entete-300x52.png 300w, https:\/\/concess.transport-manager.net\/evobus\/wp-content\/uploads\/sites\/2\/2020\/10\/fidelete_financement_entete-768x133.png 768w, https:\/\/concess.transport-manager.net\/evobus\/wp-content\/uploads\/sites\/2\/2020\/10\/fidelete_financement_entete-1536x266.png 1536w, https:\/\/concess.transport-manager.net\/evobus\/wp-content\/uploads\/sites\/2\/2020\/10\/fidelete_financement_entete-2048x355.png 2048w\" sizes=\"auto, (max-width: 1024px) 100vw, 1024px\" \/><\/figure>\n\n\n\n<p class=\"has-text-align-center\">Vous pr\u00e9voyez de passer plusieurs devis chez EVOBUS ? Alors inscrivez-vous \u00e0 notre programme de fid\u00e9lit\u00e9 afin de b\u00e9n\u00e9ficier de tous les avantages et r\u00e9ductions. Ne passez pas \u00e0 c\u00f4t\u00e9 de ces avantages !<\/p>\n\n\n\n<figure class=\"wp-block-image size-large is-style-default\"><img loading=\"lazy\" decoding=\"async\" width=\"1024\" height=\"861\" src=\"https:\/\/concess.transport-manager.net\/evobus\/wp-content\/uploads\/sites\/2\/2023\/01\/fidelite_GOLD-1024x861.png\" alt=\"\" class=\"wp-image-1130\" srcset=\"https:\/\/concess.transport-manager.net\/evobus\/wp-content\/uploads\/sites\/2\/2023\/01\/fidelite_GOLD-1024x861.png 1024w, https:\/\/concess.transport-manager.net\/evobus\/wp-content\/uploads\/sites\/2\/2023\/01\/fidelite_GOLD-300x252.png 300w, https:\/\/concess.transport-manager.net\/evobus\/wp-content\/uploads\/sites\/2\/2023\/01\/fidelite_GOLD-768x646.png 768w, https:\/\/concess.transport-manager.net\/evobus\/wp-content\/uploads\/sites\/2\/2023\/01\/fidelite_GOLD-1536x1292.png 1536w, https:\/\/concess.transport-manager.net\/evobus\/wp-content\/uploads\/sites\/2\/2023\/01\/fidelite_GOLD-2048x1722.png 2048w\" sizes=\"auto, (max-width: 1024px) 100vw, 1024px\" \/><\/figure>\n\n\n\n<div class=\"wp-block-buttons is-horizontal is-content-justification-center is-layout-flex wp-container-core-buttons-is-layout-499968f5 wp-block-buttons-is-layout-flex\">\n<div class=\"wp-block-button\"><a class=\"wp-block-button__link has-text-color has-background wp-element-button\" href=\"https:\/\/forum.transport-manager.net\/thread-23071.html\" style=\"color:#bf9e2e;background-color:#1c3359\"><strong>REJOINDRE LE PROGRAMME GOLD<\/strong><\/a><\/div>\n<\/div>\n\n\n\n<p><\/p>\n","protected":false},"excerpt":{"rendered":"<p>Vous pr\u00e9voyez de passer plusieurs devis chez EVOBUS ? Alors inscrivez-vous \u00e0 notre programme de fid\u00e9lit\u00e9 afin de b\u00e9n\u00e9ficier de tous les avantages et r\u00e9ductions. Ne passez pas \u00e0 c\u00f4t\u00e9 de ces avantages !<\/p>\n","protected":false},"author":18,"featured_media":0,"parent":0,"menu_order":0,"comment_status":"closed","ping_status":"closed","template":"","meta":{"footnotes":""},"class_list":["post-87","page","type-page","status-publish"],"_links":{"self":[{"href":"https:\/\/concess.transport-manager.net\/evobus\/wp-json\/wp\/v2\/pages\/87","targetHints":{"allow":["GET"]}}],"collection":[{"href":"https:\/\/concess.transport-manager.net\/evobus\/wp-json\/wp\/v2\/pages"}],"about":[{"href":"https:\/\/concess.transport-manager.net\/evobus\/wp-json\/wp\/v2\/types\/page"}],"author":[{"embeddable":true,"href":"https:\/\/concess.transport-manager.net\/evobus\/wp-json\/wp\/v2\/users\/18"}],"replies":[{"embeddable":true,"href":"https:\/\/concess.transport-manager.net\/evobus\/wp-json\/wp\/v2\/comments?post=87"}],"version-history":[{"count":12,"href":"https:\/\/concess.transport-manager.net\/evobus\/wp-json\/wp\/v2\/pages\/87\/revisions"}],"predecessor-version":[{"id":1290,"href":"https:\/\/concess.transport-manager.net\/evobus\/wp-json\/wp\/v2\/pages\/87\/revisions\/1290"}],"wp:attachment":[{"href":"https:\/\/concess.transport-manager.net\/evobus\/wp-json\/wp\/v2\/media?parent=87"}],"curies":[{"name":"wp","href":"https:\/\/api.w.org\/{rel}","templated":true}]}}