{"id":875,"date":"2021-12-12T18:35:15","date_gmt":"2021-12-12T17:35:15","guid":{"rendered":"https:\/\/concess.transport-manager.net\/evobus\/?page_id=875"},"modified":"2025-09-12T18:12:32","modified_gmt":"2025-09-12T16:12:32","slug":"conditions-generales-de-vente","status":"publish","type":"page","link":"https:\/\/concess.transport-manager.net\/evobus\/conditions-generales-de-vente\/","title":{"rendered":"Conditions g\u00e9n\u00e9rales de vente"},"content":{"rendered":"\n<div data-wp-interactive=\"core\/file\" class=\"wp-block-file\"><object data-wp-bind--hidden=\"!state.hasPdfPreview\" hidden class=\"wp-block-file__embed\" data=\"https:\/\/concess.transport-manager.net\/evobus\/wp-content\/uploads\/sites\/2\/2025\/09\/Conditions-generales-de-ventes-Concession-EVOBUS.pdf\" type=\"application\/pdf\" style=\"width:100%;height:1986px\" aria-label=\"Contenu embarqu\u00e9 Conditions g\u00e9n\u00e9rales de ventes - Concession EVOBUS.\"><\/object><a id=\"wp-block-file--media-33ef17a2-19ec-45d8-a206-76c1b9d01de0\" href=\"https:\/\/concess.transport-manager.net\/evobus\/wp-content\/uploads\/sites\/2\/2025\/09\/Conditions-generales-de-ventes-Concession-EVOBUS.pdf\">Conditions g\u00e9n\u00e9rales de ventes &#8211; Concession EVOBUS<\/a><\/div>\n\n\n\n<p><\/p>\n","protected":false},"excerpt":{"rendered":"","protected":false},"author":18,"featured_media":0,"parent":0,"menu_order":0,"comment_status":"closed","ping_status":"closed","template":"","meta":{"footnotes":""},"class_list":["post-875","page","type-page","status-publish"],"_links":{"self":[{"href":"https:\/\/concess.transport-manager.net\/evobus\/wp-json\/wp\/v2\/pages\/875","targetHints":{"allow":["GET"]}}],"collection":[{"href":"https:\/\/concess.transport-manager.net\/evobus\/wp-json\/wp\/v2\/pages"}],"about":[{"href":"https:\/\/concess.transport-manager.net\/evobus\/wp-json\/wp\/v2\/types\/page"}],"author":[{"embeddable":true,"href":"https:\/\/concess.transport-manager.net\/evobus\/wp-json\/wp\/v2\/users\/18"}],"replies":[{"embeddable":true,"href":"https:\/\/concess.transport-manager.net\/evobus\/wp-json\/wp\/v2\/comments?post=875"}],"version-history":[{"count":62,"href":"https:\/\/concess.transport-manager.net\/evobus\/wp-json\/wp\/v2\/pages\/875\/revisions"}],"predecessor-version":[{"id":2809,"href":"https:\/\/concess.transport-manager.net\/evobus\/wp-json\/wp\/v2\/pages\/875\/revisions\/2809"}],"wp:attachment":[{"href":"https:\/\/concess.transport-manager.net\/evobus\/wp-json\/wp\/v2\/media?parent=875"}],"curies":[{"name":"wp","href":"https:\/\/api.w.org\/{rel}","templated":true}]}}