{"id":1274,"date":"2025-06-19T08:44:53","date_gmt":"2025-06-19T06:44:53","guid":{"rendered":"https:\/\/concess.transport-manager.net\/fyo\/?page_id=1274"},"modified":"2026-01-09T08:06:18","modified_gmt":"2026-01-09T07:06:18","slug":"vehicules-de-stock","status":"publish","type":"page","link":"https:\/\/concess.transport-manager.net\/fyo\/vehicules-de-stock\/","title":{"rendered":"V\u00e9hicules de stock"},"content":{"rendered":"\n<p class=\"has-text-align-center\">La concession FYO met en vente ses v\u00e9hicules de stock. Ils proviennent de reprises ou du service location.<\/p>\n\n\n\n<p class=\"has-text-align-center\">Vous trouverez la liste des v\u00e9hicules disponibles ici :&nbsp;<a href=\"https:\/\/docs.google.com\/spreadsheets\/d\/15ZOgzRCu7XZnIMt3mzKxAgk5g9vN2PWvWZSdKo4OB2Y\/edit?usp=sharing\" target=\"_blank\" rel=\"noreferrer noopener\"><strong>TABLEAU<\/strong><\/a><\/p>\n\n\n\n<p class=\"has-text-align-center\">Un ou des v\u00e9hicules vous tentent ? Rendez-vous ici : <a href=\"https:\/\/forum.transport-manager.net\/thread-34244.html\" data-type=\"link\" data-id=\"https:\/\/forum.transport-manager.net\/thread-34244.html\">https:\/\/forum.transport-manager.net\/thread-34244.html<\/a><\/p>\n\n\n\n<p class=\"has-text-align-center\">Il n&rsquo;y aura pas de r\u00e9servation pr\u00e9alable, le premier arriv\u00e9 sera le premier servi !<\/p>\n\n\n\n<p class=\"has-text-align-center\">A bient\u00f4t !<\/p>\n\n\n\n<p><\/p>\n\n\n\n<p><strong>Conditions de ventes \u00ab\u00a0v\u00e9hicules de stock\u00a0\u00bb :<\/strong><\/p>\n\n\n\n<p>&nbsp; &nbsp; &nbsp;&#8211;&nbsp;V\u00e9hicules garantis 6 mois<br>&nbsp; &nbsp; &nbsp;&#8211; Le prix est fixe<br>&nbsp; &nbsp; &nbsp;&#8211;&nbsp;Livraison imm\u00e9diate du (ou des) v\u00e9hicule(s) d\u00e8s l&rsquo;envoi du formulaire<br>&nbsp; &nbsp; &nbsp;&#8211; Paiement comptant (cr\u00e9dit concession indisponible)<br>&nbsp; &nbsp; &nbsp;&#8211; Facture \u00e0 r\u00e9gler sous 30 jours (+15 % de p\u00e9nalit\u00e9s si d\u00e9passement)<br>&nbsp; &nbsp; &nbsp;&#8211; Les avantages du programme de fid\u00e9lit\u00e9 Navigo ne s&rsquo;appliquent pas<\/p>\n","protected":false},"excerpt":{"rendered":"<p>La concession FYO met en vente ses v\u00e9hicules de stock. Ils proviennent de reprises ou du service location. Vous trouverez la liste des v\u00e9hicules disponibles ici :&nbsp;TABLEAU Un ou des v\u00e9hicules vous tentent ? Rendez-vous ici : https:\/\/forum.transport-manager.net\/thread-34244.html Il n&rsquo;y aura pas de r\u00e9servation pr\u00e9alable, le premier arriv\u00e9 sera le premier servi ! A bient\u00f4t&nbsp;&hellip;<\/p>\n","protected":false},"author":25,"featured_media":0,"parent":0,"menu_order":0,"comment_status":"closed","ping_status":"closed","template":"","meta":{"footnotes":""},"class_list":["post-1274","page","type-page","status-publish","hentry"],"_links":{"self":[{"href":"https:\/\/concess.transport-manager.net\/fyo\/wp-json\/wp\/v2\/pages\/1274","targetHints":{"allow":["GET"]}}],"collection":[{"href":"https:\/\/concess.transport-manager.net\/fyo\/wp-json\/wp\/v2\/pages"}],"about":[{"href":"https:\/\/concess.transport-manager.net\/fyo\/wp-json\/wp\/v2\/types\/page"}],"author":[{"embeddable":true,"href":"https:\/\/concess.transport-manager.net\/fyo\/wp-json\/wp\/v2\/users\/25"}],"replies":[{"embeddable":true,"href":"https:\/\/concess.transport-manager.net\/fyo\/wp-json\/wp\/v2\/comments?post=1274"}],"version-history":[{"count":1,"href":"https:\/\/concess.transport-manager.net\/fyo\/wp-json\/wp\/v2\/pages\/1274\/revisions"}],"predecessor-version":[{"id":1276,"href":"https:\/\/concess.transport-manager.net\/fyo\/wp-json\/wp\/v2\/pages\/1274\/revisions\/1276"}],"wp:attachment":[{"href":"https:\/\/concess.transport-manager.net\/fyo\/wp-json\/wp\/v2\/media?parent=1274"}],"curies":[{"name":"wp","href":"https:\/\/api.w.org\/{rel}","templated":true}]}}