{"id":1533,"date":"2025-12-11T11:35:04","date_gmt":"2025-12-11T10:35:04","guid":{"rendered":"https:\/\/concess.transport-manager.net\/fyo\/?page_id=1533"},"modified":"2026-01-06T16:05:55","modified_gmt":"2026-01-06T15:05:55","slug":"location-de-vehicules","status":"publish","type":"page","link":"https:\/\/concess.transport-manager.net\/fyo\/location-de-vehicules\/","title":{"rendered":"Service de Location &#8211; LCT"},"content":{"rendered":"\n<p class=\"has-text-align-center\">La concession FYO met en place un service de location courte dur\u00e9e (LCT) afin de vous offrir une plus grande flexibilit\u00e9 op\u00e9rationnelle<\/p>\n\n\n\n<p><strong>Les r\u00e8gles \u00e0 respecter :<\/strong><\/p>\n\n\n\n<ul class=\"wp-block-list\">\n<li>La dur\u00e9e de location doit \u00eatre comprise entre 2 et 24 semaines \u2013 toute semaine entam\u00e9e est due.<\/li>\n\n\n\n<li>En cas de rupture de contrat anticip\u00e9e, le joueur sera rembours\u00e9 des semaines restantes. Toutefois ce montant sera d\u00e9duit d\u2019une p\u00e9nalit\u00e9 de 15%.<\/li>\n\n\n\n<li>En cas de vente ou r\u00e9forme du v\u00e9hicule (volontaire ou non), le joueur sera factur\u00e9 du montant catalogue correspondant major\u00e9 de 15%.<\/li>\n\n\n\n<li>Toutes les pannes doivent \u00eatre d\u00e9clar\u00e9es au SAV via le formulaire pr\u00e9vu \u00e0 cet effet. Le v\u00e9hicule concern\u00e9 ne doit pas \u00eatre r\u00e9par\u00e9 par le joueur. Toute r\u00e9paration effectu\u00e9e sans d\u00e9claration ne sera pas rembours\u00e9e.<\/li>\n<\/ul>\n\n\n\n<div class=\"wp-block-buttons is-content-justification-center is-layout-flex wp-container-core-buttons-is-layout-16018d1d wp-block-buttons-is-layout-flex\">\n<div class=\"wp-block-button\"><a class=\"wp-block-button__link wp-element-button\" href=\"https:\/\/docs.google.com\/spreadsheets\/d\/1l2wgjEDYD2NhLstjHG8nozIb33F-fdXdmQBHBlhhVsM\/edit?usp=sharing\">\/!\\ Tableau des v\u00e9hicules disponibles \/!\\<\/a><\/div>\n\n\n\n<div class=\"wp-block-button\"><a class=\"wp-block-button__link wp-element-button\" href=\"https:\/\/forms.gle\/tHWuYTCAKkVztHmKA\">Formulaire de demande de location<\/a><\/div>\n<\/div>\n\n\n\n<figure class=\"wp-block-image size-large\"><img loading=\"lazy\" decoding=\"async\" width=\"1024\" height=\"502\" src=\"https:\/\/concess.transport-manager.net\/fyo\/wp-content\/uploads\/sites\/15\/2026\/01\/Location01-1024x502.jpg\" alt=\"\" class=\"wp-image-1826\" srcset=\"https:\/\/concess.transport-manager.net\/fyo\/wp-content\/uploads\/sites\/15\/2026\/01\/Location01-1024x502.jpg 1024w, https:\/\/concess.transport-manager.net\/fyo\/wp-content\/uploads\/sites\/15\/2026\/01\/Location01-300x147.jpg 300w, https:\/\/concess.transport-manager.net\/fyo\/wp-content\/uploads\/sites\/15\/2026\/01\/Location01-768x377.jpg 768w, https:\/\/concess.transport-manager.net\/fyo\/wp-content\/uploads\/sites\/15\/2026\/01\/Location01-1536x754.jpg 1536w, https:\/\/concess.transport-manager.net\/fyo\/wp-content\/uploads\/sites\/15\/2026\/01\/Location01-2048x1005.jpg 2048w, https:\/\/concess.transport-manager.net\/fyo\/wp-content\/uploads\/sites\/15\/2026\/01\/Location01-1232x604.jpg 1232w, https:\/\/concess.transport-manager.net\/fyo\/wp-content\/uploads\/sites\/15\/2026\/01\/Location01-1920x942.jpg 1920w\" sizes=\"auto, (max-width: 1024px) 100vw, 1024px\" \/><\/figure>\n\n\n\n<figure class=\"wp-block-image size-large\"><img loading=\"lazy\" decoding=\"async\" width=\"1024\" height=\"533\" src=\"https:\/\/concess.transport-manager.net\/fyo\/wp-content\/uploads\/sites\/15\/2026\/01\/Location02-1024x533.jpg\" alt=\"\" class=\"wp-image-1827\" srcset=\"https:\/\/concess.transport-manager.net\/fyo\/wp-content\/uploads\/sites\/15\/2026\/01\/Location02-1024x533.jpg 1024w, https:\/\/concess.transport-manager.net\/fyo\/wp-content\/uploads\/sites\/15\/2026\/01\/Location02-300x156.jpg 300w, https:\/\/concess.transport-manager.net\/fyo\/wp-content\/uploads\/sites\/15\/2026\/01\/Location02-768x400.jpg 768w, https:\/\/concess.transport-manager.net\/fyo\/wp-content\/uploads\/sites\/15\/2026\/01\/Location02-1536x800.jpg 1536w, https:\/\/concess.transport-manager.net\/fyo\/wp-content\/uploads\/sites\/15\/2026\/01\/Location02-2048x1066.jpg 2048w, https:\/\/concess.transport-manager.net\/fyo\/wp-content\/uploads\/sites\/15\/2026\/01\/Location02-1232x641.jpg 1232w, https:\/\/concess.transport-manager.net\/fyo\/wp-content\/uploads\/sites\/15\/2026\/01\/Location02-1920x1000.jpg 1920w\" sizes=\"auto, (max-width: 1024px) 100vw, 1024px\" \/><\/figure>\n","protected":false},"excerpt":{"rendered":"<p>La concession FYO met en place un service de location courte dur\u00e9e (LCT) afin de vous offrir une plus grande flexibilit\u00e9 op\u00e9rationnelle Les r\u00e8gles \u00e0 respecter :<\/p>\n","protected":false},"author":25,"featured_media":0,"parent":0,"menu_order":0,"comment_status":"closed","ping_status":"closed","template":"","meta":{"footnotes":""},"class_list":["post-1533","page","type-page","status-publish","hentry"],"_links":{"self":[{"href":"https:\/\/concess.transport-manager.net\/fyo\/wp-json\/wp\/v2\/pages\/1533","targetHints":{"allow":["GET"]}}],"collection":[{"href":"https:\/\/concess.transport-manager.net\/fyo\/wp-json\/wp\/v2\/pages"}],"about":[{"href":"https:\/\/concess.transport-manager.net\/fyo\/wp-json\/wp\/v2\/types\/page"}],"author":[{"embeddable":true,"href":"https:\/\/concess.transport-manager.net\/fyo\/wp-json\/wp\/v2\/users\/25"}],"replies":[{"embeddable":true,"href":"https:\/\/concess.transport-manager.net\/fyo\/wp-json\/wp\/v2\/comments?post=1533"}],"version-history":[{"count":6,"href":"https:\/\/concess.transport-manager.net\/fyo\/wp-json\/wp\/v2\/pages\/1533\/revisions"}],"predecessor-version":[{"id":1828,"href":"https:\/\/concess.transport-manager.net\/fyo\/wp-json\/wp\/v2\/pages\/1533\/revisions\/1828"}],"wp:attachment":[{"href":"https:\/\/concess.transport-manager.net\/fyo\/wp-json\/wp\/v2\/media?parent=1533"}],"curies":[{"name":"wp","href":"https:\/\/api.w.org\/{rel}","templated":true}]}}