{"id":415,"date":"2022-12-03T17:44:38","date_gmt":"2022-12-03T16:44:38","guid":{"rendered":"https:\/\/concess.transport-manager.net\/heuliez\/?page_id=415"},"modified":"2023-01-03T15:35:05","modified_gmt":"2023-01-03T14:35:05","slug":"fidelites","status":"publish","type":"page","link":"https:\/\/concess.transport-manager.net\/heuliez\/fidelites\/","title":{"rendered":"PROGRAMME FID\u00c9LIT\u00c9S"},"content":{"rendered":"<div class=\"wp-block-image\">\n<figure class=\"aligncenter size-large is-resized\"><img loading=\"lazy\" decoding=\"async\" src=\"https:\/\/nsa40.casimages.com\/img\/2019\/03\/06\/\/190306090627801228.jpg\" alt=\"\" width=\"390\" height=\"92\"\/><\/figure>\n<\/div>\n\n\n<p class=\"has-text-align-center\">A compter du 1er Janvier 2023, la concession HEULIEZ Bus se dote d&rsquo;un nouveau programme de fid\u00e9lit\u00e9 <br>Ce programme est dot\u00e9 de 3 niveaux : Bronze, Argent et Or qui vous offre des avantages dans vos commandes de divers v\u00e9hicules<\/p>\n\n\n<div class=\"wp-block-image\">\n<figure class=\"aligncenter size-full\"><img loading=\"lazy\" decoding=\"async\" width=\"953\" height=\"855\" src=\"https:\/\/concess.transport-manager.net\/heuliez\/wp-content\/uploads\/sites\/5\/2022\/12\/PROGFIDELITE-4.png\" alt=\"\" class=\"wp-image-802\" srcset=\"https:\/\/concess.transport-manager.net\/heuliez\/wp-content\/uploads\/sites\/5\/2022\/12\/PROGFIDELITE-4.png 953w, https:\/\/concess.transport-manager.net\/heuliez\/wp-content\/uploads\/sites\/5\/2022\/12\/PROGFIDELITE-4-300x269.png 300w, https:\/\/concess.transport-manager.net\/heuliez\/wp-content\/uploads\/sites\/5\/2022\/12\/PROGFIDELITE-4-768x689.png 768w\" sizes=\"auto, (max-width: 953px) 100vw, 953px\" \/><\/figure>\n<\/div>\n\n\n<blockquote class=\"wp-block-quote is-style-default is-layout-flow wp-block-quote-is-layout-flow\">\n<p><strong>Pack \u00c9quipement 1*<\/strong> comprend : Panneaux pub AV, AR, LAT + Radio FM + Ports USB (3 900 \u20ac prix catalogue)<br><strong>Pack \u00c9quipement 2**<\/strong> comprend : Radio FM + Ports USB (1 100 \u20ac prix catalogue)<\/p>\n<\/blockquote>\n\n\n\n<center>\n<iframe loading=\"lazy\" src=\"https:\/\/docs.google.com\/forms\/d\/e\/1FAIpQLSdE9RgdEuS6JSXTXEoFLaiPJhN_nMhDGewAQTNB7KH-5eLm5w\/viewform\" id=\"cv\" width=\"850px\" height=\"1200px\" scrolling=\"auto\" frameborder=\"0\">\n<\/iframe>\n<\/center>\n\n\n\n<center>\n<iframe loading=\"lazy\" src=\"https:\/\/docs.google.com\/spreadsheets\/u\/2\/d\/e\/2PACX-1vTv6wsEYBNFrqcChwyYZkUhLyipjINIAhvV7tux-Tok5UhCAJaPrlE9wat-ls5ay7W9Dwh8h_VrC1ML\/pubhtml?gid=1476968057&#038;single=true\" id=\"cv\" width=\"850px\" height=\"1000px\" scrolling=\"auto\" frameborder=\"0\">\n<\/iframe>\n<\/center>\n","protected":false},"excerpt":{"rendered":"<p>A compter du 1er Janvier 2023, la concession HEULIEZ Bus se dote d&rsquo;un nouveau programme de fid\u00e9lit\u00e9 Ce programme est dot\u00e9 de 3 niveaux : Bronze, Argent et Or qui vous offre des avantages dans vos commandes de divers v\u00e9hicules Pack \u00c9quipement 1* comprend : Panneaux pub AV, AR, LAT + Radio FM + Ports&nbsp;&hellip;<\/p>\n","protected":false},"author":17,"featured_media":0,"parent":0,"menu_order":0,"comment_status":"closed","ping_status":"closed","template":"","meta":{"footnotes":""},"class_list":["post-415","page","type-page","status-publish","hentry"],"_links":{"self":[{"href":"https:\/\/concess.transport-manager.net\/heuliez\/wp-json\/wp\/v2\/pages\/415","targetHints":{"allow":["GET"]}}],"collection":[{"href":"https:\/\/concess.transport-manager.net\/heuliez\/wp-json\/wp\/v2\/pages"}],"about":[{"href":"https:\/\/concess.transport-manager.net\/heuliez\/wp-json\/wp\/v2\/types\/page"}],"author":[{"embeddable":true,"href":"https:\/\/concess.transport-manager.net\/heuliez\/wp-json\/wp\/v2\/users\/17"}],"replies":[{"embeddable":true,"href":"https:\/\/concess.transport-manager.net\/heuliez\/wp-json\/wp\/v2\/comments?post=415"}],"version-history":[{"count":208,"href":"https:\/\/concess.transport-manager.net\/heuliez\/wp-json\/wp\/v2\/pages\/415\/revisions"}],"predecessor-version":[{"id":1064,"href":"https:\/\/concess.transport-manager.net\/heuliez\/wp-json\/wp\/v2\/pages\/415\/revisions\/1064"}],"wp:attachment":[{"href":"https:\/\/concess.transport-manager.net\/heuliez\/wp-json\/wp\/v2\/media?parent=415"}],"curies":[{"name":"wp","href":"https:\/\/api.w.org\/{rel}","templated":true}]}}