{"id":2,"date":"2023-06-29T12:44:31","date_gmt":"2023-06-29T10:44:31","guid":{"rendered":"https:\/\/concess.transport-manager.net\/hvb\/?page_id=2"},"modified":"2025-02-13T14:47:08","modified_gmt":"2025-02-13T13:47:08","slug":"location","status":"publish","type":"page","link":"https:\/\/concess.transport-manager.net\/hvb\/location\/","title":{"rendered":"LOCATION"},"content":{"rendered":"<div class=\"wp-block-image\">\n<figure class=\"aligncenter size-full\"><img loading=\"lazy\" decoding=\"async\" width=\"150\" height=\"89\" src=\"https:\/\/concess.transport-manager.net\/hvb\/wp-content\/uploads\/sites\/11\/2023\/06\/HVB_150.png\" alt=\"\" class=\"wp-image-43\"\/><\/figure>\n<\/div>\n\n\n<p class=\"has-text-align-center\"><strong>La concession HVB propose \u00e0 la location \/ d\u00e9monstration des autobus de derni\u00e8re g\u00e9n\u00e9ration<\/strong><\/p>\n\n\n\n<div style=\"height:10px\" aria-hidden=\"true\" class=\"wp-block-spacer\"><\/div>\n\n\n\n<ul class=\"wp-block-list\">\n<li><span style=\"text-decoration: underline;\">Comment fonctionne les locations\/d\u00e9monstrations<\/span> :<\/li>\n<\/ul>\n\n\n\n<ol class=\"wp-block-list\">\n<li>Choisir le v\u00e9hicule \u00e0 louer et la motorisation<\/li>\n\n\n\n<li>Passez commande aupr\u00e8s du service de location de votre concession via le formulaire<\/li>\n\n\n\n<li>Le v\u00e9hicule vous sera livrer dans le meilleur d\u00e9lais<\/li>\n\n\n\n<li><mark style=\"background-color:rgba(0, 0, 0, 0)\" class=\"has-inline-color has-vivid-red-color\"><strong>Les r\u00e9parations et entretiens du v\u00e9hicule sont \u00e0 la charge du loueur<\/strong><\/mark><\/li>\n\n\n\n<li>Le v\u00e9hicule lou\u00e9 ne devra subir aucune modification effectu\u00e9 par le locataire sous peine de sanction financi\u00e8re (remise en \u00e9tat des modifications effectu\u00e9es)<\/li>\n\n\n\n<li>A la restitution du v\u00e9hicule lou\u00e9, le locataire devra effectuer un lavage complet sous peine de sanction financi\u00e8re \u00e9valu\u00e9 \u00e0 150 \u20acuros.<\/li>\n<\/ol>\n\n\n\n<div style=\"height:15px\" aria-hidden=\"true\" class=\"wp-block-spacer\"><\/div>\n\n\n\n<div class=\"wp-block-columns is-layout-flex wp-container-core-columns-is-layout-9d6595d7 wp-block-columns-is-layout-flex\">\n<div class=\"wp-block-column is-vertically-aligned-center is-layout-flow wp-block-column-is-layout-flow\" style=\"flex-basis:50%\">\n<p class=\"has-x-large-font-size\"><span style=\"text-decoration: underline;\">TARIF UNIQUE<\/span><br><br><strong>2000 \u20ac<\/strong> \/ Semaine<\/p>\n\n\n\n<div style=\"height:5px\" aria-hidden=\"true\" class=\"wp-block-spacer\"><\/div>\n\n\n\n<p>Le paiement se fait au d\u00e9but de la location<\/p>\n\n\n\n<div style=\"height:1px\" aria-hidden=\"true\" class=\"wp-block-spacer\"><\/div>\n\n\n\n<p>Un parc d&rsquo;environ 120 v\u00e9hicules r\u00e9cents \u00e0 votre disposition<\/p>\n<\/div>\n\n\n\n<div class=\"wp-block-column is-vertically-aligned-center is-layout-flow wp-block-column-is-layout-flow\" style=\"flex-basis:50%\">\n<figure class=\"wp-block-image size-large is-resized\"><img decoding=\"async\" src=\"https:\/\/transport-manager.net\/assets\/img\/bus\/HEULIEZ-GX437linium.jpg\" alt=\"\" style=\"width:350px;height:auto\"\/><\/figure>\n\n\n\n<p class=\"has-text-align-center\"><strong>Toute annulation de location sans motif valable se verra infliger un forfait de 250 \u20ac \/ v\u00e9hicule non lou\u00e9<\/strong><\/p>\n\n\n\n<figure class=\"wp-block-image size-full is-resized\"><img loading=\"lazy\" decoding=\"async\" width=\"450\" height=\"300\" src=\"https:\/\/concess.transport-manager.net\/hvb\/wp-content\/uploads\/sites\/11\/2023\/07\/Volvo7900E-1.jpg\" alt=\"\" class=\"wp-image-588\" style=\"width:351px;height:auto\" srcset=\"https:\/\/concess.transport-manager.net\/hvb\/wp-content\/uploads\/sites\/11\/2023\/07\/Volvo7900E-1.jpg 450w, https:\/\/concess.transport-manager.net\/hvb\/wp-content\/uploads\/sites\/11\/2023\/07\/Volvo7900E-1-300x200.jpg 300w\" sizes=\"auto, (max-width: 450px) 100vw, 450px\" \/><\/figure>\n<\/div>\n\n\n\n<div class=\"wp-block-column is-vertically-aligned-top is-layout-flow wp-block-column-is-layout-flow\" style=\"flex-basis:50%\">\n<p class=\"has-text-align-center has-medium-font-size\"><strong><span style=\"text-decoration: underline;\">Bus disponibles<\/span><\/strong> :<\/p>\n\n\n\n<p class=\"has-text-align-center\"><em>Location par p\u00e9riode de 3 mois maximum<\/em><\/p>\n\n\n\n<ul class=\"wp-block-list\">\n<li>4 GX 137 L \u00c9lectrique<\/li>\n\n\n\n<li>10 GX 337 Linium (Diff\u00e9rentes \u00e9nergies)<\/li>\n\n\n\n<li>4 GX 137 G (GNV). Nouveau mod\u00e8le<\/li>\n\n\n\n<li>4 GX 137 L G (GNV). Nouveau mod\u00e8le<\/li>\n\n\n\n<li>7 GX 337 \u00c9lectrique<\/li>\n\n\n\n<li>11 GX 437 Linium (Diff\u00e9rentes \u00e9nergies)<\/li>\n\n\n\n<li>4 GX 437 \u00c9lectrique<\/li>\n\n\n\n<li>20 GX 337 Diesel<\/li>\n\n\n\n<li>15 GX 437 Diesel<\/li>\n\n\n\n<li>6 GX 437 Hybride<\/li>\n\n\n\n<li>1 GX 337 GNV<\/li>\n\n\n\n<li>5 VOLVO 7900 Hybrid 10m<\/li>\n\n\n\n<li>4 VOLVO 7900 Hybrid<\/li>\n\n\n\n<li>5 VOLVO 7900 E<\/li>\n\n\n\n<li>5 VOLVO 7900 A Hybrid<\/li>\n\n\n\n<li>5 VOLVO 7900 A E <\/li>\n\n\n\n<li>5 BLUEBUS 6 (\u00c9lectrique)<\/li>\n\n\n\n<li>5 BLUEBUS 12 (\u00c9lectrique)<\/li>\n\n\n\n<li>2 Volvo 9700 (CARS)<\/li>\n\n\n\n<li>1 Volvo 9700 DD (CARS)<\/li>\n\n\n\n<li>2 Volvo 9900 (CARS)<\/li>\n<\/ul>\n\n\n\n<p class=\"has-text-align-center\">Location selon disponibilit\u00e9s des v\u00e9hicules<\/p>\n<\/div>\n<\/div>\n\n\n\n<div class=\"wp-block-buttons is-horizontal is-content-justification-center is-layout-flex wp-container-core-buttons-is-layout-499968f5 wp-block-buttons-is-layout-flex\">\n<div class=\"wp-block-button has-custom-width wp-block-button__width-100\"><a class=\"wp-block-button__link has-background wp-element-button\" href=\"https:\/\/docs.google.com\/forms\/d\/e\/1FAIpQLScqvFraZbtrCC2SqjB1b0hNFmZMdQRckqT3io-mOunjCQ1y7Q\/viewform?usp=pp_url&amp;entry.1838249998=AUCUN\" style=\"background-color:#1e4f7a\" target=\"_blank\" rel=\"noreferrer noopener\"><strong>FORMULAIRE DE LOCATION<\/strong><\/a><\/div>\n<\/div>\n\n\n\n<div class=\"wp-block-buttons is-content-justification-center is-layout-flex wp-container-core-buttons-is-layout-16018d1d wp-block-buttons-is-layout-flex\">\n<div class=\"wp-block-button has-custom-width wp-block-button__width-100\"><a class=\"wp-block-button__link wp-element-button\" href=\"https:\/\/concess.transport-manager.net\/hvb\/disponibilite-des-vehicules-de-location\/\" target=\"_blank\" rel=\"noreferrer noopener\"><strong>SUIVRE LA DISPONIBILIT\u00c9 DES V\u00c9HICULES ICI<\/strong><\/a><\/div>\n<\/div>\n\n\n\n<p class=\"has-text-align-center has-vivid-red-color has-text-color\"><strong>Attention : Certains v\u00e9hicules sont exclusivement r\u00e9serv\u00e9s aux joueurs du niveau 3<em> (GXLINIUM par exemple)<\/em><\/strong><\/p>\n","protected":false},"excerpt":{"rendered":"<p>La concession HVB propose \u00e0 la location \/ d\u00e9monstration des autobus de derni\u00e8re g\u00e9n\u00e9ration TARIF UNIQUE 2000 \u20ac \/ Semaine Le paiement se fait au d\u00e9but de la location Un parc d&rsquo;environ 120 v\u00e9hicules r\u00e9cents \u00e0 votre disposition Toute annulation de location sans motif valable se verra infliger un forfait de 250 \u20ac \/ v\u00e9hicule&nbsp;&hellip;<\/p>\n","protected":false},"author":5,"featured_media":0,"parent":0,"menu_order":0,"comment_status":"closed","ping_status":"closed","template":"","meta":{"footnotes":""},"class_list":["post-2","page","type-page","status-publish","hentry"],"_links":{"self":[{"href":"https:\/\/concess.transport-manager.net\/hvb\/wp-json\/wp\/v2\/pages\/2","targetHints":{"allow":["GET"]}}],"collection":[{"href":"https:\/\/concess.transport-manager.net\/hvb\/wp-json\/wp\/v2\/pages"}],"about":[{"href":"https:\/\/concess.transport-manager.net\/hvb\/wp-json\/wp\/v2\/types\/page"}],"author":[{"embeddable":true,"href":"https:\/\/concess.transport-manager.net\/hvb\/wp-json\/wp\/v2\/users\/5"}],"replies":[{"embeddable":true,"href":"https:\/\/concess.transport-manager.net\/hvb\/wp-json\/wp\/v2\/comments?post=2"}],"version-history":[{"count":22,"href":"https:\/\/concess.transport-manager.net\/hvb\/wp-json\/wp\/v2\/pages\/2\/revisions"}],"predecessor-version":[{"id":880,"href":"https:\/\/concess.transport-manager.net\/hvb\/wp-json\/wp\/v2\/pages\/2\/revisions\/880"}],"wp:attachment":[{"href":"https:\/\/concess.transport-manager.net\/hvb\/wp-json\/wp\/v2\/media?parent=2"}],"curies":[{"name":"wp","href":"https:\/\/api.w.org\/{rel}","templated":true}]}}