{"id":36,"date":"2023-06-29T18:02:27","date_gmt":"2023-06-29T16:02:27","guid":{"rendered":"https:\/\/concess.transport-manager.net\/hvb\/materialis\/"},"modified":"2024-05-30T00:07:18","modified_gmt":"2024-05-29T22:07:18","slug":"accueil","status":"publish","type":"page","link":"https:\/\/concess.transport-manager.net\/hvb\/","title":{"rendered":"Accueil"},"content":{"rendered":"<!-- wp:extendstudio\/materialis--><div  id=\"accueil1\" style=\"background-color: rgb(245, 250, 253); background-image: none;\" data-label=\"accueil1\" data-id=\"overlappable-5-materialis\" data-export-id=\"overlappable-5-materialis\" data-category=\"overlappable\" class=\"overlappable-5-materialis content-section content-section-spacing-large\" data-overlap=\"true\"><div  class=\"gridContainer\"> <div  data-type=\"row\" class=\"row spaced-cols content-center-sm\"><div  class=\"col-xs-12 col-sm-6 col-md-4 \"> <div  class=\"card mdc-elevation--z3 row-card\"><div  class=\"row\"> <div  class=\"col-xs-12 col-sm-fit icon-col\" data-fixed=\"true\"><i  class=\"color1 icon mdi mdi-bus bordered round big\"><\/i><\/div> <div  class=\"col-xs-12 col-sm\" data-type=\"column\"><h4  class=\"color-black\">&nbsp; &nbsp; V\u00c9HICULES NEUFS&nbsp; &nbsp; &amp; D\u2019OCCASIONS<\/h4> <p  class=\"\">Des solutions adapt\u00e9es et adaptable pour une mobilit\u00e9 d\u2019excellence<\/p><\/div> <\/div><\/div> <\/div> <div  class=\"col-xs-12 col-sm-6 col-md-4 \"> <div  class=\"card mdc-elevation--z3 row-card\"> <div  class=\"row\"> <div  class=\"col-xs-12 col-sm-fit icon-col\" data-fixed=\"true\"> <i  class=\"color1 icon mdi mdi-key-variant bordered round big\"><\/i><\/div> <div  class=\"col-xs-12 col-sm\" data-type=\"column\"><h4  class=\"color-black\">LOCATION &amp; D\u00c9MONSTRATION\n<\/h4> <p  class=\"\">La concession HVB propose \u00e0 la location \/ d\u00e9monstration des v\u00e9hicules de derni\u00e8re g\u00e9n\u00e9ration<\/p><\/div> <\/div><\/div> <\/div> <div  class=\"col-xs-12 col-sm-6 col-md-4 \"> <div  class=\"card mdc-elevation--z3 row-card\"> <div  class=\"row\"> <div  class=\"col-xs-12 col-sm-fit icon-col\" data-fixed=\"true\"> <i  class=\"color1 icon mdi mdi-headset bordered round big\"><\/i><\/div> <div  class=\"col-xs-12 col-sm\" data-type=\"column\"><h4  class=\"color-black\">SERVICE APR\u00c8S-VENTE (S.A.V)<\/h4> <p  class=\"\">Un probl\u00e8me avec un v\u00e9hicule de location ou un v\u00e9hicule sous garantie, le S.A.V de la concession HVB est l\u00e0 pour vous !<\/p><\/div> <\/div><\/div> <\/div><\/div> <\/div><\/div><!-- \/wp:extendstudio\/materialis--><!-- wp:extendstudio\/materialis--><div  id=\"hvb\" style=\"background-color: #f5fafd;\" data-label=\"hvb\" data-id=\"about-4\" data-export-id=\"about-4\" data-category=\"about\" class=\"about-4 content-section content-section-spacing-large\"><div  class=\"gridContainer\"> <div  class=\"row middle-sm text-center\"><div  class=\"col-sm-5 space-bottom-xs\" data-type=\"column\"> <h5  class=\"\">HVB, un acronyme intrigant qui repr\u00e9sente trois marques prestigieuses dans le domaine du transport de passagers<\/h5> <h2  class=\"\">Heuliez, Volvo &amp; Bluebus<br > <span  style=\"font-family: Playfair Display,sans-serif; font-weight: 700; font-style: italic;\" href=\"#\"><\/span><\/h2> <p  class=\"\"><\/p> <a  class=\"button big color1 mdc-ripple-upgraded\" href=\"#\"><\/a><\/div> <div  class=\"col-sm-7 flexbox center-xs middle-xs image-group-2-img padding-top-bottom\"> <img  decoding=\"async\" class=\"img-1 rounded mdc-elevation--z10\" data-size=\"250x200\" src=\"https:\/\/concess.transport-manager.net\/hvb\/wp-content\/uploads\/sites\/11\/2023\/07\/cropped-pic_gx20-1.jpg\"> <img  decoding=\"async\" class=\"img-2 rounded mdc-elevation--z10\" data-size=\"220x170\" src=\"https:\/\/concess.transport-manager.net\/hvb\/wp-content\/uploads\/sites\/11\/2024\/05\/cropped-20240529_221405.jpg\"><\/div> <\/div><\/div> <\/div><!-- \/wp:extendstudio\/materialis--><!-- wp:extendstudio\/materialis--><div  id=\"valeurs\" style=\"background-color: #ffffff;\" data-label=\"valeurs\" data-id=\"features-10-materialis\" data-export-id=\"features-10-materialis\" data-category=\"features\" class=\"features-10m content-section-spacing-large content-section\"><div  class=\"gridContainer\"> <div  class=\"row\"><div  class=\"section-title-col\" data-type=\"column\"> <h2  class=\"\">Nos Valeurs<\/h2> <p  class=\"\">D\u00e9veloppement durable, innovation, gage de qualit\u00e9 !<\/p><\/div> <\/div> <div  class=\"row \"> <div  class=\"col-xs-12 col-md-10 col-md-offset-1\"> <div  class=\"row space-top spaced-cols content-center-sm\" data-type=\"row\" data-max-items=\"4\"> <div  class=\"col-xs-10 col-md-4 col-sm-6 col-sm-offset-0 col-xs-offset-1\"> <div  class=\"card no-radius mdc-elevation--z1 y-move bg-color-white padding-24 bordered\" data-type=\"column\"> <i  class=\"mdi icon color1 mdi-periodic-table-co2 bordered round big\"><\/i> <h6  class=\"\">D\u00e9veloppement durable, clients et passagers sont nos plus grandes priorit\u00e9s.\n<\/h6><img  decoding=\"async\" class=\"custom-image\" src=\"https:\/\/concess.transport-manager.net\/hvb\/wp-content\/uploads\/sites\/11\/2023\/07\/39064_large.jpg\"><\/div> <\/div> <div  class=\"col-xs-10 col-md-4 col-sm-6 col-sm-offset-0 col-xs-offset-1\"> <div  class=\"card no-radius mdc-elevation--z1 y-move bg-color-white padding-24 bordered\" data-type=\"column\"> <i  class=\"mdi icon color1 mdi-auto-fix bordered round big\"><\/i> <h6  class=\"\">Conception, innovation et technologies de pointe pour cr\u00e9er la meilleure combinaison d\u2019esth\u00e9tique et de fonctionnalit\u00e9s.<\/h6><img  decoding=\"async\" class=\"custom-image\" src=\"https:\/\/concess.transport-manager.net\/hvb\/wp-content\/uploads\/sites\/11\/2023\/07\/cropped-1dc02e5adb6ba8148ba07e751550de2d.jpg\"><\/div> <\/div> <div  class=\"col-xs-10 col-md-4 col-sm-6 col-sm-offset-0 col-xs-offset-1\"> <div  class=\"card no-radius mdc-elevation--z1 y-move bg-color-white padding-24 bordered\" data-type=\"column\"> <i  class=\"mdi icon color1 mdi-seat-recline-normal bordered round big\"><\/i> <h6  class=\"\">V\u00e9hicules particuli\u00e8rement soign\u00e9s en mati\u00e8re de d\u00e9tails, de qualit\u00e9 de construction et de finition, conform\u00e9ment aux derni\u00e8res normes de s\u00e9curit\u00e9 et de confort.<\/h6><img  decoding=\"async\" class=\"custom-image\" src=\"https:\/\/concess.transport-manager.net\/hvb\/wp-content\/uploads\/sites\/11\/2023\/07\/320px-Bus_Chronoplus_Interieur.jpg\"><\/div> <\/div>   <\/div> <\/div><\/div> <\/div><\/div><!-- \/wp:extendstudio\/materialis--><!-- \/wp:extendstudio\/materialis--><!-- CloudPress Companion Preview Data START --><!-- wp:extendstudio\/materialis--><!-- \/wp:extendstudio\/materialis--><!-- wp:extendstudio\/materialis--><!-- \/wp:extendstudio\/materialis--><!-- wp:extendstudio\/materialis--><div  id=\"cta-1\" style=\"background-color: rgb(245, 250, 253); background-image: url(&quot;https:\/\/concess.transport-manager.net\/hvb\/wp-content\/uploads\/sites\/11\/2023\/07\/bluebus_1.jpg&quot;); background-size: cover; background-position: center top;\" data-label=\"Cta\" data-id=\"cta-1-materialis\" data-export-id=\"cta-1-materialis\" data-category=\"cta\" class=\"content-relative content-section content-section-spacing-large cta-1-materialis section-title-col-white-text\" data-section-ov=\"1\" data-parallax-depth=\"20\"><div  class=\"gridContainer\"> <div  class=\"row text-center col-sm-padding-medium\"><div  class=\"col-md-6 col-md-offset-3 col-xs-10 col-xs-offset-1 card mdc-elevation--z3 box-padding-lr-small\"> <div  data-type=\"column\" class=\"\">  <a class=\"button blue mdc-ripple-upgraded\" href=\"https:\/\/concess.transport-manager.net\/hvb\/catalogue\" target=\"_self\" data-cp-link=\"1\" rel=\"noopener\">D\u00c9COUVRIR LE CATALOGUE<\/a><p  class=\"\">HEULIEZ VOLVO BLUEBUS<\/p><a  class=\"button big color1 mdc-elevation--z1 mdc-ripple-upgraded\"><\/a><\/div> <\/div><\/div> <\/div><\/div><!-- \/wp:extendstudio\/materialis--><!-- wp:extendstudio\/materialis--><div  id=\"latest-news-1\" style=\"background-color: #f5fafd;\" data-label=\"Latest-news\" data-id=\"latest-news-1-materialis\" data-export-id=\"latest-news-1-materialis\" data-category=\"latest_news\" class=\"latest-news-1-materialis content-section content-section-spacing-large\"><div  class=\"gridContainer\"> <div  class=\"row\"><div  data-type=\"column\" class=\"section-title-col\"> <h2  class=\"\">Les Derni\u00e8res Actualit\u00e9s<\/h2> <p  class=\"lead\">de votre concession HVB<\/p><\/div> <\/div> <div  class=\"row content-left-sm\"> <div  data-type=\"row\" data-dynamic-columns=\"handled\" data-content-shortcode=\"materialis_latest_news\" data-max-items=\"4\">\t\t<div class=\"row materialis-latest-news\">\n\t\t\t\t\t<div id=\"post-863\" class=\"col-sm-6 col-md-4 space-bottom space-bottom-xs\">\n\t\t\t\t\t<div class=\"post-content no-padding  mdc-card overflow-hidden mdc-elevation--z2 latest-news-layout-cards\">\n\t\t\t\t\t<div class=\"\">\n\t\t\t\t    <div class=\"post-thumbnail\">\n        <a href=\"https:\/\/concess.transport-manager.net\/hvb\/hvb\/nouveautes-dans-le-catalogue-hvb\/\" class=\"post-list-item-thumb \">\n            <img loading=\"lazy\" decoding=\"async\" width=\"1200\" height=\"600\" src=\"https:\/\/concess.transport-manager.net\/hvb\/wp-content\/uploads\/sites\/11\/2025\/02\/HVB_NV_VH.png\" class=\"attachment-post-thumbnail size-post-thumbnail wp-post-image\" alt=\"\" srcset=\"https:\/\/concess.transport-manager.net\/hvb\/wp-content\/uploads\/sites\/11\/2025\/02\/HVB_NV_VH.png 1200w, https:\/\/concess.transport-manager.net\/hvb\/wp-content\/uploads\/sites\/11\/2025\/02\/HVB_NV_VH-300x150.png 300w, https:\/\/concess.transport-manager.net\/hvb\/wp-content\/uploads\/sites\/11\/2025\/02\/HVB_NV_VH-1024x512.png 1024w, https:\/\/concess.transport-manager.net\/hvb\/wp-content\/uploads\/sites\/11\/2025\/02\/HVB_NV_VH-768x384.png 768w\" sizes=\"auto, (max-width: 1200px) 100vw, 1200px\" \/>        <\/a>\n    <\/div>\n    \t\t\t<\/div>\n\t\t\n\t\t<div class=\"post-content-body col-padding  \">\n\t\t\t\t\t\t\t<div class=\"space-bottom-small\">\n\t\t\t\t\t<a href=\"https:\/\/concess.transport-manager.net\/hvb\/category\/heuliez\/\"  class=\"button color5 link \">HEULIEZ<\/a><span class='has-more-categories'>[&hellip;]<\/span>\t\t\t\t<\/div>\n\t\t\t\n\t\t\t<h4 class=\"latest-news-item-title\">\n\t\t\t\t<a href=\"https:\/\/concess.transport-manager.net\/hvb\/hvb\/nouveautes-dans-le-catalogue-hvb\/\" rel=\"bookmark\">\n\t\t\t\t\tNouveaut\u00e9s dans le catalogue HVB\t\t\t\t<\/a>\n\t\t\t<\/h4>\n\n\t\t\t\n\t\t\t<div class=\"latest-news-item-excerpt\">\n\t\t\t\t<p>Les nouveaux HEULIEZ GX 137 G et GX 137 L G d\u00e9barquent dans votre concession[&hellip;]<\/p>\n\t\t\t<\/div>\n\n\n\t\t<\/div>\n\t\t\t\t\t\t\t<div class=\"mdc-card__actions box-padding-lr-small text-dark\">\n\t\t\t\t<div class=\"mdc-card__action-icons col-xs-12 text-dark col-sm-fit no-padding-left\">\n\t\t\t\t\t\t<a class=\"post-footer-link\" href=\"https:\/\/concess.transport-manager.net\/hvb\/hvb\/nouveautes-dans-le-catalogue-hvb\/\">\n\t\t<i class=\"mdi small mdi-comment-outline mdc-card__action mdc-card__action--icon color-darkgray\" title=\"Comments\"><\/i>\n\t\t<span class=\"post-footer-value\">0<\/span>\n\t<\/a>\n\t<a class=\"post-footer-link\" href=\"https:\/\/concess.transport-manager.net\/hvb\/hvb\/nouveautes-dans-le-catalogue-hvb\/\">\n\t\t<i class=\"mdi small mdi-clock mdc-card__action mdc-card__action--icon color-darkgray\" title=\"Post Time\"><\/i>\n\t\t<span class=\"post-footer-value\">10 f\u00e9vrier 2025<\/span>\n\t<\/a>\n\t\t\t\t\t<\/div>\n\t\t\t\t<div class=\"mdc-card__action-buttons col-xs-12 col-sm-fit no-padding\">\n\t\t\t\t\t<a href=\"https:\/\/concess.transport-manager.net\/hvb\/hvb\/nouveautes-dans-le-catalogue-hvb\/\" class=\"button color2 link\">Lire la suite<\/a>\n\t\t\t\t<\/div>\n\t\t\t<\/div>\n\t\t\t<\/div>\n\t\t\t\t<\/div>\n\t\t\t\t\t\t<div id=\"post-829\" class=\"col-sm-6 col-md-4 space-bottom space-bottom-xs\">\n\t\t\t\t\t<div class=\"post-content no-padding  mdc-card overflow-hidden mdc-elevation--z2 latest-news-layout-cards\">\n\t\t\t\t\t<div class=\"\">\n\t\t\t\t    <div class=\"post-thumbnail\">\n        <a href=\"https:\/\/concess.transport-manager.net\/hvb\/hvb\/mise-a-jour-du-catalogue-hvb\/\" class=\"post-list-item-thumb \">\n            <img loading=\"lazy\" decoding=\"async\" width=\"1200\" height=\"600\" src=\"https:\/\/concess.transport-manager.net\/hvb\/wp-content\/uploads\/sites\/11\/2024\/10\/nveatHVB.png\" class=\"attachment-post-thumbnail size-post-thumbnail wp-post-image\" alt=\"\" srcset=\"https:\/\/concess.transport-manager.net\/hvb\/wp-content\/uploads\/sites\/11\/2024\/10\/nveatHVB.png 1200w, https:\/\/concess.transport-manager.net\/hvb\/wp-content\/uploads\/sites\/11\/2024\/10\/nveatHVB-300x150.png 300w, https:\/\/concess.transport-manager.net\/hvb\/wp-content\/uploads\/sites\/11\/2024\/10\/nveatHVB-1024x512.png 1024w, https:\/\/concess.transport-manager.net\/hvb\/wp-content\/uploads\/sites\/11\/2024\/10\/nveatHVB-768x384.png 768w\" sizes=\"auto, (max-width: 1200px) 100vw, 1200px\" \/>        <\/a>\n    <\/div>\n    \t\t\t<\/div>\n\t\t\n\t\t<div class=\"post-content-body col-padding  \">\n\t\t\t\t\t\t\t<div class=\"space-bottom-small\">\n\t\t\t\t\t<a href=\"https:\/\/concess.transport-manager.net\/hvb\/category\/bluebus\/\"  class=\"button color5 link \">BLUEBUS<\/a><span class='has-more-categories'>[&hellip;]<\/span>\t\t\t\t<\/div>\n\t\t\t\n\t\t\t<h4 class=\"latest-news-item-title\">\n\t\t\t\t<a href=\"https:\/\/concess.transport-manager.net\/hvb\/hvb\/mise-a-jour-du-catalogue-hvb\/\" rel=\"bookmark\">\n\t\t\t\t\tMise \u00e0 jour du catalogue HVB\t\t\t\t<\/a>\n\t\t\t<\/h4>\n\n\t\t\t\n\t\t\t<div class=\"latest-news-item-excerpt\">\n\t\t\t\t<p>Nous avons le plaisir de vous informer des changements prochains dans le catalogue des v\u00e9hicules[&hellip;]<\/p>\n\t\t\t<\/div>\n\n\n\t\t<\/div>\n\t\t\t\t\t\t\t<div class=\"mdc-card__actions box-padding-lr-small text-dark\">\n\t\t\t\t<div class=\"mdc-card__action-icons col-xs-12 text-dark col-sm-fit no-padding-left\">\n\t\t\t\t\t\t<a class=\"post-footer-link\" href=\"https:\/\/concess.transport-manager.net\/hvb\/hvb\/mise-a-jour-du-catalogue-hvb\/\">\n\t\t<i class=\"mdi small mdi-comment-outline mdc-card__action mdc-card__action--icon color-darkgray\" title=\"Comments\"><\/i>\n\t\t<span class=\"post-footer-value\">0<\/span>\n\t<\/a>\n\t<a class=\"post-footer-link\" href=\"https:\/\/concess.transport-manager.net\/hvb\/hvb\/mise-a-jour-du-catalogue-hvb\/\">\n\t\t<i class=\"mdi small mdi-clock mdc-card__action mdc-card__action--icon color-darkgray\" title=\"Post Time\"><\/i>\n\t\t<span class=\"post-footer-value\">18 octobre 2024<\/span>\n\t<\/a>\n\t\t\t\t\t<\/div>\n\t\t\t\t<div class=\"mdc-card__action-buttons col-xs-12 col-sm-fit no-padding\">\n\t\t\t\t\t<a href=\"https:\/\/concess.transport-manager.net\/hvb\/hvb\/mise-a-jour-du-catalogue-hvb\/\" class=\"button color2 link\">Lire la suite<\/a>\n\t\t\t\t<\/div>\n\t\t\t<\/div>\n\t\t\t<\/div>\n\t\t\t\t<\/div>\n\t\t\t\t\t\t<div id=\"post-804\" class=\"col-sm-6 col-md-4 space-bottom space-bottom-xs\">\n\t\t\t\t\t<div class=\"post-content no-padding  mdc-card overflow-hidden mdc-elevation--z2 latest-news-layout-cards\">\n\t\t\t\t\t<div class=\"\">\n\t\t\t\t    <div class=\"post-thumbnail\">\n        <a href=\"https:\/\/concess.transport-manager.net\/hvb\/hvb\/5-nouveaux-vehicules-de-location\/\" class=\"post-list-item-thumb \">\n            <img loading=\"lazy\" decoding=\"async\" width=\"1200\" height=\"600\" src=\"https:\/\/concess.transport-manager.net\/hvb\/wp-content\/uploads\/sites\/11\/2024\/06\/HVBNvCars.png\" class=\"attachment-post-thumbnail size-post-thumbnail wp-post-image\" alt=\"\" srcset=\"https:\/\/concess.transport-manager.net\/hvb\/wp-content\/uploads\/sites\/11\/2024\/06\/HVBNvCars.png 1200w, https:\/\/concess.transport-manager.net\/hvb\/wp-content\/uploads\/sites\/11\/2024\/06\/HVBNvCars-300x150.png 300w, https:\/\/concess.transport-manager.net\/hvb\/wp-content\/uploads\/sites\/11\/2024\/06\/HVBNvCars-1024x512.png 1024w, https:\/\/concess.transport-manager.net\/hvb\/wp-content\/uploads\/sites\/11\/2024\/06\/HVBNvCars-768x384.png 768w\" sizes=\"auto, (max-width: 1200px) 100vw, 1200px\" \/>        <\/a>\n    <\/div>\n    \t\t\t<\/div>\n\t\t\n\t\t<div class=\"post-content-body col-padding  \">\n\t\t\t\t\t\t\t<div class=\"space-bottom-small\">\n\t\t\t\t\t<a href=\"https:\/\/concess.transport-manager.net\/hvb\/category\/hvb\/\"  class=\"button color5 link \">HVB<\/a><span class='has-more-categories'>[&hellip;]<\/span>\t\t\t\t<\/div>\n\t\t\t\n\t\t\t<h4 class=\"latest-news-item-title\">\n\t\t\t\t<a href=\"https:\/\/concess.transport-manager.net\/hvb\/hvb\/5-nouveaux-vehicules-de-location\/\" rel=\"bookmark\">\n\t\t\t\t\t5 nouveaux v\u00e9hicules de location\t\t\t\t<\/a>\n\t\t\t<\/h4>\n\n\t\t\t\n\t\t\t<div class=\"latest-news-item-excerpt\">\n\t\t\t\t<p>Nous sommes ravis d&rsquo;annoncer l&rsquo;enrichissement de notre parc de v\u00e9hicules de location avec l&rsquo;ajout de[&hellip;]<\/p>\n\t\t\t<\/div>\n\n\n\t\t<\/div>\n\t\t\t\t\t\t\t<div class=\"mdc-card__actions box-padding-lr-small text-dark\">\n\t\t\t\t<div class=\"mdc-card__action-icons col-xs-12 text-dark col-sm-fit no-padding-left\">\n\t\t\t\t\t\t<a class=\"post-footer-link\" href=\"https:\/\/concess.transport-manager.net\/hvb\/hvb\/5-nouveaux-vehicules-de-location\/\">\n\t\t<i class=\"mdi small mdi-comment-outline mdc-card__action mdc-card__action--icon color-darkgray\" title=\"Comments\"><\/i>\n\t\t<span class=\"post-footer-value\">0<\/span>\n\t<\/a>\n\t<a class=\"post-footer-link\" href=\"https:\/\/concess.transport-manager.net\/hvb\/hvb\/5-nouveaux-vehicules-de-location\/\">\n\t\t<i class=\"mdi small mdi-clock mdc-card__action mdc-card__action--icon color-darkgray\" title=\"Post Time\"><\/i>\n\t\t<span class=\"post-footer-value\">1 juin 2024<\/span>\n\t<\/a>\n\t\t\t\t\t<\/div>\n\t\t\t\t<div class=\"mdc-card__action-buttons col-xs-12 col-sm-fit no-padding\">\n\t\t\t\t\t<a href=\"https:\/\/concess.transport-manager.net\/hvb\/hvb\/5-nouveaux-vehicules-de-location\/\" class=\"button color2 link\">Lire la suite<\/a>\n\t\t\t\t<\/div>\n\t\t\t<\/div>\n\t\t\t<\/div>\n\t\t\t\t<\/div>\n\t\t\t\t<\/div>\n\t<\/div><\/div> <div  class=\"row\"><div  class=\"col-xs-12 text-center\"> <a  class=\"button big color1 mdc-elevation--z3 mdc-ripple-upgraded\" data-attr-shortcode=\"href:materialis_blog_link\" href=\"https:\/\/concess.transport-manager.net\/hvb\/actualites\/\"><\/a><\/div> <\/div><\/div><\/div><!-- \/wp:extendstudio\/materialis--><!-- wp:extendstudio\/materialis--><div  id=\"content-24\" style=\"background-color: #f5fafd;\" data-label=\"Content\" data-id=\"content-7-materialis\" data-export-id=\"content-7-materialis\" data-category=\"content\" class=\"content-7m content-section-spacing-large content-section\"><div  class=\"gridContainer\"> <div  class=\"row middle-sm\"><div  class=\"col-md-6 col-xs-12 col-sm-6 col-padding-small-xs\"> <img  decoding=\"async\" class=\"mdc-elevation--z13 img-rounded\" src=\"https:\/\/concess.transport-manager.net\/hvb\/wp-content\/uploads\/sites\/11\/2023\/07\/cropped-HEULIEZ_1.png\"><\/div> <div  class=\"col-md-5 col-md-offset-1 col-xs-12 col-sm-6 content-left-sm col-padding-small-xs\" data-type=\"column\">   <p  class=\"lead\"><span  style=\"font-size: 16px;\">Heuliez, avec une longue histoire dans la conception et la fabrication de v\u00e9hicules de transport en commun, est reconnue pour son savoir-faire et sa qualit\u00e9 exceptionnelle. Leurs bus et cars sont appr\u00e9ci\u00e9s pour leur confort, leur fiabilit\u00e9 et leur adaptabilit\u00e9 aux besoins sp\u00e9cifiques des op\u00e9rateurs de transport.<\/span><\/p><a href=\"https:\/\/concess.transport-manager.net\/hvb\/heuliez-bus\" class=\"button read-more link color1 space-top negative-margin mdc-ripple-upgraded\" target=\"_self\" data-cp-link=\"1\" rel=\"noopener\">D\u00c9COUVRIR LA MARQUE HEULIEZ<i  class=\"mdi mdi-arrow-right-thick read-more-icon\"><\/i><\/a><\/div> <\/div><\/div> <\/div><!-- \/wp:extendstudio\/materialis--><!-- wp:extendstudio\/materialis--><div  id=\"content-25\" style=\"background-color: #ffffff;\" data-label=\"Content\" data-id=\"content-8-materialis\" data-export-id=\"content-8-materialis\" data-category=\"content\" class=\"content-8m content-section-spacing-large content-section\"><div  class=\"gridContainer\"> <div  class=\"row middle-sm\"><div  class=\"col-md-5 col-xs-12 col-sm-6 space-bottom-xs\" data-type=\"column\">     <p  class=\"lead\">\nVolvo, un nom synonyme de s\u00e9curit\u00e9 et de durabilit\u00e9, apporte son expertise en mati\u00e8re de technologies avanc\u00e9es et de syst\u00e8mes de propulsion \u00e9lectrique. Leurs bus et cars combinent performance, confort et respect de l\u2019environnement, offrant ainsi une solution de transport urbain moderne et \u00e9co-responsable.<\/p><a href=\"https:\/\/concess.transport-manager.net\/hvb\/volvo\" class=\"button read-more link color1 space-top negative-margin mdc-ripple-upgraded\" target=\"_self\" data-cp-link=\"1\" rel=\"noopener\">D\u00c9COUVRIR LA MARQUE VOLVO<i  class=\"mdi mdi-arrow-right-thick read-more-icon\"><\/i><\/a><\/div> <div  class=\"col-md-6 col-md-offset-1 col-xs-12 col-sm-6\"> <img  decoding=\"async\" class=\"mdc-elevation--z9 rounded\" src=\"https:\/\/concess.transport-manager.net\/hvb\/wp-content\/uploads\/sites\/11\/2023\/07\/cropped-VOLVO_1.png\"><\/div> <\/div><\/div> <\/div><!-- \/wp:extendstudio\/materialis--><!-- wp:extendstudio\/materialis--><div  data-label=\"Content\" data-id=\"content--1\" data-export-id=\"content-5-materialis\" data-category=\"content\" class=\"content-5m content-section-spacing-large content-section\" id=\"content-26\" style=\"background-color: rgb(245, 250, 253);\"><div  class=\"gridContainer\"> <div  class=\"row\"><div  class=\"col-xs-12 col-sm-8 col-sm-offset-2 space-bottom text-center col-padding-small-xs\" data-type=\"column\"> <img  decoding=\"async\" class=\"mdc-elevation--z13 rounded\" src=\"https:\/\/concess.transport-manager.net\/hvb\/wp-content\/uploads\/sites\/11\/2023\/07\/cropped-cropped-BLUEBUS_1.png\"><\/div> <div  class=\"col-xs-12 text-center large\" data-type=\"column\"> <p  class=\"lead\">Bluebus, une entreprise \u00e9mergente dans le secteur des bus \u00e9lectriques, se distingue par son approche novatrice et sa volont\u00e9 de r\u00e9volutionner la mobilit\u00e9 urbaine. Leurs v\u00e9hicules \u00e9lectriques sont con\u00e7us pour r\u00e9pondre aux d\u00e9fis actuels en mati\u00e8re de pollution et de congestion urbaine, offrant une alternative propre et efficace.<\/p> <a class=\"button color1 big mdc-elevation--z3 mdc-ripple-upgraded\" href=\"https:\/\/concess.transport-manager.net\/hvb\/bluebus\" target=\"_self\" data-cp-link=\"1\" rel=\"noopener\">D\u00c9COUVRIR LA MARQUE BLUEBUS<\/a><\/div> <\/div><\/div> <\/div><!-- \/wp:extendstudio\/materialis--><!-- wp:extendstudio\/materialis--><div  id=\"team-7\" style=\"background-color: #ffffff;\" data-label=\"Team\" data-id=\"team-8-materialis\" data-export-id=\"team-8-materialis\" data-category=\"team\" class=\"team-8m content-section content-section-spacing-large\"><div  class=\"gridContainer\"> <div  class=\"row space-bottom\"><div  class=\"section-title-col\" data-type=\"column\"><h3  class=\"\">VOTRE CONCESSIONNAIRE<\/h3>  <\/div> <\/div> <div  class=\"row spaced-cols content-left-sm\" data-type=\"row\" data-max-items=\"4\"> <div  class=\"col-xs-12 col-sm-12 col-md-12 \"> <div  class=\"row\"> <div  class=\"col-xs-12 col-sm-6 col-md-6\"> <div  class=\"card mdc-elevation--z3 no-radius image-holder\" data-fixed=\"true\"> <img  decoding=\"async\" class=\"face no-margin-bottom\" src=\"https:\/\/concess.transport-manager.net\/hvb\/wp-content\/uploads\/sites\/11\/2023\/06\/cropped-cropped-HVB_500.png\"><\/div> <\/div> <div  class=\"col-xs-12 col-sm-6 col-md-6 right-col\"> <div  data-type=\"column\" class=\"description-container use-section-text-color\"> <h4  class=\"no-margin-bottom\">FRANCKY51<\/h4> <p  class=\"font-300\">Passionn\u00e9 par les TU depuis l\u2019exploitation d\u2019un PR180.2 \u00e0 Laon, ma ville natale.<\/p> <p  class=\"\">Abonn\u00e9 \u00e0 l\u2019association FPTU<br >  Conducteur de bus \u00e0 Versailles depuis 22 ans<br >  Aime et pratique la natation<br >  Aime les voyages et la nature<\/p>  <a class=\"link\" href=\"https:\/\/transport-manager.net\" target=\"_blank\" data-cp-link=\"1\" rel=\"noopener\">TRANSPORT MANAGER<\/a><p  class=\"\">Concessionnaire HEULIEZ BUS de 2017 \u00e0 Juillet 2023<\/p><p  class=\"\">Concessionnaire HVB (Heuliez, Volvo, Bluebus) depuis le 30 Juillet 2023<\/p><div  class=\"social-icons-group col-no-padding\" data-type=\"group\"> <a href=\"https:\/\/www.facebook.com\/TM.jeu\" target=\"_blank\" rel=\"noopener\" class=\"\"><i  class=\"mdi social-icon mdi-facebook\"><\/i><\/a> <a href=\"https:\/\/instagram.com\/tmlejeu\" target=\"_blank\" rel=\"noopener\" class=\"\"><i  class=\"mdi social-icon mdi-instagram\"><\/i><\/a> <a href=\"https:\/\/twitter.com\/tmlejeu\" target=\"_blank\" rel=\"noopener\" class=\"\"><i  class=\"mdi social-icon mdi-twitter\"><\/i><\/a> <a href=\"https:\/\/www.youtube.com\/channel\/UCQLiKCP1aiPBFUVI6OGDdww\" target=\"_blank\" rel=\"noopener\" class=\"\"><i  class=\"mdi social-icon mdi-youtube-play\"><\/i><\/a><\/div><\/div><\/div> <\/div><\/div>    <\/div><\/div> <\/div><!-- \/wp:extendstudio\/materialis--><!-- wp:extendstudio\/materialis--><!-- \/wp:extendstudio\/materialis--><!-- wp:extendstudio\/materialis-->","protected":false},"excerpt":{"rendered":"<p>&nbsp; &nbsp; V\u00c9HICULES NEUFS&nbsp; &nbsp; &amp; D\u2019OCCASIONS Des solutions adapt\u00e9es et adaptable pour une mobilit\u00e9 d\u2019excellence LOCATION &amp; D\u00c9MONSTRATION La concession HVB propose \u00e0 la location \/ d\u00e9monstration des v\u00e9hicules de derni\u00e8re g\u00e9n\u00e9ration SERVICE APR\u00c8S-VENTE (S.A.V) Un probl\u00e8me avec un v\u00e9hicule de location ou un v\u00e9hicule sous garantie, le S.A.V de la concession HVB est&nbsp;&hellip;<\/p>\n","protected":false},"author":17,"featured_media":0,"parent":0,"menu_order":0,"comment_status":"closed","ping_status":"closed","template":"","meta":{"footnotes":""},"class_list":["post-36","page","type-page","status-publish","hentry"],"_links":{"self":[{"href":"https:\/\/concess.transport-manager.net\/hvb\/wp-json\/wp\/v2\/pages\/36","targetHints":{"allow":["GET"]}}],"collection":[{"href":"https:\/\/concess.transport-manager.net\/hvb\/wp-json\/wp\/v2\/pages"}],"about":[{"href":"https:\/\/concess.transport-manager.net\/hvb\/wp-json\/wp\/v2\/types\/page"}],"author":[{"embeddable":true,"href":"https:\/\/concess.transport-manager.net\/hvb\/wp-json\/wp\/v2\/users\/17"}],"replies":[{"embeddable":true,"href":"https:\/\/concess.transport-manager.net\/hvb\/wp-json\/wp\/v2\/comments?post=36"}],"version-history":[{"count":45,"href":"https:\/\/concess.transport-manager.net\/hvb\/wp-json\/wp\/v2\/pages\/36\/revisions"}],"predecessor-version":[{"id":794,"href":"https:\/\/concess.transport-manager.net\/hvb\/wp-json\/wp\/v2\/pages\/36\/revisions\/794"}],"wp:attachment":[{"href":"https:\/\/concess.transport-manager.net\/hvb\/wp-json\/wp\/v2\/media?parent=36"}],"curies":[{"name":"wp","href":"https:\/\/api.w.org\/{rel}","templated":true}]}}