{"id":457,"date":"2023-07-24T01:48:56","date_gmt":"2023-07-23T23:48:56","guid":{"rendered":"https:\/\/concess.transport-manager.net\/hvb\/?page_id=457"},"modified":"2023-07-24T01:48:56","modified_gmt":"2023-07-23T23:48:56","slug":"heuliez-bus","status":"publish","type":"page","link":"https:\/\/concess.transport-manager.net\/hvb\/heuliez-bus\/","title":{"rendered":"HEULIEZ BUS"},"content":{"rendered":"\n<div class=\"wp-block-columns is-layout-flex wp-container-core-columns-is-layout-9d6595d7 wp-block-columns-is-layout-flex\">\n<div class=\"wp-block-column has-vivid-cyan-blue-background-color has-background is-layout-flow wp-block-column-is-layout-flow\">\n<p class=\"has-text-align-center has-black-color has-vivid-cyan-blue-background-color has-text-color has-background has-medium-font-size\"><strong>CR\u00c9ATIVIT\u00c9<\/strong><br><br>ORIGINE<\/p>\n<\/div>\n\n\n\n<div class=\"wp-block-column has-white-background-color has-background is-layout-flow wp-block-column-is-layout-flow\">\n<p class=\"has-text-align-center has-black-color has-white-background-color has-text-color has-background has-medium-font-size\"><strong>ENGAGEMENT<\/strong><br><br>FRANCE<\/p>\n<\/div>\n\n\n\n<div class=\"wp-block-column has-vivid-red-background-color has-background is-layout-flow wp-block-column-is-layout-flow\">\n<p class=\"has-text-align-center has-black-color has-vivid-red-background-color has-text-color has-background has-medium-font-size\"><strong>EXCELLENCE<\/strong><br><br>GARANTIE<\/p>\n<\/div>\n<\/div>\n\n\n\n<div class=\"wp-block-columns is-layout-flex wp-container-core-columns-is-layout-9d6595d7 wp-block-columns-is-layout-flex\">\n<div class=\"wp-block-column is-layout-flow wp-block-column-is-layout-flow\" style=\"flex-basis:25%\"><div class=\"wp-block-image\">\n<figure class=\"aligncenter size-large\"><img decoding=\"async\" src=\"https:\/\/transport-manager.net\/assets\/img\/bus\/HEULIEZ-gx337Enew.jpg\" alt=\"\"\/><\/figure>\n<\/div><\/div>\n\n\n\n<div class=\"wp-block-column is-layout-flow wp-block-column-is-layout-flow\" style=\"flex-basis:50%\">\n<p class=\"has-white-background-color has-background\"><br><\/p>\n\n\n\n<p class=\"has-text-align-center\" style=\"font-size:17px\"><strong>A l\u2019occasion de la pr\u00e9sentation de son tout dernier mod\u00e8le d\u2019autobus \u00e0 Haut Niveau de Service, le GX LINIUM, la soci\u00e9t\u00e9 Heuliez Bus renforce son identit\u00e9 et sa position de constructeur premium sur le march\u00e9 du transport de personnes. Le logo \u00ab HB\u00bb dispara\u00eet de la calandre de ses autobus pour accueillir \u00e0 nouveau les 7 lettres chrom\u00e9es<\/strong><\/p>\n\n\n\n<h2 class=\"wp-block-heading has-text-align-center has-text-color has-x-large-font-size\" style=\"color:#a4a4a4;font-style:normal;font-weight:800;letter-spacing:12px\">HEULIEZ<\/h2>\n<\/div>\n\n\n\n<div class=\"wp-block-column is-layout-flow wp-block-column-is-layout-flow\" style=\"flex-basis:25%\">\n<figure class=\"wp-block-image size-large\"><img decoding=\"async\" src=\"https:\/\/transport-manager.net\/assets\/img\/bus\/HEULIEZ-GX437linium.jpg\" alt=\"\"\/><\/figure>\n<\/div>\n<\/div>\n\n\n\n<p class=\"has-text-align-center\">85 ans apr\u00e8s la naissance de son premier autocar carross\u00e9 sur une base UNIC, la marque l\u00e9gendaire<br><strong>H E U L I E Z<\/strong>, qui allie un savoir-faire historique et l\u2019esprit d\u2019avant-garde d\u2019une entreprise innovante, revient au tout premier plan.<\/p>\n\n\n\n<div class=\"wp-block-columns is-layout-flex wp-container-core-columns-is-layout-9d6595d7 wp-block-columns-is-layout-flex\">\n<div class=\"wp-block-column is-layout-flow wp-block-column-is-layout-flow\"><div class=\"wp-block-image is-style-default\">\n<figure class=\"alignright size-large is-resized\"><img loading=\"lazy\" decoding=\"async\" src=\"https:\/\/nsa39.casimages.com\/img\/2018\/07\/10\/\/180710094950498607.jpg\" alt=\"\" width=\"320\" height=\"133\"\/><\/figure>\n<\/div><\/div>\n\n\n\n<div class=\"wp-block-column is-layout-flow wp-block-column-is-layout-flow\"><div class=\"wp-block-image is-style-default\">\n<figure class=\"alignleft size-large is-resized\"><img loading=\"lazy\" decoding=\"async\" src=\"https:\/\/nsa39.casimages.com\/img\/2018\/07\/10\/\/1807100955154575.jpg\" alt=\"\" width=\"320\" height=\"133\"\/><\/figure>\n<\/div><\/div>\n<\/div>\n\n\n\n<h6 class=\"wp-block-heading has-text-align-center\"><strong><span style=\"text-decoration: underline;\">Un savoir-faire historique<\/span><\/strong><\/h6>\n\n\n\n<p class=\"has-text-align-center\"><br>Au d\u00e9part, atelier de charronnerie cr\u00e9\u00e9 par Adolphe Heuliez, c\u2019est son fils Louis qui d\u00e9veloppera la fabrication de charrettes anglaises, d\u2019o\u00f9 l\u2019embl\u00e8me de la carriole qui sera associ\u00e9 tr\u00e8s t\u00f4t \u00e0 la marque H E U L I E Z. En 1932 na\u00eetra le premier autocar de la marque r\u00e9alis\u00e9 avec une armature en bois. En 1949, Heuliez pr\u00e9sente un autocar de grand tourisme au Salon de l\u2019Automobile de Paris. En 1970, Heuliez se scinde en deux entit\u00e9s distinctes avec la cr\u00e9ation &nbsp;d\u2019une entit\u00e9 d\u00e9di\u00e9e autocars-autobus.<\/p>\n\n\n\n<h6 class=\"wp-block-heading has-text-align-center\"><br><strong><strong><span style=\"text-decoration: underline;\">Un site unique pour une production fran\u00e7aise<\/span><\/strong><\/strong><\/h6>\n\n\n\n<p class=\"has-text-align-center\"><br>Un des atouts majeurs de la soci\u00e9t\u00e9 est son site unique implant\u00e9 \u00e0 Rorthais, (79) dot\u00e9 d\u2019une piste d\u2019essais qui regroupe la conception, la recherche et le d\u00e9veloppement, la production et la commercialisation de v\u00e9hicules urbains ainsi que tous les services associ\u00e9s que sont l\u2019apr\u00e8s-vente, la formation et la fourniture de pi\u00e8ces de rechange d\u2019origine. Port\u00e9e par ses valeurs de Cr\u00e9ativit\u00e9, d\u2019Engagement et d\u2019Excellence,<\/p>\n\n\n\n<p><\/p>\n\n\n\n<p class=\"has-text-align-center\"><br>L\u2019entreprise a su d\u00e9montrer au cours des ann\u00e9es ses capacit\u00e9s d\u2019\u00e9coute et de r\u00e9ponse \u00e0 tous types d\u2019attente de la part des exploitants. Ses v\u00e9hicules labellis\u00e9s<br><mark style=\"background-color:rgba(0, 0, 0, 0)\" class=\"has-inline-color has-vivid-cyan-blue-color\"><strong>Origine<\/strong><\/mark> <mark style=\"background-color:#ffffff\" class=\"has-inline-color\">France<\/mark> <mark style=\"background-color:rgba(0, 0, 0, 0)\" class=\"has-inline-color has-vivid-red-color\"><strong>Garantie<\/strong><\/mark> sont ainsi devenus les parfaits partenaires des villes.<\/p>\n\n\n\n<h6 class=\"wp-block-heading has-text-align-center\"><br><strong><span style=\"text-decoration: underline;\">Une entreprise innovante<\/span><\/strong><\/h6>\n\n\n\n<p class=\"has-text-align-center\"><br>Une recherche permanente de l\u2019innovation qui a permis d\u00e8s le d\u00e9but des ann\u00e9es 70, d\u2019axer ses d\u00e9veloppements et sa production sur les v\u00e9hicules urbains, privil\u00e9giant le design, le confort, la r\u00e9duction des nuisances &nbsp;atmosph\u00e9riques et sonores appr\u00e9ci\u00e9s tant par les usagers que par les citadins et les op\u00e9rateurs. Une tradition de l\u2019innovation qui a vu le d\u00e9veloppement du premier autobus \u00e0 double articulation, du premier autobus \u00e0 plancher bas, mais \u00e9galement le d\u00e9ploiement de solutions alternatives avec des minibus bi-modes \u00e9lectriques, des versions \u00e9quip\u00e9es de motorisations GNV, GPL et la fabrication de trolleybus. Engag\u00e9e de longue date en faveur de la protection de l\u2019environnement, la soci\u00e9t\u00e9 HEULIEZ Bus a pr\u00e9sent\u00e9 d\u00e8s 2010, son premier mod\u00e8le de bus \u00e0 technologie hybride s\u00e9rie diesel-\u00e9lectrique et est aujourd\u2019hui leader en France sur ce le march\u00e9<\/p>\n\n\n\n<p class=\"has-text-align-center\"><br>Pr\u00eate \u00e0 relever le d\u00e9fi de la Loi sur la Transition Energ\u00e9tique visant \u00e0 renouveler le parc d\u2019autobus fran\u00e7ais par des v\u00e9hicules \u00e0 faibles \u00e9missions, &nbsp;la soci\u00e9t\u00e9 HEULIEZ Bus a aussi lanc\u00e9 en 2015 le d\u00e9veloppement d\u2019une gamme d\u2019autobus 100 % \u00e9lectrique baptis\u00e9e GX ELEC.<\/p>\n\n\n\n<p><br><\/p>\n\n\n\n<p class=\"has-text-align-center\">Berceau de la fameuse gamme GX, et toujours \u00e0 l\u2019avant-garde des besoins des utilisateurs, le site de Rorthais et sa marque H E U L I E Z continuent de perp\u00e9tuer la succ\u00e8s story, jamais d\u00e9mentie, de l\u2019activit\u00e9 de transport collectif de personnes.<\/p>\n\n\n\n<p class=\"has-text-align-center has-small-font-size\"><br><em><span style=\"text-decoration: underline;\">Copyright<\/span> : <\/em><a href=\"https:\/\/www.heuliezbus.com\/fr\/\" target=\"_blank\" rel=\"noreferrer noopener\">HEULIEZ Bus<\/a><\/p>\n\n\n<div class=\"wp-block-image\">\n<figure class=\"aligncenter size-large is-resized\"><img loading=\"lazy\" decoding=\"async\" src=\"https:\/\/nsa40.casimages.com\/img\/2020\/10\/25\/\/201025105533468744.jpg\" alt=\"\" width=\"141\" height=\"188\"\/><\/figure>\n<\/div>\n\n\n<h6 class=\"wp-block-heading has-text-align-center\">Qualit\u00e9, environnement, s\u00e9curit\u00e9 et \u00e9nergie<\/h6>\n\n\n\n<p class=\"has-text-align-center\"><br>Sp\u00e9cialis\u00e9e dans la fabrication de bus urbains depuis plusieurs d\u00e9cennies et engag\u00e9e de longue date en faveur de la protection de l&rsquo;environnement, HEULIEZ Bus con\u00e7oit, industrialise, commercialise une gamme compl\u00e8te de produits et services qui permettent de satisfaire \u00e0 l&rsquo;ensemble des pr\u00e9occupations du transport de personnes.<\/p>\n\n\n\n<p class=\"has-text-align-center\"><br><strong>HEULIEZ Bus certifi\u00e9e ISO 9001, ISO 14001, ISO 45001, ISO 50001<\/strong><\/p>\n\n\n\n<p class=\"has-text-align-center\"><br>Depuis des ann\u00e9es la soci\u00e9t\u00e9 HEULIEZ Bus s&rsquo;est engag\u00e9e dans une d\u00e9marche qualit\u00e9 d&rsquo;am\u00e9lioration continue, d&rsquo;abord certifi\u00e9e ISO 9001, puis ISO 14001, l&rsquo;entreprise a \u00e9galement obtenue la certification ISO 50001 en 2014 et est \u00e9galement certifi\u00e9e ISO 45001.<\/p>\n","protected":false},"excerpt":{"rendered":"<p>CR\u00c9ATIVIT\u00c9 ORIGINE ENGAGEMENT FRANCE EXCELLENCE GARANTIE A l\u2019occasion de la pr\u00e9sentation de son tout dernier mod\u00e8le d\u2019autobus \u00e0 Haut Niveau de Service, le GX LINIUM, la soci\u00e9t\u00e9 Heuliez Bus renforce son identit\u00e9 et sa position de constructeur premium sur le march\u00e9 du transport de personnes. Le logo \u00ab HB\u00bb dispara\u00eet de la calandre de ses&nbsp;&hellip;<\/p>\n","protected":false},"author":17,"featured_media":0,"parent":0,"menu_order":0,"comment_status":"closed","ping_status":"closed","template":"","meta":{"footnotes":""},"class_list":["post-457","page","type-page","status-publish","hentry"],"_links":{"self":[{"href":"https:\/\/concess.transport-manager.net\/hvb\/wp-json\/wp\/v2\/pages\/457","targetHints":{"allow":["GET"]}}],"collection":[{"href":"https:\/\/concess.transport-manager.net\/hvb\/wp-json\/wp\/v2\/pages"}],"about":[{"href":"https:\/\/concess.transport-manager.net\/hvb\/wp-json\/wp\/v2\/types\/page"}],"author":[{"embeddable":true,"href":"https:\/\/concess.transport-manager.net\/hvb\/wp-json\/wp\/v2\/users\/17"}],"replies":[{"embeddable":true,"href":"https:\/\/concess.transport-manager.net\/hvb\/wp-json\/wp\/v2\/comments?post=457"}],"version-history":[{"count":1,"href":"https:\/\/concess.transport-manager.net\/hvb\/wp-json\/wp\/v2\/pages\/457\/revisions"}],"predecessor-version":[{"id":458,"href":"https:\/\/concess.transport-manager.net\/hvb\/wp-json\/wp\/v2\/pages\/457\/revisions\/458"}],"wp:attachment":[{"href":"https:\/\/concess.transport-manager.net\/hvb\/wp-json\/wp\/v2\/media?parent=457"}],"curies":[{"name":"wp","href":"https:\/\/api.w.org\/{rel}","templated":true}]}}