{"id":461,"date":"2023-07-24T01:53:14","date_gmt":"2023-07-23T23:53:14","guid":{"rendered":"https:\/\/concess.transport-manager.net\/hvb\/?page_id=461"},"modified":"2025-07-10T19:54:25","modified_gmt":"2025-07-10T17:54:25","slug":"programme-fidelites","status":"publish","type":"page","link":"https:\/\/concess.transport-manager.net\/hvb\/programme-fidelites\/","title":{"rendered":"PROGRAMME FID\u00c9LIT\u00c9S"},"content":{"rendered":"<div class=\"wp-block-image\">\n<figure class=\"aligncenter size-full\"><img loading=\"lazy\" decoding=\"async\" width=\"150\" height=\"89\" src=\"https:\/\/concess.transport-manager.net\/hvb\/wp-content\/uploads\/sites\/11\/2023\/06\/HVB_150.png\" alt=\"\" class=\"wp-image-43\"\/><\/figure>\n<\/div>\n\n\n<p class=\"has-text-align-center\">HVB se dote d&rsquo;un nouveau programme de fid\u00e9lit\u00e9 <br>Ce programme est dot\u00e9 de 3 niveaux : Bronze, Argent et Or qui vous offre des avantages dans vos commandes de divers v\u00e9hicules<\/p>\n\n\n\n<p class=\"has-text-align-center has-medium-font-size\"><strong><mark style=\"background-color:#cf2e2e\" class=\"has-inline-color has-luminous-vivid-amber-color\">\u2193 TARIF \u00c0 COMPTER DU 1\u1d49\u02b3 JANVIER 2025 \u2193<\/mark><\/strong><\/p>\n\n\n<div class=\"wp-block-image\">\n<figure class=\"aligncenter size-full\"><img loading=\"lazy\" decoding=\"async\" width=\"893\" height=\"791\" src=\"https:\/\/concess.transport-manager.net\/hvb\/wp-content\/uploads\/sites\/11\/2025\/03\/fidhvb.png\" alt=\"\" class=\"wp-image-887\" srcset=\"https:\/\/concess.transport-manager.net\/hvb\/wp-content\/uploads\/sites\/11\/2025\/03\/fidhvb.png 893w, https:\/\/concess.transport-manager.net\/hvb\/wp-content\/uploads\/sites\/11\/2025\/03\/fidhvb-300x266.png 300w, https:\/\/concess.transport-manager.net\/hvb\/wp-content\/uploads\/sites\/11\/2025\/03\/fidhvb-768x680.png 768w\" sizes=\"auto, (max-width: 893px) 100vw, 893px\" \/><\/figure>\n<\/div>\n\n\n<blockquote class=\"wp-block-quote is-style-default is-layout-flow wp-block-quote-is-layout-flow\">\n<p><strong>Pack \u00c9quipement 1*<\/strong> comprend : Panneaux pub AV, AR, LAT + Radio FM + Ports USB (3 900 \u20ac prix catalogue)<br><strong>Pack \u00c9quipement 2**<\/strong> comprend : Radio FM + Ports USB (1 100 \u20ac prix catalogue)<\/p>\n<\/blockquote>\n\n\n\n<iframe loading=\"lazy\" id=\"pleine-largeur\" src=\"https:\/\/docs.google.com\/forms\/d\/e\/1FAIpQLSdE9RgdEuS6JSXTXEoFLaiPJhN_nMhDGewAQTNB7KH-5eLm5w\/viewform\" width=\"850px\" height=\"1200px\" scrolling=\"auto\" frameborder=\"0\">\n<\/iframe>\n\n\n\n<div style=\"height:20px\" aria-hidden=\"true\" class=\"wp-block-spacer\"><\/div>\n\n\n\n<iframe loading=\"lazy\" id=\"pleine-largeur\" src=\"https:\/\/docs.google.com\/spreadsheets\/u\/2\/d\/e\/2PACX-1vTv6wsEYBNFrqcChwyYZkUhLyipjINIAhvV7tux-Tok5UhCAJaPrlE9wat-ls5ay7W9Dwh8h_VrC1ML\/pubhtml?gid=1476968057&#038;single=true\" width=\"850px\" height=\"2000px\" scrolling=\"auto\" frameborder=\"0\">\n<\/iframe>\n","protected":false},"excerpt":{"rendered":"<p>HVB se dote d&rsquo;un nouveau programme de fid\u00e9lit\u00e9 Ce programme est dot\u00e9 de 3 niveaux : Bronze, Argent et Or qui vous offre des avantages dans vos commandes de divers v\u00e9hicules \u2193 TARIF \u00c0 COMPTER DU 1\u1d49\u02b3 JANVIER 2025 \u2193 Pack \u00c9quipement 1* comprend : Panneaux pub AV, AR, LAT + Radio FM + Ports&nbsp;&hellip;<\/p>\n","protected":false},"author":5,"featured_media":0,"parent":0,"menu_order":0,"comment_status":"closed","ping_status":"closed","template":"","meta":{"footnotes":""},"class_list":["post-461","page","type-page","status-publish","hentry"],"_links":{"self":[{"href":"https:\/\/concess.transport-manager.net\/hvb\/wp-json\/wp\/v2\/pages\/461","targetHints":{"allow":["GET"]}}],"collection":[{"href":"https:\/\/concess.transport-manager.net\/hvb\/wp-json\/wp\/v2\/pages"}],"about":[{"href":"https:\/\/concess.transport-manager.net\/hvb\/wp-json\/wp\/v2\/types\/page"}],"author":[{"embeddable":true,"href":"https:\/\/concess.transport-manager.net\/hvb\/wp-json\/wp\/v2\/users\/5"}],"replies":[{"embeddable":true,"href":"https:\/\/concess.transport-manager.net\/hvb\/wp-json\/wp\/v2\/comments?post=461"}],"version-history":[{"count":15,"href":"https:\/\/concess.transport-manager.net\/hvb\/wp-json\/wp\/v2\/pages\/461\/revisions"}],"predecessor-version":[{"id":924,"href":"https:\/\/concess.transport-manager.net\/hvb\/wp-json\/wp\/v2\/pages\/461\/revisions\/924"}],"wp:attachment":[{"href":"https:\/\/concess.transport-manager.net\/hvb\/wp-json\/wp\/v2\/media?parent=461"}],"curies":[{"name":"wp","href":"https:\/\/api.w.org\/{rel}","templated":true}]}}