{"id":465,"date":"2023-07-24T01:56:56","date_gmt":"2023-07-23T23:56:56","guid":{"rendered":"https:\/\/concess.transport-manager.net\/hvb\/?page_id=465"},"modified":"2024-02-08T12:18:13","modified_gmt":"2024-02-08T11:18:13","slug":"service-apres-vente","status":"publish","type":"page","link":"https:\/\/concess.transport-manager.net\/hvb\/service-apres-vente\/","title":{"rendered":"SERVICE APR\u00c8S VENTE"},"content":{"rendered":"<div class=\"wp-block-image\">\n<figure class=\"aligncenter size-full\"><img loading=\"lazy\" decoding=\"async\" width=\"150\" height=\"89\" src=\"https:\/\/concess.transport-manager.net\/hvb\/wp-content\/uploads\/sites\/11\/2023\/06\/HVB_150.png\" alt=\"\" class=\"wp-image-43\"\/><\/figure>\n<\/div>\n\n\n<h3 class=\"wp-block-heading has-text-align-center\">LE SERVICE APR\u00c8S VENTE<\/h3>\n\n\n\n<p class=\"has-text-align-center\"><mark style=\"background-color:rgba(0, 0, 0, 0)\" class=\"has-inline-color has-vivid-red-color\"><strong>Changement \u00e0 compter du 1er Janvier 2023<\/strong><\/mark><\/p>\n\n\n\n<p><br><strong>Chaque v\u00e9hicule NEUF HVB <sup>(HEULIEZ, VOLVO, BLUEBUS)<\/sup> est garantie <mark style=\"background-color:rgba(0, 0, 0, 0)\" class=\"has-inline-color has-vivid-red-color\">2 ans pi\u00e8ces et main d&rsquo;oeuvre minimum (Voir <a rel=\"noreferrer noopener\" href=\"https:\/\/concess.transport-manager.net\/heuliez\/fidelites\/\" target=\"_blank\">programme de fid\u00e9lit\u00e9<\/a> valable \u00e0 compter du 1er Janvier 2023)<\/mark> &#8211; Nous ne disposons pas actuellement de v\u00e9hicules de remplacement pour r\u00e9parer vos v\u00e9hicules.<\/strong><\/p>\n\n\n\n<ul class=\"wp-block-list\">\n<li>Les v\u00e9hicules achet\u00e9s sur le hall de vente ne sont pas garanties sauf exception lors des ventes flash ; Tout v\u00e9hicule d&rsquo;occasion vendu par la concession a une dur\u00e9e de garantie valable&nbsp;<strong><mark style=\"background-color:rgba(0, 0, 0, 0)\" class=\"has-inline-color has-vivid-red-color\">1 an<\/mark> &#8211; <mark style=\"background-color:rgba(0, 0, 0, 0)\" class=\"has-inline-color has-vivid-red-color\">(6 mois \u00e0 compter du 1er Janvier 2023)<\/mark><\/strong>.<\/li>\n\n\n\n<li>Les pannes suivantes ne sont pas remboursables : vitre cass\u00e9e, durite d\u2019eau perc\u00e9e, pneu crev\u00e9, accident mat\u00e9riel et corporel, niveau liquide de refroidissement, tous probl\u00e8mes li\u00e9s au freinage, fuite d&rsquo;air circuit de freinage, fuite d&rsquo;huile.<\/li>\n\n\n\n<li>Les refus de contr\u00f4le technique ne sont pas remboursable : pot d&rsquo;\u00e9chappement mal fix\u00e9, &nbsp;moteur mal r\u00e9gl\u00e9, pneus ab\u00eem\u00e9s, freins d\u00e9fectueux, pare-brise fissur\u00e9, portes d\u00e9fectueuses.<\/li>\n\n\n\n<li>Les v\u00e9hicules de pr\u00eats sont soumis aux conditions g\u00e9n\u00e9rales de vente du Service Location. <mark style=\"background-color:rgba(0, 0, 0, 0)\" class=\"has-inline-color has-vivid-red-color\"><strong>(Voir <a href=\"https:\/\/concess.transport-manager.net\/heuliez\/fidelites\/\" target=\"_blank\" rel=\"noreferrer noopener\">programme de fid\u00e9lit\u00e9<\/a> valable \u00e0 compter du 1er Janvier 2023)<\/strong><\/mark><\/li>\n\n\n\n<li>Nos ateliers peuvent prendre en charge la r\u00e9paration de votre v\u00e9hicule sous r\u00e9serve de disponibilit\u00e9.<\/li>\n\n\n\n<li>Les pannes sont rembours\u00e9e si le v\u00e9hicule est entretenue correctement,&nbsp;<strong><mark style=\"background-color:rgba(0, 0, 0, 0)\" class=\"has-inline-color has-vivid-red-color\">+ 40 % d\u2019\u00e9tat moteur<\/mark><\/strong><\/li>\n<\/ul>\n\n\n\n<div class=\"wp-block-buttons is-content-justification-center is-layout-flex wp-container-core-buttons-is-layout-16018d1d wp-block-buttons-is-layout-flex\">\n<div class=\"wp-block-button\"><a class=\"wp-block-button__link has-background wp-element-button\" href=\"https:\/\/forum.transport-manager.net\/thread-6670.html\" style=\"background-color:#1e4f7a\" target=\"_blank\" rel=\"noreferrer noopener\"><strong>DEMANDE DE S.A.V.<\/strong><\/a><\/div>\n<\/div>\n\n\n\n<p class=\"has-text-align-center\"><strong><em>Faites une demande de S.A.V. pour que notre concession puisse prendre en charge vos garanties constructeur.<\/em><\/strong><\/p>\n","protected":false},"excerpt":{"rendered":"<p>LE SERVICE APR\u00c8S VENTE Changement \u00e0 compter du 1er Janvier 2023 Chaque v\u00e9hicule NEUF HVB (HEULIEZ, VOLVO, BLUEBUS) est garantie 2 ans pi\u00e8ces et main d&rsquo;oeuvre minimum (Voir programme de fid\u00e9lit\u00e9 valable \u00e0 compter du 1er Janvier 2023) &#8211; Nous ne disposons pas actuellement de v\u00e9hicules de remplacement pour r\u00e9parer vos v\u00e9hicules. Faites une demande&nbsp;&hellip;<\/p>\n","protected":false},"author":5,"featured_media":0,"parent":0,"menu_order":0,"comment_status":"closed","ping_status":"closed","template":"","meta":{"footnotes":""},"class_list":["post-465","page","type-page","status-publish","hentry"],"_links":{"self":[{"href":"https:\/\/concess.transport-manager.net\/hvb\/wp-json\/wp\/v2\/pages\/465","targetHints":{"allow":["GET"]}}],"collection":[{"href":"https:\/\/concess.transport-manager.net\/hvb\/wp-json\/wp\/v2\/pages"}],"about":[{"href":"https:\/\/concess.transport-manager.net\/hvb\/wp-json\/wp\/v2\/types\/page"}],"author":[{"embeddable":true,"href":"https:\/\/concess.transport-manager.net\/hvb\/wp-json\/wp\/v2\/users\/5"}],"replies":[{"embeddable":true,"href":"https:\/\/concess.transport-manager.net\/hvb\/wp-json\/wp\/v2\/comments?post=465"}],"version-history":[{"count":3,"href":"https:\/\/concess.transport-manager.net\/hvb\/wp-json\/wp\/v2\/pages\/465\/revisions"}],"predecessor-version":[{"id":609,"href":"https:\/\/concess.transport-manager.net\/hvb\/wp-json\/wp\/v2\/pages\/465\/revisions\/609"}],"wp:attachment":[{"href":"https:\/\/concess.transport-manager.net\/hvb\/wp-json\/wp\/v2\/media?parent=465"}],"curies":[{"name":"wp","href":"https:\/\/api.w.org\/{rel}","templated":true}]}}