{"id":585,"date":"2023-07-26T16:51:28","date_gmt":"2023-07-26T14:51:28","guid":{"rendered":"https:\/\/concess.transport-manager.net\/hvb\/?page_id=585"},"modified":"2023-07-26T16:51:28","modified_gmt":"2023-07-26T14:51:28","slug":"volvo","status":"publish","type":"page","link":"https:\/\/concess.transport-manager.net\/hvb\/volvo\/","title":{"rendered":"VOLVO"},"content":{"rendered":"\n<div class=\"wp-block-group alignfull has-cyan-bluish-gray-background-color has-background\" style=\"padding-top:6vw;padding-right:6vw;padding-bottom:6vw;padding-left:6vw\"><div class=\"wp-block-group__inner-container is-layout-flow wp-block-group-is-layout-flow\">\n<div class=\"wp-block-group is-vertical is-nowrap is-layout-flex wp-container-core-group-is-layout-287ef9cb wp-block-group-is-layout-flex\" style=\"padding-right:0;padding-left:0\">\n<h6 class=\"wp-block-heading has-text-color\" id=\"ecosystem\" style=\"color:#000000;font-size:16px\">Volvo Buses<\/h6>\n\n\n\n<p class=\"has-text-color\" style=\"color:#000000;font-size:6vw;font-style:normal;font-weight:700;letter-spacing:0px;line-height:0.9;text-decoration:none;text-transform:none\">VOLVO<\/p>\n<\/div>\n\n\n\n<div style=\"height:1vw\" aria-hidden=\"true\" class=\"wp-block-spacer\"><\/div>\n\n\n\n<div class=\"wp-block-group alignwide is-vertical is-nowrap is-layout-flex wp-container-core-group-is-layout-8171334d wp-block-group-is-layout-flex\" style=\"padding-top:0;padding-right:0;padding-bottom:0;padding-left:0\">\n<div class=\"wp-block-columns alignwide is-layout-flex wp-container-core-columns-is-layout-2656d967 wp-block-columns-is-layout-flex\">\n<div class=\"wp-block-column is-layout-flow wp-block-column-is-layout-flow\" style=\"flex-basis:33.38%\">\n<p class=\"has-text-color\" style=\"color:#000000;font-size:17px\">Volvo a \u00e9t\u00e9 fond\u00e9 en Su\u00e8de en 1927. Une ann\u00e9e plus tard, notre premier autobus circulait d\u00e9j\u00e0. La soci\u00e9t\u00e9 s&rsquo;est d\u00e9velopp\u00e9e en pr\u00f4nant la vision d&rsquo;un transport s\u00fbr et efficace pour tous. D\u00e8s lors, Volvo est rest\u00e9 aux avant-postes sur le plan technologique. Voil\u00e0 des d\u00e9cennies que nous conservons notre rang de leader mondial dans le domaine des technologies pour le transport commercial.\u00a0<\/p>\n<\/div>\n\n\n\n<div class=\"wp-block-column is-layout-flow wp-block-column-is-layout-flow\" style=\"flex-basis:33%\">\n<div style=\"height:2vw\" aria-hidden=\"true\" class=\"wp-block-spacer\"><\/div>\n\n\n\n<div style=\"height:100px\" aria-hidden=\"true\" class=\"wp-block-spacer\"><\/div>\n\n\n\n<figure class=\"wp-block-image size-full\"><img loading=\"lazy\" decoding=\"async\" width=\"450\" height=\"300\" src=\"https:\/\/concess.transport-manager.net\/hvb\/wp-content\/uploads\/sites\/11\/2023\/07\/Volvo_7900A_Elec_3-1.jpg\" alt=\"\" class=\"wp-image-587\" srcset=\"https:\/\/concess.transport-manager.net\/hvb\/wp-content\/uploads\/sites\/11\/2023\/07\/Volvo_7900A_Elec_3-1.jpg 450w, https:\/\/concess.transport-manager.net\/hvb\/wp-content\/uploads\/sites\/11\/2023\/07\/Volvo_7900A_Elec_3-1-300x200.jpg 300w\" sizes=\"auto, (max-width: 450px) 100vw, 450px\" \/><\/figure>\n<\/div>\n\n\n\n<div class=\"wp-block-column is-layout-flow wp-block-column-is-layout-flow\" style=\"flex-basis:33.62%\">\n<figure class=\"wp-block-image size-full is-resized\"><img loading=\"lazy\" decoding=\"async\" src=\"https:\/\/concess.transport-manager.net\/hvb\/wp-content\/uploads\/sites\/11\/2023\/07\/Volvo7900E-1.jpg\" alt=\"\" class=\"wp-image-588\" width=\"259\" height=\"172\" srcset=\"https:\/\/concess.transport-manager.net\/hvb\/wp-content\/uploads\/sites\/11\/2023\/07\/Volvo7900E-1.jpg 450w, https:\/\/concess.transport-manager.net\/hvb\/wp-content\/uploads\/sites\/11\/2023\/07\/Volvo7900E-1-300x200.jpg 300w\" sizes=\"auto, (max-width: 259px) 100vw, 259px\" \/><\/figure>\n<\/div>\n<\/div>\n\n\n\n<div class=\"wp-block-columns alignwide is-layout-flex wp-container-core-columns-is-layout-724a882f wp-block-columns-is-layout-flex\">\n<div class=\"wp-block-column is-layout-flow wp-block-column-is-layout-flow\" style=\"flex-basis:69%\">\n<figure class=\"wp-block-image size-full\"><img loading=\"lazy\" decoding=\"async\" width=\"450\" height=\"300\" src=\"https:\/\/concess.transport-manager.net\/hvb\/wp-content\/uploads\/sites\/11\/2023\/07\/VOLVO-7900A-3.jpg\" alt=\"\" class=\"wp-image-589\" srcset=\"https:\/\/concess.transport-manager.net\/hvb\/wp-content\/uploads\/sites\/11\/2023\/07\/VOLVO-7900A-3.jpg 450w, https:\/\/concess.transport-manager.net\/hvb\/wp-content\/uploads\/sites\/11\/2023\/07\/VOLVO-7900A-3-300x200.jpg 300w\" sizes=\"auto, (max-width: 450px) 100vw, 450px\" \/><\/figure>\n<\/div>\n\n\n\n<div class=\"wp-block-column is-vertically-aligned-center is-layout-flow wp-block-column-is-layout-flow\" style=\"flex-basis:33%\">\n<div style=\"height:2vw\" aria-hidden=\"true\" class=\"wp-block-spacer\"><\/div>\n\n\n\n<p class=\"has-text-color\" style=\"color:#000000;font-size:17px\">Volvo Buses est connu pour son engagement envers la qualit\u00e9, la s\u00e9curit\u00e9 et l&rsquo;environnement. L&rsquo;entreprise s&rsquo;efforce constamment d&rsquo;innover dans ces domaines. Elle offre une large gamme de v\u00e9hicules, y compris des bus urbains, des bus interurbains, des autocars de tourisme et des v\u00e9hicules sp\u00e9ciaux pour diff\u00e9rentes utilisations.<\/p>\n<\/div>\n<\/div>\n<\/div>\n<\/div><\/div>\n","protected":false},"excerpt":{"rendered":"<p>Volvo Buses VOLVO Volvo a \u00e9t\u00e9 fond\u00e9 en Su\u00e8de en 1927. Une ann\u00e9e plus tard, notre premier autobus circulait d\u00e9j\u00e0. La soci\u00e9t\u00e9 s&rsquo;est d\u00e9velopp\u00e9e en pr\u00f4nant la vision d&rsquo;un transport s\u00fbr et efficace pour tous. D\u00e8s lors, Volvo est rest\u00e9 aux avant-postes sur le plan technologique. Voil\u00e0 des d\u00e9cennies que nous conservons notre rang de&nbsp;&hellip;<\/p>\n","protected":false},"author":17,"featured_media":0,"parent":0,"menu_order":0,"comment_status":"closed","ping_status":"closed","template":"","meta":{"footnotes":""},"class_list":["post-585","page","type-page","status-publish","hentry"],"_links":{"self":[{"href":"https:\/\/concess.transport-manager.net\/hvb\/wp-json\/wp\/v2\/pages\/585","targetHints":{"allow":["GET"]}}],"collection":[{"href":"https:\/\/concess.transport-manager.net\/hvb\/wp-json\/wp\/v2\/pages"}],"about":[{"href":"https:\/\/concess.transport-manager.net\/hvb\/wp-json\/wp\/v2\/types\/page"}],"author":[{"embeddable":true,"href":"https:\/\/concess.transport-manager.net\/hvb\/wp-json\/wp\/v2\/users\/17"}],"replies":[{"embeddable":true,"href":"https:\/\/concess.transport-manager.net\/hvb\/wp-json\/wp\/v2\/comments?post=585"}],"version-history":[{"count":1,"href":"https:\/\/concess.transport-manager.net\/hvb\/wp-json\/wp\/v2\/pages\/585\/revisions"}],"predecessor-version":[{"id":590,"href":"https:\/\/concess.transport-manager.net\/hvb\/wp-json\/wp\/v2\/pages\/585\/revisions\/590"}],"wp:attachment":[{"href":"https:\/\/concess.transport-manager.net\/hvb\/wp-json\/wp\/v2\/media?parent=585"}],"curies":[{"name":"wp","href":"https:\/\/api.w.org\/{rel}","templated":true}]}}