{"id":591,"date":"2023-07-26T16:59:01","date_gmt":"2023-07-26T14:59:01","guid":{"rendered":"https:\/\/concess.transport-manager.net\/hvb\/?page_id=591"},"modified":"2023-07-26T16:59:01","modified_gmt":"2023-07-26T14:59:01","slug":"bluebus","status":"publish","type":"page","link":"https:\/\/concess.transport-manager.net\/hvb\/bluebus\/","title":{"rendered":"BLUEBUS"},"content":{"rendered":"\n<div class=\"wp-block-columns is-layout-flex wp-container-core-columns-is-layout-9d6595d7 wp-block-columns-is-layout-flex\">\n<div class=\"wp-block-column has-vivid-cyan-blue-background-color has-background is-layout-flow wp-block-column-is-layout-flow\">\n<p class=\"has-text-align-center has-black-color has-vivid-cyan-blue-background-color has-text-color has-background has-medium-font-size\"><strong>LE<\/strong><br><br>ORIGINE<\/p>\n<\/div>\n\n\n\n<div class=\"wp-block-column has-white-background-color has-background is-layout-flow wp-block-column-is-layout-flow\">\n<p class=\"has-text-align-center has-black-color has-white-background-color has-text-color has-background has-medium-font-size\"><strong>SAVOIR-FAIRE<\/strong><br><br>FRANCE<\/p>\n<\/div>\n\n\n\n<div class=\"wp-block-column has-vivid-red-background-color has-background is-layout-flow wp-block-column-is-layout-flow\">\n<p class=\"has-text-align-center has-black-color has-vivid-red-background-color has-text-color has-background has-medium-font-size\"><strong>FRANCAIS<\/strong><br><br>GARANTIE<\/p>\n<\/div>\n<\/div>\n\n\n\n<div class=\"wp-block-columns alignwide are-vertically-aligned-top is-layout-flex wp-container-core-columns-is-layout-bd0aba32 wp-block-columns-is-layout-flex\">\n<div class=\"wp-block-column is-vertically-aligned-top is-layout-flow wp-block-column-is-layout-flow\">\n<div class=\"wp-block-group wp-container-content-231d8afb is-vertical is-content-justification-left is-nowrap is-layout-flex wp-container-core-group-is-layout-ee1c9ac2 wp-block-group-is-layout-flex\" style=\"margin-top:0;margin-bottom:0\">\n<figure class=\"wp-block-image size-full wp-container-content-0733e5d0\"><img loading=\"lazy\" decoding=\"async\" width=\"450\" height=\"300\" src=\"https:\/\/concess.transport-manager.net\/hvb\/wp-content\/uploads\/sites\/11\/2023\/07\/nondispo-7.jpg\" alt=\"\" class=\"wp-image-592\" srcset=\"https:\/\/concess.transport-manager.net\/hvb\/wp-content\/uploads\/sites\/11\/2023\/07\/nondispo-7.jpg 450w, https:\/\/concess.transport-manager.net\/hvb\/wp-content\/uploads\/sites\/11\/2023\/07\/nondispo-7-300x200.jpg 300w\" sizes=\"auto, (max-width: 450px) 100vw, 450px\" \/><\/figure>\n\n\n\n<div class=\"wp-block-group is-vertical is-nowrap is-layout-flex wp-container-core-group-is-layout-ebc71d8e wp-block-group-is-layout-flex\">\n<p class=\"has-medium-font-size\"><strong>Bluebus vous propose des solutions adapt\u00e9es aux zones urbaines et p\u00e9riurbaines permettant de repenser la mobilit\u00e9 urbaine et r\u00e9pondre au d\u00e9fi de la transition \u00e9nerg\u00e9tique.<\/strong><\/p>\n\n\n\n<p class=\"has-small-font-size\">Choisir un v\u00e9hicule Bluebus, c\u2019est choisir un v\u00e9hicule fran\u00e7ais alliant haute technologie, performances, design et respect de l\u2019environnement.<\/p>\n<\/div>\n<\/div>\n<\/div>\n\n\n\n<div class=\"wp-block-column is-vertically-aligned-top is-layout-flow wp-block-column-is-layout-flow\">\n<div class=\"wp-block-group wp-container-content-231d8afb is-vertical is-layout-flex wp-container-core-group-is-layout-692d0fb7 wp-block-group-is-layout-flex\" style=\"margin-top:0;margin-bottom:0\">\n<div class=\"wp-block-group is-vertical is-nowrap is-layout-flex wp-container-core-group-is-layout-ebc71d8e wp-block-group-is-layout-flex\">\n<div style=\"height:80px\" aria-hidden=\"true\" class=\"wp-block-spacer\"><\/div>\n\n\n\n<p class=\"has-medium-font-size\"><strong><strong>Bluebus est une soci\u00e9t\u00e9 fond\u00e9e en 2007 \u00e0 Ergu\u00e9-Gab\u00e9ric (Bretagne) s\u2019appuyant sur la force d\u2019un groupe au service de la modernit\u00e9\u00a0:\u00a0<a href=\"https:\/\/www.bluebus.fr\/qui-sommes-nous#le-groupe-bollore\">le\u00a0Groupe\u00a0Bollor\u00e9<\/a>.<\/strong><\/strong><\/p>\n\n\n\n<p class=\"has-small-font-size\">Gr\u00e2ce \u00e0 plus de 10 ans d\u2019exp\u00e9rience dans la conception et l\u2019exploitation de solutions de transports en commun propres et silencieuses, elle figure aujourd\u2019hui parmi les leaders des constructeurs de bus 100% \u00e9lectriques en France.<\/p>\n<\/div>\n\n\n\n<figure class=\"wp-block-image size-full\" style=\"font-size:14px\"><img loading=\"lazy\" decoding=\"async\" width=\"450\" height=\"300\" src=\"https:\/\/concess.transport-manager.net\/hvb\/wp-content\/uploads\/sites\/11\/2023\/07\/nondispo-8.jpg\" alt=\"\" class=\"wp-image-593\" srcset=\"https:\/\/concess.transport-manager.net\/hvb\/wp-content\/uploads\/sites\/11\/2023\/07\/nondispo-8.jpg 450w, https:\/\/concess.transport-manager.net\/hvb\/wp-content\/uploads\/sites\/11\/2023\/07\/nondispo-8-300x200.jpg 300w\" sizes=\"auto, (max-width: 450px) 100vw, 450px\" \/><\/figure>\n<\/div>\n<\/div>\n<\/div>\n","protected":false},"excerpt":{"rendered":"<p>LE ORIGINE SAVOIR-FAIRE FRANCE FRANCAIS GARANTIE Bluebus vous propose des solutions adapt\u00e9es aux zones urbaines et p\u00e9riurbaines permettant de repenser la mobilit\u00e9 urbaine et r\u00e9pondre au d\u00e9fi de la transition \u00e9nerg\u00e9tique. Choisir un v\u00e9hicule Bluebus, c\u2019est choisir un v\u00e9hicule fran\u00e7ais alliant haute technologie, performances, design et respect de l\u2019environnement. Bluebus est une soci\u00e9t\u00e9 fond\u00e9e en&nbsp;&hellip;<\/p>\n","protected":false},"author":17,"featured_media":0,"parent":0,"menu_order":0,"comment_status":"closed","ping_status":"closed","template":"","meta":{"footnotes":""},"class_list":["post-591","page","type-page","status-publish","hentry"],"_links":{"self":[{"href":"https:\/\/concess.transport-manager.net\/hvb\/wp-json\/wp\/v2\/pages\/591","targetHints":{"allow":["GET"]}}],"collection":[{"href":"https:\/\/concess.transport-manager.net\/hvb\/wp-json\/wp\/v2\/pages"}],"about":[{"href":"https:\/\/concess.transport-manager.net\/hvb\/wp-json\/wp\/v2\/types\/page"}],"author":[{"embeddable":true,"href":"https:\/\/concess.transport-manager.net\/hvb\/wp-json\/wp\/v2\/users\/17"}],"replies":[{"embeddable":true,"href":"https:\/\/concess.transport-manager.net\/hvb\/wp-json\/wp\/v2\/comments?post=591"}],"version-history":[{"count":1,"href":"https:\/\/concess.transport-manager.net\/hvb\/wp-json\/wp\/v2\/pages\/591\/revisions"}],"predecessor-version":[{"id":594,"href":"https:\/\/concess.transport-manager.net\/hvb\/wp-json\/wp\/v2\/pages\/591\/revisions\/594"}],"wp:attachment":[{"href":"https:\/\/concess.transport-manager.net\/hvb\/wp-json\/wp\/v2\/media?parent=591"}],"curies":[{"name":"wp","href":"https:\/\/api.w.org\/{rel}","templated":true}]}}