{"id":1015,"date":"2023-08-11T14:35:28","date_gmt":"2023-08-11T12:35:28","guid":{"rendered":"https:\/\/concess.transport-manager.net\/iveco\/?page_id=1015"},"modified":"2025-10-09T20:09:23","modified_gmt":"2025-10-09T18:09:23","slug":"historique-des-reglement","status":"publish","type":"page","link":"https:\/\/concess.transport-manager.net\/iveco\/historique-des-reglement\/","title":{"rendered":"HISTORIQUE DES REGLEMENTS:"},"content":{"rendered":"\n<p>Dans un soucis de transparence, la concession IVECO met \u00e0 votre disposition un historique des r\u00e8glements : <\/p>\n\n\n\n<p>Le r\u00e8glement actuel :  <\/p>\n\n\n\n<figure class=\"wp-block-embed is-type-wp-embed is-provider-iveco-bus wp-block-embed-iveco-bus\"><div class=\"wp-block-embed__wrapper\">\n<blockquote class=\"wp-embedded-content\" data-secret=\"r61JDYJCNi\"><a href=\"https:\/\/concess.transport-manager.net\/iveco\/reglement-6\/\">REGLEMENT<\/a><\/blockquote><iframe loading=\"lazy\" class=\"wp-embedded-content\" sandbox=\"allow-scripts\" security=\"restricted\" style=\"position: absolute; visibility: hidden;\" title=\"\u00ab\u00a0REGLEMENT\u00a0\u00bb &#8212; Iveco Bus\" src=\"https:\/\/concess.transport-manager.net\/iveco\/reglement-6\/embed\/#?secret=uk3zTWZXVq#?secret=r61JDYJCNi\" data-secret=\"r61JDYJCNi\" width=\"600\" height=\"338\" frameborder=\"0\" marginwidth=\"0\" marginheight=\"0\" scrolling=\"no\"><\/iframe>\n<\/div><\/figure>\n\n\n\n<p>Le r\u00e8glement du 16\/06\/2025 au 09\/10\/2025 :<\/p>\n\n\n\n<figure class=\"wp-block-embed is-type-wp-embed is-provider-iveco-bus wp-block-embed-iveco-bus\"><div class=\"wp-block-embed__wrapper\">\n<blockquote class=\"wp-embedded-content\" data-secret=\"kwC1Ws7lK3\"><a href=\"https:\/\/concess.transport-manager.net\/iveco\/reglement-5\/\">REGLEMENT 16\/06\/2025 au 09\/10\/2025<\/a><\/blockquote><iframe loading=\"lazy\" class=\"wp-embedded-content\" sandbox=\"allow-scripts\" security=\"restricted\" style=\"position: absolute; visibility: hidden;\" title=\"\u00ab\u00a0REGLEMENT 16\/06\/2025 au 09\/10\/2025\u00a0\u00bb &#8212; Iveco Bus\" src=\"https:\/\/concess.transport-manager.net\/iveco\/reglement-5\/embed\/#?secret=HyG11R7mJ6#?secret=kwC1Ws7lK3\" data-secret=\"kwC1Ws7lK3\" width=\"600\" height=\"338\" frameborder=\"0\" marginwidth=\"0\" marginheight=\"0\" scrolling=\"no\"><\/iframe>\n<\/div><\/figure>\n\n\n\n<p>Le r\u00e8glement du 14\/01\/2025 au 15\/06\/2025 :<\/p>\n\n\n\n<figure class=\"wp-block-embed is-type-wp-embed is-provider-iveco-bus wp-block-embed-iveco-bus\"><div class=\"wp-block-embed__wrapper\">\n<blockquote class=\"wp-embedded-content\" data-secret=\"aGXM1dieDJ\"><a href=\"https:\/\/concess.transport-manager.net\/iveco\/reglement-4\/\">REGLEMENT 14\/01\/2025 au 15\/06\/2025<\/a><\/blockquote><iframe loading=\"lazy\" class=\"wp-embedded-content\" sandbox=\"allow-scripts\" security=\"restricted\" style=\"position: absolute; visibility: hidden;\" title=\"\u00ab\u00a0REGLEMENT 14\/01\/2025 au 15\/06\/2025\u00a0\u00bb &#8212; Iveco Bus\" src=\"https:\/\/concess.transport-manager.net\/iveco\/reglement-4\/embed\/#?secret=75G2rSLXeI#?secret=aGXM1dieDJ\" data-secret=\"aGXM1dieDJ\" width=\"600\" height=\"338\" frameborder=\"0\" marginwidth=\"0\" marginheight=\"0\" scrolling=\"no\"><\/iframe>\n<\/div><\/figure>\n\n\n\n<p>Le r\u00e8glement du 20\/01\/2024 au 13\/01\/2025 :<\/p>\n\n\n\n<figure class=\"wp-block-embed is-type-wp-embed is-provider-iveco-bus wp-block-embed-iveco-bus\"><div class=\"wp-block-embed__wrapper\">\n<blockquote class=\"wp-embedded-content\" data-secret=\"zPlKuh96Fo\"><a href=\"https:\/\/concess.transport-manager.net\/iveco\/reglement-20-01-2024-au-13-01-2025\/\">REGLEMENT 20\/01\/2024 au 13\/01\/2025<\/a><\/blockquote><iframe loading=\"lazy\" class=\"wp-embedded-content\" sandbox=\"allow-scripts\" security=\"restricted\" style=\"position: absolute; visibility: hidden;\" title=\"\u00ab\u00a0REGLEMENT 20\/01\/2024 au 13\/01\/2025\u00a0\u00bb &#8212; Iveco Bus\" src=\"https:\/\/concess.transport-manager.net\/iveco\/reglement-20-01-2024-au-13-01-2025\/embed\/#?secret=31j56q7q0y#?secret=zPlKuh96Fo\" data-secret=\"zPlKuh96Fo\" width=\"600\" height=\"338\" frameborder=\"0\" marginwidth=\"0\" marginheight=\"0\" scrolling=\"no\"><\/iframe>\n<\/div><\/figure>\n\n\n\n<p>Le r\u00e8glement du 17\/10\/2024 au 19\/01\/2024 : <\/p>\n\n\n\n<figure class=\"wp-block-embed is-type-wp-embed is-provider-iveco-bus wp-block-embed-iveco-bus\"><div class=\"wp-block-embed__wrapper\">\n<blockquote class=\"wp-embedded-content\" data-secret=\"IgaXNDZqh7\"><a href=\"https:\/\/concess.transport-manager.net\/iveco\/reglementjusquau20-01-2024\/\">REGLEMENT 17\/10\/2023 &#8211; 19\/01\/2024<\/a><\/blockquote><iframe loading=\"lazy\" class=\"wp-embedded-content\" sandbox=\"allow-scripts\" security=\"restricted\" style=\"position: absolute; visibility: hidden;\" title=\"\u00ab\u00a0REGLEMENT 17\/10\/2023 &#8211; 19\/01\/2024\u00a0\u00bb &#8212; Iveco Bus\" src=\"https:\/\/concess.transport-manager.net\/iveco\/reglementjusquau20-01-2024\/embed\/#?secret=PNiICHkUrQ#?secret=IgaXNDZqh7\" data-secret=\"IgaXNDZqh7\" width=\"600\" height=\"338\" frameborder=\"0\" marginwidth=\"0\" marginheight=\"0\" scrolling=\"no\"><\/iframe>\n<\/div><\/figure>\n\n\n\n<p>Le r\u00e8glement du 12\/08\/2023 au 16\/10\/2023 : <\/p>\n\n\n\n<figure class=\"wp-block-embed is-type-wp-embed is-provider-iveco-bus wp-block-embed-iveco-bus\"><div class=\"wp-block-embed__wrapper\">\n<blockquote class=\"wp-embedded-content\" data-secret=\"ivd9qKphDE\"><a href=\"https:\/\/concess.transport-manager.net\/iveco\/reglement-du-xx-xx-xxxx-au-16-11-2023\/\">Du 12\/08\/2023 au 16\/11\/2023<\/a><\/blockquote><iframe loading=\"lazy\" class=\"wp-embedded-content\" sandbox=\"allow-scripts\" security=\"restricted\" style=\"position: absolute; visibility: hidden;\" title=\"\u00ab\u00a0Du 12\/08\/2023 au 16\/11\/2023\u00a0\u00bb &#8212; Iveco Bus\" src=\"https:\/\/concess.transport-manager.net\/iveco\/reglement-du-xx-xx-xxxx-au-16-11-2023\/embed\/#?secret=iyiPSnQbfT#?secret=ivd9qKphDE\" data-secret=\"ivd9qKphDE\" width=\"600\" height=\"338\" frameborder=\"0\" marginwidth=\"0\" marginheight=\"0\" scrolling=\"no\"><\/iframe>\n<\/div><\/figure>\n\n\n\n<p>Le r\u00e8glement du 07\/05\/2023 au 11\/08\/2023 : <\/p>\n\n\n\n<figure class=\"wp-block-embed is-type-wp-embed is-provider-iveco-bus wp-block-embed-iveco-bus\"><div class=\"wp-block-embed__wrapper\">\n<blockquote class=\"wp-embedded-content\" data-secret=\"eJLe1uxK9f\"><a href=\"https:\/\/concess.transport-manager.net\/iveco\/reglement-actuel\/\">du 07\/05\/2023 au 11\/08\/2023<\/a><\/blockquote><iframe loading=\"lazy\" class=\"wp-embedded-content\" sandbox=\"allow-scripts\" security=\"restricted\" style=\"position: absolute; visibility: hidden;\" title=\"\u00ab\u00a0du 07\/05\/2023 au 11\/08\/2023\u00a0\u00bb &#8212; Iveco Bus\" src=\"https:\/\/concess.transport-manager.net\/iveco\/reglement-actuel\/embed\/#?secret=LrBkKl6Qvq#?secret=eJLe1uxK9f\" data-secret=\"eJLe1uxK9f\" width=\"600\" height=\"338\" frameborder=\"0\" marginwidth=\"0\" marginheight=\"0\" scrolling=\"no\"><\/iframe>\n<\/div><\/figure>\n\n\n\n<p>Le r\u00e8glement du 18\/02\/2023 au 06\/05\/2023<\/p>\n\n\n\n<figure class=\"wp-block-embed is-type-wp-embed is-provider-iveco-bus wp-block-embed-iveco-bus\"><div class=\"wp-block-embed__wrapper\">\n<blockquote class=\"wp-embedded-content\" data-secret=\"hMFD4eWKFv\"><a href=\"https:\/\/concess.transport-manager.net\/iveco\/reglement-2\/\">R\u00e8glement Du 18\/02\/2023 au 06\/05\/2023<\/a><\/blockquote><iframe loading=\"lazy\" class=\"wp-embedded-content\" sandbox=\"allow-scripts\" security=\"restricted\" style=\"position: absolute; visibility: hidden;\" title=\"\u00ab\u00a0R\u00e8glement Du 18\/02\/2023 au 06\/05\/2023\u00a0\u00bb &#8212; Iveco Bus\" src=\"https:\/\/concess.transport-manager.net\/iveco\/reglement-2\/embed\/#?secret=dmLeiy1zij#?secret=hMFD4eWKFv\" data-secret=\"hMFD4eWKFv\" width=\"600\" height=\"338\" frameborder=\"0\" marginwidth=\"0\" marginheight=\"0\" scrolling=\"no\"><\/iframe>\n<\/div><\/figure>\n\n\n\n<p>Le r\u00e8glement du 17\/01\/2023 au 17\/02\/2023<\/p>\n\n\n\n<figure class=\"wp-block-embed is-type-wp-embed is-provider-iveco-bus wp-block-embed-iveco-bus\"><div class=\"wp-block-embed__wrapper\">\n<blockquote class=\"wp-embedded-content\" data-secret=\"ZgHwSZwSxC\"><a href=\"https:\/\/concess.transport-manager.net\/iveco\/reglement-3\/\">R\u00e8glement Du 17\/01\/2023 au 17\/02\/2023<\/a><\/blockquote><iframe loading=\"lazy\" class=\"wp-embedded-content\" sandbox=\"allow-scripts\" security=\"restricted\" style=\"position: absolute; visibility: hidden;\" title=\"\u00ab\u00a0R\u00e8glement Du 17\/01\/2023 au 17\/02\/2023\u00a0\u00bb &#8212; Iveco Bus\" src=\"https:\/\/concess.transport-manager.net\/iveco\/reglement-3\/embed\/#?secret=S8r9jdSwCS#?secret=ZgHwSZwSxC\" data-secret=\"ZgHwSZwSxC\" width=\"600\" height=\"338\" frameborder=\"0\" marginwidth=\"0\" marginheight=\"0\" scrolling=\"no\"><\/iframe>\n<\/div><\/figure>\n\n\n\n<p>Le r\u00e8glement du 13\/08\/2022 au 16\/01\/2023 :<\/p>\n\n\n\n<figure class=\"wp-block-embed is-type-wp-embed is-provider-iveco-bus wp-block-embed-iveco-bus\"><div class=\"wp-block-embed__wrapper\">\n<blockquote class=\"wp-embedded-content\" data-secret=\"j3KcF1i5cX\"><a href=\"https:\/\/concess.transport-manager.net\/iveco\/reglement\/\">R\u00e8glement (du 13\/08\/2022 au 16\/01\/2023)<\/a><\/blockquote><iframe loading=\"lazy\" class=\"wp-embedded-content\" sandbox=\"allow-scripts\" security=\"restricted\" style=\"position: absolute; visibility: hidden;\" title=\"\u00ab\u00a0R\u00e8glement (du 13\/08\/2022 au 16\/01\/2023)\u00a0\u00bb &#8212; Iveco Bus\" src=\"https:\/\/concess.transport-manager.net\/iveco\/reglement\/embed\/#?secret=dmHTrOw420#?secret=j3KcF1i5cX\" data-secret=\"j3KcF1i5cX\" width=\"600\" height=\"338\" frameborder=\"0\" marginwidth=\"0\" marginheight=\"0\" scrolling=\"no\"><\/iframe>\n<\/div><\/figure>\n\n\n\n<p>Ancienne fid\u00e9lit\u00e9 (jusqu&rsquo;au 19\/01\/2024) :<\/p>\n\n\n\n<figure class=\"wp-block-embed is-type-wp-embed is-provider-iveco-bus wp-block-embed-iveco-bus\"><div class=\"wp-block-embed__wrapper\">\n<blockquote class=\"wp-embedded-content\" data-secret=\"Ye4cNiosU2\"><a href=\"https:\/\/concess.transport-manager.net\/iveco\/fidelite\/\">La fid\u00e9lit\u00e9 (ancienne version)<\/a><\/blockquote><iframe loading=\"lazy\" class=\"wp-embedded-content\" sandbox=\"allow-scripts\" security=\"restricted\" style=\"position: absolute; visibility: hidden;\" title=\"\u00ab\u00a0La fid\u00e9lit\u00e9 (ancienne version)\u00a0\u00bb &#8212; Iveco Bus\" src=\"https:\/\/concess.transport-manager.net\/iveco\/fidelite\/embed\/#?secret=dNHTEbMMD0#?secret=Ye4cNiosU2\" data-secret=\"Ye4cNiosU2\" width=\"600\" height=\"338\" frameborder=\"0\" marginwidth=\"0\" marginheight=\"0\" scrolling=\"no\"><\/iframe>\n<\/div><\/figure>\n\n\n\n<p>Les r\u00e8glements des partenaires d&rsquo;IVECO BUS :<\/p>\n\n\n\n<figure class=\"wp-block-embed is-type-wp-embed is-provider-iveco-bus wp-block-embed-iveco-bus\"><div class=\"wp-block-embed__wrapper\">\n<blockquote class=\"wp-embedded-content\" data-secret=\"aKgmMaMZ8E\"><a href=\"https:\/\/concess.transport-manager.net\/iveco\/reglementation-partenaires\/\">REGLEMENTATION PARTENAIRES<\/a><\/blockquote><iframe loading=\"lazy\" class=\"wp-embedded-content\" sandbox=\"allow-scripts\" security=\"restricted\" style=\"position: absolute; visibility: hidden;\" title=\"\u00ab\u00a0REGLEMENTATION PARTENAIRES\u00a0\u00bb &#8212; Iveco Bus\" src=\"https:\/\/concess.transport-manager.net\/iveco\/reglementation-partenaires\/embed\/#?secret=b5hJVvwZug#?secret=aKgmMaMZ8E\" data-secret=\"aKgmMaMZ8E\" width=\"600\" height=\"338\" frameborder=\"0\" marginwidth=\"0\" marginheight=\"0\" scrolling=\"no\"><\/iframe>\n<\/div><\/figure>\n","protected":false},"excerpt":{"rendered":"<p>Dans un soucis de transparence, la concession IVECO met \u00e0 votre disposition un historique des r\u00e8glements : Le r\u00e8glement actuel : Le r\u00e8glement du 16\/06\/2025 au 09\/10\/2025 : Le r\u00e8glement du 14\/01\/2025 au 15\/06\/2025 : Le r\u00e8glement du 20\/01\/2024 au 13\/01\/2025 : Le r\u00e8glement du 17\/10\/2024 au 19\/01\/2024 : Le [&hellip;]<\/p>\n","protected":false},"author":14,"featured_media":0,"parent":0,"menu_order":0,"comment_status":"closed","ping_status":"closed","template":"","meta":{"footnotes":""},"class_list":["post-1015","page","type-page","status-publish","hentry"],"_links":{"self":[{"href":"https:\/\/concess.transport-manager.net\/iveco\/wp-json\/wp\/v2\/pages\/1015","targetHints":{"allow":["GET"]}}],"collection":[{"href":"https:\/\/concess.transport-manager.net\/iveco\/wp-json\/wp\/v2\/pages"}],"about":[{"href":"https:\/\/concess.transport-manager.net\/iveco\/wp-json\/wp\/v2\/types\/page"}],"author":[{"embeddable":true,"href":"https:\/\/concess.transport-manager.net\/iveco\/wp-json\/wp\/v2\/users\/14"}],"replies":[{"embeddable":true,"href":"https:\/\/concess.transport-manager.net\/iveco\/wp-json\/wp\/v2\/comments?post=1015"}],"version-history":[{"count":16,"href":"https:\/\/concess.transport-manager.net\/iveco\/wp-json\/wp\/v2\/pages\/1015\/revisions"}],"predecessor-version":[{"id":2687,"href":"https:\/\/concess.transport-manager.net\/iveco\/wp-json\/wp\/v2\/pages\/1015\/revisions\/2687"}],"wp:attachment":[{"href":"https:\/\/concess.transport-manager.net\/iveco\/wp-json\/wp\/v2\/media?parent=1015"}],"curies":[{"name":"wp","href":"https:\/\/api.w.org\/{rel}","templated":true}]}}