{"id":1345,"date":"2024-01-20T15:30:22","date_gmt":"2024-01-20T14:30:22","guid":{"rendered":"https:\/\/concess.transport-manager.net\/iveco\/?page_id=1345"},"modified":"2026-02-18T02:51:26","modified_gmt":"2026-02-18T01:51:26","slug":"la-fidelite","status":"publish","type":"page","link":"https:\/\/concess.transport-manager.net\/iveco\/la-fidelite\/","title":{"rendered":"La fid\u00e9lit\u00e9"},"content":{"rendered":"<div class=\"wp-block-image\">\n<figure class=\"aligncenter size-full\"><img loading=\"lazy\" decoding=\"async\" width=\"622\" height=\"257\" src=\"https:\/\/concess.transport-manager.net\/iveco\/wp-content\/uploads\/sites\/8\/2024\/01\/la-fidelite.jpeg\" alt=\"\" class=\"wp-image-1437\" srcset=\"https:\/\/concess.transport-manager.net\/iveco\/wp-content\/uploads\/sites\/8\/2024\/01\/la-fidelite.jpeg 622w, https:\/\/concess.transport-manager.net\/iveco\/wp-content\/uploads\/sites\/8\/2024\/01\/la-fidelite-300x124.jpeg 300w\" sizes=\"auto, (max-width: 622px) 100vw, 622px\" \/><\/figure>\n<\/div>\n\n\n<p>Nous vous rappelons qu&rsquo;un client dispose sans fid\u00e9lit\u00e9 des avantages suivants:<\/p>\n\n\n\n<ul class=\"wp-block-list\">\n<li>Garantie des v\u00e9hicules neuf 2 ans<\/li>\n\n\n\n<li>Garantie des v\u00e9hicules d&rsquo;occasion 6 mois<\/li>\n\n\n\n<li>Contr\u00f4le technique et immatriculation offerte<\/li>\n\n\n\n<li>Cr\u00e9dit en Banque Azur \u00e0 taux r\u00e9duit <\/li>\n<\/ul>\n\n\n\n<h2 class=\"wp-block-heading has-text-align-center\">Notre programme de fid\u00e9lit\u00e9 joueurs : <\/h2>\n\n\n\n<h2 class=\"wp-block-heading has-text-align-center\">Le Super Investisseur<\/h2>\n\n\n<div class=\"wp-block-image\">\n<figure class=\"aligncenter size-full is-resized\"><img loading=\"lazy\" decoding=\"async\" width=\"200\" height=\"200\" src=\"https:\/\/concess.transport-manager.net\/iveco\/wp-content\/uploads\/sites\/8\/2024\/01\/investisseur.png\" alt=\"\" class=\"wp-image-1347\" style=\"width:92px;height:auto\" srcset=\"https:\/\/concess.transport-manager.net\/iveco\/wp-content\/uploads\/sites\/8\/2024\/01\/investisseur.png 200w, https:\/\/concess.transport-manager.net\/iveco\/wp-content\/uploads\/sites\/8\/2024\/01\/investisseur-150x150.png 150w\" sizes=\"auto, (max-width: 200px) 100vw, 200px\" \/><\/figure>\n<\/div>\n\n\n<h5 class=\"wp-block-heading has-text-align-center\">Car votre concession IVECO sait \u00e0 quel point il est important d&rsquo;agrandir ou de renouveler votre parc joueur, nous vous proposons la formule indispensable et unique pour votre soci\u00e9t\u00e9:<\/h5>\n\n\n\n<ul class=\"wp-block-list\">\n<li>Garantie des v\u00e9hicules neuf 4 ans<\/li>\n\n\n\n<li>Garantie des v\u00e9hicules d&rsquo;occasion 1 an<\/li>\n\n\n\n<li>Contr\u00f4le technique et immatriculation offerte <\/li>\n\n\n\n<li>Cr\u00e9dit en banque Azur \u00e0 taux 0% <\/li>\n\n\n\n<li>R\u00e9duction sur les devis de 6% ou 8% d\u00e8s 12 v\u00e9hicules<sup>1<\/sup><\/li>\n\n\n\n<li>Reprise \u00e0 l&rsquo;argus <sup>3<\/sup><\/li>\n\n\n\n<li>Cagnottage automatique de 10% la valeur d&rsquo;une location<sup>4<\/sup><\/li>\n\n\n\n<li>Aucune p\u00e9nalit\u00e9 locative<sup>5<\/sup><\/li>\n\n\n\n<li>Options d&rsquo;atelier offertes<sup>6<\/sup><\/li>\n\n\n\n<li>Prise en charge des v\u00e9hicules sous garantie avec une anciennet\u00e9 de r\u00e9vision 1 an au lieu de 6 mois<\/li>\n<\/ul>\n\n\n\n<blockquote class=\"wp-block-quote is-layout-flow wp-block-quote-is-layout-flow\">\n<p>120 000 \u20ac \/ par an <sup>7<\/sup><\/p>\n<\/blockquote>\n\n\n\n<h3 class=\"wp-block-heading\">Alors n&rsquo;attendez plus, souscrivez maintenant \u00e0 votre contrat de fid\u00e9lit\u00e9 ! <\/h3>\n\n\n\n<div style=\"height:23px\" aria-hidden=\"true\" class=\"wp-block-spacer\"><\/div>\n\n\n\n<div class=\"wp-block-buttons is-content-justification-center is-layout-flex wp-container-core-buttons-is-layout-a89b3969 wp-block-buttons-is-layout-flex\">\n<div class=\"wp-block-button\"><a class=\"wp-block-button__link wp-element-button\" href=\"https:\/\/transport-manager.net\/jeu\/sendconcess.php?p=ivecofidelite\" target=\"_blank\" rel=\"noreferrer noopener\">Formulaire de souscription<\/a><\/div>\n\n\n\n<div class=\"wp-block-button\"><a class=\"wp-block-button__link wp-element-button\" href=\"https:\/\/docs.google.com\/spreadsheets\/d\/e\/2PACX-1vQsk1EUGfQ3klkv0bBmM3mbWcaHFYs_lk23uXiMko2S5Yw3kMPDAGKe8IyzGmrV7HsGaqLJuAwxC0w3\/pubhtml?gid=730589524&amp;single=true\" target=\"_blank\" rel=\"noreferrer noopener\">Tableau de fid\u00e9lit\u00e9 <\/a><\/div>\n<\/div>\n\n\n\n<div style=\"height:100px\" aria-hidden=\"true\" class=\"wp-block-spacer\"><\/div>\n\n\n\n<blockquote class=\"wp-block-quote is-layout-flow wp-block-quote-is-layout-flow\">\n<p><sup>1 <\/sup><em>: D\u00e8s 12 v\u00e9hicules sur un m\u00eame devis<\/em><\/p>\n\n\n\n<p><sup>3<\/sup>: Pour les reprises, le v\u00e9hicule doit avoir au moins 1 an ou d\u00e9passer un kilom\u00e9trage de 50 000 km. Le v\u00e9hicule doit \u00eatre en bon \u00e9tat (au moins 60% d&rsquo;\u00e9tat moteur) et ne pas \u00eatre en panne. Pas plus de v\u00e9hicules repris que de v\u00e9hicules livr\u00e9s, et la valeur des reprises ne peut d\u00e9pass\u00e9e celle du devis. Cependant une tarification conforme de -25% peut \u00eatre propos\u00e9e pour les v\u00e9hicules ne correspondant pas aux crit\u00e8res. (Reprise \u00e0 argus -15% pour les joueurs sans fid\u00e9lit\u00e9).<\/p>\n\n\n\n<p><sup>4<\/sup>: Pour une location r\u00e9alis\u00e9 chez Iveco, la cagnotte ne peut d\u00e9passer les 100 000\u20ac, la cagnotte doit \u00eatre utilis\u00e9e durant la p\u00e9riode de validit\u00e9 de votre programme sur un nouveau devis. (hors renouvellement) <\/p>\n\n\n\n<p><sup>5<\/sup> : La concession se r\u00e9serve le droit d&rsquo;interrompre les contrats publicitaires <\/p>\n\n\n\n<p><sup>6<\/sup>: Les options suivantes : Panneaux pub avant \/ lat\u00e9rale \/ arri\u00e8re \/ radio \/ Ethylotest<\/p>\n\n\n\n<p><sup>7<\/sup> : Dans le cadre d&rsquo;une tacite de reconduction, cette tarification peut \u00eatre r\u00e9duite (la tacite de reconduction peut \u00eatre rompue \u00e0 partir de 8 mois apr\u00e8s souscription sinon majoration afin de niveler la tarification au prix total initial x 4 )<\/p>\n\n\n\n<p>* : Tous les programmes sont soumis au r\u00e8glement de la concession IVECO<\/p>\n<\/blockquote>\n","protected":false},"excerpt":{"rendered":"<p>Nous vous rappelons qu&rsquo;un client dispose sans fid\u00e9lit\u00e9 des avantages suivants: Notre programme de fid\u00e9lit\u00e9 joueurs : Le Super Investisseur Car votre concession IVECO sait \u00e0 quel point il est important d&rsquo;agrandir ou de renouveler votre parc joueur, nous vous proposons la formule indispensable et unique pour votre soci\u00e9t\u00e9: 120 [&hellip;]<\/p>\n","protected":false},"author":14,"featured_media":0,"parent":0,"menu_order":0,"comment_status":"closed","ping_status":"closed","template":"","meta":{"footnotes":""},"class_list":["post-1345","page","type-page","status-publish","hentry"],"_links":{"self":[{"href":"https:\/\/concess.transport-manager.net\/iveco\/wp-json\/wp\/v2\/pages\/1345","targetHints":{"allow":["GET"]}}],"collection":[{"href":"https:\/\/concess.transport-manager.net\/iveco\/wp-json\/wp\/v2\/pages"}],"about":[{"href":"https:\/\/concess.transport-manager.net\/iveco\/wp-json\/wp\/v2\/types\/page"}],"author":[{"embeddable":true,"href":"https:\/\/concess.transport-manager.net\/iveco\/wp-json\/wp\/v2\/users\/14"}],"replies":[{"embeddable":true,"href":"https:\/\/concess.transport-manager.net\/iveco\/wp-json\/wp\/v2\/comments?post=1345"}],"version-history":[{"count":18,"href":"https:\/\/concess.transport-manager.net\/iveco\/wp-json\/wp\/v2\/pages\/1345\/revisions"}],"predecessor-version":[{"id":3037,"href":"https:\/\/concess.transport-manager.net\/iveco\/wp-json\/wp\/v2\/pages\/1345\/revisions\/3037"}],"wp:attachment":[{"href":"https:\/\/concess.transport-manager.net\/iveco\/wp-json\/wp\/v2\/media?parent=1345"}],"curies":[{"name":"wp","href":"https:\/\/api.w.org\/{rel}","templated":true}]}}