{"id":1352,"date":"2024-01-06T21:49:03","date_gmt":"2024-01-06T20:49:03","guid":{"rendered":"https:\/\/concess.transport-manager.net\/iveco\/?page_id=1352"},"modified":"2025-11-10T17:35:56","modified_gmt":"2025-11-10T16:35:56","slug":"la-fidelite-alliance","status":"publish","type":"page","link":"https:\/\/concess.transport-manager.net\/iveco\/la-fidelite-alliance\/","title":{"rendered":"La fid\u00e9lit\u00e9 alliance"},"content":{"rendered":"<div class=\"wp-block-image\">\n<figure class=\"aligncenter size-full\"><img loading=\"lazy\" decoding=\"async\" width=\"622\" height=\"257\" src=\"https:\/\/concess.transport-manager.net\/iveco\/wp-content\/uploads\/sites\/8\/2024\/01\/la-fidelite-1.jpeg\" alt=\"\" class=\"wp-image-1446\" srcset=\"https:\/\/concess.transport-manager.net\/iveco\/wp-content\/uploads\/sites\/8\/2024\/01\/la-fidelite-1.jpeg 622w, https:\/\/concess.transport-manager.net\/iveco\/wp-content\/uploads\/sites\/8\/2024\/01\/la-fidelite-1-300x124.jpeg 300w\" sizes=\"auto, (max-width: 622px) 100vw, 622px\" \/><\/figure>\n<\/div>\n\n\n<h5 class=\"wp-block-heading\">Car la concession IVECO connait l&rsquo;importance des alliances sur Transport Manager mais surtout pour les joueurs, cette ann\u00e9e est l&rsquo;occasion de nouer de solides liens avec les alliances :<\/h5>\n\n\n\n<p><\/p>\n\n\n\n<h2 class=\"wp-block-heading has-text-align-center\">Notre programme alliance : <\/h2>\n\n\n\n<h2 class=\"wp-block-heading has-text-align-center\">Le taureau rouge<\/h2>\n\n\n<div class=\"wp-block-image\">\n<figure class=\"aligncenter size-full is-resized\"><img loading=\"lazy\" decoding=\"async\" width=\"200\" height=\"200\" src=\"https:\/\/concess.transport-manager.net\/iveco\/wp-content\/uploads\/sites\/8\/2024\/01\/redbull.png\" alt=\"\" class=\"wp-image-1441\" style=\"width:92px;height:auto\" srcset=\"https:\/\/concess.transport-manager.net\/iveco\/wp-content\/uploads\/sites\/8\/2024\/01\/redbull.png 200w, https:\/\/concess.transport-manager.net\/iveco\/wp-content\/uploads\/sites\/8\/2024\/01\/redbull-150x150.png 150w\" sizes=\"auto, (max-width: 200px) 100vw, 200px\" \/><\/figure>\n<\/div>\n\n\n<p>Avantages pour l&rsquo;alliances :<\/p>\n\n\n\n<ul class=\"wp-block-list\">\n<li>Garantie des v\u00e9hicules neuf 4 ans pour l&rsquo;alliance<\/li>\n\n\n\n<li>Garantie des v\u00e9hicules d&rsquo;occasion 2 ans<\/li>\n\n\n\n<li>Contr\u00f4le technique et immatriculation offerte <\/li>\n\n\n\n<li>R\u00e9duction sur les devis de 9 % ou 11 % d\u00e8s 12 v\u00e9hicules<sup>1<\/sup><\/li>\n\n\n\n<li>Reprise \u00e0 l&rsquo;argus <sup>3<\/sup><\/li>\n\n\n\n<li>Options d&rsquo;atelier offertes<sup>6<\/sup><\/li>\n\n\n\n<li>Possibilit\u00e9 de mise en place d&rsquo;un parc locatif d\u00e9di\u00e9 avec tarification \u00e0 -15% du tarif en vigueur chez IVECO<sup>7<\/sup><\/li>\n<\/ul>\n\n\n\n<p>Avantages pour les joueurs <\/p>\n\n\n\n<ul class=\"wp-block-list\">\n<li>Garantie des v\u00e9hicules neuf 3 ans pour les achats group\u00e9s <\/li>\n\n\n\n<li>Garantie des v\u00e9hicules d&rsquo;occasion 1 ans pour les achats group\u00e9s <\/li>\n\n\n\n<li>B\u00e9n\u00e9ficie de tous les avantages tarifaires de l&rsquo;alliance lors d&rsquo;un achat group\u00e9<\/li>\n\n\n\n<li>Aucune p\u00e9nalit\u00e9 locative dans le parc d\u00e9di\u00e9 <sup>5<\/sup><\/li>\n\n\n\n<li>Tarification r\u00e9duite \u00e0 100 000\u20ac<sup>8<\/sup> pour l&rsquo;adh\u00e9sion au programme Super Investisseur<\/li>\n<\/ul>\n\n\n\n<p><\/p>\n\n\n\n<blockquote class=\"wp-block-quote is-layout-flow wp-block-quote-is-layout-flow\">\n<p>Tarif alliance de moins de 15 membres : 170 000 \u20ac \/ par an<\/p>\n\n\n\n<p>Tarif alliance ayant entre 15 et 30 membres : 220 000\u20ac \/ par an<\/p>\n\n\n\n<p>Tarif alliance ayant entre 31 et 45 membres : 250 000\u20ac \/ par an<\/p>\n\n\n\n<p>Tarif alliance ayant entre 46 et 60 membres : 310 000\u20ac \/ par an<\/p>\n<\/blockquote>\n\n\n\n<h3 class=\"wp-block-heading\">Alors n&rsquo;attendez plus, souscrivez maintenant \u00e0 votre contrat de fid\u00e9lit\u00e9 ! <\/h3>\n\n\n\n<div style=\"height:23px\" aria-hidden=\"true\" class=\"wp-block-spacer\"><\/div>\n\n\n\n<div class=\"wp-block-buttons is-content-justification-center is-layout-flex wp-container-core-buttons-is-layout-a89b3969 wp-block-buttons-is-layout-flex\">\n\n\n<div class=\"wp-block-button\"><a class=\"wp-block-button__link wp-element-button\" href=\"https:\/\/docs.google.com\/spreadsheets\/d\/e\/2PACX-1vQsk1EUGfQ3klkv0bBmM3mbWcaHFYs_lk23uXiMko2S5Yw3kMPDAGKe8IyzGmrV7HsGaqLJuAwxC0w3\/pubhtml?gid=730589524&amp;single=true\" target=\"_blank\" rel=\"noreferrer noopener\">Tableau de fid\u00e9lit\u00e9 <\/a><\/div>\n<\/div>\n\n\n\n<div style=\"height:100px\" aria-hidden=\"true\" class=\"wp-block-spacer\"><\/div>\n\n\n\n<blockquote class=\"wp-block-quote is-layout-flow wp-block-quote-is-layout-flow\">\n<p><sup>1 <\/sup><em>: D\u00e8s 12 v\u00e9hicules sur un m\u00eame devis ou sur les devis d&rsquo;un m\u00eame sujet forum<\/em><\/p>\n\n\n\n<p><sup>3<\/sup>:  Pour les reprises, le v\u00e9hicule doit avoir au moins 1 an ou d\u00e9passer un kilom\u00e9trage de 50 000 km. Le v\u00e9hicule doit \u00eatre en bon \u00e9tat (au moins 60%) et ne pas \u00eatre en panne. Pas plus de v\u00e9hicules repris que de v\u00e9hicules livr\u00e9s, et la valeur des reprises ne peut d\u00e9pass\u00e9e celle du devis.<\/p>\n\n\n\n<p><sup>4<\/sup>: Pour une location r\u00e9alis\u00e9 chez Iveco, la cagnotte ne peut d\u00e9passer les 100 000\u20ac, la cagnotte doit \u00eatre utilis\u00e9e durant la p\u00e9riode de validit\u00e9 de votre programme sur un nouveau devis. (hors renouvellement) <\/p>\n\n\n\n<p><sup>5<\/sup> : La concession se r\u00e9serve le droit d&rsquo;interrompre les contrats publicitaires <\/p>\n\n\n\n<p><sup>6<\/sup>: Les options suivantes : Panneaux pub avant \/ lat\u00e9rale \/ arri\u00e8re \/ radio \/ Ethylotest<\/p>\n\n\n\n<p><sup>7<\/sup>: Le r\u00e8glement des locations de la concession IVECO s&rsquo;y applique donc<\/p>\n\n\n\n<p><sup>8<\/sup> : Dans le cadre d&rsquo;une tacite de reconduction, cette tarification peut \u00eatre r\u00e9duite (la tacite de reconduction peut \u00eatre rompue \u00e0 partir de 8 mois apr\u00e8s souscription sinon majoration afin de niveler la tarification au prix initial ) <\/p>\n\n\n\n<p>* : Tous les programmes sont soumis au r\u00e8glement de la concession IVECO<\/p>\n<\/blockquote>\n","protected":false},"excerpt":{"rendered":"<p>Car la concession IVECO connait l&rsquo;importance des alliances sur Transport Manager mais surtout pour les joueurs, cette ann\u00e9e est l&rsquo;occasion de nouer de solides liens avec les alliances : Notre programme alliance : Le taureau rouge Avantages pour l&rsquo;alliances : Avantages pour les joueurs Tarif alliance de moins de 15 [&hellip;]<\/p>\n","protected":false},"author":14,"featured_media":0,"parent":0,"menu_order":0,"comment_status":"closed","ping_status":"closed","template":"","meta":{"footnotes":""},"class_list":["post-1352","page","type-page","status-publish","hentry"],"_links":{"self":[{"href":"https:\/\/concess.transport-manager.net\/iveco\/wp-json\/wp\/v2\/pages\/1352","targetHints":{"allow":["GET"]}}],"collection":[{"href":"https:\/\/concess.transport-manager.net\/iveco\/wp-json\/wp\/v2\/pages"}],"about":[{"href":"https:\/\/concess.transport-manager.net\/iveco\/wp-json\/wp\/v2\/types\/page"}],"author":[{"embeddable":true,"href":"https:\/\/concess.transport-manager.net\/iveco\/wp-json\/wp\/v2\/users\/14"}],"replies":[{"embeddable":true,"href":"https:\/\/concess.transport-manager.net\/iveco\/wp-json\/wp\/v2\/comments?post=1352"}],"version-history":[{"count":17,"href":"https:\/\/concess.transport-manager.net\/iveco\/wp-json\/wp\/v2\/pages\/1352\/revisions"}],"predecessor-version":[{"id":2337,"href":"https:\/\/concess.transport-manager.net\/iveco\/wp-json\/wp\/v2\/pages\/1352\/revisions\/2337"}],"wp:attachment":[{"href":"https:\/\/concess.transport-manager.net\/iveco\/wp-json\/wp\/v2\/media?parent=1352"}],"curies":[{"name":"wp","href":"https:\/\/api.w.org\/{rel}","templated":true}]}}