{"id":1453,"date":"2024-01-20T19:11:03","date_gmt":"2024-01-20T18:11:03","guid":{"rendered":"https:\/\/concess.transport-manager.net\/iveco\/?page_id=1453"},"modified":"2025-01-13T22:26:10","modified_gmt":"2025-01-13T21:26:10","slug":"reglement-20-01-2024-au-13-01-2025","status":"publish","type":"page","link":"https:\/\/concess.transport-manager.net\/iveco\/reglement-20-01-2024-au-13-01-2025\/","title":{"rendered":"REGLEMENT 20\/01\/2024 au 13\/01\/2025"},"content":{"rendered":"\n<p>Si vous souhaitez ouvrir un devis chez nous, vous pouvez consultez notre catalogue neuf ou d\u2019occasion, afin de s\u00e9lectionner vos v\u00e9hicules.<\/p>\n\n\n\n<hr class=\"wp-block-separator has-alpha-channel-opacity\" \/>\n\n\n\n<p><strong>1.<\/strong>&nbsp;<strong>LE SITE INTERNET ET CONTACT<\/strong><\/p>\n\n\n\n<p>Le site internet de la concession permet de consulter toutes les informations importantes de la concession fictive d&rsquo;IVECO BUS avec nos diff\u00e9rents services, nos catalogues, nos informations ainsi que les possibilit\u00e9s pour nous contacter. Celui-ci est con\u00e7u afin d&rsquo;\u00eatre le plus complet possible, si vous avez un doute, vous pouvez contacter la concession.<\/p>\n\n\n\n<p>Pour contacter la concession, les messages priv\u00e9s jeu ainsi que le Allo IVECO sont \u00e0 votre disposition. Toute cr\u00e9ation de sujet sur le forum d&rsquo;IVECO de la part d&rsquo;un joueur l&rsquo;expose en premier temps \u00e0 une p\u00e9nalit\u00e9 financi\u00e8re de 20 000\u20ac et en cas de r\u00e9cidive \u00e0 une blacklist de la concession.<\/p>\n\n\n\n<p>La concession ne traite aucune demande sans les basiques de la politesse : \u00ab&nbsp;bonjour&nbsp;\u00bb, \u00ab&nbsp;merci&nbsp;\u00bb, ce que vous voulez\u2026 mais mettez-y les formes !&nbsp;<\/p>\n\n\n\n<p>La concession se r\u00e9serve le droit de ne pas r\u00e9pondre \u00e0 une demande de devis dans le cas ou celle ci n\u2019est pas conforme au catalogue ou au r\u00e8glement de la concession.<\/p>\n\n\n\n<p>La concession se r\u00e9serve le droit de ne pas r\u00e9pondre \u00e0 une demande de location si celle ci n\u2019est pas conforme aux disponibilit\u00e9s ou aux v\u00e9hicules propos\u00e9s<\/p>\n\n\n\n<p>2<strong>.<\/strong>&nbsp;<strong>DEVIS<\/strong><\/p>\n\n\n\n<p>Pour effectuer une demande de devis, il est imp\u00e9ratif d&rsquo;user du formulaire ad\u00e9quat disponible sur le site de la concession.<\/p>\n\n\n\n<p>Les propositions ont une dur\u00e9e de validit\u00e9 de 1 mois \u00e0 compter de la date de publication du devis, c&rsquo;est le d\u00e9lai pour valider ou refuser un devis. L&rsquo;absence de r\u00e9ponse positive ou n\u00e9gative \u00e0 3 propositions de devis mettra le joueur en blacklist pendant 1an , entra\u00eenant l&rsquo;impossibilit\u00e9 de demander d&rsquo;autres devis dans la concession pendant cette p\u00e9riode.<br>Les devis valid\u00e9s doivent \u00eatre termin\u00e9s dans les 6 mois suivant la date de validation . Pour valider un devis, il suffit d&rsquo;en informer explicitement le concessionnaire dans le sujet concern\u00e9. Une fois ce d\u00e9lai d\u00e9pass\u00e9, la concession est en droit de pr\u00e9lever une indemnit\u00e9 de 15% sur le montant restant du devis. Le d\u00e9lais de commande peut \u00eatre rallong\u00e9 de fa\u00e7on exceptionnelle&nbsp;sur demande du client avant tout pr\u00e9l\u00e8vement d\u2019indemnit\u00e9 et avant mise en garde du concessionnaire .<br>Le client poss\u00e8de un droit de r\u00e9tractation de 7 jours (sauf s\u2019il commande les v\u00e9hicules) . Une fois ce d\u00e9lai \u00e9coul\u00e9, si le joueur n\u2019a pas encore command\u00e9 les v\u00e9hicules, mais qu\u2019il souhaite annuler le devis, la concession est en droit de pr\u00e9lever une indemnit\u00e9 de 15% sur le montant restant du devis. Un v\u00e9hicule livr\u00e9 et conforme au devis doit \u00eatre r\u00e9gl\u00e9 \u00e0 la concession m\u00eame dans le cadre de la cl\u00f4ture anticip\u00e9e du devis.<br>Lors d\u2019une demande de devis, merci de v\u00e9rifier la disponibilit\u00e9 de votre v\u00e9hicule dans la motorisation demand\u00e9e et le cas \u00e9ch\u00e9ant, l\u2019ann\u00e9e de production. Toute demande pour des v\u00e9hicules non disponibles&nbsp;est susceptible de ne pas \u00eatre trait\u00e9e.<\/p>\n\n\n\n<p>De m\u00eame, le joueur se doit de fournir des informations correctes lors d&rsquo;une demande devis, par son pseudo jeu \/ pseudo forum \/ niveau &#8230; Tout manquement peut entrainer une p\u00e9nalit\u00e9 d&rsquo;un montant de 20 000\u20ac. <\/p>\n\n\n\n<p><strong>3. LES COMMANDES<\/strong><\/p>\n\n\n\n<p>Une commande valid\u00e9e ne peut \u00eatre annul\u00e9e.<\/p>\n\n\n\n<p>Pour commander les v\u00e9hicules, il suffit d&rsquo;en informer le concessionnaire de fa\u00e7on explicite par exemple par un \u00ab\u00a0je commande les v\u00e9hicules\u00a0\u00bb.<br>Les d\u00e9lais de livraisons peuvent varier. Les v\u00e9hicules neufs sont globalement livr\u00e9s en 3 \u00e0 5 jours. Les v\u00e9hicules d\u2019occasions peuvent parfois \u00eatre livr\u00e9s 7 \u00e0 10 jours apr\u00e8s livraison en concession (ayant lieu le dimanche suivant la commande) . Les d\u00e9lais peuvent \u00e9galement \u00eatre rallong\u00e9s pour des raisons ind\u00e9pendantes de notre volont\u00e9, et la responsabilit\u00e9 de la concession ne peut \u00eatre engag\u00e9e.<\/p>\n\n\n\n<p>Apr\u00e8s commande, le joueur doit avoir pr\u00e9vu assez d&rsquo;espace dans ses d\u00e9p\u00f4ts pour accueillir les v\u00e9hicules command\u00e9s. Les frais de livraisons ne sont pas \u00e0 la charge du client mais si la livraison est impossible le jour de la livraison et que celle-ci est d\u00e9cal\u00e9e, des frais peuvent apparaitre \u00e0 hauteur de 5 000\u20ac par jour et par v\u00e9hicule.<\/p>\n\n\n\n<p>4<strong>. GARANTIE ET S.A.V<\/strong><\/p>\n\n\n\n<p>Sont exclu des garanties les pannes suivantes : durites perc\u00e9es,  pneus crev\u00e9s, Pneu lisse,&nbsp;Pneu abim\u00e9 accident de tout type, niveau de liquide de refroidissement trop bas, Hausse importante de temp\u00e9rature, probl\u00e8mes de freins, fuite d\u2019air circuit de freinage, fuite d\u2019huile, Grosse fuite d&rsquo;air, Probl\u00e8me de batteries  , D\u00e9gradations, Girouette HS, D\u00e9faut portes, Refus de CT&nbsp;ou toute panne concernant des consommables ou des manques de pr\u00e9caution. Toute panne couverte par la garantie constructeur doit faire l\u2019objet d\u2019une demande dans le formulaire ad\u00e9quat. Plus de d\u00e9tails sur la page la SAV :&nbsp;<a href=\"https:\/\/concess.transport-manager.net\/iveco\/sav\/\" target=\"_blank\" rel=\"noreferrer noopener\">https:\/\/concess.transport-manager.net\/iveco\/sav\/<\/a><\/p>\n\n\n\n<p>De plus les v\u00e9hicules doivent \u00eatre entretenus, avec des r\u00e9novations et r\u00e9visions au risque de ne pas avoir droit \u00e0 une prise en charge. Plus de d\u00e9tails sur la page la SAV :&nbsp;<a href=\"https:\/\/concess.transport-manager.net\/iveco\/sav\/\" target=\"_blank\" rel=\"noreferrer noopener\">https:\/\/concess.transport-manager.net\/iveco\/sav\/<\/a><\/p>\n\n\n\n<p>Tout v\u00e9hicule livr\u00e9 \u00e0 un joueur non conforme sont sujet \u00e0 modification ou d\u00e9dommagent par la concession cela dans un d\u00e9lai maximal de 1 mois apr\u00e8s livraison, sans modification et sans roulage du v\u00e9hicule.<\/p>\n\n\n\n<p><strong>5. LES FACTURES<\/strong><\/p>\n\n\n\n<p>Une fois la facture cr\u00e9\u00e9e, suite \u00e0 une vente ou une location, vous disposez de 15 jours pour la r\u00e9gler. Si dans les 15 jours, votre facture n\u2019est pas r\u00e9gl\u00e9e, la concession se chargera de solder la facture en appliquant 10% de p\u00e9nalit\u00e9s.<\/p>\n\n\n\n<p><strong>6. DROIT DE <strong>REFUS<\/strong><\/strong> <strong>ET PARTIQUES ABUSIVES<\/strong><\/p>\n\n\n\n<p>La concession se r\u00e9serve le droit de refuser une demande d\u2019un client pour une raison r\u00e9elle et s\u00e9rieuse. Un client peut \u00eatre en blacklist sur la totalit\u00e9 de la concession ou sur certains services pour des pratiques abusives ou un manque de politesse.<\/p>\n\n\n\n<p>7<strong>. LA FIDELITE<\/strong><\/p>\n\n\n\n<p>Tous les joueurs peuvent b\u00e9n\u00e9ficier d\u2019un contrat de fid\u00e9lit\u00e9. Celui ci est renouvelable au fil des ann\u00e9es .<\/p>\n\n\n\n<p>Le paiement du syst\u00e8me de fid\u00e9lit\u00e9 s\u2019effectue via pr\u00e9l\u00e8vement par la concession et votre statut est mis a jour sur le tableau mis a disposition.<\/p>\n\n\n\n<p>Pour b\u00e9n\u00e9ficier des avantages fid\u00e9lit\u00e9, il faut \u00e9videmment le renseigner \u00e0 la demande de devis.<\/p>\n\n\n\n<p>Il existe deux programmes de fid\u00e9lit\u00e9, le programme Super Investisseur (pour les joueurs) et le taureau rouge (pour les alliances)<\/p>\n\n\n\n<p>Tous les programmes de fid\u00e9lit\u00e9 sont souscrit pour 1 an<\/p>\n\n\n\n<p>Un programme de fid\u00e9lit\u00e9 n\u2019est pas r\u00e9troactif sur un devis d\u00e9j\u00e0 valid\u00e9 avant souscription d\u2019un programme<\/p>\n\n\n\n<p>Le programme de fid\u00e9lit\u00e9 Super Investisseur peut \u00eatre interrompu par le joueur mais celui ci n&rsquo;aura pas droit \u00e0 un remboursement. De m\u00eame, le programme de fid\u00e9lit\u00e9 taureau rouge peut \u00eatre interrompu par une alliance mais aucun remboursement ne peut \u00eatre demand\u00e9. <\/p>\n\n\n\n<p>Concernant les contrats de fid\u00e9lit\u00e9s Malicieux, Super Malicieux et investisseur, l&rsquo;application du pr\u00e9c\u00e9dent r\u00e8glement reste active jusqu&rsquo;\u00e0 l&rsquo;expiration de leur fid\u00e9lit\u00e9. Les passerelles de migration vers le nouveau programme est tout de m\u00eame mis \u00e0 disposition afin de faciliter la gestions des programme pour la concession mais aussi \u00e0 l&rsquo;avantage des joueurs. <\/p>\n\n\n\n<p>Tout renseignement d&rsquo;un programme de fid\u00e9lit\u00e9 dont le joueur ne dispose pas lors d&rsquo;une demande de devis ou de location est consid\u00e9r\u00e9 comme une fraude et expose le joueur \u00e0 la possibilit\u00e9 d&rsquo;\u00eatre blacklist<\/p>\n\n\n\n<p>Pour souscrire au programme Super investisseur, un joueur doit utiliser le formulaire ad\u00e9quat. Pour une alliance; la souscription se fait via contact avec la concession via mp jeu.<\/p>\n\n\n\n<p><strong>8. LES SERVICES<\/strong><\/p>\n\n\n\n<p>La concession met \u00e0 disposition des services tel que les ventes flash, les locations etc. Un r\u00e8glement est mis en avant sur chacune des pages de ces services afin de compl\u00e9ter le r\u00e8glement en vigueur. <\/p>\n\n\n\n<p>La concession disposes d&rsquo;un partenariat avec la banque et assurance Azur afin de vous proposer des cr\u00e9dits afin de faciliter le financement de vos achats mais aussi des contrats d&rsquo;assurance avantageux et moins couteux.<\/p>\n\n\n\n<p><strong>9. LES ELEMENTAIRES<\/strong><\/p>\n\n\n\n<p>Ce r\u00e8glement s\u2019applique \u00e0 tous les clients de la concession IVECO et est r\u00e9troactifs.<\/p>\n\n\n\n<p>Afin d&rsquo;\u00e9viter les demandes doublons, il est fortement d\u00e9conseill\u00e9 de faire plusieurs fois la m\u00eame demande   par impatience ou par doute de non r\u00e9ception par la concession. Si vous avez un doute, il pr\u00e9f\u00e9rable d&rsquo;en faire directement la demande via mp jeu \u00e0 la concession.<\/p>\n\n\n\n<p>En cas de litiges, vous \u00eates  invit\u00e9 \u00e0 la discussion avec votre concessionnaire, si aucune solution n&rsquo;est trouv\u00e9e , le concessionnaire comme le joueur peuvent saisir l\u2019administration de Transport Manager, pouvant prendre une d\u00e9cision neutre dont l&rsquo;objectif est de ne d\u00e9favoriser ni le joueur ni la concession IVECO BUS.<\/p>\n\n\n\n<p>Par soucis de transparence, la concession IVECO met a votre disposition l\u2019historique des r\u00e8glement :<\/p>\n\n\n\n<figure class=\"wp-block-embed is-type-wp-embed is-provider-iveco-bus wp-block-embed-iveco-bus\"><div class=\"wp-block-embed__wrapper\">\n<blockquote class=\"wp-embedded-content\" data-secret=\"UnRNprSOGR\"><a href=\"https:\/\/concess.transport-manager.net\/iveco\/historique-des-reglement\/\">HISTORIQUE DES REGLEMENTS:<\/a><\/blockquote><iframe loading=\"lazy\" class=\"wp-embedded-content\" sandbox=\"allow-scripts\" security=\"restricted\" style=\"position: absolute; visibility: hidden;\" title=\"\u00ab\u00a0HISTORIQUE DES REGLEMENTS:\u00a0\u00bb &#8212; Iveco Bus\" src=\"https:\/\/concess.transport-manager.net\/iveco\/historique-des-reglement\/embed\/#?secret=fUIqtQ3H4D#?secret=UnRNprSOGR\" data-secret=\"UnRNprSOGR\" width=\"600\" height=\"338\" frameborder=\"0\" marginwidth=\"0\" marginheight=\"0\" scrolling=\"no\"><\/iframe>\n<\/div><\/figure>\n","protected":false},"excerpt":{"rendered":"<p>Si vous souhaitez ouvrir un devis chez nous, vous pouvez consultez notre catalogue neuf ou d\u2019occasion, afin de s\u00e9lectionner vos v\u00e9hicules. 1.&nbsp;LE SITE INTERNET ET CONTACT Le site internet de la concession permet de consulter toutes les informations importantes de la concession fictive d&rsquo;IVECO BUS avec nos diff\u00e9rents services, nos [&hellip;]<\/p>\n","protected":false},"author":14,"featured_media":0,"parent":0,"menu_order":0,"comment_status":"closed","ping_status":"closed","template":"","meta":{"footnotes":""},"class_list":["post-1453","page","type-page","status-publish","hentry"],"_links":{"self":[{"href":"https:\/\/concess.transport-manager.net\/iveco\/wp-json\/wp\/v2\/pages\/1453","targetHints":{"allow":["GET"]}}],"collection":[{"href":"https:\/\/concess.transport-manager.net\/iveco\/wp-json\/wp\/v2\/pages"}],"about":[{"href":"https:\/\/concess.transport-manager.net\/iveco\/wp-json\/wp\/v2\/types\/page"}],"author":[{"embeddable":true,"href":"https:\/\/concess.transport-manager.net\/iveco\/wp-json\/wp\/v2\/users\/14"}],"replies":[{"embeddable":true,"href":"https:\/\/concess.transport-manager.net\/iveco\/wp-json\/wp\/v2\/comments?post=1453"}],"version-history":[{"count":11,"href":"https:\/\/concess.transport-manager.net\/iveco\/wp-json\/wp\/v2\/pages\/1453\/revisions"}],"predecessor-version":[{"id":2005,"href":"https:\/\/concess.transport-manager.net\/iveco\/wp-json\/wp\/v2\/pages\/1453\/revisions\/2005"}],"wp:attachment":[{"href":"https:\/\/concess.transport-manager.net\/iveco\/wp-json\/wp\/v2\/media?parent=1453"}],"curies":[{"name":"wp","href":"https:\/\/api.w.org\/{rel}","templated":true}]}}