{"id":1774,"date":"2024-10-20T16:46:21","date_gmt":"2024-10-20T14:46:21","guid":{"rendered":"https:\/\/concess.transport-manager.net\/iveco\/?page_id=1774"},"modified":"2025-11-10T19:18:47","modified_gmt":"2025-11-10T18:18:47","slug":"catalogue-urbain-neuf-2","status":"publish","type":"page","link":"https:\/\/concess.transport-manager.net\/iveco\/catalogue-urbain-neuf-2\/","title":{"rendered":"Catalogue Urbain Neuf"},"content":{"rendered":"<div class=\"wp-block-image\">\n<figure class=\"aligncenter size-full\"><img loading=\"lazy\" decoding=\"async\" width=\"622\" height=\"257\" src=\"https:\/\/concess.transport-manager.net\/iveco\/wp-content\/uploads\/sites\/8\/2024\/01\/Le-neuf-IVECO-Urbain-1-1.png\" alt=\"\" class=\"wp-image-1407\" srcset=\"https:\/\/concess.transport-manager.net\/iveco\/wp-content\/uploads\/sites\/8\/2024\/01\/Le-neuf-IVECO-Urbain-1-1.png 622w, https:\/\/concess.transport-manager.net\/iveco\/wp-content\/uploads\/sites\/8\/2024\/01\/Le-neuf-IVECO-Urbain-1-1-300x124.png 300w\" sizes=\"auto, (max-width: 622px) 100vw, 622px\" \/><\/figure>\n<\/div>\n\n\n<div style=\"height:10px\" aria-hidden=\"true\" class=\"wp-block-spacer\"><\/div>\n\n\n\n<div style=\"height:10px\" aria-hidden=\"true\" class=\"wp-block-spacer\"><\/div>\n\n\n\n<h1 class=\"wp-block-heading\">Nos minibus<\/h1>\n\n\n\n<div class=\"wp-block-columns alignwide is-layout-flex wp-container-core-columns-is-layout-28f84493 wp-block-columns-is-layout-flex\">\n<div class=\"wp-block-column has-text-color has-background has-link-color wp-elements-7bcabf70f196b7fac0c5d569a2a06ebf is-layout-flow wp-block-column-is-layout-flow\" style=\"color:#000000;background-color:#ffe97d;padding-top:2em;padding-right:2em;padding-bottom:2em;padding-left:2em\">\n<h3 class=\"wp-block-heading\">Durisotti Novibus<\/h3>\n\n\n\n<p class=\"has-normal-font-size\" style=\"line-height:1.5\"><strong>By Renault<\/strong><\/p>\n\n\n<div class=\"wp-block-image\">\n<figure class=\"aligncenter size-full\"><img loading=\"lazy\" decoding=\"async\" width=\"450\" height=\"300\" src=\"https:\/\/concess.transport-manager.net\/iveco\/wp-content\/uploads\/sites\/8\/2022\/07\/IVECO-renaultdurissoti.jpg\" alt=\"\" class=\"wp-image-103\" srcset=\"https:\/\/concess.transport-manager.net\/iveco\/wp-content\/uploads\/sites\/8\/2022\/07\/IVECO-renaultdurissoti.jpg 450w, https:\/\/concess.transport-manager.net\/iveco\/wp-content\/uploads\/sites\/8\/2022\/07\/IVECO-renaultdurissoti-300x200.jpg 300w, https:\/\/concess.transport-manager.net\/iveco\/wp-content\/uploads\/sites\/8\/2022\/07\/IVECO-renaultdurissoti-360x240.jpg 360w\" sizes=\"auto, (max-width: 450px) 100vw, 450px\" \/><\/figure>\n<\/div>\n\n\n<hr class=\"wp-block-separator has-text-color has-css-opacity has-background is-style-wide\" style=\"background-color:#000000;color:#000000\" \/>\n\n\n\n<ul class=\"wp-block-list\">\n<li>17 places<\/li>\n\n\n\n<li>Conso diesel : 20L\/100 km<\/li>\n<\/ul>\n\n\n\n<div style=\"height:52px\" aria-hidden=\"true\" class=\"wp-block-spacer\"><\/div>\n\n\n\n<blockquote class=\"wp-block-quote is-layout-flow wp-block-quote-is-layout-flow\">\n<p>A partir de 92 000\u20ac<\/p>\n<\/blockquote>\n\n\n\n<div class=\"wp-block-buttons alignfull is-horizontal is-content-justification-center is-layout-flex wp-container-core-buttons-is-layout-03627597 wp-block-buttons-is-layout-flex\"><\/div>\n<\/div>\n\n\n\n<div class=\"wp-block-column has-text-color has-background has-link-color wp-elements-1137ca0ba6f0a8a4accd863cde8d019f is-layout-flow wp-block-column-is-layout-flow\" style=\"color:#000000;background-color:#d1d1e1;padding-top:2em;padding-right:2em;padding-bottom:2em;padding-left:2em\">\n<h3 class=\"wp-block-heading\">Daily City<\/h3>\n\n\n\n<p><strong>By Iveco<\/strong><\/p>\n\n\n\n<figure class=\"wp-block-image size-full\"><img loading=\"lazy\" decoding=\"async\" width=\"450\" height=\"300\" src=\"https:\/\/concess.transport-manager.net\/iveco\/wp-content\/uploads\/sites\/8\/2022\/07\/IVECO-dailycity-1.jpg\" alt=\"\" class=\"wp-image-116\" srcset=\"https:\/\/concess.transport-manager.net\/iveco\/wp-content\/uploads\/sites\/8\/2022\/07\/IVECO-dailycity-1.jpg 450w, https:\/\/concess.transport-manager.net\/iveco\/wp-content\/uploads\/sites\/8\/2022\/07\/IVECO-dailycity-1-300x200.jpg 300w, https:\/\/concess.transport-manager.net\/iveco\/wp-content\/uploads\/sites\/8\/2022\/07\/IVECO-dailycity-1-360x240.jpg 360w\" sizes=\"auto, (max-width: 450px) 100vw, 450px\" \/><\/figure>\n\n\n\n<hr class=\"wp-block-separator has-css-opacity is-style-wide\" \/>\n\n\n\n<ul class=\"wp-block-list\">\n<li>34 places (16 en version E)<\/li>\n\n\n\n<li>Conso diesel : 21L\/100 km<\/li>\n\n\n\n<li>Conso GNV :  26L\/100 Km<\/li>\n\n\n\n<li>Conso Elec : 84 KWh<\/li>\n<\/ul>\n\n\n\n<blockquote class=\"wp-block-quote is-layout-flow wp-block-quote-is-layout-flow\">\n<p>A partir de 96 000\u20ac<\/p>\n<\/blockquote>\n\n\n\n<div class=\"wp-block-buttons alignfull is-horizontal is-content-justification-center is-layout-flex wp-container-core-buttons-is-layout-03627597 wp-block-buttons-is-layout-flex\"><\/div>\n<\/div>\n\n\n\n<div class=\"wp-block-column has-text-color has-background has-link-color wp-elements-6b2919bc77a7ba4b5ff4830ee4f9a7f6 is-layout-flow wp-block-column-is-layout-flow\" style=\"color:#000000;background-color:#c0ebf1;padding-top:2em;padding-right:2em;padding-bottom:2em;padding-left:2em\">\n<h3 class=\"wp-block-heading\">Cytios 4\/39<\/h3>\n\n\n\n<p class=\"has-normal-font-size\"><strong>By Vehixel<\/strong><\/p>\n\n\n\n<figure class=\"wp-block-image size-full\"><img loading=\"lazy\" decoding=\"async\" width=\"450\" height=\"300\" src=\"https:\/\/concess.transport-manager.net\/iveco\/wp-content\/uploads\/sites\/8\/2022\/07\/IVECO_cytios4.jpg\" alt=\"\" class=\"wp-image-106\" srcset=\"https:\/\/concess.transport-manager.net\/iveco\/wp-content\/uploads\/sites\/8\/2022\/07\/IVECO_cytios4.jpg 450w, https:\/\/concess.transport-manager.net\/iveco\/wp-content\/uploads\/sites\/8\/2022\/07\/IVECO_cytios4-300x200.jpg 300w, https:\/\/concess.transport-manager.net\/iveco\/wp-content\/uploads\/sites\/8\/2022\/07\/IVECO_cytios4-360x240.jpg 360w\" sizes=\"auto, (max-width: 450px) 100vw, 450px\" \/><\/figure>\n\n\n\n<hr class=\"wp-block-separator has-css-opacity is-style-wide\" \/>\n\n\n\n<ul class=\"wp-block-list\">\n<li>41 places<\/li>\n\n\n\n<li>Conso diesel 22L \/100 km<\/li>\n<\/ul>\n\n\n\n<div style=\"height:52px\" aria-hidden=\"true\" class=\"wp-block-spacer\"><\/div>\n\n\n\n<blockquote class=\"wp-block-quote is-layout-flow wp-block-quote-is-layout-flow\">\n<p>A partir de 97 000\u20ac<\/p>\n<\/blockquote>\n\n\n\n<div class=\"wp-block-buttons alignfull is-horizontal is-content-justification-center is-layout-flex wp-container-core-buttons-is-layout-03627597 wp-block-buttons-is-layout-flex\"><\/div>\n<\/div>\n<\/div>\n\n\n\n<h2 class=\"wp-block-heading\"><\/h2>\n\n\n\n<h2 class=\"wp-block-heading\">Nos standards<\/h2>\n\n\n\n<div class=\"wp-block-columns alignwide is-layout-flex wp-container-core-columns-is-layout-28f84493 wp-block-columns-is-layout-flex\">\n<div class=\"wp-block-column has-text-color has-background has-link-color wp-elements-ff3879d517d383f39f4d19fe1d664919 is-layout-flow wp-block-column-is-layout-flow\" style=\"color:#000000;background-color:#ffe97d;padding-top:2em;padding-right:2em;padding-bottom:2em;padding-left:2em\">\n<h4 class=\"wp-block-heading\">Urbanway 12 <sup> <\/sup><\/h4>\n\n\n\n<p class=\"has-normal-font-size\" style=\"line-height:1.5\"><strong>By Iveco<\/strong><\/p>\n\n\n<div class=\"wp-block-image\">\n<figure class=\"aligncenter size-large\"><img decoding=\"async\" src=\"https:\/\/transport-manager.net\/assets\/img\/bus\/IVECO_Urbanway12_Newface_Zonz.jpg\" alt=\"\" \/><\/figure>\n<\/div>\n\n\n<hr class=\"wp-block-separator has-text-color has-css-opacity has-background is-style-wide\" style=\"background-color:#000000;color:#000000\" \/>\n\n\n\n<ul class=\"wp-block-list\">\n<li>110 places<\/li>\n\n\n\n<li>Conso diesel : 32L\/100 km<\/li>\n\n\n\n<li>Conso diesel MH : 29L\/100km<\/li>\n\n\n\n<li>Conso GNC : 43L\/100km<\/li>\n\n\n\n<li>Conso GNC MH : 39L\/100km<\/li>\n<\/ul>\n\n\n\n<div style=\"height:30px\" aria-hidden=\"true\" class=\"wp-block-spacer\"><\/div>\n\n\n\n<blockquote class=\"wp-block-quote is-style-default is-layout-flow wp-block-quote-is-layout-flow\">\n<p>A partir de 188 000\u20ac<\/p>\n<\/blockquote>\n\n\n\n<div class=\"wp-block-buttons alignfull is-horizontal is-content-justification-center is-layout-flex wp-container-core-buttons-is-layout-03627597 wp-block-buttons-is-layout-flex\"><\/div>\n<\/div>\n\n\n\n<div class=\"wp-block-column has-text-color has-background has-link-color wp-elements-a1e5babb419b1a6b688887d90be7a501 is-layout-flow wp-block-column-is-layout-flow\" style=\"color:#000000;background-color:#d1d1e1;padding-top:2em;padding-right:2em;padding-bottom:2em;padding-left:2em\">\n<h4 class=\"wp-block-heading\">Urbanway 12 BHNS<sup>1<\/sup> <\/h4>\n\n\n\n<p><strong>By Iveco<\/strong><\/p>\n\n\n<div class=\"wp-block-image\">\n<figure class=\"aligncenter size-large\"><img decoding=\"async\" src=\"https:\/\/zupimages.net\/up\/25\/12\/sgc0.jpg\" alt=\"\" \/><\/figure>\n<\/div>\n\n\n<hr class=\"wp-block-separator has-css-opacity is-style-wide\" \/>\n\n\n\n<ul class=\"wp-block-list\">\n<li>110 places<\/li>\n\n\n\n<li>Conso diesel : 34L\/100 km<\/li>\n\n\n\n<li>Conso diesel MH : 30L\/100km<\/li>\n\n\n\n<li>Conso GNC : 44L\/100km<\/li>\n\n\n\n<li>Conso GNC MH : 40L\/100km<\/li>\n<\/ul>\n\n\n\n<div style=\"height:25px\" aria-hidden=\"true\" class=\"wp-block-spacer\"><\/div>\n\n\n\n<blockquote class=\"wp-block-quote is-layout-flow wp-block-quote-is-layout-flow\">\n<p>A partir de 225 000\u20ac<\/p>\n<\/blockquote>\n\n\n\n<div class=\"wp-block-buttons alignfull is-horizontal is-content-justification-center is-layout-flex wp-container-core-buttons-is-layout-03627597 wp-block-buttons-is-layout-flex\"><\/div>\n<\/div>\n\n\n\n<div class=\"wp-block-column has-text-color has-background has-link-color wp-elements-89984aba970d725f96ae42e8f9489287 is-layout-flow wp-block-column-is-layout-flow\" style=\"color:#000000;background-color:#c0ebf1;padding-top:2em;padding-right:2em;padding-bottom:2em;padding-left:2em\">\n<h4 class=\"wp-block-heading\">Crealis 12<sup>1<\/sup><\/h4>\n\n\n\n<p class=\"has-normal-font-size\"><strong>By Iveco<\/strong><\/p>\n\n\n\n<figure class=\"wp-block-image size-full\"><img loading=\"lazy\" decoding=\"async\" width=\"450\" height=\"300\" src=\"https:\/\/concess.transport-manager.net\/iveco\/wp-content\/uploads\/sites\/8\/2023\/09\/Iveco_Crealis_12_GNV.jpg\" alt=\"\" class=\"wp-image-1069\" srcset=\"https:\/\/concess.transport-manager.net\/iveco\/wp-content\/uploads\/sites\/8\/2023\/09\/Iveco_Crealis_12_GNV.jpg 450w, https:\/\/concess.transport-manager.net\/iveco\/wp-content\/uploads\/sites\/8\/2023\/09\/Iveco_Crealis_12_GNV-300x200.jpg 300w, https:\/\/concess.transport-manager.net\/iveco\/wp-content\/uploads\/sites\/8\/2023\/09\/Iveco_Crealis_12_GNV-360x240.jpg 360w\" sizes=\"auto, (max-width: 450px) 100vw, 450px\" \/><\/figure>\n\n\n\n<hr class=\"wp-block-separator has-css-opacity is-style-wide\" \/>\n\n\n\n<ul class=\"wp-block-list\">\n<li>110 places<\/li>\n\n\n\n<li>Conso diesel : 34L\/100 km<\/li>\n\n\n\n<li>Conso diesel MH : 30L\/100km<\/li>\n\n\n\n<li>Conso GNV : 44L\/100km<\/li>\n\n\n\n<li>Conso GNC MH : 40L\/100km<\/li>\n<\/ul>\n\n\n\n<div style=\"height:30px\" aria-hidden=\"true\" class=\"wp-block-spacer\"><\/div>\n\n\n\n<blockquote class=\"wp-block-quote is-layout-flow wp-block-quote-is-layout-flow\">\n<p>A partir de 240 000\u20ac<\/p>\n<\/blockquote>\n\n\n\n<div class=\"wp-block-buttons alignfull is-horizontal is-content-justification-center is-layout-flex wp-container-core-buttons-is-layout-03627597 wp-block-buttons-is-layout-flex\"><\/div>\n<\/div>\n<\/div>\n\n\n\n<p><\/p>\n\n\n\n<h2 class=\"wp-block-heading\">Nos articul\u00e9s<\/h2>\n\n\n\n<div class=\"wp-block-columns alignwide is-layout-flex wp-container-core-columns-is-layout-28f84493 wp-block-columns-is-layout-flex\">\n<div class=\"wp-block-column has-text-color has-background has-link-color wp-elements-ad54edf570b113c1db837aafbc654d2f is-layout-flow wp-block-column-is-layout-flow\" style=\"color:#000000;background-color:#ffe97d;padding-top:2em;padding-right:2em;padding-bottom:2em;padding-left:2em\">\n<h4 class=\"wp-block-heading\">Urbanway 18 <sup> <\/sup><\/h4>\n\n\n\n<p class=\"has-normal-font-size\" style=\"line-height:1.5\"><strong>By Iveco<\/strong><\/p>\n\n\n<div class=\"wp-block-image\">\n<figure class=\"aligncenter size-full\"><img loading=\"lazy\" decoding=\"async\" width=\"450\" height=\"300\" src=\"http:\/\/concess.transport-manager.net\/iveco\/wp-content\/uploads\/sites\/8\/2025\/06\/54388630998_bd077285e1_o-2.jpg\" alt=\"\" class=\"wp-image-2469\" srcset=\"https:\/\/concess.transport-manager.net\/iveco\/wp-content\/uploads\/sites\/8\/2025\/06\/54388630998_bd077285e1_o-2.jpg 450w, https:\/\/concess.transport-manager.net\/iveco\/wp-content\/uploads\/sites\/8\/2025\/06\/54388630998_bd077285e1_o-2-300x200.jpg 300w, https:\/\/concess.transport-manager.net\/iveco\/wp-content\/uploads\/sites\/8\/2025\/06\/54388630998_bd077285e1_o-2-360x240.jpg 360w\" sizes=\"auto, (max-width: 450px) 100vw, 450px\" \/><\/figure>\n<\/div>\n\n\n<hr class=\"wp-block-separator has-text-color has-css-opacity has-background is-style-wide\" style=\"background-color:#000000;color:#000000\" \/>\n\n\n\n<ul class=\"wp-block-list\">\n<li>160 places<\/li>\n\n\n\n<li>Conso diesel MH : 38L\/100km<\/li>\n\n\n\n<li>Conso GNC : 53L\/100km<\/li>\n\n\n\n<li>Conso GNC MH : 47L\/100km<\/li>\n<\/ul>\n\n\n\n<div style=\"height:30px\" aria-hidden=\"true\" class=\"wp-block-spacer\"><\/div>\n\n\n\n<blockquote class=\"wp-block-quote is-style-default is-layout-flow wp-block-quote-is-layout-flow\">\n<p>A partir de 291 000\u20ac<\/p>\n<\/blockquote>\n\n\n\n<div class=\"wp-block-buttons alignfull is-horizontal is-content-justification-center is-layout-flex wp-container-core-buttons-is-layout-03627597 wp-block-buttons-is-layout-flex\"><\/div>\n<\/div>\n\n\n\n<div class=\"wp-block-column has-text-color has-background has-link-color wp-elements-881b73a143be1ed9b80e6d6812165497 is-layout-flow wp-block-column-is-layout-flow\" style=\"color:#000000;background-color:#d1d1e1;padding-top:2em;padding-right:2em;padding-bottom:2em;padding-left:2em\">\n<h4 class=\"wp-block-heading\">Urbanway 18 BHNS<sup>1<\/sup><\/h4>\n\n\n\n<p style=\"font-size:19px\"><strong><strong>By Iveco<\/strong><\/strong><\/p>\n\n\n<div class=\"wp-block-image\">\n<figure class=\"aligncenter size-large\"><img decoding=\"async\" src=\"https:\/\/transport-manager.net\/assets\/img\/bus\/IVECO_Urbanway18_Newface_Zonz.jpg\" alt=\"\" \/><\/figure>\n<\/div>\n\n\n<hr class=\"wp-block-separator has-css-opacity is-style-wide\" \/>\n\n\n\n<ul class=\"wp-block-list\">\n<li>160 places<\/li>\n\n\n\n<li>Conso diesel MH : 39L\/100km<\/li>\n\n\n\n<li>Conso GNC : 54L\/100km<\/li>\n\n\n\n<li>Conso GNC MH : 48L\/100km<\/li>\n<\/ul>\n\n\n\n<div style=\"height:25px\" aria-hidden=\"true\" class=\"wp-block-spacer\"><\/div>\n\n\n\n<blockquote class=\"wp-block-quote is-layout-flow wp-block-quote-is-layout-flow\">\n<p>A partir de 331 000\u20ac<\/p>\n<\/blockquote>\n\n\n\n<div class=\"wp-block-buttons alignfull is-horizontal is-content-justification-center is-layout-flex wp-container-core-buttons-is-layout-03627597 wp-block-buttons-is-layout-flex\"><\/div>\n<\/div>\n\n\n\n<div class=\"wp-block-column has-text-color has-background has-link-color wp-elements-4b4bc73f01d880bc025da0a6e1f51f3e is-layout-flow wp-block-column-is-layout-flow\" style=\"color:#000000;background-color:#c0ebf1;padding-top:2em;padding-right:2em;padding-bottom:2em;padding-left:2em\">\n<h4 class=\"wp-block-heading\">Crealis 18<sup>1<\/sup><\/h4>\n\n\n\n<p class=\"has-normal-font-size\"><strong>By Iveco<\/strong><\/p>\n\n\n\n<figure class=\"wp-block-image size-full\"><img loading=\"lazy\" decoding=\"async\" width=\"450\" height=\"300\" src=\"http:\/\/concess.transport-manager.net\/iveco\/wp-content\/uploads\/sites\/8\/2023\/09\/Iveco_Crealis_18_GNV.jpg\" alt=\"\" class=\"wp-image-1072\" srcset=\"https:\/\/concess.transport-manager.net\/iveco\/wp-content\/uploads\/sites\/8\/2023\/09\/Iveco_Crealis_18_GNV.jpg 450w, https:\/\/concess.transport-manager.net\/iveco\/wp-content\/uploads\/sites\/8\/2023\/09\/Iveco_Crealis_18_GNV-300x200.jpg 300w, https:\/\/concess.transport-manager.net\/iveco\/wp-content\/uploads\/sites\/8\/2023\/09\/Iveco_Crealis_18_GNV-360x240.jpg 360w\" sizes=\"auto, (max-width: 450px) 100vw, 450px\" \/><\/figure>\n\n\n\n<hr class=\"wp-block-separator has-css-opacity is-style-wide\" \/>\n\n\n\n<ul class=\"wp-block-list\">\n<li>160 places<\/li>\n\n\n\n<li>Conso diesel MH : 39L\/100km<\/li>\n\n\n\n<li>Conso GNV : 54L\/100km<\/li>\n\n\n\n<li>Conso GNC MH : 48L\/100km<\/li>\n<\/ul>\n\n\n\n<div style=\"height:30px\" aria-hidden=\"true\" class=\"wp-block-spacer\"><\/div>\n\n\n\n<blockquote class=\"wp-block-quote is-layout-flow wp-block-quote-is-layout-flow\">\n<p>A partir de 349 000\u20ac<\/p>\n<\/blockquote>\n\n\n\n<div class=\"wp-block-buttons alignfull is-horizontal is-content-justification-center is-layout-flex wp-container-core-buttons-is-layout-03627597 wp-block-buttons-is-layout-flex\"><\/div>\n<\/div>\n<\/div>\n\n\n\n<div class=\"wp-block-buttons is-layout-flex wp-block-buttons-is-layout-flex\">\n<div class=\"wp-block-button aligncenter\"><a class=\"wp-block-button__link wp-element-button\" href=\"https:\/\/transport-manager.net\/jeu\/sendconcess.php?p=ivecobus\" target=\"_blank\" rel=\"noreferrer noopener\">Cliquez ici pour faire votre demande de devis<\/a><\/div>\n<\/div>\n\n\n\n<div style=\"height:32px\" aria-hidden=\"true\" class=\"wp-block-spacer\"><\/div>\n\n\n\n<blockquote class=\"wp-block-quote is-layout-flow wp-block-quote-is-layout-flow\">\n<p><sup>1 <\/sup><em>: V\u00e9hicule BHNS , disponible uniquement pour les joueurs de niveau 3 et plus<\/em><\/p>\n\n\n\n<p>MH : Mild Hybrid<\/p>\n\n\n\n<p>La capacit\u00e9 indiqu\u00e9e correspond au nombre de places sans portes suppl\u00e9mentaires<\/p>\n\n\n\n<p>La consommation indiqu\u00e9e correspond \u00e0 la consommation sans ajout d&rsquo;un quelconque syst\u00e8me de ventilation<\/p>\n\n\n\n<p>Le prix indicatif correspond \u00e0 la configuration la plus basse, la motorisation la plus basique disponible et \u00e0 la fid\u00e9lit\u00e9 joueur la plus importante<\/p>\n<\/blockquote>\n\n\n\n<p><\/p>\n","protected":false},"excerpt":{"rendered":"<p>Nos minibus Durisotti Novibus By Renault A partir de 92 000\u20ac Daily City By Iveco A partir de 96 000\u20ac Cytios 4\/39 By Vehixel A partir de 97 000\u20ac Nos standards Urbanway 12 By Iveco A partir de 188 000\u20ac Urbanway 12 BHNS1 By Iveco A partir de 225 000\u20ac [&hellip;]<\/p>\n","protected":false},"author":14,"featured_media":0,"parent":0,"menu_order":0,"comment_status":"closed","ping_status":"closed","template":"","meta":{"footnotes":""},"class_list":["post-1774","page","type-page","status-publish","hentry"],"_links":{"self":[{"href":"https:\/\/concess.transport-manager.net\/iveco\/wp-json\/wp\/v2\/pages\/1774","targetHints":{"allow":["GET"]}}],"collection":[{"href":"https:\/\/concess.transport-manager.net\/iveco\/wp-json\/wp\/v2\/pages"}],"about":[{"href":"https:\/\/concess.transport-manager.net\/iveco\/wp-json\/wp\/v2\/types\/page"}],"author":[{"embeddable":true,"href":"https:\/\/concess.transport-manager.net\/iveco\/wp-json\/wp\/v2\/users\/14"}],"replies":[{"embeddable":true,"href":"https:\/\/concess.transport-manager.net\/iveco\/wp-json\/wp\/v2\/comments?post=1774"}],"version-history":[{"count":21,"href":"https:\/\/concess.transport-manager.net\/iveco\/wp-json\/wp\/v2\/pages\/1774\/revisions"}],"predecessor-version":[{"id":2784,"href":"https:\/\/concess.transport-manager.net\/iveco\/wp-json\/wp\/v2\/pages\/1774\/revisions\/2784"}],"wp:attachment":[{"href":"https:\/\/concess.transport-manager.net\/iveco\/wp-json\/wp\/v2\/media?parent=1774"}],"curies":[{"name":"wp","href":"https:\/\/api.w.org\/{rel}","templated":true}]}}