{"id":1789,"date":"2024-10-24T22:35:55","date_gmt":"2024-10-24T20:35:55","guid":{"rendered":"https:\/\/concess.transport-manager.net\/iveco\/?page_id=1789"},"modified":"2026-02-09T19:18:28","modified_gmt":"2026-02-09T18:18:28","slug":"catalogue-le-cars-neuf-2024","status":"publish","type":"page","link":"https:\/\/concess.transport-manager.net\/iveco\/catalogue-le-cars-neuf-2024\/","title":{"rendered":"Catalogue LE &amp; CARS Neuf"},"content":{"rendered":"<div class=\"wp-block-image\">\n<figure class=\"aligncenter size-full\"><img loading=\"lazy\" decoding=\"async\" width=\"622\" height=\"257\" src=\"https:\/\/concess.transport-manager.net\/iveco\/wp-content\/uploads\/sites\/8\/2024\/01\/Le-neuf-IVECO-CARS-.png\" alt=\"\" class=\"wp-image-1410\" srcset=\"https:\/\/concess.transport-manager.net\/iveco\/wp-content\/uploads\/sites\/8\/2024\/01\/Le-neuf-IVECO-CARS-.png 622w, https:\/\/concess.transport-manager.net\/iveco\/wp-content\/uploads\/sites\/8\/2024\/01\/Le-neuf-IVECO-CARS--300x124.png 300w\" sizes=\"auto, (max-width: 622px) 100vw, 622px\" \/><\/figure>\n<\/div>\n\n\n<div style=\"height:10px\" aria-hidden=\"true\" class=\"wp-block-spacer\"><\/div>\n\n\n\n<div style=\"height:10px\" aria-hidden=\"true\" class=\"wp-block-spacer\"><\/div>\n\n\n\n<h1 class=\"wp-block-heading\">Nos v\u00e9hicules LE (Low Entry)<sup>7<\/sup><\/h1>\n\n\n\n<div class=\"wp-block-media-text alignwide is-stacked-on-mobile\" style=\"grid-template-columns:39% auto\"><figure class=\"wp-block-media-text__media\"><img loading=\"lazy\" decoding=\"async\" width=\"450\" height=\"300\" src=\"https:\/\/concess.transport-manager.net\/iveco\/wp-content\/uploads\/sites\/8\/2026\/01\/crosswaylecity10.png\" alt=\"\" class=\"wp-image-2959 size-full\" srcset=\"https:\/\/concess.transport-manager.net\/iveco\/wp-content\/uploads\/sites\/8\/2026\/01\/crosswaylecity10.png 450w, https:\/\/concess.transport-manager.net\/iveco\/wp-content\/uploads\/sites\/8\/2026\/01\/crosswaylecity10-300x200.png 300w, https:\/\/concess.transport-manager.net\/iveco\/wp-content\/uploads\/sites\/8\/2026\/01\/crosswaylecity10-360x240.png 360w\" sizes=\"auto, (max-width: 450px) 100vw, 450px\" \/><\/figure><div class=\"wp-block-media-text__content\">\n<h3 class=\"wp-block-heading\">Crossway LE City 10 <sup>8<\/sup><\/h3>\n\n\n\n<p><strong>By Iveco<\/strong><\/p>\n\n\n\n<ul class=\"wp-block-list\">\n<li>90 places<\/li>\n\n\n\n<li>Conso Diesel : 30L\/100 km  <\/li>\n\n\n\n<li>Conso MH : 26L\/100 km<\/li>\n\n\n\n<li>V\u00e9hicule ne pouvant <strong>pas <\/strong>circuler sur des lignes interurbaines<\/li>\n<\/ul>\n\n\n\n<blockquote class=\"wp-block-quote is-layout-flow wp-block-quote-is-layout-flow\">\n<p>A partir de 176 000 \u20ac<\/p>\n<\/blockquote>\n<\/div><\/div>\n\n\n\n<div class=\"wp-block-media-text alignwide has-media-on-the-right is-stacked-on-mobile\" style=\"grid-template-columns:auto 39%\"><div class=\"wp-block-media-text__content\">\n<h3 class=\"wp-block-heading\">Crossway LE line 10<\/h3>\n\n\n\n<p><strong>By Iveco<\/strong><\/p>\n\n\n\n<ul class=\"wp-block-list\">\n<li>41 places en interurbain<\/li>\n\n\n\n<li>73 places en urbain<\/li>\n\n\n\n<li>Conso Diesel : 31L\/100 km  <\/li>\n\n\n\n<li>Conso MH : 26L\/100 km<\/li>\n<\/ul>\n\n\n\n<blockquote class=\"wp-block-quote is-layout-flow wp-block-quote-is-layout-flow\">\n<p>A partir de 178 000 \u20ac<\/p>\n<\/blockquote>\n<\/div><figure class=\"wp-block-media-text__media\"><img loading=\"lazy\" decoding=\"async\" width=\"450\" height=\"300\" src=\"http:\/\/concess.transport-manager.net\/iveco\/wp-content\/uploads\/sites\/8\/2026\/01\/Iveco-Crossway-10-MH.png\" alt=\"\" class=\"wp-image-2953 size-full\" srcset=\"https:\/\/concess.transport-manager.net\/iveco\/wp-content\/uploads\/sites\/8\/2026\/01\/Iveco-Crossway-10-MH.png 450w, https:\/\/concess.transport-manager.net\/iveco\/wp-content\/uploads\/sites\/8\/2026\/01\/Iveco-Crossway-10-MH-300x200.png 300w, https:\/\/concess.transport-manager.net\/iveco\/wp-content\/uploads\/sites\/8\/2026\/01\/Iveco-Crossway-10-MH-360x240.png 360w\" sizes=\"auto, (max-width: 450px) 100vw, 450px\" \/><\/figure><\/div>\n\n\n\n<div class=\"wp-block-media-text alignwide is-stacked-on-mobile\" style=\"grid-template-columns:39% auto\"><figure class=\"wp-block-media-text__media\"><img loading=\"lazy\" decoding=\"async\" width=\"450\" height=\"300\" src=\"https:\/\/concess.transport-manager.net\/iveco\/wp-content\/uploads\/sites\/8\/2026\/01\/crosswaylecity12.png\" alt=\"\" class=\"wp-image-2957 size-full\" srcset=\"https:\/\/concess.transport-manager.net\/iveco\/wp-content\/uploads\/sites\/8\/2026\/01\/crosswaylecity12.png 450w, https:\/\/concess.transport-manager.net\/iveco\/wp-content\/uploads\/sites\/8\/2026\/01\/crosswaylecity12-300x200.png 300w, https:\/\/concess.transport-manager.net\/iveco\/wp-content\/uploads\/sites\/8\/2026\/01\/crosswaylecity12-360x240.png 360w\" sizes=\"auto, (max-width: 450px) 100vw, 450px\" \/><\/figure><div class=\"wp-block-media-text__content\">\n<h3 class=\"wp-block-heading\">Crossway LE city <sup>8<\/sup><\/h3>\n\n\n\n<p><strong>By Iveco<\/strong><\/p>\n\n\n\n<ul class=\"wp-block-list\">\n<li>106 places<\/li>\n\n\n\n<li>Conso Diesel : 34L\/100 km  <\/li>\n\n\n\n<li>Conso MH : 30L\/100 km<\/li>\n\n\n\n<li>Conso GNC : 40L\/100 km<\/li>\n\n\n\n<li>Conso GNC MH : 35L\/100 km<\/li>\n\n\n\n<li>V\u00e9hicule ne pouvant <strong>pas <\/strong>circuler sur des lignes interurbaines<\/li>\n<\/ul>\n\n\n\n<blockquote class=\"wp-block-quote is-layout-flow wp-block-quote-is-layout-flow\">\n<p>A partir de 185 000 \u20ac<\/p>\n<\/blockquote>\n<\/div><\/div>\n\n\n\n<div class=\"wp-block-media-text alignwide has-media-on-the-right is-stacked-on-mobile\" style=\"grid-template-columns:auto 39%\"><div class=\"wp-block-media-text__content\">\n<h3 class=\"wp-block-heading\">Crossway LE line<\/h3>\n\n\n\n<p><strong>By Iveco<\/strong><\/p>\n\n\n\n<ul class=\"wp-block-list\">\n<li>53 places en interurbain (50 places en ELEC)<\/li>\n\n\n\n<li>86 places en urbain<\/li>\n\n\n\n<li>Conso Diesel : 34L\/100 km  <\/li>\n\n\n\n<li>Conso MH : 30L\/100 km<\/li>\n\n\n\n<li>Conso GNC : 40L\/100 km<\/li>\n\n\n\n<li>Conso GNC MH :35L\/100 km<\/li>\n\n\n\n<li>Conso ELEC : 195 kWh<\/li>\n<\/ul>\n\n\n\n<blockquote class=\"wp-block-quote is-layout-flow wp-block-quote-is-layout-flow\">\n<p>A partir de 180 000 \u20ac<\/p>\n<\/blockquote>\n<\/div><figure class=\"wp-block-media-text__media\"><img loading=\"lazy\" decoding=\"async\" width=\"450\" height=\"300\" src=\"http:\/\/concess.transport-manager.net\/iveco\/wp-content\/uploads\/sites\/8\/2025\/03\/IVECO_CrosswayLELineNP_Newface_UrAmy.jpeg\" alt=\"\" class=\"wp-image-2322 size-full\" srcset=\"https:\/\/concess.transport-manager.net\/iveco\/wp-content\/uploads\/sites\/8\/2025\/03\/IVECO_CrosswayLELineNP_Newface_UrAmy.jpeg 450w, https:\/\/concess.transport-manager.net\/iveco\/wp-content\/uploads\/sites\/8\/2025\/03\/IVECO_CrosswayLELineNP_Newface_UrAmy-300x200.jpeg 300w, https:\/\/concess.transport-manager.net\/iveco\/wp-content\/uploads\/sites\/8\/2025\/03\/IVECO_CrosswayLELineNP_Newface_UrAmy-360x240.jpeg 360w\" sizes=\"auto, (max-width: 450px) 100vw, 450px\" \/><\/figure><\/div>\n\n\n\n<h1 class=\"wp-block-heading\">Nos minicars<sup>2<\/sup><\/h1>\n\n\n\n<div class=\"wp-block-columns alignwide is-layout-flex wp-container-core-columns-is-layout-28f84493 wp-block-columns-is-layout-flex\">\n<div class=\"wp-block-column has-text-color has-background has-link-color wp-elements-54e2aea12a1277b9b77a44dcea5a5797 is-layout-flow wp-block-column-is-layout-flow\" style=\"color:#000000;background-color:#c0ebf1;padding-top:2em;padding-right:2em;padding-bottom:2em;padding-left:2em\">\n<h3 class=\"wp-block-heading\">Daily Pop<\/h3>\n\n\n\n<p class=\"has-normal-font-size\"><strong><strong><strong>By Iveco<\/strong><\/strong><\/strong><\/p>\n\n\n\n<figure class=\"wp-block-image size-full\"><img loading=\"lazy\" decoding=\"async\" width=\"450\" height=\"300\" src=\"https:\/\/concess.transport-manager.net\/iveco\/wp-content\/uploads\/sites\/8\/2022\/07\/IVECO_DailyPop.jpg\" alt=\"\" class=\"wp-image-285\" srcset=\"https:\/\/concess.transport-manager.net\/iveco\/wp-content\/uploads\/sites\/8\/2022\/07\/IVECO_DailyPop.jpg 450w, https:\/\/concess.transport-manager.net\/iveco\/wp-content\/uploads\/sites\/8\/2022\/07\/IVECO_DailyPop-300x200.jpg 300w, https:\/\/concess.transport-manager.net\/iveco\/wp-content\/uploads\/sites\/8\/2022\/07\/IVECO_DailyPop-360x240.jpg 360w\" sizes=\"auto, (max-width: 450px) 100vw, 450px\" \/><\/figure>\n\n\n\n<hr class=\"wp-block-separator has-css-opacity is-style-wide\" \/>\n\n\n\n<ul style=\"font-size:15px\" class=\"wp-block-list\">\n<li>22 places<\/li>\n\n\n\n<li>Conso Diesel : 21L \/100 km<\/li>\n\n\n\n<li>Conso GNV : 26L\/100 km <\/li>\n<\/ul>\n\n\n\n<blockquote class=\"wp-block-quote is-layout-flow wp-block-quote-is-layout-flow\">\n<p>A partir de 101 000\u20ac<\/p>\n<\/blockquote>\n\n\n\n<div class=\"wp-block-buttons alignfull is-horizontal is-content-justification-center is-layout-flex wp-container-core-buttons-is-layout-03627597 wp-block-buttons-is-layout-flex\"><\/div>\n<\/div>\n\n\n\n<div class=\"wp-block-column has-text-color has-background has-link-color wp-elements-3a4d49eb536d1f6b5a18ae167c13aa5a is-layout-flow wp-block-column-is-layout-flow\" style=\"color:#000000;background-color:#d1d1e1;padding-top:2em;padding-right:2em;padding-bottom:2em;padding-left:2em\">\n<h3 class=\"wp-block-heading\">Daily Tourys<\/h3>\n\n\n\n<p class=\"has-normal-font-size\"><strong><strong><strong>By Iveco<\/strong><\/strong><\/strong><\/p>\n\n\n\n<figure class=\"wp-block-image size-full\"><img loading=\"lazy\" decoding=\"async\" width=\"450\" height=\"300\" src=\"https:\/\/concess.transport-manager.net\/iveco\/wp-content\/uploads\/sites\/8\/2022\/07\/IVECO_Daily_tourys.jpg\" alt=\"\" class=\"wp-image-286\" srcset=\"https:\/\/concess.transport-manager.net\/iveco\/wp-content\/uploads\/sites\/8\/2022\/07\/IVECO_Daily_tourys.jpg 450w, https:\/\/concess.transport-manager.net\/iveco\/wp-content\/uploads\/sites\/8\/2022\/07\/IVECO_Daily_tourys-300x200.jpg 300w, https:\/\/concess.transport-manager.net\/iveco\/wp-content\/uploads\/sites\/8\/2022\/07\/IVECO_Daily_tourys-360x240.jpg 360w\" sizes=\"auto, (max-width: 450px) 100vw, 450px\" \/><\/figure>\n\n\n\n<hr class=\"wp-block-separator has-css-opacity is-style-wide\" \/>\n\n\n\n<ul style=\"font-size:15px\" class=\"wp-block-list\">\n<li>22 places<\/li>\n\n\n\n<li>Conso Diesel : 21L\/100 km<\/li>\n\n\n\n<li><strong>V\u00e9hicule adapt\u00e9 pour le tourisme<\/strong><\/li>\n<\/ul>\n\n\n\n<blockquote class=\"wp-block-quote is-layout-flow wp-block-quote-is-layout-flow\">\n<p>A partir de 114 000\u20ac<\/p>\n<\/blockquote>\n\n\n\n<div class=\"wp-block-buttons alignfull is-horizontal is-content-justification-center is-layout-flex wp-container-core-buttons-is-layout-03627597 wp-block-buttons-is-layout-flex\"><\/div>\n<\/div>\n<\/div>\n\n\n\n<h1 class=\"wp-block-heading\">Nos cars<sup>2<\/sup><\/h1>\n\n\n\n<div class=\"wp-block-media-text alignwide is-stacked-on-mobile\" style=\"grid-template-columns:39% auto\"><figure class=\"wp-block-media-text__media\"><img loading=\"lazy\" decoding=\"async\" width=\"450\" height=\"300\" src=\"https:\/\/concess.transport-manager.net\/iveco\/wp-content\/uploads\/sites\/8\/2022\/07\/nondispo-1.jpg\" alt=\"\" class=\"wp-image-278 size-full\" srcset=\"https:\/\/concess.transport-manager.net\/iveco\/wp-content\/uploads\/sites\/8\/2022\/07\/nondispo-1.jpg 450w, https:\/\/concess.transport-manager.net\/iveco\/wp-content\/uploads\/sites\/8\/2022\/07\/nondispo-1-300x200.jpg 300w, https:\/\/concess.transport-manager.net\/iveco\/wp-content\/uploads\/sites\/8\/2022\/07\/nondispo-1-360x240.jpg 360w\" sizes=\"auto, (max-width: 450px) 100vw, 450px\" \/><\/figure><div class=\"wp-block-media-text__content\">\n<h3 class=\"wp-block-heading\">Crossway LINE 10<\/h3>\n\n\n\n<p><strong>By Iveco<\/strong><\/p>\n\n\n\n<ul class=\"wp-block-list\">\n<li>41 places<\/li>\n\n\n\n<li>Conso Diesel : 32L\/100 km  <\/li>\n<\/ul>\n\n\n\n<blockquote class=\"wp-block-quote is-layout-flow wp-block-quote-is-layout-flow\">\n<p>A partir de 177 000 \u20ac<\/p>\n<\/blockquote>\n<\/div><\/div>\n\n\n\n<div class=\"wp-block-media-text alignwide has-media-on-the-right is-stacked-on-mobile\" style=\"grid-template-columns:auto 39%\"><div class=\"wp-block-media-text__content\">\n<h3 class=\"wp-block-heading\">Crossway 10<\/h3>\n\n\n\n<p><strong>By Iveco<\/strong><\/p>\n\n\n\n<ul class=\"wp-block-list\">\n<li>47 places<\/li>\n\n\n\n<li>Conso MH: 30L\/100 km<\/li>\n<\/ul>\n\n\n\n<blockquote class=\"wp-block-quote is-layout-flow wp-block-quote-is-layout-flow\">\n<p>A partir de 232 000 \u20ac<\/p>\n<\/blockquote>\n<\/div><figure class=\"wp-block-media-text__media\"><img loading=\"lazy\" decoding=\"async\" width=\"450\" height=\"300\" src=\"https:\/\/concess.transport-manager.net\/iveco\/wp-content\/uploads\/sites\/8\/2022\/07\/nondispo-1.jpg\" alt=\"\" class=\"wp-image-278 size-full\" srcset=\"https:\/\/concess.transport-manager.net\/iveco\/wp-content\/uploads\/sites\/8\/2022\/07\/nondispo-1.jpg 450w, https:\/\/concess.transport-manager.net\/iveco\/wp-content\/uploads\/sites\/8\/2022\/07\/nondispo-1-300x200.jpg 300w, https:\/\/concess.transport-manager.net\/iveco\/wp-content\/uploads\/sites\/8\/2022\/07\/nondispo-1-360x240.jpg 360w\" sizes=\"auto, (max-width: 450px) 100vw, 450px\" \/><\/figure><\/div>\n\n\n\n<div class=\"wp-block-media-text alignwide is-stacked-on-mobile\" style=\"grid-template-columns:39% auto\"><figure class=\"wp-block-media-text__media\"><img loading=\"lazy\" decoding=\"async\" width=\"450\" height=\"300\" src=\"http:\/\/concess.transport-manager.net\/iveco\/wp-content\/uploads\/sites\/8\/2026\/01\/Iveco-Crossway-13-MH.png\" alt=\"\" class=\"wp-image-2955 size-full\" srcset=\"https:\/\/concess.transport-manager.net\/iveco\/wp-content\/uploads\/sites\/8\/2026\/01\/Iveco-Crossway-13-MH.png 450w, https:\/\/concess.transport-manager.net\/iveco\/wp-content\/uploads\/sites\/8\/2026\/01\/Iveco-Crossway-13-MH-300x200.png 300w, https:\/\/concess.transport-manager.net\/iveco\/wp-content\/uploads\/sites\/8\/2026\/01\/Iveco-Crossway-13-MH-360x240.png 360w\" sizes=\"auto, (max-width: 450px) 100vw, 450px\" \/><\/figure><div class=\"wp-block-media-text__content\">\n<h3 class=\"wp-block-heading\">Crossway 13<\/h3>\n\n\n\n<p><strong>By Iveco<\/strong><\/p>\n\n\n\n<ul class=\"wp-block-list\">\n<li>63 places<\/li>\n\n\n\n<li>Conso MH: 34L\/100 km<\/li>\n<\/ul>\n\n\n\n<blockquote class=\"wp-block-quote is-layout-flow wp-block-quote-is-layout-flow\">\n<p>A partir de 245 000 \u20ac<\/p>\n<\/blockquote>\n<\/div><\/div>\n\n\n\n<div class=\"wp-block-media-text alignwide has-media-on-the-right is-stacked-on-mobile\" style=\"grid-template-columns:auto 39%\"><div class=\"wp-block-media-text__content\">\n<h3 class=\"wp-block-heading\">Crossway LINE<\/h3>\n\n\n\n<p><strong>By Iveco<\/strong><\/p>\n\n\n\n<ul class=\"wp-block-list\">\n<li>61 places<\/li>\n\n\n\n<li>Conso Diesel : 35L\/100 km  <\/li>\n\n\n\n<li>Conso GNC : 40L\/100 km<\/li>\n\n\n\n<li>Conso ELEC : 350 kWh<\/li>\n<\/ul>\n\n\n\n<blockquote class=\"wp-block-quote is-layout-flow wp-block-quote-is-layout-flow\">\n<p>A partir de 193 000 \u20ac<\/p>\n<\/blockquote>\n<\/div><figure class=\"wp-block-media-text__media\"><img loading=\"lazy\" decoding=\"async\" width=\"450\" height=\"300\" src=\"http:\/\/concess.transport-manager.net\/iveco\/wp-content\/uploads\/sites\/8\/2025\/03\/IVECO_NewCrosswayLine_NP_Wiildrox.jpg\" alt=\"\" class=\"wp-image-2327 size-full\" srcset=\"https:\/\/concess.transport-manager.net\/iveco\/wp-content\/uploads\/sites\/8\/2025\/03\/IVECO_NewCrosswayLine_NP_Wiildrox.jpg 450w, https:\/\/concess.transport-manager.net\/iveco\/wp-content\/uploads\/sites\/8\/2025\/03\/IVECO_NewCrosswayLine_NP_Wiildrox-300x200.jpg 300w, https:\/\/concess.transport-manager.net\/iveco\/wp-content\/uploads\/sites\/8\/2025\/03\/IVECO_NewCrosswayLine_NP_Wiildrox-360x240.jpg 360w\" sizes=\"auto, (max-width: 450px) 100vw, 450px\" \/><\/figure><\/div>\n\n\n\n<div class=\"wp-block-media-text alignwide is-stacked-on-mobile\" style=\"grid-template-columns:39% auto\"><figure class=\"wp-block-media-text__media\"><img loading=\"lazy\" decoding=\"async\" width=\"450\" height=\"300\" src=\"http:\/\/concess.transport-manager.net\/iveco\/wp-content\/uploads\/sites\/8\/2025\/03\/IVECO_NewCrosswayPop_Adrien00.jpeg\" alt=\"\" class=\"wp-image-2324 size-full\" srcset=\"https:\/\/concess.transport-manager.net\/iveco\/wp-content\/uploads\/sites\/8\/2025\/03\/IVECO_NewCrosswayPop_Adrien00.jpeg 450w, https:\/\/concess.transport-manager.net\/iveco\/wp-content\/uploads\/sites\/8\/2025\/03\/IVECO_NewCrosswayPop_Adrien00-300x200.jpeg 300w, https:\/\/concess.transport-manager.net\/iveco\/wp-content\/uploads\/sites\/8\/2025\/03\/IVECO_NewCrosswayPop_Adrien00-360x240.jpeg 360w\" sizes=\"auto, (max-width: 450px) 100vw, 450px\" \/><\/figure><div class=\"wp-block-media-text__content\">\n<h3 class=\"wp-block-heading\">Crossway POP<\/h3>\n\n\n\n<p><strong>By Iveco<\/strong><\/p>\n\n\n\n<ul class=\"wp-block-list\">\n<li>63 places<\/li>\n\n\n\n<li>Conso Diesel : 35L\/100 km  <\/li>\n\n\n\n<li>Conso GNV : 40L\/100 km<\/li>\n\n\n\n<li>Conso ELEC : 340 kWh<\/li>\n<\/ul>\n\n\n\n<blockquote class=\"wp-block-quote is-layout-flow wp-block-quote-is-layout-flow\">\n<p>A partir de 185 000 \u20ac<\/p>\n<\/blockquote>\n<\/div><\/div>\n\n\n\n<div class=\"wp-block-media-text alignwide has-media-on-the-right is-stacked-on-mobile\" style=\"grid-template-columns:auto 39%\"><div class=\"wp-block-media-text__content\">\n<h3 class=\"wp-block-heading\">Crossway PRO (ELEC uniquement)<\/h3>\n\n\n\n<p><strong>By Iveco<\/strong><\/p>\n\n\n\n<ul class=\"wp-block-list\">\n<li>61 places<\/li>\n\n\n\n<li>Conso ELEC : 365 kWh<\/li>\n<\/ul>\n\n\n\n<blockquote class=\"wp-block-quote is-layout-flow wp-block-quote-is-layout-flow\">\n<p>A partir de 360 000 \u20ac<\/p>\n<\/blockquote>\n<\/div><figure class=\"wp-block-media-text__media\"><img loading=\"lazy\" decoding=\"async\" width=\"450\" height=\"300\" src=\"http:\/\/concess.transport-manager.net\/iveco\/wp-content\/uploads\/sites\/8\/2024\/10\/photo-indispo.jpg\" alt=\"\" class=\"wp-image-1833 size-full\" srcset=\"https:\/\/concess.transport-manager.net\/iveco\/wp-content\/uploads\/sites\/8\/2024\/10\/photo-indispo.jpg 450w, https:\/\/concess.transport-manager.net\/iveco\/wp-content\/uploads\/sites\/8\/2024\/10\/photo-indispo-300x200.jpg 300w, https:\/\/concess.transport-manager.net\/iveco\/wp-content\/uploads\/sites\/8\/2024\/10\/photo-indispo-360x240.jpg 360w\" sizes=\"auto, (max-width: 450px) 100vw, 450px\" \/><\/figure><\/div>\n\n\n\n<div class=\"wp-block-media-text alignwide is-stacked-on-mobile\" style=\"grid-template-columns:39% auto\"><figure class=\"wp-block-media-text__media\"><img loading=\"lazy\" decoding=\"async\" width=\"450\" height=\"300\" src=\"http:\/\/concess.transport-manager.net\/iveco\/wp-content\/uploads\/sites\/8\/2024\/10\/photo-indispo.jpg\" alt=\"\" class=\"wp-image-1833 size-full\" srcset=\"https:\/\/concess.transport-manager.net\/iveco\/wp-content\/uploads\/sites\/8\/2024\/10\/photo-indispo.jpg 450w, https:\/\/concess.transport-manager.net\/iveco\/wp-content\/uploads\/sites\/8\/2024\/10\/photo-indispo-300x200.jpg 300w, https:\/\/concess.transport-manager.net\/iveco\/wp-content\/uploads\/sites\/8\/2024\/10\/photo-indispo-360x240.jpg 360w\" sizes=\"auto, (max-width: 450px) 100vw, 450px\" \/><\/figure><div class=\"wp-block-media-text__content\">\n<h3 class=\"wp-block-heading\">Crossway HV 12<\/h3>\n\n\n\n<p><strong>By Iveco<\/strong><\/p>\n\n\n\n<ul class=\"wp-block-list\">\n<li>55 places<\/li>\n\n\n\n<li>Conso Diesel : 34L\/100 km<\/li>\n\n\n\n<li>Conso GNV : 45L\/100 km<\/li>\n<\/ul>\n\n\n\n<blockquote class=\"wp-block-quote is-layout-flow wp-block-quote-is-layout-flow\">\n<p>A partir de 207 000 \u20ac<\/p>\n<\/blockquote>\n<\/div><\/div>\n\n\n\n<div class=\"wp-block-media-text alignwide has-media-on-the-right is-stacked-on-mobile\" style=\"grid-template-columns:auto 39%\"><div class=\"wp-block-media-text__content\">\n<h3 class=\"wp-block-heading\">Crossway HV 13<\/h3>\n\n\n\n<p><strong>By Iveco<\/strong><\/p>\n\n\n\n<ul class=\"wp-block-list\">\n<li>61 places<\/li>\n\n\n\n<li>Conso Diesel : 35L\/100 km<\/li>\n\n\n\n<li>Conso GNV : 47L\/100 km<\/li>\n<\/ul>\n\n\n\n<blockquote class=\"wp-block-quote is-layout-flow wp-block-quote-is-layout-flow\">\n<p>A partir de 213 000 \u20ac<\/p>\n<\/blockquote>\n<\/div><figure class=\"wp-block-media-text__media\"><img loading=\"lazy\" decoding=\"async\" width=\"450\" height=\"300\" src=\"http:\/\/concess.transport-manager.net\/iveco\/wp-content\/uploads\/sites\/8\/2024\/10\/photo-indispo.jpg\" alt=\"\" class=\"wp-image-1833 size-full\" srcset=\"https:\/\/concess.transport-manager.net\/iveco\/wp-content\/uploads\/sites\/8\/2024\/10\/photo-indispo.jpg 450w, https:\/\/concess.transport-manager.net\/iveco\/wp-content\/uploads\/sites\/8\/2024\/10\/photo-indispo-300x200.jpg 300w, https:\/\/concess.transport-manager.net\/iveco\/wp-content\/uploads\/sites\/8\/2024\/10\/photo-indispo-360x240.jpg 360w\" sizes=\"auto, (max-width: 450px) 100vw, 450px\" \/><\/figure><\/div>\n\n\n\n<div class=\"wp-block-media-text alignwide is-stacked-on-mobile\" style=\"grid-template-columns:39% auto\"><figure class=\"wp-block-media-text__media\"><img loading=\"lazy\" decoding=\"async\" width=\"450\" height=\"300\" src=\"http:\/\/concess.transport-manager.net\/iveco\/wp-content\/uploads\/sites\/8\/2024\/10\/photo-indispo.jpg\" alt=\"\" class=\"wp-image-1833 size-full\" srcset=\"https:\/\/concess.transport-manager.net\/iveco\/wp-content\/uploads\/sites\/8\/2024\/10\/photo-indispo.jpg 450w, https:\/\/concess.transport-manager.net\/iveco\/wp-content\/uploads\/sites\/8\/2024\/10\/photo-indispo-300x200.jpg 300w, https:\/\/concess.transport-manager.net\/iveco\/wp-content\/uploads\/sites\/8\/2024\/10\/photo-indispo-360x240.jpg 360w\" sizes=\"auto, (max-width: 450px) 100vw, 450px\" \/><\/figure><div class=\"wp-block-media-text__content\">\n<h3 class=\"wp-block-heading\">Evadys 12<\/h3>\n\n\n\n<p><strong>By Iveco<\/strong><\/p>\n\n\n\n<ul class=\"wp-block-list\">\n<li>55 places<\/li>\n\n\n\n<li>Conso Diesel : 36L\/100 km<\/li>\n\n\n\n<li><strong>V\u00e9hicule adapt\u00e9 pour le tourisme<\/strong><\/li>\n<\/ul>\n\n\n\n<blockquote class=\"wp-block-quote is-layout-flow wp-block-quote-is-layout-flow\">\n<p>A partir de 231 000 \u20ac<\/p>\n<\/blockquote>\n<\/div><\/div>\n\n\n\n<div class=\"wp-block-media-text alignwide has-media-on-the-right is-stacked-on-mobile\" style=\"grid-template-columns:auto 39%\"><div class=\"wp-block-media-text__content\">\n<h3 class=\"wp-block-heading\">Evadys 13<\/h3>\n\n\n\n<p><strong>By Iveco<\/strong><\/p>\n\n\n\n<ul class=\"wp-block-list\">\n<li>63 places<\/li>\n\n\n\n<li>Conso Diesel : 37L\/100 km<\/li>\n\n\n\n<li><strong>V\u00e9hicule adapt\u00e9 pour le tourisme<\/strong><\/li>\n<\/ul>\n\n\n\n<blockquote class=\"wp-block-quote is-layout-flow wp-block-quote-is-layout-flow\">\n<p>A partir de 237 000 \u20ac<\/p>\n<\/blockquote>\n<\/div><figure class=\"wp-block-media-text__media\"><img loading=\"lazy\" decoding=\"async\" width=\"450\" height=\"300\" src=\"http:\/\/concess.transport-manager.net\/iveco\/wp-content\/uploads\/sites\/8\/2025\/11\/IVECO-Evadys13.png\" alt=\"\" class=\"wp-image-2773 size-full\" srcset=\"https:\/\/concess.transport-manager.net\/iveco\/wp-content\/uploads\/sites\/8\/2025\/11\/IVECO-Evadys13.png 450w, https:\/\/concess.transport-manager.net\/iveco\/wp-content\/uploads\/sites\/8\/2025\/11\/IVECO-Evadys13-300x200.png 300w, https:\/\/concess.transport-manager.net\/iveco\/wp-content\/uploads\/sites\/8\/2025\/11\/IVECO-Evadys13-360x240.png 360w\" sizes=\"auto, (max-width: 450px) 100vw, 450px\" \/><\/figure><\/div>\n\n\n\n<div class=\"wp-block-buttons is-layout-flex wp-block-buttons-is-layout-flex\">\n<div class=\"wp-block-button aligncenter\"><a class=\"wp-block-button__link wp-element-button\" href=\"https:\/\/transport-manager.net\/jeu\/sendconcess.php?p=ivecocar\" target=\"_blank\" rel=\"noreferrer noopener\">Cliquez ici pour faire une demande de devis <\/a><\/div>\n<\/div>\n\n\n\n<div style=\"height:31px\" aria-hidden=\"true\" class=\"wp-block-spacer\"><\/div>\n\n\n\n<blockquote class=\"wp-block-quote is-layout-flow wp-block-quote-is-layout-flow\">\n<p><sup>2<\/sup>: <em>Car , disponible uniquement pour les joueurs de niveau 4 et plus<\/em><\/p>\n\n\n\n<p><sup>7<\/sup>: <em>LE (low-Entry), disponible uniquement pour les joueurs de niveau 4 et plus<\/em><\/p>\n\n\n\n<p><sup>8<\/sup>: <em>LE (low-Entry)<\/em> disponible dans le formulaire urbain <\/p>\n\n\n\n<p>La capacit\u00e9 indiqu\u00e9e correspond au nombre de places sans portes suppl\u00e9mentaires<\/p>\n\n\n\n<p>Le prix indicatif correspond \u00e0 la configuration la plus basse, la motorisation la plus basique disponible et \u00e0 la fid\u00e9lit\u00e9 joueur la plus importante<\/p>\n<\/blockquote>\n","protected":false},"excerpt":{"rendered":"<p>Nos v\u00e9hicules LE (Low Entry)7 Nos minicars2 Daily Pop By Iveco A partir de 101 000\u20ac Daily Tourys By Iveco A partir de 114 000\u20ac Nos cars2 2: Car , disponible uniquement pour les joueurs de niveau 4 et plus 7: LE (low-Entry), disponible uniquement pour les joueurs de niveau [&hellip;]<\/p>\n","protected":false},"author":14,"featured_media":0,"parent":0,"menu_order":0,"comment_status":"closed","ping_status":"closed","template":"","meta":{"footnotes":""},"class_list":["post-1789","page","type-page","status-publish","hentry"],"_links":{"self":[{"href":"https:\/\/concess.transport-manager.net\/iveco\/wp-json\/wp\/v2\/pages\/1789","targetHints":{"allow":["GET"]}}],"collection":[{"href":"https:\/\/concess.transport-manager.net\/iveco\/wp-json\/wp\/v2\/pages"}],"about":[{"href":"https:\/\/concess.transport-manager.net\/iveco\/wp-json\/wp\/v2\/types\/page"}],"author":[{"embeddable":true,"href":"https:\/\/concess.transport-manager.net\/iveco\/wp-json\/wp\/v2\/users\/14"}],"replies":[{"embeddable":true,"href":"https:\/\/concess.transport-manager.net\/iveco\/wp-json\/wp\/v2\/comments?post=1789"}],"version-history":[{"count":27,"href":"https:\/\/concess.transport-manager.net\/iveco\/wp-json\/wp\/v2\/pages\/1789\/revisions"}],"predecessor-version":[{"id":2979,"href":"https:\/\/concess.transport-manager.net\/iveco\/wp-json\/wp\/v2\/pages\/1789\/revisions\/2979"}],"wp:attachment":[{"href":"https:\/\/concess.transport-manager.net\/iveco\/wp-json\/wp\/v2\/media?parent=1789"}],"curies":[{"name":"wp","href":"https:\/\/api.w.org\/{rel}","templated":true}]}}