{"id":2681,"date":"2025-10-09T20:08:54","date_gmt":"2025-10-09T18:08:54","guid":{"rendered":"https:\/\/concess.transport-manager.net\/iveco\/?page_id=2681"},"modified":"2026-02-18T02:51:53","modified_gmt":"2026-02-18T01:51:53","slug":"reglement-6","status":"publish","type":"page","link":"https:\/\/concess.transport-manager.net\/iveco\/reglement-6\/","title":{"rendered":"REGLEMENT"},"content":{"rendered":"\n<p>Si vous souhaitez ouvrir un devis chez nous, vous pouvez consultez nos catalogues neufs ou d\u2019occasions, afin de s\u00e9lectionner vos v\u00e9hicules.<\/p>\n\n\n\n<p><strong>1.<\/strong>&nbsp;<strong>LE SITE INTERNET ET CONTACT<\/strong><\/p>\n\n\n\n<p>Le site internet de la concession permet de consulter toutes les informations importantes de la concession fictive d&rsquo;IVECO BUS avec nos diff\u00e9rents services, nos catalogues, nos informations ainsi que les possibilit\u00e9s pour nous contacter. Celui-ci est con\u00e7u afin d&rsquo;\u00eatre le plus complet possible, si vous avez un doute, vous pouvez contacter la concession.<\/p>\n\n\n\n<p>Pour contacter la concession, les messages priv\u00e9s jeu ainsi que le Allo IVECO sont \u00e0 votre disposition. <\/p>\n\n\n\n<p>La concession ne traite aucune demande sans les basiques de la politesse : \u00ab&nbsp;bonjour&nbsp;\u00bb, \u00ab&nbsp;merci&nbsp;\u00bb, ce que vous voulez\u2026 mais mettez y les formes !&nbsp;<\/p>\n\n\n\n<p>La concession ne r\u00e9pondra pas aux demandes de devis des joueurs blacklist\u00e9s ou aux demandes ne pouvant donner \u00e0 une r\u00e9ponse. <\/p>\n\n\n\n<p>La concession se r\u00e9serve le droit de modifier une demande de devis afin de faire correspondre certaines donn\u00e9es au catalogue par les options, motorisations possibles&#8230; <\/p>\n\n\n\n<p>La concession se r\u00e9serve le droit de ne pas r\u00e9pondre \u00e0 une demande de location si celle ci n\u2019est pas conforme aux disponibilit\u00e9s ou aux v\u00e9hicules propos\u00e9s<\/p>\n\n\n\n<p>2<strong>.<\/strong>&nbsp;<strong>DEVIS<\/strong> <strong>ET FACTURATION<\/strong> <\/p>\n\n\n\n<p>Pour effectuer une demande de devis, il est imp\u00e9ratif d&rsquo;user du formulaire ad\u00e9quat disponible sur le site de la concession. Ce formulaire permet de d\u00e9finir le type de v\u00e9hicule, la motorisation, la quantit\u00e9&#8230; Sur certains v\u00e9hicule, une quantit\u00e9 minimale peut \u00eatre impos\u00e9e. <\/p>\n\n\n\n<p>La concession propose une tarification claire et d\u00e9taill\u00e9e lors des devis : par le cout des options, par les diff\u00e9rentes remises &#8230;<\/p>\n\n\n\n<p>Les propositions ont une dur\u00e9e de validit\u00e9 de 1 mois \u00e0 compter de la date de publication du devis, c&rsquo;est le d\u00e9lai pour valider ou refuser un devis. L&rsquo;absence de r\u00e9ponse positive ou n\u00e9gative \u00e0 3 propositions de devis mettra le joueur en blacklist pendant 1 an , entra\u00eenant l&rsquo;impossibilit\u00e9 de demander d&rsquo;autres devis dans la concession pendant cette p\u00e9riode.<br>Les devis valid\u00e9s doivent \u00eatre termin\u00e9s dans les 6 mois suivant la date de validation . Pour valider un devis, il suffit d&rsquo;en informer explicitement le concessionnaire dans le sujet concern\u00e9. Une fois ce d\u00e9lai d\u00e9pass\u00e9, la concession est en droit de pr\u00e9lever une indemnit\u00e9.<br>Le client poss\u00e8de un droit de r\u00e9tractation de 7 jours (sauf s\u2019il commande les v\u00e9hicules) . Une fois ce d\u00e9lai \u00e9coul\u00e9, si le joueur n\u2019a pas encore command\u00e9 les v\u00e9hicules, mais qu\u2019il souhaite annuler le devis, la concession est en droit de pr\u00e9lever une indemnit\u00e9. Un v\u00e9hicule livr\u00e9 et conforme au devis doit \u00eatre r\u00e9gl\u00e9 \u00e0 la concession m\u00eame dans le cadre de la cl\u00f4ture anticip\u00e9e du devis.<\/p>\n\n\n\n<p>La concession ne communique pas les kilom\u00e9trages des v\u00e9hicules d&rsquo;occasion avant livraison.<\/p>\n\n\n\n<p>De m\u00eame, le joueur se doit de fournir des informations correctes lors d&rsquo;une demande de devis, par son pseudo jeu \/ pseudo forum \/ niveau &#8230; <\/p>\n\n\n\n<p>Une fois la facture cr\u00e9\u00e9e, suite \u00e0 une vente ou une location, vous disposez de 15 jours pour la r\u00e9gler. <\/p>\n\n\n\n<p><strong>3. LES COMMANDES<\/strong><\/p>\n\n\n\n<p>Une commande valid\u00e9e ne peut \u00eatre annul\u00e9e.<\/p>\n\n\n\n<p>Pour commander les v\u00e9hicules, il suffit d&rsquo;en informer le concessionnaire de fa\u00e7on explicite par exemple par un \u00ab\u00a0je commande les v\u00e9hicules\u00a0\u00bb.<br>Les d\u00e9lais de livraisons peuvent varier. Les v\u00e9hicules neufs sont globalement livr\u00e9s en 3 \u00e0 5 jours. Les v\u00e9hicules d\u2019occasion peuvent parfois \u00eatre livr\u00e9s 7 \u00e0 10 jours apr\u00e8s livraison en concession (ayant lieu le dimanche suivant la commande) . Les d\u00e9lais peuvent \u00e9galement \u00eatre rallong\u00e9s pour des raisons ind\u00e9pendantes de notre volont\u00e9, et la responsabilit\u00e9 de la concession ne peut \u00eatre engag\u00e9e.<\/p>\n\n\n\n<p>Les commandes peuvent \u00e9galement s&rsquo;effectuer automatiquement au fil des semaines avec les occasions si le joueur l&rsquo;indique en mentionnant le souhait d&rsquo;effectuer les commandes automatiquement au fil des semaines ou le souhait de commander la totalit\u00e9 d&rsquo;un devis d&rsquo;occasion.<\/p>\n\n\n\n<p>Egalement, la commande par la volont\u00e9 du concessionnaire peut \u00eatre effectu\u00e9e dans le cadre de l&rsquo;option anti oubli gratuite. Celle ci peut commencer \u00e0 intervenir durant le dernier mois de validit\u00e9 d&rsquo;un devis pour le neuf (le cinqui\u00e8me). Pour l&rsquo;occasion , le concessionnaire user de la commande automatique dans le cadre de cette option, la commande peut intervenir plus t\u00f4t que dans le cinqui\u00e8me mois en fonction de la quantit\u00e9 de v\u00e9hicules d&rsquo;occasion.<\/p>\n\n\n\n<p>Apr\u00e8s commande, le joueur doit avoir pr\u00e9vu assez d&rsquo;espace dans ses d\u00e9p\u00f4ts pour accueillir les v\u00e9hicules command\u00e9s. Les frais de livraisons ne sont pas \u00e0 la charge du client mais si la livraison est impossible le jour de la livraison et que celle-ci est d\u00e9cal\u00e9e, des frais peuvent apparaitre.<\/p>\n\n\n\n<p>4<strong>. GARANTIE ET S.A.V<\/strong><\/p>\n\n\n\n<p>La concession cherche \u00e0 fournir des v\u00e9hicules de la meilleure qualit\u00e9 possible, cependant, la panne parfois arrive !<\/p>\n\n\n\n<p>La concession r\u00e9f\u00e9rence toutes les pannes prise en charge ou non sur son SAV : <a href=\"https:\/\/concess.transport-manager.net\/iveco\/sav\/\" target=\"_blank\" rel=\"noreferrer noopener\">https:\/\/concess.transport-manager.net\/iveco\/sav\/<\/a><\/p>\n\n\n\n<p>De plus des crit\u00e8res concernant l&rsquo;entretien, l&rsquo;usure, le d\u00e9lai de formulation de demande, le type de v\u00e9hicule etc peuvent faire \u00e9voluer la possibilit\u00e9 de prise en charge, le d\u00e9tail est disponible sur le SAV:&nbsp;<a href=\"https:\/\/concess.transport-manager.net\/iveco\/sav\/\" target=\"_blank\" rel=\"noreferrer noopener\">https:\/\/concess.transport-manager.net\/iveco\/sav\/<\/a><\/p>\n\n\n\n<p>Tout v\u00e9hicule livr\u00e9 \u00e0 un joueur non conforme sont sujet \u00e0 modification ou d\u00e9dommagent par la concession cela dans un d\u00e9lai maximal de 1 mois apr\u00e8s livraison, sans modification et sans roulage du v\u00e9hicule.<\/p>\n\n\n\n<p><\/p>\n\n\n\n<p><strong>5. DROIT DE <strong>REFUS<\/strong><\/strong> <strong>ET PRATIQUES ABUSIVES<\/strong><\/p>\n\n\n\n<p>La concession se r\u00e9serve le droit de refuser une demande d\u2019un client pour une raison r\u00e9elle et s\u00e9rieuse. Un client peut \u00eatre en blacklist sur la totalit\u00e9 de la concession ou sur certains services pour des pratiques abusives ou un manque de politesse.<\/p>\n\n\n\n<p>6<strong>. LA FIDELITE<\/strong><\/p>\n\n\n\n<p>Tous les joueurs peuvent b\u00e9n\u00e9ficier d\u2019un contrat de fid\u00e9lit\u00e9. Celui ci est renouvelable au fil des ann\u00e9es : manuellement ou via tacite de reconduction.<\/p>\n\n\n\n<p>Le paiement du syst\u00e8me de fid\u00e9lit\u00e9 s\u2019effectue via pr\u00e9l\u00e8vement par la concession et votre statut est mis a jour sur le tableau mis a disposition.<\/p>\n\n\n\n<p>Pour b\u00e9n\u00e9ficier des avantages fid\u00e9lit\u00e9, il faut \u00e9videmment le renseigner \u00e0 la demande de devis.<\/p>\n\n\n\n<p>Il existe deux programmes de fid\u00e9lit\u00e9, le programme Super Investisseur (pour les joueurs) et le taureau rouge (pour les alliances)<\/p>\n\n\n\n<p>Tous les programmes de fid\u00e9lit\u00e9 sont souscrits pour 1 an.<\/p>\n\n\n\n<p>Un programme de fid\u00e9lit\u00e9 n\u2019est pas r\u00e9troactif sur un devis d\u00e9j\u00e0 valid\u00e9 avant souscription d\u2019un programme.<\/p>\n\n\n\n<p>Le programme de fid\u00e9lit\u00e9 Super Investisseur peut \u00eatre interrompu par le joueur mais celui ci n&rsquo;aura pas droit \u00e0 un remboursement. De m\u00eame, le programme de fid\u00e9lit\u00e9 taureau rouge peut \u00eatre interrompu par une alliance mais aucun remboursement ne peut \u00eatre demand\u00e9. <\/p>\n\n\n\n<p>Pour souscrire au programme Super investisseur, un joueur doit utiliser le formulaire ad\u00e9quat. Pour une alliance ,  la souscription se fait via contact avec la concession via mp jeu.<\/p>\n\n\n\n<p><strong>7. LES SERVICES<\/strong><\/p>\n\n\n\n<p>La concession met \u00e0 disposition des services tel que les ventes flash, les locations etc. Un r\u00e8glement est mis en avant sur chacune des pages de ces services afin de compl\u00e9ter le r\u00e8glement en vigueur. <\/p>\n\n\n\n<p>La concession dispose d&rsquo;un partenariat avec la banque et assurance Azur afin de vous proposer des cr\u00e9dits afin de faciliter le financement de vos achats mais aussi des contrats d&rsquo;assurance avantageux et moins co\u00fbteux.<\/p>\n\n\n\n<p><strong>8. LES FRAIS de gestion et additionnel<\/strong><\/p>\n\n\n\n<p>IVECO Bus est un leader sur le march\u00e9 fran\u00e7ais, cela n&rsquo;est pas anecdotique. Nous avons toujours cherch\u00e9 la tarification la plus juste pour nos clients. L&rsquo;achat d&rsquo;un v\u00e9hicule, ce n&rsquo;est pas seulement la fabrication dans nos ateliers, c&rsquo;est une \u00e9quipe au petit soin pour votre entreprise afin de proposer le service supr\u00eame, et cela au meilleur prix!<\/p>\n\n\n\n<p><\/p>\n\n\n\n<p><strong>D\u00e9tail des frais additionnel IVECO : <\/strong><\/p>\n\n\n\n<p>Les frais additionnel sont facultatifs et adaptatifs en fonction de l&rsquo;exp\u00e9rience du client .<\/p>\n\n\n\n<figure class=\"wp-block-table\"><table class=\"has-fixed-layout\"><tbody><tr><td>Frais manquement \u00e0 la politesse<\/td><td>5 000\u20ac<\/td><\/tr><tr><td>Frais \u00e9dition de devis apr\u00e8s \u00e9dition \u00e0 la demande du joueur (uniquement si un nouveau devis est requis)<\/td><td>8 000\u20ac<\/td><\/tr><tr><td>Indemnit\u00e9s manque d\u2019espace dans le d\u00e9p\u00f4t joueur lors de la livraison de v\u00e9hicule<\/td><td>5 000\u20ac par jour et par v\u00e9hicule<\/td><\/tr><tr><td>Frais r\u00e8glement de facture hors d\u00e9lais (15 jours)<\/td><td>10% du montant de la facture (plus le for\u00e7age du paiement)<\/td><\/tr><tr><td>Frais cl\u00f4ture de devis par d\u00e9passement du d\u00e9lai de commande<\/td><td>15% de la valeur des v\u00e9hicules restant \u00e0 commander<\/td><\/tr><tr><td>Frais annulation de devis par demande du client ou de l\u2019administration<\/td><td>15% de la valeur des v\u00e9hicules restant \u00e0 commander<\/td><\/tr><\/tbody><\/table><\/figure>\n\n\n\n<p>La liste ici n&rsquo;est pas exhaustive, certains frais sont indiqu\u00e9s sur les pages des services concern\u00e9s tel que sur celle du service locatif.<\/p>\n\n\n\n<p><strong>9. LES ELEMENTAIRES<\/strong><\/p>\n\n\n\n<p>Ce r\u00e8glement s\u2019applique \u00e0 tous les clients de la concession IVECO et est r\u00e9troactifs.<\/p>\n\n\n\n<p>Afin d&rsquo;\u00e9viter les demandes doublons, il est fortement d\u00e9conseill\u00e9 de faire plusieurs fois la m\u00eame demande   par impatience ou par doute de non r\u00e9ception par la concession. Si vous avez un doute, il pr\u00e9f\u00e9rable d&rsquo;en faire directement la demande via mp jeu \u00e0 la concession.<\/p>\n\n\n\n<p>En cas de litiges, vous \u00eates invit\u00e9 \u00e0 la discussion avec votre concessionnaire, si aucune solution n&rsquo;est trouv\u00e9e , le concessionnaire comme le client peuvent saisir l\u2019administration de Transport Manager, pouvant prendre une d\u00e9cision neutre dont l&rsquo;objectif est de ne d\u00e9favoriser ni le joueur ni la concession IVECO BUS.<\/p>\n\n\n\n<p>Par soucis de transparence, la concession IVECO met a votre disposition l\u2019historique des r\u00e8glements :<\/p>\n\n\n\n<figure class=\"wp-block-embed is-type-wp-embed is-provider-iveco-bus wp-block-embed-iveco-bus\"><div class=\"wp-block-embed__wrapper\">\n<blockquote class=\"wp-embedded-content\" data-secret=\"dRg4e4owrS\"><a href=\"https:\/\/concess.transport-manager.net\/iveco\/historique-des-reglement\/\">HISTORIQUE DES REGLEMENTS:<\/a><\/blockquote><iframe loading=\"lazy\" class=\"wp-embedded-content\" sandbox=\"allow-scripts\" security=\"restricted\" style=\"position: absolute; visibility: hidden;\" title=\"\u00ab\u00a0HISTORIQUE DES REGLEMENTS:\u00a0\u00bb &#8212; Iveco Bus\" src=\"https:\/\/concess.transport-manager.net\/iveco\/historique-des-reglement\/embed\/#?secret=q84RjO6zIl#?secret=dRg4e4owrS\" data-secret=\"dRg4e4owrS\" width=\"600\" height=\"338\" frameborder=\"0\" marginwidth=\"0\" marginheight=\"0\" scrolling=\"no\"><\/iframe>\n<\/div><\/figure>\n","protected":false},"excerpt":{"rendered":"<p>Si vous souhaitez ouvrir un devis chez nous, vous pouvez consultez nos catalogues neufs ou d\u2019occasions, afin de s\u00e9lectionner vos v\u00e9hicules. 1.&nbsp;LE SITE INTERNET ET CONTACT Le site internet de la concession permet de consulter toutes les informations importantes de la concession fictive d&rsquo;IVECO BUS avec nos diff\u00e9rents services, nos [&hellip;]<\/p>\n","protected":false},"author":14,"featured_media":0,"parent":0,"menu_order":0,"comment_status":"closed","ping_status":"closed","template":"","meta":{"footnotes":""},"class_list":["post-2681","page","type-page","status-publish","hentry"],"_links":{"self":[{"href":"https:\/\/concess.transport-manager.net\/iveco\/wp-json\/wp\/v2\/pages\/2681","targetHints":{"allow":["GET"]}}],"collection":[{"href":"https:\/\/concess.transport-manager.net\/iveco\/wp-json\/wp\/v2\/pages"}],"about":[{"href":"https:\/\/concess.transport-manager.net\/iveco\/wp-json\/wp\/v2\/types\/page"}],"author":[{"embeddable":true,"href":"https:\/\/concess.transport-manager.net\/iveco\/wp-json\/wp\/v2\/users\/14"}],"replies":[{"embeddable":true,"href":"https:\/\/concess.transport-manager.net\/iveco\/wp-json\/wp\/v2\/comments?post=2681"}],"version-history":[{"count":2,"href":"https:\/\/concess.transport-manager.net\/iveco\/wp-json\/wp\/v2\/pages\/2681\/revisions"}],"predecessor-version":[{"id":3038,"href":"https:\/\/concess.transport-manager.net\/iveco\/wp-json\/wp\/v2\/pages\/2681\/revisions\/3038"}],"wp:attachment":[{"href":"https:\/\/concess.transport-manager.net\/iveco\/wp-json\/wp\/v2\/media?parent=2681"}],"curies":[{"name":"wp","href":"https:\/\/api.w.org\/{rel}","templated":true}]}}