{"id":3005,"date":"2026-02-16T21:50:23","date_gmt":"2026-02-16T20:50:23","guid":{"rendered":"https:\/\/concess.transport-manager.net\/iveco\/?page_id=3005"},"modified":"2026-04-16T20:41:59","modified_gmt":"2026-04-16T18:41:59","slug":"service-de-demonstration","status":"publish","type":"page","link":"https:\/\/concess.transport-manager.net\/iveco\/service-de-demonstration\/","title":{"rendered":"Service de d\u00e9monstration"},"content":{"rendered":"\n<p>Le service de d\u00e9monstration de Iveco Bus permet aux exploitants et aux collectivit\u00e9s de tester un bus ou un car en conditions r\u00e9elles avant tout investissement, afin d\u2019\u00e9valuer concr\u00e8tement les performances, la consommation, le confort et l\u2019ad\u00e9quation du v\u00e9hicule \u00e0 leur r\u00e9seau. Cette mise \u00e0 disposition temporaire, accompagn\u00e9e par un suivi commercial et technique, offre une vision pr\u00e9cise du co\u00fbt d\u2019exploitation et facilite la prise de d\u00e9cision, notamment dans le cadre d\u2019une transition \u00e9nerg\u00e9tique vers des motorisations plus propres. C\u2019est une solution s\u00e9curisante, strat\u00e9gique et professionnelle pour investir en toute confiance.<\/p>\n\n\n\n<p><strong>Les v\u00e9hicules disponibles :<\/strong><\/p>\n\n\n\n<div class=\"wp-block-buttons is-content-justification-center is-layout-flex wp-container-core-buttons-is-layout-a89b3969 wp-block-buttons-is-layout-flex\">\n<div class=\"wp-block-button\"><a class=\"wp-block-button__link wp-element-button\" href=\"https:\/\/docs.google.com\/spreadsheets\/d\/e\/2PACX-1vREq9mc5g9sQZlREhiGOXU41iZaZYmqyNJCmeZW3NalRXrGDYxh2TK9zph4Ne7rR5erE6pTFtx1ooLo\/pubhtml?gid=0&amp;single=true\">Consulter la liste de v\u00e9hicules disponibles<\/a><\/div>\n<\/div>\n\n\n\n<p><strong>R\u00e8glement du service d\u00e9monstration :<\/strong><\/p>\n\n\n\n<ul class=\"wp-block-list\">\n<li>R\u00e8glement du jeu (au 16\/02\/2026) :<\/li>\n<\/ul>\n\n\n\n<p>La concession peut mettre en place un syst\u00e8me de d\u00e9monstration gratuit, cependant, pour ce type de mise \u00e0 disposition, le pr\u00eat du v\u00e9hicule est possible une seule fois par joueur et par mod\u00e8le et dans la limite de 15 jours maximum. Les concessions doivent donc imp\u00e9rativement garder dans un topic visible de la mod\u00e9ration les diff\u00e9rents pr\u00eat de v\u00e9hicule et s&rsquo;assurer qu&rsquo;elle ne pr\u00eatera pas plusieurs fois un v\u00e9hicule au m\u00eame joueur.<\/p>\n\n\n\n<ul class=\"wp-block-list\">\n<li>R\u00e8glement de la concession :<\/li>\n<\/ul>\n\n\n\n<p>Les v\u00e9hicules sont pr\u00eat\u00e9s pour une dur\u00e9e de 7 jours \u00e0 partir de la date de d\u00e9but de pr\u00eat.<\/p>\n\n\n\n<p>Les v\u00e9hicules doivent \u00eatre rendus sans publicit\u00e9, propres et charg\u00e9s. Les num\u00e9ros de parc ne doivent pas \u00eatre modifi\u00e9s. Les m\u00eames p\u00e9nalit\u00e9s que celles des locations peuvent s&rsquo;appliquer en cas de non-respect de ces r\u00e8gles.<\/p>\n\n\n\n<p>Le service de d\u00e9monstration n&rsquo;est utilisable qu&rsquo;une fois tous les six mois par un joueur, et sur un seul v\u00e9hicule uniquement. Le m\u00eame v\u00e9hicule ne pourra pas \u00eatre \u00e0 nouveau pr\u00eat\u00e9 \u00e0 ce joueur.<\/p>\n\n\n\n<p>La concession peut prendre du temps avant de traiter votre demande. Soyez patients ! Elle peut \u00e9galement refuser votre demande sans donner de motif.<\/p>\n\n\n\n<div class=\"wp-block-buttons is-content-justification-center is-layout-flex wp-container-core-buttons-is-layout-a89b3969 wp-block-buttons-is-layout-flex\">\n<div class=\"wp-block-button\"><a class=\"wp-block-button__link wp-element-button\" href=\"https:\/\/transport-manager.net\/jeu\/sendconcess.php?p=ivecodemo\">Demander un v\u00e9hicule de d\u00e9monstration<\/a><\/div>\n<\/div>\n\n\n\n<p><strong>Liste des joueurs, et des v\u00e9hicules pr\u00eat\u00e9s :<\/strong><\/p>\n\n\n\n<figure class=\"wp-block-table\"><table class=\"has-fixed-layout\" style=\"border-width:1px\"><tbody><tr><td class=\"has-text-align-center\" data-align=\"center\"><strong>Pseudo joueur<\/strong><\/td><td class=\"has-text-align-center\" data-align=\"center\"><strong>Date de pr\u00eat<\/strong><\/td><td class=\"has-text-align-center\" data-align=\"center\"><strong>V\u00e9hicule pr\u00eat\u00e9<\/strong><\/td><\/tr><tr><td class=\"has-text-align-center\" data-align=\"center\">Vincent_85000<\/td><td class=\"has-text-align-center\" data-align=\"center\">23\/02\/2026<\/td><td class=\"has-text-align-center\" data-align=\"center\">IVECO-DEMO-15<\/td><\/tr><tr><td class=\"has-text-align-center\" data-align=\"center\">rennais_passionbus<\/td><td class=\"has-text-align-center\" data-align=\"center\">02\/03\/2026<\/td><td class=\"has-text-align-center\" data-align=\"center\">IVECO-DEMO-03<\/td><\/tr><tr><td class=\"has-text-align-center\" data-align=\"center\">Cita-76<\/td><td class=\"has-text-align-center\" data-align=\"center\">08\/03\/2026<\/td><td class=\"has-text-align-center\" data-align=\"center\">IVECO-DEMO-05<\/td><\/tr><tr><td class=\"has-text-align-center\" data-align=\"center\">Kyky03150<\/td><td class=\"has-text-align-center\" data-align=\"center\">11\/04\/2026<\/td><td class=\"has-text-align-center\" data-align=\"center\">IVECO-DEMO-04<\/td><\/tr><tr><td class=\"has-text-align-center\" data-align=\"center\">VicVbn<\/td><td class=\"has-text-align-center\" data-align=\"center\">11\/04\/2026<\/td><td class=\"has-text-align-center\" data-align=\"center\">IVECO-DEMO-01<\/td><\/tr><tr><td class=\"has-text-align-center\" data-align=\"center\">mhz2000<\/td><td class=\"has-text-align-center\" data-align=\"center\">14\/04\/2026<\/td><td class=\"has-text-align-center\" data-align=\"center\">IVECO-DEMO-16<\/td><\/tr><tr><td class=\"has-text-align-center\" data-align=\"center\">nasnas10<\/td><td class=\"has-text-align-center\" data-align=\"center\">16\/04\/2026<\/td><td class=\"has-text-align-center\" data-align=\"center\">IVECO-DEMO-05<\/td><\/tr><tr><td class=\"has-text-align-center\" data-align=\"center\"><\/td><td class=\"has-text-align-center\" data-align=\"center\"><\/td><td class=\"has-text-align-center\" data-align=\"center\"><\/td><\/tr><\/tbody><\/table><\/figure>\n","protected":false},"excerpt":{"rendered":"<p>Le service de d\u00e9monstration de Iveco Bus permet aux exploitants et aux collectivit\u00e9s de tester un bus ou un car en conditions r\u00e9elles avant tout investissement, afin d\u2019\u00e9valuer concr\u00e8tement les performances, la consommation, le confort et l\u2019ad\u00e9quation du v\u00e9hicule \u00e0 leur r\u00e9seau. Cette mise \u00e0 disposition temporaire, accompagn\u00e9e par un [&hellip;]<\/p>\n","protected":false},"author":24,"featured_media":0,"parent":0,"menu_order":0,"comment_status":"closed","ping_status":"closed","template":"","meta":{"footnotes":""},"class_list":["post-3005","page","type-page","status-publish","hentry"],"_links":{"self":[{"href":"https:\/\/concess.transport-manager.net\/iveco\/wp-json\/wp\/v2\/pages\/3005","targetHints":{"allow":["GET"]}}],"collection":[{"href":"https:\/\/concess.transport-manager.net\/iveco\/wp-json\/wp\/v2\/pages"}],"about":[{"href":"https:\/\/concess.transport-manager.net\/iveco\/wp-json\/wp\/v2\/types\/page"}],"author":[{"embeddable":true,"href":"https:\/\/concess.transport-manager.net\/iveco\/wp-json\/wp\/v2\/users\/24"}],"replies":[{"embeddable":true,"href":"https:\/\/concess.transport-manager.net\/iveco\/wp-json\/wp\/v2\/comments?post=3005"}],"version-history":[{"count":23,"href":"https:\/\/concess.transport-manager.net\/iveco\/wp-json\/wp\/v2\/pages\/3005\/revisions"}],"predecessor-version":[{"id":3092,"href":"https:\/\/concess.transport-manager.net\/iveco\/wp-json\/wp\/v2\/pages\/3005\/revisions\/3092"}],"wp:attachment":[{"href":"https:\/\/concess.transport-manager.net\/iveco\/wp-json\/wp\/v2\/media?parent=3005"}],"curies":[{"name":"wp","href":"https:\/\/api.w.org\/{rel}","templated":true}]}}