{"id":68,"date":"2022-07-24T23:16:23","date_gmt":"2022-07-24T21:16:23","guid":{"rendered":"https:\/\/concess.transport-manager.net\/iveco\/?page_id=68"},"modified":"2024-01-20T19:13:13","modified_gmt":"2024-01-20T18:13:13","slug":"fidelite","status":"publish","type":"page","link":"https:\/\/concess.transport-manager.net\/iveco\/fidelite\/","title":{"rendered":"La fid\u00e9lit\u00e9 (ancienne version)"},"content":{"rendered":"<div class=\"wp-block-image\">\n<figure class=\"aligncenter size-large\"><img loading=\"lazy\" decoding=\"async\" width=\"1024\" height=\"297\" src=\"https:\/\/concess.transport-manager.net\/iveco\/wp-content\/uploads\/sites\/8\/2022\/08\/baniere-fidelite--1024x297.png\" alt=\"\" class=\"wp-image-490\" srcset=\"https:\/\/concess.transport-manager.net\/iveco\/wp-content\/uploads\/sites\/8\/2022\/08\/baniere-fidelite--1024x297.png 1024w, https:\/\/concess.transport-manager.net\/iveco\/wp-content\/uploads\/sites\/8\/2022\/08\/baniere-fidelite--300x87.png 300w, https:\/\/concess.transport-manager.net\/iveco\/wp-content\/uploads\/sites\/8\/2022\/08\/baniere-fidelite--768x222.png 768w, https:\/\/concess.transport-manager.net\/iveco\/wp-content\/uploads\/sites\/8\/2022\/08\/baniere-fidelite--1536x445.png 1536w, https:\/\/concess.transport-manager.net\/iveco\/wp-content\/uploads\/sites\/8\/2022\/08\/baniere-fidelite-.png 1654w\" sizes=\"auto, (max-width: 1024px) 100vw, 1024px\" \/><\/figure>\n<\/div>\n\n\n<figure class=\"wp-block-pullquote\"><blockquote><p>La concession IVECO vous informe de la fermeture et cela pour une dur\u00e9e ind\u00e9termin\u00e9e de la souscription \u00e0 tous les programmes de fid\u00e9lit\u00e9 de la concession (Investisseur, Malicieux et Super Malicieux). Cela n&rsquo;a pas d&rsquo;impact pour les joueurs ayant d\u00e9j\u00e0 un programme de fid\u00e9lit\u00e9 chez IVECO, il ne sera cependant pas possible de proc\u00e9der \u00e0 un renouvellent dans les prochaines semaines.<\/p><\/blockquote><\/figure>\n\n\n\n<p><\/p>\n\n\n\n<p>Nous vous rappelons qu&rsquo;un client dispose sans fid\u00e9lit\u00e9 des avantages suivants:<\/p>\n\n\n\n<ul class=\"wp-block-list\">\n<li>Garantie des v\u00e9hicules neuf 2 ans<\/li>\n\n\n\n<li>Garantie des v\u00e9hicules d&rsquo;occasion 6 mois<\/li>\n\n\n\n<li>Contr\u00f4le technique et immatriculation offerte<\/li>\n<\/ul>\n\n\n\n<h2 class=\"wp-block-heading has-text-align-center\">Les programmes : *<\/h2>\n\n\n\n<div class=\"wp-block-media-text alignwide has-media-on-the-right is-stacked-on-mobile\" style=\"grid-template-columns:auto 16%\"><div class=\"wp-block-media-text__content\">\n<h3 class=\"wp-block-heading\">Le programme Investisseur<\/h3>\n\n\n\n<ul class=\"wp-block-list\">\n<li>Garantie des v\u00e9hicules neuf 2 ans<\/li>\n\n\n\n<li>Garantie des v\u00e9hicules d&rsquo;occasion 6 mois<\/li>\n\n\n\n<li>Contr\u00f4le technique et immatriculation offerte <\/li>\n\n\n\n<li>R\u00e9duction sur les devis de 2% ou 5% d\u00e8s 10 v\u00e9hicules<sup>1<\/sup><\/li>\n\n\n\n<li>Reprise \u00e0 -10% de l&rsquo;argus <sup>3<\/sup><\/li>\n<\/ul>\n\n\n\n<blockquote class=\"wp-block-quote is-layout-flow wp-block-quote-is-layout-flow\">\n<p>70 000 \u20ac \/ par an<\/p>\n<\/blockquote>\n<\/div><figure class=\"wp-block-media-text__media\"><img loading=\"lazy\" decoding=\"async\" width=\"200\" height=\"200\" src=\"https:\/\/concess.transport-manager.net\/iveco\/wp-content\/uploads\/sites\/8\/2022\/08\/investisseur.png\" alt=\"\" class=\"wp-image-467 size-full\" srcset=\"https:\/\/concess.transport-manager.net\/iveco\/wp-content\/uploads\/sites\/8\/2022\/08\/investisseur.png 200w, https:\/\/concess.transport-manager.net\/iveco\/wp-content\/uploads\/sites\/8\/2022\/08\/investisseur-150x150.png 150w\" sizes=\"auto, (max-width: 200px) 100vw, 200px\" \/><\/figure><\/div>\n\n\n\n<div class=\"wp-block-media-text alignwide is-stacked-on-mobile\" style=\"grid-template-columns:16% auto\"><figure class=\"wp-block-media-text__media\"><img loading=\"lazy\" decoding=\"async\" width=\"200\" height=\"200\" src=\"https:\/\/concess.transport-manager.net\/iveco\/wp-content\/uploads\/sites\/8\/2022\/08\/malicieux.png\" alt=\"\" class=\"wp-image-468 size-full\" srcset=\"https:\/\/concess.transport-manager.net\/iveco\/wp-content\/uploads\/sites\/8\/2022\/08\/malicieux.png 200w, https:\/\/concess.transport-manager.net\/iveco\/wp-content\/uploads\/sites\/8\/2022\/08\/malicieux-150x150.png 150w\" sizes=\"auto, (max-width: 200px) 100vw, 200px\" \/><\/figure><div class=\"wp-block-media-text__content\">\n<h3 class=\"wp-block-heading\">Le programme Malicieux<\/h3>\n\n\n\n<ul class=\"wp-block-list\">\n<li>Garantie des v\u00e9hicules neuf 3 ans<\/li>\n\n\n\n<li>Garantie des v\u00e9hicules d&rsquo;occasion 9 mois<\/li>\n\n\n\n<li>Contr\u00f4le technique et immatriculation offerte <\/li>\n\n\n\n<li>R\u00e9duction sur les devis de 5% ou 7% d\u00e8s 10 v\u00e9hicules<sup>1<\/sup><\/li>\n\n\n\n<li>Reprise \u00e0 -5% de l&rsquo;argus <sup>3<\/sup><\/li>\n\n\n\n<li>Acc\u00e8s au catalogue des ventes priv\u00e9es<\/li>\n\n\n\n<li>Cagnottage automatique de 10% la valeur d&rsquo;une location<sup>4<\/sup><\/li>\n<\/ul>\n\n\n\n<blockquote class=\"wp-block-quote is-layout-flow wp-block-quote-is-layout-flow\">\n<p>110 000 \u20ac \/ par an<\/p>\n<\/blockquote>\n<\/div><\/div>\n\n\n\n<div class=\"wp-block-media-text alignwide has-media-on-the-right is-stacked-on-mobile\" style=\"grid-template-columns:auto 16%\"><div class=\"wp-block-media-text__content\">\n<h3 class=\"wp-block-heading\">Le programme Super Malicieux<\/h3>\n\n\n\n<ul class=\"wp-block-list\">\n<li>Garantie des v\u00e9hicules neuf 4 ans<\/li>\n\n\n\n<li>Garantie des v\u00e9hicules d&rsquo;occasion 1 an<\/li>\n\n\n\n<li>Contr\u00f4le technique et immatriculation offerte <\/li>\n\n\n\n<li>R\u00e9duction sur les devis de 7%<\/li>\n\n\n\n<li>Reprise \u00e0 l&rsquo;argus <sup>3<\/sup><\/li>\n\n\n\n<li>Acc\u00e8s au catalogue des ventes priv\u00e9es avec r\u00e9duction suppl\u00e9mentaire<\/li>\n\n\n\n<li>Cagnottage automatique de 15% la valeur d&rsquo;une location<sup>4<\/sup><\/li>\n<\/ul>\n\n\n\n<blockquote class=\"wp-block-quote is-layout-flow wp-block-quote-is-layout-flow\">\n<p>110 000 \u20ac \/ par an + exclusivit\u00e9 sur 1 an <sup>6<\/sup><\/p>\n<\/blockquote>\n<\/div><figure class=\"wp-block-media-text__media\"><img loading=\"lazy\" decoding=\"async\" width=\"200\" height=\"200\" src=\"https:\/\/concess.transport-manager.net\/iveco\/wp-content\/uploads\/sites\/8\/2022\/08\/supermalicieux.png\" alt=\"\" class=\"wp-image-469 size-full\" srcset=\"https:\/\/concess.transport-manager.net\/iveco\/wp-content\/uploads\/sites\/8\/2022\/08\/supermalicieux.png 200w, https:\/\/concess.transport-manager.net\/iveco\/wp-content\/uploads\/sites\/8\/2022\/08\/supermalicieux-150x150.png 150w\" sizes=\"auto, (max-width: 200px) 100vw, 200px\" \/><\/figure><\/div>\n\n\n\n<h3 class=\"wp-block-heading\">Alors n&rsquo;attendez plus, souscrivez maintenant \u00e0 votre contrat de fid\u00e9lit\u00e9 ! <\/h3>\n\n\n\n<div style=\"height:23px\" aria-hidden=\"true\" class=\"wp-block-spacer\"><\/div>\n\n\n\n<div class=\"wp-block-buttons is-content-justification-center is-layout-flex wp-container-core-buttons-is-layout-a89b3969 wp-block-buttons-is-layout-flex\">\n<div class=\"wp-block-button\"><a class=\"wp-block-button__link wp-element-button\" href=\"https:\/\/forms.gle\/gFeXgkADGZxWhAk79\" target=\"_blank\" rel=\"noreferrer noopener\">Formulaire de souscription<\/a><\/div>\n\n\n\n<div class=\"wp-block-button\"><a class=\"wp-block-button__link wp-element-button\" href=\"https:\/\/docs.google.com\/spreadsheets\/d\/e\/2PACX-1vQsk1EUGfQ3klkv0bBmM3mbWcaHFYs_lk23uXiMko2S5Yw3kMPDAGKe8IyzGmrV7HsGaqLJuAwxC0w3\/pubhtml?gid=730589524&amp;single=true\" target=\"_blank\" rel=\"noreferrer noopener\">Tableau de fid\u00e9lit\u00e9 <\/a><\/div>\n<\/div>\n\n\n\n<div style=\"height:100px\" aria-hidden=\"true\" class=\"wp-block-spacer\"><\/div>\n\n\n\n<blockquote class=\"wp-block-quote is-layout-flow wp-block-quote-is-layout-flow\">\n<p><sup>1 <\/sup><em>: D\u00e8s 10 v\u00e9hicules sur un m\u00eame devis ou sur les devis d&rsquo;un m\u00eame sujet forum<\/em><\/p>\n\n\n\n<p><sup>3<\/sup>:  Pour les reprises, le v\u00e9hicule doit avoir au moins 1 an ou d\u00e9passer un kilom\u00e9trage de 50 000 km. Le v\u00e9hicule doit \u00eatre en bon \u00e9tat (au moins 60%) et ne pas \u00eatre en panne. Pas plus de v\u00e9hicules repris que de v\u00e9hicules livr\u00e9s, et la valeur des reprises ne peut d\u00e9pass\u00e9e celle du devis.<\/p>\n\n\n\n<p><sup>4<\/sup>: Pour une location r\u00e9alis\u00e9 chez Iveco, la cagnotte ne peut d\u00e9passer les 100 000\u20ac, la cagnotte doit \u00eatre utilis\u00e9e durant la p\u00e9riode de validit\u00e9 de votre programme sur un nouveau devis. (hors renouvellement) <\/p>\n\n\n\n<p><sup>6<\/sup>: L&rsquo;exclusivit\u00e9 chez Iveco permet d&rsquo;obtenir les avantages du Super Malicieux. Toutes les nuances de cette exclusivit\u00e9 sont disponibles dans le r\u00e8glement de la concession IVECO<\/p>\n\n\n\n<p>* : Tous les programmes sont soumis au r\u00e8glement de la concession IVECO<\/p>\n<\/blockquote>\n","protected":false},"excerpt":{"rendered":"<p>La concession IVECO vous informe de la fermeture et cela pour une dur\u00e9e ind\u00e9termin\u00e9e de la souscription \u00e0 tous les programmes de fid\u00e9lit\u00e9 de la concession (Investisseur, Malicieux et Super Malicieux). Cela n&rsquo;a pas d&rsquo;impact pour les joueurs ayant d\u00e9j\u00e0 un programme de fid\u00e9lit\u00e9 chez IVECO, il ne sera cependant [&hellip;]<\/p>\n","protected":false},"author":14,"featured_media":0,"parent":0,"menu_order":0,"comment_status":"closed","ping_status":"closed","template":"","meta":{"footnotes":""},"class_list":["post-68","page","type-page","status-publish","hentry"],"_links":{"self":[{"href":"https:\/\/concess.transport-manager.net\/iveco\/wp-json\/wp\/v2\/pages\/68","targetHints":{"allow":["GET"]}}],"collection":[{"href":"https:\/\/concess.transport-manager.net\/iveco\/wp-json\/wp\/v2\/pages"}],"about":[{"href":"https:\/\/concess.transport-manager.net\/iveco\/wp-json\/wp\/v2\/types\/page"}],"author":[{"embeddable":true,"href":"https:\/\/concess.transport-manager.net\/iveco\/wp-json\/wp\/v2\/users\/14"}],"replies":[{"embeddable":true,"href":"https:\/\/concess.transport-manager.net\/iveco\/wp-json\/wp\/v2\/comments?post=68"}],"version-history":[{"count":27,"href":"https:\/\/concess.transport-manager.net\/iveco\/wp-json\/wp\/v2\/pages\/68\/revisions"}],"predecessor-version":[{"id":1439,"href":"https:\/\/concess.transport-manager.net\/iveco\/wp-json\/wp\/v2\/pages\/68\/revisions\/1439"}],"wp:attachment":[{"href":"https:\/\/concess.transport-manager.net\/iveco\/wp-json\/wp\/v2\/media?parent=68"}],"curies":[{"name":"wp","href":"https:\/\/api.w.org\/{rel}","templated":true}]}}