{"id":1394,"date":"2024-01-23T18:29:36","date_gmt":"2024-01-23T17:29:36","guid":{"rendered":"https:\/\/concess.transport-manager.net\/mvmate\/?page_id=1394"},"modified":"2024-04-02T19:43:01","modified_gmt":"2024-04-02T17:43:01","slug":"annee-2024","status":"publish","type":"page","link":"https:\/\/concess.transport-manager.net\/mvmate\/bienvenue-chez-mv-mate\/annee-2024\/","title":{"rendered":"Ann\u00e9e 2024"},"content":{"rendered":"\n<p>Bonjour \u00e0 tous,<\/p>\n\n\n\n<p>Tout d\u2019abord, permettez-moi de vous souhaitez une tr\u00e8s bonne et heureuses ann\u00e9e 2024, quel sois rempli de r\u00e9ussite de joie et d\u2019\u00e9panouissement&nbsp;!<\/p>\n\n\n\n<p>J\u2019ai maintenant repris la concession depuis plus de 6 mois, cela demande de l\u2019investissement personnel et r\u00e9gulier afin de vous satisfaire au mieux&nbsp;\ud83d\ude09 Alors merci \u00e0 vous d\u2019\u00eatre pr\u00e9sent au quotidien et de faire vivre cette communaut\u00e9&nbsp;!<\/p>\n\n\n\n<p>Dans le but d\u2019\u00eatre transparent avec vous, voici les chiffres de vente des v\u00e9hicules de 2023 pour MV Mate, j\u2019attire votre attention sur le fais que ces chiffres peuvent \u00eatre erron\u00e9es.<\/p>\n\n\n\n<p>En effet, il ne tiennent pas en compte les v\u00e9hicules VOLVO qui est depuis juillet chez le concessionnaire HVB, et dont certains devis sont en cours chez MV Mate, cela repr\u00e9sente 65 v\u00e9hicules.<\/p>\n\n\n\n<figure class=\"wp-block-image size-full\"><img loading=\"lazy\" decoding=\"async\" width=\"827\" height=\"1008\" src=\"http:\/\/concess.transport-manager.net\/mvmate\/wp-content\/uploads\/sites\/7\/2024\/01\/Graph-2023.png\" alt=\"\" class=\"wp-image-1395\" srcset=\"https:\/\/concess.transport-manager.net\/mvmate\/wp-content\/uploads\/sites\/7\/2024\/01\/Graph-2023.png 827w, https:\/\/concess.transport-manager.net\/mvmate\/wp-content\/uploads\/sites\/7\/2024\/01\/Graph-2023-246x300.png 246w, https:\/\/concess.transport-manager.net\/mvmate\/wp-content\/uploads\/sites\/7\/2024\/01\/Graph-2023-768x936.png 768w\" sizes=\"auto, (max-width: 827px) 100vw, 827px\" \/><\/figure>\n\n\n\n<p>En cette ann\u00e9e 2024, du changement vas avoir lieu au sein de la concession MV Mate&nbsp;!<br>Grace \u00e0 vos retours via le questionnaire de satisfaction, vous avez \u00e9t\u00e9 nombreux \u00e0 particip\u00e9, et je vous en remercie&nbsp;\ud83d\ude00<\/p>\n\n\n\n<p>Principaux changement en 2024&nbsp;:<\/p>\n\n\n\n<ul class=\"wp-block-list\">\n<li>Arriv\u00e9e de nouveaux v\u00e9hicules de location et renouvellement de la flotte actuel.<\/li>\n\n\n\n<li>Refonte du site de la concession et des CGV<\/li>\n\n\n\n<li>R\u00e9alisation de vente priv\u00e9e et vente flash<\/li>\n\n\n\n<li>Refonte du programme de fid\u00e9lit\u00e9<\/li>\n\n\n\n<li>Modification des tarifs de location<\/li>\n<\/ul>\n\n\n\n<p>Le but est simple, que chaque joueur, chaque alliance, puisse b\u00e9n\u00e9ficier de service associ\u00e9e a leur budget \/ \u00e0 leurs niveaux&nbsp;!<\/p>\n\n\n\n<p>Ces changements op\u00e9rons tout au long de l\u2019ann\u00e9e 2024 avec pour objectif 50 % de r\u00e9alis\u00e9e d\u2019ici juillet&nbsp;\ud83d\ude0a<\/p>\n\n\n\n<p>Merci \u00e0 vous au quotidien&nbsp;!<\/p>\n\n\n\n<p>GILR | Concessionnaire MV Mate<\/p>\n","protected":false},"excerpt":{"rendered":"<p>Bonjour \u00e0 tous, Tout d\u2019abord, permettez-moi de vous souhaitez une tr\u00e8s bonne et heureuses ann\u00e9e 2024, quel sois rempli de r\u00e9ussite de joie et d\u2019\u00e9panouissement&nbsp;! J\u2019ai maintenant repris la concession depuis plus de 6 mois, cela demande de l\u2019investissement personnel et r\u00e9gulier afin de vous satisfaire au mieux&nbsp;\ud83d\ude09 Alors merci [&hellip;]<\/p>\n","protected":false},"author":17,"featured_media":0,"parent":13,"menu_order":1,"comment_status":"closed","ping_status":"closed","template":"","meta":{"footnotes":""},"class_list":["post-1394","page","type-page","status-publish","hentry"],"_links":{"self":[{"href":"https:\/\/concess.transport-manager.net\/mvmate\/wp-json\/wp\/v2\/pages\/1394","targetHints":{"allow":["GET"]}}],"collection":[{"href":"https:\/\/concess.transport-manager.net\/mvmate\/wp-json\/wp\/v2\/pages"}],"about":[{"href":"https:\/\/concess.transport-manager.net\/mvmate\/wp-json\/wp\/v2\/types\/page"}],"author":[{"embeddable":true,"href":"https:\/\/concess.transport-manager.net\/mvmate\/wp-json\/wp\/v2\/users\/17"}],"replies":[{"embeddable":true,"href":"https:\/\/concess.transport-manager.net\/mvmate\/wp-json\/wp\/v2\/comments?post=1394"}],"version-history":[{"count":2,"href":"https:\/\/concess.transport-manager.net\/mvmate\/wp-json\/wp\/v2\/pages\/1394\/revisions"}],"predecessor-version":[{"id":1437,"href":"https:\/\/concess.transport-manager.net\/mvmate\/wp-json\/wp\/v2\/pages\/1394\/revisions\/1437"}],"up":[{"embeddable":true,"href":"https:\/\/concess.transport-manager.net\/mvmate\/wp-json\/wp\/v2\/pages\/13"}],"wp:attachment":[{"href":"https:\/\/concess.transport-manager.net\/mvmate\/wp-json\/wp\/v2\/media?parent=1394"}],"curies":[{"name":"wp","href":"https:\/\/api.w.org\/{rel}","templated":true}]}}