{"id":1598,"date":"2024-11-02T18:52:39","date_gmt":"2024-11-02T17:52:39","guid":{"rendered":"https:\/\/concess.transport-manager.net\/mvmate\/?page_id=1598"},"modified":"2024-11-04T21:26:05","modified_gmt":"2024-11-04T20:26:05","slug":"catalogue-vho-scania-cars-le","status":"publish","type":"page","link":"https:\/\/concess.transport-manager.net\/mvmate\/catalogue-vho-scania-cars-le\/","title":{"rendered":"Catalogue &#8211; VHO Scania Cars &amp; LE"},"content":{"rendered":"\n<p class=\"has-text-align-center\"><mark style=\"color:#ff0000\" class=\"has-inline-color\">Les v\u00e9hicules de ce catalogue sont r\u00e9serv\u00e9es aux joueurs de niveau 4 &amp; plus.<\/mark><\/p>\n\n\n\n<div class=\"wp-block-columns is-layout-flex wp-container-core-columns-is-layout-28f84493 wp-block-columns-is-layout-flex\">\n<div class=\"wp-block-column is-layout-flow wp-block-column-is-layout-flow\">\n<figure class=\"wp-block-image size-full\"><img loading=\"lazy\" decoding=\"async\" width=\"450\" height=\"300\" src=\"https:\/\/concess.transport-manager.net\/mvmate\/wp-content\/uploads\/sites\/7\/2024\/11\/VHS_ScaniaOmniexpress.jpg\" alt=\"\" class=\"wp-image-1629\" srcset=\"https:\/\/concess.transport-manager.net\/mvmate\/wp-content\/uploads\/sites\/7\/2024\/11\/VHS_ScaniaOmniexpress.jpg 450w, https:\/\/concess.transport-manager.net\/mvmate\/wp-content\/uploads\/sites\/7\/2024\/11\/VHS_ScaniaOmniexpress-300x200.jpg 300w, https:\/\/concess.transport-manager.net\/mvmate\/wp-content\/uploads\/sites\/7\/2024\/11\/VHS_ScaniaOmniexpress-360x240.jpg 360w\" sizes=\"auto, (max-width: 450px) 100vw, 450px\" \/><\/figure>\n<\/div>\n\n\n\n<div class=\"wp-block-column is-layout-flow wp-block-column-is-layout-flow\">\n<p class=\"has-medium-font-size\"><strong>Scania OmniExpress<\/strong><br>Production : 2007 \u00e0 2016<br><br>Diesel : 35L\/100 Km &#8211; GNV : 42L\/100 Km<br>Nb de places : 59<\/p>\n\n\n\n<p>Le tarif de ce v\u00e9hicule ce fais uniquement sur devis.<\/p>\n<\/div>\n<\/div>\n\n\n\n<div class=\"wp-block-columns is-layout-flex wp-container-core-columns-is-layout-28f84493 wp-block-columns-is-layout-flex\">\n<div class=\"wp-block-column is-layout-flow wp-block-column-is-layout-flow\">\n<p class=\"has-medium-font-size\"><strong>Scania Citywide 12 LE Suburban<\/strong><br>Production : 2011 \u00e0 2022<br><br>Diesel : 30L &#8211; GNV : 46L &#8211; Hybride : 27L<br>Nb de places : 42 (96 en urbain)<\/p>\n\n\n\n<p>Le tarif de ce v\u00e9hicule ce fais uniquement sur devis.<\/p>\n<\/div>\n\n\n\n<div class=\"wp-block-column is-layout-flow wp-block-column-is-layout-flow\">\n<figure class=\"wp-block-image size-full\"><img loading=\"lazy\" decoding=\"async\" width=\"450\" height=\"300\" src=\"https:\/\/concess.transport-manager.net\/mvmate\/wp-content\/uploads\/sites\/7\/2024\/11\/Scania_Citywide_LE12_suburban.jpg\" alt=\"\" class=\"wp-image-1630\" srcset=\"https:\/\/concess.transport-manager.net\/mvmate\/wp-content\/uploads\/sites\/7\/2024\/11\/Scania_Citywide_LE12_suburban.jpg 450w, https:\/\/concess.transport-manager.net\/mvmate\/wp-content\/uploads\/sites\/7\/2024\/11\/Scania_Citywide_LE12_suburban-300x200.jpg 300w, https:\/\/concess.transport-manager.net\/mvmate\/wp-content\/uploads\/sites\/7\/2024\/11\/Scania_Citywide_LE12_suburban-360x240.jpg 360w\" sizes=\"auto, (max-width: 450px) 100vw, 450px\" \/><\/figure>\n<\/div>\n<\/div>\n\n\n\n<div class=\"wp-block-columns is-layout-flex wp-container-core-columns-is-layout-28f84493 wp-block-columns-is-layout-flex\">\n<div class=\"wp-block-column is-layout-flow wp-block-column-is-layout-flow\">\n<figure class=\"wp-block-image size-full\"><img loading=\"lazy\" decoding=\"async\" width=\"450\" height=\"300\" src=\"https:\/\/concess.transport-manager.net\/mvmate\/wp-content\/uploads\/sites\/7\/2024\/11\/VHS_Citywide15LE.jpg\" alt=\"\" class=\"wp-image-1631\" srcset=\"https:\/\/concess.transport-manager.net\/mvmate\/wp-content\/uploads\/sites\/7\/2024\/11\/VHS_Citywide15LE.jpg 450w, https:\/\/concess.transport-manager.net\/mvmate\/wp-content\/uploads\/sites\/7\/2024\/11\/VHS_Citywide15LE-300x200.jpg 300w, https:\/\/concess.transport-manager.net\/mvmate\/wp-content\/uploads\/sites\/7\/2024\/11\/VHS_Citywide15LE-360x240.jpg 360w\" sizes=\"auto, (max-width: 450px) 100vw, 450px\" \/><\/figure>\n<\/div>\n\n\n\n<div class=\"wp-block-column is-layout-flow wp-block-column-is-layout-flow\">\n<p class=\"has-medium-font-size\"><strong>Scania Citywide 15 LE Suburban<\/strong><br>Production : 2011 \u00e0 2022<br><br>Diesel : 38L &#8211; GNV : 50L &#8211; Hybride : 31L<br>Nb de places : 51 (120 en urbain)<\/p>\n\n\n\n<p>Le tarif de ce v\u00e9hicule ce fais uniquement sur devis.<\/p>\n<\/div>\n<\/div>\n\n\n\n<div class=\"wp-block-columns is-layout-flex wp-container-core-columns-is-layout-28f84493 wp-block-columns-is-layout-flex\">\n<div class=\"wp-block-column is-layout-flow wp-block-column-is-layout-flow\">\n<p class=\"has-medium-font-size\"><strong>Scania InterLink MD 11<\/strong><br>Production : 2015 \u00e0 2024<br><br>Diesel : 30L\/100 Km<br>Nb de places : 47<\/p>\n\n\n\n<p>Le tarif de ce v\u00e9hicule ce fais uniquement sur devis.<\/p>\n<\/div>\n\n\n\n<div class=\"wp-block-column is-layout-flow wp-block-column-is-layout-flow\">\n<figure class=\"wp-block-image size-full\"><img loading=\"lazy\" decoding=\"async\" width=\"450\" height=\"300\" src=\"https:\/\/concess.transport-manager.net\/mvmate\/wp-content\/uploads\/sites\/7\/2024\/11\/nondispo-7.jpg\" alt=\"\" class=\"wp-image-1632\" srcset=\"https:\/\/concess.transport-manager.net\/mvmate\/wp-content\/uploads\/sites\/7\/2024\/11\/nondispo-7.jpg 450w, https:\/\/concess.transport-manager.net\/mvmate\/wp-content\/uploads\/sites\/7\/2024\/11\/nondispo-7-300x200.jpg 300w, https:\/\/concess.transport-manager.net\/mvmate\/wp-content\/uploads\/sites\/7\/2024\/11\/nondispo-7-360x240.jpg 360w\" sizes=\"auto, (max-width: 450px) 100vw, 450px\" \/><\/figure>\n<\/div>\n<\/div>\n\n\n\n<div class=\"wp-block-columns is-layout-flex wp-container-core-columns-is-layout-28f84493 wp-block-columns-is-layout-flex\">\n<div class=\"wp-block-column is-layout-flow wp-block-column-is-layout-flow\">\n<figure class=\"wp-block-image size-full\"><img loading=\"lazy\" decoding=\"async\" width=\"450\" height=\"300\" src=\"https:\/\/concess.transport-manager.net\/mvmate\/wp-content\/uploads\/sites\/7\/2024\/11\/nondispo-8.jpg\" alt=\"\" class=\"wp-image-1633\" srcset=\"https:\/\/concess.transport-manager.net\/mvmate\/wp-content\/uploads\/sites\/7\/2024\/11\/nondispo-8.jpg 450w, https:\/\/concess.transport-manager.net\/mvmate\/wp-content\/uploads\/sites\/7\/2024\/11\/nondispo-8-300x200.jpg 300w, https:\/\/concess.transport-manager.net\/mvmate\/wp-content\/uploads\/sites\/7\/2024\/11\/nondispo-8-360x240.jpg 360w\" sizes=\"auto, (max-width: 450px) 100vw, 450px\" \/><\/figure>\n<\/div>\n\n\n\n<div class=\"wp-block-column is-layout-flow wp-block-column-is-layout-flow\">\n<p class=\"has-medium-font-size\"><strong>Scania InterLink HD 1<\/strong>3<br>Production : 2015 \u00e0 2024<br><br>Diesel : 35L\/100 Km<br>Nb de places : 59<\/p>\n\n\n\n<p>Le tarif de ce v\u00e9hicule ce fais uniquement sur devis.<\/p>\n<\/div>\n<\/div>\n\n\n\n<div class=\"wp-block-columns is-layout-flex wp-container-core-columns-is-layout-28f84493 wp-block-columns-is-layout-flex\">\n<div class=\"wp-block-column is-layout-flow wp-block-column-is-layout-flow\">\n<p class=\"has-medium-font-size\"><strong>Scania InterLink HD 15<\/strong><br>Production : 2015 \u00e0 2024<br><br>Diesel : 37L\/100 Km<br>Nb de places : 69<\/p>\n\n\n\n<p>Le tarif de ce v\u00e9hicule ce fais uniquement sur devis.<\/p>\n<\/div>\n\n\n\n<div class=\"wp-block-column is-layout-flow wp-block-column-is-layout-flow\">\n<figure class=\"wp-block-image size-full\"><img loading=\"lazy\" decoding=\"async\" width=\"450\" height=\"300\" src=\"https:\/\/concess.transport-manager.net\/mvmate\/wp-content\/uploads\/sites\/7\/2024\/11\/VHS_InterlinkHD15.jpg\" alt=\"\" class=\"wp-image-1634\" srcset=\"https:\/\/concess.transport-manager.net\/mvmate\/wp-content\/uploads\/sites\/7\/2024\/11\/VHS_InterlinkHD15.jpg 450w, https:\/\/concess.transport-manager.net\/mvmate\/wp-content\/uploads\/sites\/7\/2024\/11\/VHS_InterlinkHD15-300x200.jpg 300w, https:\/\/concess.transport-manager.net\/mvmate\/wp-content\/uploads\/sites\/7\/2024\/11\/VHS_InterlinkHD15-360x240.jpg 360w\" sizes=\"auto, (max-width: 450px) 100vw, 450px\" \/><\/figure>\n<\/div>\n<\/div>\n\n\n\n<div class=\"wp-block-columns is-layout-flex wp-container-core-columns-is-layout-28f84493 wp-block-columns-is-layout-flex\">\n<div class=\"wp-block-column is-layout-flow wp-block-column-is-layout-flow\">\n<figure class=\"wp-block-image size-full\"><img loading=\"lazy\" decoding=\"async\" width=\"450\" height=\"300\" src=\"https:\/\/concess.transport-manager.net\/mvmate\/wp-content\/uploads\/sites\/7\/2024\/11\/VHS_Scania_Interlink_LD_13.jpg\" alt=\"\" class=\"wp-image-1635\" srcset=\"https:\/\/concess.transport-manager.net\/mvmate\/wp-content\/uploads\/sites\/7\/2024\/11\/VHS_Scania_Interlink_LD_13.jpg 450w, https:\/\/concess.transport-manager.net\/mvmate\/wp-content\/uploads\/sites\/7\/2024\/11\/VHS_Scania_Interlink_LD_13-300x200.jpg 300w, https:\/\/concess.transport-manager.net\/mvmate\/wp-content\/uploads\/sites\/7\/2024\/11\/VHS_Scania_Interlink_LD_13-360x240.jpg 360w\" sizes=\"auto, (max-width: 450px) 100vw, 450px\" \/><\/figure>\n<\/div>\n\n\n\n<div class=\"wp-block-column is-layout-flow wp-block-column-is-layout-flow\">\n<p class=\"has-medium-font-size\"><strong>Scania InterLink LD 13<\/strong><br>Production : 2016 \u00e0 2024<br><br>Diesel : 35L\/100 Km &#8211; GNV : 42L\/100 Km<br>Nb de places : 59<\/p>\n\n\n\n<p>Le tarif de ce v\u00e9hicule ce fais uniquement sur devis.<\/p>\n<\/div>\n<\/div>\n\n\n\n<div class=\"wp-block-columns is-layout-flex wp-container-core-columns-is-layout-28f84493 wp-block-columns-is-layout-flex\">\n<div class=\"wp-block-column is-layout-flow wp-block-column-is-layout-flow\">\n<p class=\"has-medium-font-size\"><strong>Scania InterLink LD 15<\/strong><br>Production : 2016 \u00e0 2024<br><br>Diesel : 30L\/100 Km &#8211; GNV : 44L\/100 Km<br>Nb de places : 71<\/p>\n\n\n\n<p>Le tarif de ce v\u00e9hicule ce fais uniquement sur devis.<\/p>\n<\/div>\n\n\n\n<div class=\"wp-block-column is-layout-flow wp-block-column-is-layout-flow\">\n<figure class=\"wp-block-image size-full\"><img loading=\"lazy\" decoding=\"async\" width=\"450\" height=\"300\" src=\"https:\/\/concess.transport-manager.net\/mvmate\/wp-content\/uploads\/sites\/7\/2024\/11\/VHS_Scania_Interlink_LD_15.jpg\" alt=\"\" class=\"wp-image-1636\" srcset=\"https:\/\/concess.transport-manager.net\/mvmate\/wp-content\/uploads\/sites\/7\/2024\/11\/VHS_Scania_Interlink_LD_15.jpg 450w, https:\/\/concess.transport-manager.net\/mvmate\/wp-content\/uploads\/sites\/7\/2024\/11\/VHS_Scania_Interlink_LD_15-300x200.jpg 300w, https:\/\/concess.transport-manager.net\/mvmate\/wp-content\/uploads\/sites\/7\/2024\/11\/VHS_Scania_Interlink_LD_15-360x240.jpg 360w\" sizes=\"auto, (max-width: 450px) 100vw, 450px\" \/><\/figure>\n<\/div>\n<\/div>\n\n\n\n<div class=\"wp-block-columns is-layout-flex wp-container-core-columns-is-layout-28f84493 wp-block-columns-is-layout-flex\">\n<div class=\"wp-block-column is-layout-flow wp-block-column-is-layout-flow\">\n<figure class=\"wp-block-image size-full\"><img loading=\"lazy\" decoding=\"async\" width=\"450\" height=\"300\" src=\"https:\/\/concess.transport-manager.net\/mvmate\/wp-content\/uploads\/sites\/7\/2024\/11\/nondispo-9.jpg\" alt=\"\" class=\"wp-image-1637\" srcset=\"https:\/\/concess.transport-manager.net\/mvmate\/wp-content\/uploads\/sites\/7\/2024\/11\/nondispo-9.jpg 450w, https:\/\/concess.transport-manager.net\/mvmate\/wp-content\/uploads\/sites\/7\/2024\/11\/nondispo-9-300x200.jpg 300w, https:\/\/concess.transport-manager.net\/mvmate\/wp-content\/uploads\/sites\/7\/2024\/11\/nondispo-9-360x240.jpg 360w\" sizes=\"auto, (max-width: 450px) 100vw, 450px\" \/><\/figure>\n<\/div>\n\n\n\n<div class=\"wp-block-column is-layout-flow wp-block-column-is-layout-flow\">\n<p class=\"has-medium-font-size\"><strong>Scania InterLink LD Hybrid<\/strong><br>Production : 2018 \u00e0 2024<br><br>Hybride : 27L\/100 Km<br>Nb de places : 55<\/p>\n\n\n\n<p>Le tarif de ce v\u00e9hicule ce fais uniquement sur devis.<\/p>\n<\/div>\n<\/div>\n\n\n\n<div class=\"wp-block-columns is-layout-flex wp-container-core-columns-is-layout-28f84493 wp-block-columns-is-layout-flex\">\n<div class=\"wp-block-column is-layout-flow wp-block-column-is-layout-flow\">\n<p class=\"has-medium-font-size\"><strong>Scania Citywide LE II 10.9<\/strong><br>Production : 2023 &amp; 2024<br><br>Diesel : 31L\/100 Km &#8211; Hybride : 25L\/100 Km<br>Nb de places : 33 (80 en urbain)<\/p>\n\n\n\n<p>Le tarif de ce v\u00e9hicule ce fais uniquement sur devis.<\/p>\n<\/div>\n\n\n\n<div class=\"wp-block-column is-layout-flow wp-block-column-is-layout-flow\">\n<figure class=\"wp-block-image size-full\"><img loading=\"lazy\" decoding=\"async\" width=\"450\" height=\"300\" src=\"https:\/\/concess.transport-manager.net\/mvmate\/wp-content\/uploads\/sites\/7\/2024\/11\/nondispo-10.jpg\" alt=\"\" class=\"wp-image-1638\" srcset=\"https:\/\/concess.transport-manager.net\/mvmate\/wp-content\/uploads\/sites\/7\/2024\/11\/nondispo-10.jpg 450w, https:\/\/concess.transport-manager.net\/mvmate\/wp-content\/uploads\/sites\/7\/2024\/11\/nondispo-10-300x200.jpg 300w, https:\/\/concess.transport-manager.net\/mvmate\/wp-content\/uploads\/sites\/7\/2024\/11\/nondispo-10-360x240.jpg 360w\" sizes=\"auto, (max-width: 450px) 100vw, 450px\" \/><\/figure>\n<\/div>\n<\/div>\n\n\n\n<div class=\"wp-block-columns is-layout-flex wp-container-core-columns-is-layout-28f84493 wp-block-columns-is-layout-flex\">\n<div class=\"wp-block-column is-layout-flow wp-block-column-is-layout-flow\">\n<figure class=\"wp-block-image size-full\"><img loading=\"lazy\" decoding=\"async\" width=\"450\" height=\"300\" src=\"https:\/\/concess.transport-manager.net\/mvmate\/wp-content\/uploads\/sites\/7\/2024\/11\/Scania_CitywideLEII12.jpg\" alt=\"\" class=\"wp-image-1639\" srcset=\"https:\/\/concess.transport-manager.net\/mvmate\/wp-content\/uploads\/sites\/7\/2024\/11\/Scania_CitywideLEII12.jpg 450w, https:\/\/concess.transport-manager.net\/mvmate\/wp-content\/uploads\/sites\/7\/2024\/11\/Scania_CitywideLEII12-300x200.jpg 300w, https:\/\/concess.transport-manager.net\/mvmate\/wp-content\/uploads\/sites\/7\/2024\/11\/Scania_CitywideLEII12-360x240.jpg 360w\" sizes=\"auto, (max-width: 450px) 100vw, 450px\" \/><\/figure>\n<\/div>\n\n\n\n<div class=\"wp-block-column is-layout-flow wp-block-column-is-layout-flow\">\n<p class=\"has-medium-font-size\"><strong>Scania Citywide LE II 12<\/strong><br>Production : 2023 &amp; 2024<br><br>Diesel : 31L &#8211; GNV : 45L &#8211; Hybride : 27L\/100 Km<br>Nb de places : 37 (90 en urbain)<\/p>\n\n\n\n<p>Le tarif de ce v\u00e9hicule ce fais uniquement sur devis.<\/p>\n<\/div>\n<\/div>\n\n\n\n<div class=\"wp-block-columns is-layout-flex wp-container-core-columns-is-layout-28f84493 wp-block-columns-is-layout-flex\">\n<div class=\"wp-block-column is-layout-flow wp-block-column-is-layout-flow\">\n<p class=\"has-medium-font-size\"><strong>Scania Citywide LE II 15<\/strong><br>Production : 2023 &amp; 2024<br><br>Diesel : 31L &#8211; GNV : 49L &#8211; Hybride : 30L\/100 Km<br>Nb de places : 45 (109 en urbain)<\/p>\n\n\n\n<p>Le tarif de ce v\u00e9hicule ce fais uniquement sur devis.<\/p>\n<\/div>\n\n\n\n<div class=\"wp-block-column is-layout-flow wp-block-column-is-layout-flow\">\n<figure class=\"wp-block-image size-full\"><img loading=\"lazy\" decoding=\"async\" width=\"450\" height=\"300\" src=\"https:\/\/concess.transport-manager.net\/mvmate\/wp-content\/uploads\/sites\/7\/2024\/11\/Scania_CitywideLEII15.jpg\" alt=\"\" class=\"wp-image-1640\" srcset=\"https:\/\/concess.transport-manager.net\/mvmate\/wp-content\/uploads\/sites\/7\/2024\/11\/Scania_CitywideLEII15.jpg 450w, https:\/\/concess.transport-manager.net\/mvmate\/wp-content\/uploads\/sites\/7\/2024\/11\/Scania_CitywideLEII15-300x200.jpg 300w, https:\/\/concess.transport-manager.net\/mvmate\/wp-content\/uploads\/sites\/7\/2024\/11\/Scania_CitywideLEII15-360x240.jpg 360w\" sizes=\"auto, (max-width: 450px) 100vw, 450px\" \/><\/figure>\n<\/div>\n<\/div>\n\n\n\n<div class=\"wp-block-columns is-layout-flex wp-container-core-columns-is-layout-28f84493 wp-block-columns-is-layout-flex\">\n<div class=\"wp-block-column is-layout-flow wp-block-column-is-layout-flow\">\n<figure class=\"wp-block-image size-full\"><img loading=\"lazy\" decoding=\"async\" width=\"450\" height=\"300\" src=\"https:\/\/concess.transport-manager.net\/mvmate\/wp-content\/uploads\/sites\/7\/2024\/11\/nondispo-11.jpg\" alt=\"\" class=\"wp-image-1641\" srcset=\"https:\/\/concess.transport-manager.net\/mvmate\/wp-content\/uploads\/sites\/7\/2024\/11\/nondispo-11.jpg 450w, https:\/\/concess.transport-manager.net\/mvmate\/wp-content\/uploads\/sites\/7\/2024\/11\/nondispo-11-300x200.jpg 300w, https:\/\/concess.transport-manager.net\/mvmate\/wp-content\/uploads\/sites\/7\/2024\/11\/nondispo-11-360x240.jpg 360w\" sizes=\"auto, (max-width: 450px) 100vw, 450px\" \/><\/figure>\n<\/div>\n\n\n\n<div class=\"wp-block-column is-layout-flow wp-block-column-is-layout-flow\">\n<p class=\"has-medium-font-size\"><strong>Scania Touring 10<\/strong><br>Production : 2010 \u00e0 2019<br><br>Diesel : 36L\/100 Km<br>Nb de places : 55<\/p>\n\n\n\n<p>Le tarif de ce v\u00e9hicule ce fais uniquement sur devis.<\/p>\n<\/div>\n<\/div>\n\n\n\n<div class=\"wp-block-columns is-layout-flex wp-container-core-columns-is-layout-28f84493 wp-block-columns-is-layout-flex\">\n<div class=\"wp-block-column is-layout-flow wp-block-column-is-layout-flow\">\n<p class=\"has-medium-font-size\"><strong>Scania Higer<\/strong><br>Production : 2010 \u00e0 2019<br><br>Diesel : 35L\/100 Km<br>Nb de places : 61<\/p>\n\n\n\n<p>Le tarif de ce v\u00e9hicule ce fais uniquement sur devis.<\/p>\n<\/div>\n\n\n\n<div class=\"wp-block-column is-layout-flow wp-block-column-is-layout-flow\">\n<figure class=\"wp-block-image size-full\"><img loading=\"lazy\" decoding=\"async\" width=\"450\" height=\"305\" src=\"https:\/\/concess.transport-manager.net\/mvmate\/wp-content\/uploads\/sites\/7\/2024\/11\/VHS_ScaniaHiger-1.jpg\" alt=\"\" class=\"wp-image-1642\" srcset=\"https:\/\/concess.transport-manager.net\/mvmate\/wp-content\/uploads\/sites\/7\/2024\/11\/VHS_ScaniaHiger-1.jpg 450w, https:\/\/concess.transport-manager.net\/mvmate\/wp-content\/uploads\/sites\/7\/2024\/11\/VHS_ScaniaHiger-1-300x203.jpg 300w\" sizes=\"auto, (max-width: 450px) 100vw, 450px\" \/><\/figure>\n<\/div>\n<\/div>\n\n\n\n<div class=\"wp-block-columns is-layout-flex wp-container-core-columns-is-layout-28f84493 wp-block-columns-is-layout-flex\">\n<div class=\"wp-block-column is-layout-flow wp-block-column-is-layout-flow\">\n<figure class=\"wp-block-image size-full\"><img loading=\"lazy\" decoding=\"async\" width=\"450\" height=\"300\" src=\"https:\/\/concess.transport-manager.net\/mvmate\/wp-content\/uploads\/sites\/7\/2024\/11\/VHS_ScaniaTouring-1.jpg\" alt=\"\" class=\"wp-image-1643\" srcset=\"https:\/\/concess.transport-manager.net\/mvmate\/wp-content\/uploads\/sites\/7\/2024\/11\/VHS_ScaniaTouring-1.jpg 450w, https:\/\/concess.transport-manager.net\/mvmate\/wp-content\/uploads\/sites\/7\/2024\/11\/VHS_ScaniaTouring-1-300x200.jpg 300w, https:\/\/concess.transport-manager.net\/mvmate\/wp-content\/uploads\/sites\/7\/2024\/11\/VHS_ScaniaTouring-1-360x240.jpg 360w\" sizes=\"auto, (max-width: 450px) 100vw, 450px\" \/><\/figure>\n<\/div>\n\n\n\n<div class=\"wp-block-column is-layout-flow wp-block-column-is-layout-flow\">\n<p class=\"has-medium-font-size\"><strong>Scania Touring<\/strong><br>Production : 2010 \u00e0 2019<br><br>Diesel : 39L\/100 Km<br>Nb de places : 59<\/p>\n\n\n\n<p>Le tarif de ce v\u00e9hicule ce fais uniquement sur devis.<\/p>\n<\/div>\n<\/div>\n\n\n\n<div class=\"wp-block-buttons is-content-justification-center is-layout-flex wp-container-core-buttons-is-layout-a89b3969 wp-block-buttons-is-layout-flex\">\n<div class=\"wp-block-button has-custom-width wp-block-button__width-50\"><a class=\"wp-block-button__link wp-element-button\" href=\"https:\/\/docs.google.com\/forms\/d\/e\/1FAIpQLSdHcWUlU5klMIzBVPEEGbdWwa-ljhAAgAjZjpmy8Kp6_5xFBg\/viewform\">Commandez I C I<\/a><\/div>\n<\/div>\n\n\n\n<p><\/p>\n","protected":false},"excerpt":{"rendered":"<p>Les v\u00e9hicules de ce catalogue sont r\u00e9serv\u00e9es aux joueurs de niveau 4 &amp; plus. Scania OmniExpressProduction : 2007 \u00e0 2016 Diesel : 35L\/100 Km &#8211; GNV : 42L\/100 KmNb de places : 59 Le tarif de ce v\u00e9hicule ce fais uniquement sur devis. Scania Citywide 12 LE SuburbanProduction : 2011 [&hellip;]<\/p>\n","protected":false},"author":22,"featured_media":0,"parent":0,"menu_order":0,"comment_status":"closed","ping_status":"closed","template":"","meta":{"footnotes":""},"class_list":["post-1598","page","type-page","status-publish","hentry"],"_links":{"self":[{"href":"https:\/\/concess.transport-manager.net\/mvmate\/wp-json\/wp\/v2\/pages\/1598","targetHints":{"allow":["GET"]}}],"collection":[{"href":"https:\/\/concess.transport-manager.net\/mvmate\/wp-json\/wp\/v2\/pages"}],"about":[{"href":"https:\/\/concess.transport-manager.net\/mvmate\/wp-json\/wp\/v2\/types\/page"}],"author":[{"embeddable":true,"href":"https:\/\/concess.transport-manager.net\/mvmate\/wp-json\/wp\/v2\/users\/22"}],"replies":[{"embeddable":true,"href":"https:\/\/concess.transport-manager.net\/mvmate\/wp-json\/wp\/v2\/comments?post=1598"}],"version-history":[{"count":2,"href":"https:\/\/concess.transport-manager.net\/mvmate\/wp-json\/wp\/v2\/pages\/1598\/revisions"}],"predecessor-version":[{"id":1663,"href":"https:\/\/concess.transport-manager.net\/mvmate\/wp-json\/wp\/v2\/pages\/1598\/revisions\/1663"}],"wp:attachment":[{"href":"https:\/\/concess.transport-manager.net\/mvmate\/wp-json\/wp\/v2\/media?parent=1598"}],"curies":[{"name":"wp","href":"https:\/\/api.w.org\/{rel}","templated":true}]}}