{"id":1599,"date":"2024-11-02T18:52:35","date_gmt":"2024-11-02T17:52:35","guid":{"rendered":"https:\/\/concess.transport-manager.net\/mvmate\/?page_id=1599"},"modified":"2024-11-02T18:52:35","modified_gmt":"2024-11-02T17:52:35","slug":"catalogue-vhn-scania-urbain","status":"publish","type":"page","link":"https:\/\/concess.transport-manager.net\/mvmate\/catalogue-vhn-scania-urbain\/","title":{"rendered":"Catalogue &#8211; VHN Scania Urbain"},"content":{"rendered":"\n<p>Le seul bus urbain restant pour le moment en gamme neuf pour Scania.<\/p>\n\n\n\n<div class=\"wp-block-columns is-layout-flex wp-container-core-columns-is-layout-28f84493 wp-block-columns-is-layout-flex\">\n<div class=\"wp-block-column is-layout-flow wp-block-column-is-layout-flow\">\n<figure class=\"wp-block-image size-full is-resized\"><img loading=\"lazy\" decoding=\"async\" width=\"450\" height=\"300\" src=\"https:\/\/concess.transport-manager.net\/mvmate\/wp-content\/uploads\/sites\/7\/2024\/11\/Scania_New_Citywide_Electric_2.jpg\" alt=\"\" class=\"wp-image-1604\" style=\"width:416px;height:auto\" srcset=\"https:\/\/concess.transport-manager.net\/mvmate\/wp-content\/uploads\/sites\/7\/2024\/11\/Scania_New_Citywide_Electric_2.jpg 450w, https:\/\/concess.transport-manager.net\/mvmate\/wp-content\/uploads\/sites\/7\/2024\/11\/Scania_New_Citywide_Electric_2-300x200.jpg 300w, https:\/\/concess.transport-manager.net\/mvmate\/wp-content\/uploads\/sites\/7\/2024\/11\/Scania_New_Citywide_Electric_2-360x240.jpg 360w\" sizes=\"auto, (max-width: 450px) 100vw, 450px\" \/><\/figure>\n<\/div>\n\n\n\n<div class=\"wp-block-column is-layout-flow wp-block-column-is-layout-flow\">\n<p class=\"has-large-font-size\"><strong>Scania Citywide 12 E<\/strong><\/p>\n\n\n\n<p class=\"has-medium-font-size\">105 places &#8211; \u00c9lectrique : 195kWh<br>Le tarif de ce v\u00e9hicule est propos\u00e9 \u00e0 partir de 355.000\u20ac<\/p>\n<\/div>\n<\/div>\n\n\n\n<div class=\"wp-block-buttons is-content-justification-center is-layout-flex wp-container-core-buttons-is-layout-a89b3969 wp-block-buttons-is-layout-flex\">\n<div class=\"wp-block-button has-custom-width wp-block-button__width-50\" id=\"https:\/\/docs.google.com\/forms\/d\/e\/1FAIpQLSfwCK8K1swZEYSQQqYNI9M499GYX0WNhjLPZxs2vNb1krvVJw\/viewform?usp=sf_link\"><a class=\"wp-block-button__link wp-element-button\" href=\"https:\/\/docs.google.com\/forms\/d\/e\/1FAIpQLSfwCK8K1swZEYSQQqYNI9M499GYX0WNhjLPZxs2vNb1krvVJw\/viewform?usp=sf_link\" rel=\"https:\/\/docs.google.com\/forms\/d\/e\/1FAIpQLSfwCK8K1swZEYSQQqYNI9M499GYX0WNhjLPZxs2vNb1krvVJw\/viewform?usp=sf_link\">Commandez ICI<\/a><\/div>\n<\/div>\n\n\n\n<p><\/p>\n","protected":false},"excerpt":{"rendered":"<p>Le seul bus urbain restant pour le moment en gamme neuf pour Scania. Scania Citywide 12 E 105 places &#8211; \u00c9lectrique : 195kWhLe tarif de ce v\u00e9hicule est propos\u00e9 \u00e0 partir de 355.000\u20ac<\/p>\n","protected":false},"author":22,"featured_media":0,"parent":0,"menu_order":0,"comment_status":"closed","ping_status":"closed","template":"","meta":{"footnotes":""},"class_list":["post-1599","page","type-page","status-publish","hentry"],"_links":{"self":[{"href":"https:\/\/concess.transport-manager.net\/mvmate\/wp-json\/wp\/v2\/pages\/1599","targetHints":{"allow":["GET"]}}],"collection":[{"href":"https:\/\/concess.transport-manager.net\/mvmate\/wp-json\/wp\/v2\/pages"}],"about":[{"href":"https:\/\/concess.transport-manager.net\/mvmate\/wp-json\/wp\/v2\/types\/page"}],"author":[{"embeddable":true,"href":"https:\/\/concess.transport-manager.net\/mvmate\/wp-json\/wp\/v2\/users\/22"}],"replies":[{"embeddable":true,"href":"https:\/\/concess.transport-manager.net\/mvmate\/wp-json\/wp\/v2\/comments?post=1599"}],"version-history":[{"count":2,"href":"https:\/\/concess.transport-manager.net\/mvmate\/wp-json\/wp\/v2\/pages\/1599\/revisions"}],"predecessor-version":[{"id":1607,"href":"https:\/\/concess.transport-manager.net\/mvmate\/wp-json\/wp\/v2\/pages\/1599\/revisions\/1607"}],"wp:attachment":[{"href":"https:\/\/concess.transport-manager.net\/mvmate\/wp-json\/wp\/v2\/media?parent=1599"}],"curies":[{"name":"wp","href":"https:\/\/api.w.org\/{rel}","templated":true}]}}