{"id":363,"date":"2021-09-20T21:55:51","date_gmt":"2021-09-20T19:55:51","guid":{"rendered":"https:\/\/concess.transport-manager.net\/mvmate\/?page_id=363"},"modified":"2025-02-04T09:56:02","modified_gmt":"2025-02-04T08:56:02","slug":"catalogue-vehicules-interurbain-neuf","status":"publish","type":"page","link":"https:\/\/concess.transport-manager.net\/mvmate\/catalogue-vehicules-interurbain-neuf\/","title":{"rendered":"Catalogue \u2013 VHN Man Interurbain &amp; LE"},"content":{"rendered":"\n<p class=\"has-text-align-center\"><mark style=\"color:#ff0000\" class=\"has-inline-color\">Les v\u00e9hicules de ce catalogue sont r\u00e9serv\u00e9es aux joueurs de niveau 4 &amp; plus.<\/mark><\/p>\n\n\n\n<figure class=\"wp-block-image size-large\"><img loading=\"lazy\" decoding=\"async\" width=\"1024\" height=\"576\" src=\"https:\/\/concess.transport-manager.net\/mvmate\/wp-content\/uploads\/sites\/7\/2023\/01\/Diapositive4-1024x576.jpg\" alt=\"\" class=\"wp-image-832\" srcset=\"https:\/\/concess.transport-manager.net\/mvmate\/wp-content\/uploads\/sites\/7\/2023\/01\/Diapositive4-1024x576.jpg 1024w, https:\/\/concess.transport-manager.net\/mvmate\/wp-content\/uploads\/sites\/7\/2023\/01\/Diapositive4-300x169.jpg 300w, https:\/\/concess.transport-manager.net\/mvmate\/wp-content\/uploads\/sites\/7\/2023\/01\/Diapositive4-768x432.jpg 768w, https:\/\/concess.transport-manager.net\/mvmate\/wp-content\/uploads\/sites\/7\/2023\/01\/Diapositive4.jpg 1280w\" sizes=\"auto, (max-width: 1024px) 100vw, 1024px\" \/><\/figure>\n\n\n\n<div class=\"wp-block-buttons is-horizontal is-content-justification-center is-layout-flex wp-container-core-buttons-is-layout-03627597 wp-block-buttons-is-layout-flex\">\n<div class=\"wp-block-button\"><a class=\"wp-block-button__link wp-element-button\" href=\"https:\/\/docs.google.com\/forms\/d\/e\/1FAIpQLSeC8ebdBPzoOzyy5rWB33MU4unW2JQFoVxONWlll34R9ZZ-IA\/viewform?usp=sf_link\" target=\"_blank\" rel=\"noreferrer noopener\">Commandez-ici <\/a><\/div>\n<\/div>\n\n\n\n<div style=\"height:50px\" aria-hidden=\"true\" class=\"wp-block-spacer\"><\/div>\n\n\n\n<div class=\"wp-block-media-text alignwide is-stacked-on-mobile\" style=\"grid-template-columns:49% auto\"><figure class=\"wp-block-media-text__media\"><img loading=\"lazy\" decoding=\"async\" width=\"450\" height=\"300\" src=\"http:\/\/concess.transport-manager.net\/mvmate\/wp-content\/uploads\/sites\/7\/2023\/08\/MVMATE_MAN_Lions_Intercity.jpg\" alt=\"\" class=\"wp-image-1212 size-full\" srcset=\"https:\/\/concess.transport-manager.net\/mvmate\/wp-content\/uploads\/sites\/7\/2023\/08\/MVMATE_MAN_Lions_Intercity.jpg 450w, https:\/\/concess.transport-manager.net\/mvmate\/wp-content\/uploads\/sites\/7\/2023\/08\/MVMATE_MAN_Lions_Intercity-300x200.jpg 300w, https:\/\/concess.transport-manager.net\/mvmate\/wp-content\/uploads\/sites\/7\/2023\/08\/MVMATE_MAN_Lions_Intercity-360x240.jpg 360w\" sizes=\"auto, (max-width: 450px) 100vw, 450px\" \/><\/figure><div class=\"wp-block-media-text__content\">\n<h2 class=\"wp-block-heading has-large-font-size\"><strong>Le Lion&rsquo;s Intercity<\/strong><\/h2>\n\n\n\n<p>Avec ces 55 places ce v\u00e9hicule est disponible avec une motorisation diesel pour 35L\/100Km.<\/p>\n\n\n\n<p>Le tarif de ce v\u00e9hicule est propos\u00e9 \u00e0 partir de 185 000\u20ac<\/p>\n<\/div><\/div>\n\n\n\n<div class=\"wp-block-media-text alignwide has-media-on-the-right is-stacked-on-mobile\"><div class=\"wp-block-media-text__content\">\n<h2 class=\"wp-block-heading has-large-font-size\"><strong>Le Lion&rsquo;s Intercity<\/strong> <strong>C<\/strong><\/h2>\n\n\n\n<p>Avec ces 63 places ce v\u00e9hicule est disponible avec une motorisation diesel pour 36L\/100Km.<\/p>\n\n\n\n<p>Le tarif de ce v\u00e9hicule est propos\u00e9 \u00e0 partir de 195 000\u20ac<\/p>\n<\/div><figure class=\"wp-block-media-text__media\"><img loading=\"lazy\" decoding=\"async\" width=\"450\" height=\"300\" src=\"https:\/\/concess.transport-manager.net\/mvmate\/wp-content\/uploads\/sites\/7\/2023\/01\/MAN_lion_Intercity_C_13m.jpg\" alt=\"\" class=\"wp-image-813 size-full\" srcset=\"https:\/\/concess.transport-manager.net\/mvmate\/wp-content\/uploads\/sites\/7\/2023\/01\/MAN_lion_Intercity_C_13m.jpg 450w, https:\/\/concess.transport-manager.net\/mvmate\/wp-content\/uploads\/sites\/7\/2023\/01\/MAN_lion_Intercity_C_13m-300x200.jpg 300w\" sizes=\"auto, (max-width: 450px) 100vw, 450px\" \/><\/figure><\/div>\n\n\n\n<div class=\"wp-block-media-text alignwide is-stacked-on-mobile\"><figure class=\"wp-block-media-text__media\"><img loading=\"lazy\" decoding=\"async\" width=\"450\" height=\"300\" src=\"https:\/\/concess.transport-manager.net\/mvmate\/wp-content\/uploads\/sites\/7\/2023\/01\/MAN_newlionscoach.jpg\" alt=\"\" class=\"wp-image-814 size-full\" srcset=\"https:\/\/concess.transport-manager.net\/mvmate\/wp-content\/uploads\/sites\/7\/2023\/01\/MAN_newlionscoach.jpg 450w, https:\/\/concess.transport-manager.net\/mvmate\/wp-content\/uploads\/sites\/7\/2023\/01\/MAN_newlionscoach-300x200.jpg 300w\" sizes=\"auto, (max-width: 450px) 100vw, 450px\" \/><\/figure><div class=\"wp-block-media-text__content\">\n<h2 class=\"wp-block-heading has-large-font-size\"><strong>Le Lion&rsquo;s Coach<\/strong><\/h2>\n\n\n\n<p>Avec ces 53 places ce v\u00e9hicule est disponible avec une motorisation diesel pour 38L\/100Km.<\/p>\n\n\n\n<p>Le tarif de ce v\u00e9hicule est propos\u00e9 \u00e0 partir de 260 000\u20ac<\/p>\n<\/div><\/div>\n\n\n\n<div class=\"wp-block-media-text alignwide has-media-on-the-right is-stacked-on-mobile\"><div class=\"wp-block-media-text__content\">\n<h2 class=\"wp-block-heading has-large-font-size\"><strong>Le Lion&rsquo;s Coach <\/strong>C<\/h2>\n\n\n\n<p>Avec ces 59 places ce v\u00e9hicule est disponible avec une motorisation diesel pour 39L\/100Km.<\/p>\n\n\n\n<p>Le tarif de ce v\u00e9hicule est propos\u00e9 \u00e0 partir de 267 000\u20ac<\/p>\n<\/div><figure class=\"wp-block-media-text__media\"><img loading=\"lazy\" decoding=\"async\" width=\"450\" height=\"300\" src=\"https:\/\/concess.transport-manager.net\/mvmate\/wp-content\/uploads\/sites\/7\/2023\/01\/MVMATE_Lion_coach_C_13m.jpg\" alt=\"\" class=\"wp-image-815 size-full\" srcset=\"https:\/\/concess.transport-manager.net\/mvmate\/wp-content\/uploads\/sites\/7\/2023\/01\/MVMATE_Lion_coach_C_13m.jpg 450w, https:\/\/concess.transport-manager.net\/mvmate\/wp-content\/uploads\/sites\/7\/2023\/01\/MVMATE_Lion_coach_C_13m-300x200.jpg 300w\" sizes=\"auto, (max-width: 450px) 100vw, 450px\" \/><\/figure><\/div>\n\n\n\n<div class=\"wp-block-media-text alignwide is-stacked-on-mobile\"><figure class=\"wp-block-media-text__media\"><img loading=\"lazy\" decoding=\"async\" width=\"450\" height=\"300\" src=\"http:\/\/concess.transport-manager.net\/mvmate\/wp-content\/uploads\/sites\/7\/2023\/08\/MAN_newLionsCoachL.jpg\" alt=\"\" class=\"wp-image-1213 size-full\" srcset=\"https:\/\/concess.transport-manager.net\/mvmate\/wp-content\/uploads\/sites\/7\/2023\/08\/MAN_newLionsCoachL.jpg 450w, https:\/\/concess.transport-manager.net\/mvmate\/wp-content\/uploads\/sites\/7\/2023\/08\/MAN_newLionsCoachL-300x200.jpg 300w, https:\/\/concess.transport-manager.net\/mvmate\/wp-content\/uploads\/sites\/7\/2023\/08\/MAN_newLionsCoachL-360x240.jpg 360w\" sizes=\"auto, (max-width: 450px) 100vw, 450px\" \/><\/figure><div class=\"wp-block-media-text__content\">\n<h2 class=\"wp-block-heading has-large-font-size\"><strong>Le Lion&rsquo;s Coach <\/strong>L<\/h2>\n\n\n\n<p>Avec ces 61 places ce v\u00e9hicule est disponible avec une motorisation diesel pour 31L\/100Km.<\/p>\n\n\n\n<p>Le tarif de ce v\u00e9hicule est propos\u00e9 \u00e0 partir de 272 000\u20ac<\/p>\n<\/div><\/div>\n\n\n\n<p><\/p>\n\n\n\n<div class=\"wp-block-media-text alignwide has-media-on-the-right is-stacked-on-mobile\"><div class=\"wp-block-media-text__content\">\n<h2 class=\"wp-block-heading has-large-font-size\"><strong>Le Lion&rsquo;s Intercity LE<\/strong> 12<\/h2>\n\n\n\n<p>Dot\u00e9 de 49 places assises et d&rsquo;une capacit\u00e9 totale de 94 places, il est disponible en motorisation diesel pour 34L\/100Km<\/p>\n\n\n\n<p>Le tarif propos\u00e9 de ce v\u00e9hicule est \u00e0 partir de 211 000\u20ac<\/p>\n<\/div><figure class=\"wp-block-media-text__media\"><img loading=\"lazy\" decoding=\"async\" width=\"450\" height=\"300\" src=\"https:\/\/concess.transport-manager.net\/mvmate\/wp-content\/uploads\/sites\/7\/2024\/08\/MAN_Lions_Intercity_LE12.jpg\" alt=\"\" class=\"wp-image-1527 size-full\" srcset=\"https:\/\/concess.transport-manager.net\/mvmate\/wp-content\/uploads\/sites\/7\/2024\/08\/MAN_Lions_Intercity_LE12.jpg 450w, https:\/\/concess.transport-manager.net\/mvmate\/wp-content\/uploads\/sites\/7\/2024\/08\/MAN_Lions_Intercity_LE12-300x200.jpg 300w, https:\/\/concess.transport-manager.net\/mvmate\/wp-content\/uploads\/sites\/7\/2024\/08\/MAN_Lions_Intercity_LE12-360x240.jpg 360w\" sizes=\"auto, (max-width: 450px) 100vw, 450px\" \/><\/figure><\/div>\n\n\n\n<div class=\"wp-block-columns is-layout-flex wp-container-core-columns-is-layout-28f84493 wp-block-columns-is-layout-flex\">\n<div class=\"wp-block-column is-layout-flow wp-block-column-is-layout-flow\">\n<figure class=\"wp-block-image size-full\"><img loading=\"lazy\" decoding=\"async\" width=\"450\" height=\"300\" src=\"http:\/\/concess.transport-manager.net\/mvmate\/wp-content\/uploads\/sites\/7\/2024\/11\/nondispo-65.jpg\" alt=\"\" class=\"wp-image-1850\" srcset=\"https:\/\/concess.transport-manager.net\/mvmate\/wp-content\/uploads\/sites\/7\/2024\/11\/nondispo-65.jpg 450w, https:\/\/concess.transport-manager.net\/mvmate\/wp-content\/uploads\/sites\/7\/2024\/11\/nondispo-65-300x200.jpg 300w, https:\/\/concess.transport-manager.net\/mvmate\/wp-content\/uploads\/sites\/7\/2024\/11\/nondispo-65-360x240.jpg 360w\" sizes=\"auto, (max-width: 450px) 100vw, 450px\" \/><\/figure>\n<\/div>\n\n\n\n<div class=\"wp-block-column is-layout-flow wp-block-column-is-layout-flow\">\n<h3 class=\"wp-block-heading\">Lion&rsquo;s Intercity LE 12 EfficientHybrid<\/h3>\n\n\n\n<p>51 pax (98 en urbain)<br>Consommation : 27L\/100 km (Hybride)<\/p>\n\n\n\n<p>Tarif du v\u00e9hicule \u00e0 partir de 235 000 \u20ac<\/p>\n<\/div>\n<\/div>\n\n\n\n<div class=\"wp-block-media-text alignwide is-stacked-on-mobile\"><figure class=\"wp-block-media-text__media\"><img loading=\"lazy\" decoding=\"async\" width=\"450\" height=\"300\" src=\"http:\/\/concess.transport-manager.net\/mvmate\/wp-content\/uploads\/sites\/7\/2023\/08\/MAN_Lions_Intercity_LE_13.png\" alt=\"\" class=\"wp-image-1214 size-full\" srcset=\"https:\/\/concess.transport-manager.net\/mvmate\/wp-content\/uploads\/sites\/7\/2023\/08\/MAN_Lions_Intercity_LE_13.png 450w, https:\/\/concess.transport-manager.net\/mvmate\/wp-content\/uploads\/sites\/7\/2023\/08\/MAN_Lions_Intercity_LE_13-300x200.png 300w, https:\/\/concess.transport-manager.net\/mvmate\/wp-content\/uploads\/sites\/7\/2023\/08\/MAN_Lions_Intercity_LE_13-360x240.png 360w\" sizes=\"auto, (max-width: 450px) 100vw, 450px\" \/><\/figure><div class=\"wp-block-media-text__content\">\n<h2 class=\"wp-block-heading has-large-font-size\"><strong>Le Lion&rsquo;s Intercity LE<\/strong> 13<\/h2>\n\n\n\n<p>Un peu plus long que son petit fr\u00e8re, il est disponible en motorisation diesel pour 36L\/100Km et totalise 107 places dont 55 assises.<\/p>\n\n\n\n<p>Le tarif propos\u00e9 pour ce v\u00e9hicule est \u00e0 partir de 217 000\u20ac<\/p>\n<\/div><\/div>\n\n\n\n<div class=\"wp-block-columns is-layout-flex wp-container-core-columns-is-layout-28f84493 wp-block-columns-is-layout-flex\">\n<div class=\"wp-block-column is-layout-flow wp-block-column-is-layout-flow\">\n<h3 class=\"wp-block-heading\">Lion&rsquo;s Intercity LE 13 EfficientHybrid<\/h3>\n\n\n\n<p>55 pax (107 en urbain)<br>Consommation : 28L\/100 km (Hybride)<\/p>\n\n\n\n<p>Tarif du v\u00e9hicule \u00e0 partir de 239 000 \u20ac<\/p>\n<\/div>\n\n\n\n<div class=\"wp-block-column is-layout-flow wp-block-column-is-layout-flow\">\n<figure class=\"wp-block-image size-full\"><img loading=\"lazy\" decoding=\"async\" width=\"450\" height=\"300\" src=\"http:\/\/concess.transport-manager.net\/mvmate\/wp-content\/uploads\/sites\/7\/2024\/11\/nondispo-67.jpg\" alt=\"\" class=\"wp-image-1854\" srcset=\"https:\/\/concess.transport-manager.net\/mvmate\/wp-content\/uploads\/sites\/7\/2024\/11\/nondispo-67.jpg 450w, https:\/\/concess.transport-manager.net\/mvmate\/wp-content\/uploads\/sites\/7\/2024\/11\/nondispo-67-300x200.jpg 300w, https:\/\/concess.transport-manager.net\/mvmate\/wp-content\/uploads\/sites\/7\/2024\/11\/nondispo-67-360x240.jpg 360w\" sizes=\"auto, (max-width: 450px) 100vw, 450px\" \/><\/figure>\n<\/div>\n<\/div>\n\n\n\n<div class=\"wp-block-columns is-layout-flex wp-container-core-columns-is-layout-28f84493 wp-block-columns-is-layout-flex\">\n<div class=\"wp-block-column is-layout-flow wp-block-column-is-layout-flow\">\n<figure class=\"wp-block-image size-full\"><img loading=\"lazy\" decoding=\"async\" width=\"450\" height=\"300\" src=\"http:\/\/concess.transport-manager.net\/mvmate\/wp-content\/uploads\/sites\/7\/2024\/11\/nondispo-67.jpg\" alt=\"\" class=\"wp-image-1854\" srcset=\"https:\/\/concess.transport-manager.net\/mvmate\/wp-content\/uploads\/sites\/7\/2024\/11\/nondispo-67.jpg 450w, https:\/\/concess.transport-manager.net\/mvmate\/wp-content\/uploads\/sites\/7\/2024\/11\/nondispo-67-300x200.jpg 300w, https:\/\/concess.transport-manager.net\/mvmate\/wp-content\/uploads\/sites\/7\/2024\/11\/nondispo-67-360x240.jpg 360w\" sizes=\"auto, (max-width: 450px) 100vw, 450px\" \/><\/figure>\n<\/div>\n\n\n\n<div class=\"wp-block-column is-layout-flow wp-block-column-is-layout-flow\">\n<h3 class=\"wp-block-heading\">Lion&rsquo;s Intercity LE 14<\/h3>\n\n\n\n<p>63 pax (121 en urbain)<br>Consommation : 37L\/100 km (Diesel)<\/p>\n\n\n\n<p>Tarif du v\u00e9hicule \u00e0 partir de 230 000 \u20ac<\/p>\n<\/div>\n<\/div>\n\n\n\n<div class=\"wp-block-columns is-layout-flex wp-container-core-columns-is-layout-28f84493 wp-block-columns-is-layout-flex\">\n<div class=\"wp-block-column is-layout-flow wp-block-column-is-layout-flow\">\n<h3 class=\"wp-block-heading\">Lion&rsquo;s Intercity LE 14 EfficientHybrid<\/h3>\n\n\n\n<p>63 pax (121 en urbain)<br>Consommation : 29L\/100 km (Hybride)<\/p>\n\n\n\n<p>Tarif du v\u00e9hicule \u00e0 partir de 243 000 \u20ac<\/p>\n<\/div>\n\n\n\n<div class=\"wp-block-column is-layout-flow wp-block-column-is-layout-flow\">\n<figure class=\"wp-block-image size-full\"><img loading=\"lazy\" decoding=\"async\" width=\"450\" height=\"300\" src=\"http:\/\/concess.transport-manager.net\/mvmate\/wp-content\/uploads\/sites\/7\/2024\/11\/nondispo-67.jpg\" alt=\"\" class=\"wp-image-1854\" srcset=\"https:\/\/concess.transport-manager.net\/mvmate\/wp-content\/uploads\/sites\/7\/2024\/11\/nondispo-67.jpg 450w, https:\/\/concess.transport-manager.net\/mvmate\/wp-content\/uploads\/sites\/7\/2024\/11\/nondispo-67-300x200.jpg 300w, https:\/\/concess.transport-manager.net\/mvmate\/wp-content\/uploads\/sites\/7\/2024\/11\/nondispo-67-360x240.jpg 360w\" sizes=\"auto, (max-width: 450px) 100vw, 450px\" \/><\/figure>\n<\/div>\n<\/div>\n\n\n\n<div style=\"height:50px\" aria-hidden=\"true\" class=\"wp-block-spacer\"><\/div>\n\n\n\n<div class=\"wp-block-buttons is-horizontal is-content-justification-center is-layout-flex wp-container-core-buttons-is-layout-03627597 wp-block-buttons-is-layout-flex\">\n<div class=\"wp-block-button\"><a class=\"wp-block-button__link wp-element-button\" href=\"https:\/\/docs.google.com\/forms\/d\/e\/1FAIpQLSeC8ebdBPzoOzyy5rWB33MU4unW2JQFoVxONWlll34R9ZZ-IA\/viewform?usp=sf_link\" target=\"_blank\" rel=\"noreferrer noopener\">Commandez-ici <\/a><\/div>\n<\/div>\n\n\n\n<div style=\"height:50px\" aria-hidden=\"true\" class=\"wp-block-spacer\"><\/div>\n","protected":false},"excerpt":{"rendered":"<p>Les v\u00e9hicules de ce catalogue sont r\u00e9serv\u00e9es aux joueurs de niveau 4 &amp; plus. Le Lion&rsquo;s Intercity Avec ces 55 places ce v\u00e9hicule est disponible avec une motorisation diesel pour 35L\/100Km. Le tarif de ce v\u00e9hicule est propos\u00e9 \u00e0 partir de 185 000\u20ac Le Lion&rsquo;s Intercity C Avec ces 63 [&hellip;]<\/p>\n","protected":false},"author":17,"featured_media":0,"parent":0,"menu_order":0,"comment_status":"closed","ping_status":"closed","template":"","meta":{"footnotes":""},"class_list":["post-363","page","type-page","status-publish","hentry"],"_links":{"self":[{"href":"https:\/\/concess.transport-manager.net\/mvmate\/wp-json\/wp\/v2\/pages\/363","targetHints":{"allow":["GET"]}}],"collection":[{"href":"https:\/\/concess.transport-manager.net\/mvmate\/wp-json\/wp\/v2\/pages"}],"about":[{"href":"https:\/\/concess.transport-manager.net\/mvmate\/wp-json\/wp\/v2\/types\/page"}],"author":[{"embeddable":true,"href":"https:\/\/concess.transport-manager.net\/mvmate\/wp-json\/wp\/v2\/users\/17"}],"replies":[{"embeddable":true,"href":"https:\/\/concess.transport-manager.net\/mvmate\/wp-json\/wp\/v2\/comments?post=363"}],"version-history":[{"count":27,"href":"https:\/\/concess.transport-manager.net\/mvmate\/wp-json\/wp\/v2\/pages\/363\/revisions"}],"predecessor-version":[{"id":1888,"href":"https:\/\/concess.transport-manager.net\/mvmate\/wp-json\/wp\/v2\/pages\/363\/revisions\/1888"}],"wp:attachment":[{"href":"https:\/\/concess.transport-manager.net\/mvmate\/wp-json\/wp\/v2\/media?parent=363"}],"curies":[{"name":"wp","href":"https:\/\/api.w.org\/{rel}","templated":true}]}}