{"id":50,"date":"2021-01-07T22:42:40","date_gmt":"2021-01-07T21:42:40","guid":{"rendered":"https:\/\/concess.transport-manager.net\/mvmate\/?page_id=50"},"modified":"2025-05-23T21:38:42","modified_gmt":"2025-05-23T19:38:42","slug":"catalogue-neuf","status":"publish","type":"page","link":"https:\/\/concess.transport-manager.net\/mvmate\/catalogue-neuf\/","title":{"rendered":"Catalogue &#8211; VHN Man Urbain"},"content":{"rendered":"\n<figure class=\"wp-block-image size-large is-resized\"><img loading=\"lazy\" decoding=\"async\" width=\"1024\" height=\"576\" src=\"https:\/\/concess.transport-manager.net\/mvmate\/wp-content\/uploads\/sites\/7\/2023\/01\/Diapositive3-1-1024x576.jpg\" alt=\"\" class=\"wp-image-839\" style=\"width:620px;height:348px\" srcset=\"https:\/\/concess.transport-manager.net\/mvmate\/wp-content\/uploads\/sites\/7\/2023\/01\/Diapositive3-1-1024x576.jpg 1024w, https:\/\/concess.transport-manager.net\/mvmate\/wp-content\/uploads\/sites\/7\/2023\/01\/Diapositive3-1-300x169.jpg 300w, https:\/\/concess.transport-manager.net\/mvmate\/wp-content\/uploads\/sites\/7\/2023\/01\/Diapositive3-1-768x432.jpg 768w, https:\/\/concess.transport-manager.net\/mvmate\/wp-content\/uploads\/sites\/7\/2023\/01\/Diapositive3-1.jpg 1280w\" sizes=\"auto, (max-width: 1024px) 100vw, 1024px\" \/><\/figure>\n\n\n\n<div class=\"wp-block-buttons is-horizontal is-content-justification-center is-layout-flex wp-container-core-buttons-is-layout-03627597 wp-block-buttons-is-layout-flex\">\n<div class=\"wp-block-button\"><a class=\"wp-block-button__link wp-element-button\" href=\"https:\/\/docs.google.com\/forms\/d\/e\/1FAIpQLSfwCK8K1swZEYSQQqYNI9M499GYX0WNhjLPZxs2vNb1krvVJw\/viewform?usp=sf_link\" target=\"_blank\" rel=\"noreferrer noopener\">Commandez-ici<\/a><\/div>\n<\/div>\n\n\n\n<hr class=\"wp-block-separator has-css-opacity\" \/>\n\n\n\n<h2 class=\"wp-block-heading\">Minibus<\/h2>\n\n\n\n<div class=\"wp-block-media-text alignwide is-stacked-on-mobile\" style=\"grid-template-columns:49% auto\"><figure class=\"wp-block-media-text__media\"><img loading=\"lazy\" decoding=\"async\" width=\"450\" height=\"300\" src=\"https:\/\/concess.transport-manager.net\/mvmate\/wp-content\/uploads\/sites\/7\/2023\/01\/MAN-etgecity.jpg\" alt=\"\" class=\"wp-image-794 size-full\" srcset=\"https:\/\/concess.transport-manager.net\/mvmate\/wp-content\/uploads\/sites\/7\/2023\/01\/MAN-etgecity.jpg 450w, https:\/\/concess.transport-manager.net\/mvmate\/wp-content\/uploads\/sites\/7\/2023\/01\/MAN-etgecity-300x200.jpg 300w\" sizes=\"auto, (max-width: 450px) 100vw, 450px\" \/><\/figure><div class=\"wp-block-media-text__content\">\n<p class=\"has-large-font-size\">Le eTGE City<\/p>\n\n\n\n<p><em>Le plus comp\u00e9titif des minibus \u00e9lectriques<\/em><\/p>\n\n\n\n<p>19 places, 85 kWh \/ 250km d&rsquo;autonomie<\/p>\n\n\n\n<p>Le tarif de ce v\u00e9hicule est propos\u00e9 \u00e0 partir de 110.000\u20ac<\/p>\n<\/div><\/div>\n\n\n\n<h2 class=\"wp-block-heading\">Midibus<\/h2>\n\n\n\n<div class=\"wp-block-columns is-layout-flex wp-container-core-columns-is-layout-28f84493 wp-block-columns-is-layout-flex\">\n<div class=\"wp-block-column is-layout-flow wp-block-column-is-layout-flow\">\n<div class=\"wp-block-columns is-layout-flex wp-container-core-columns-is-layout-28f84493 wp-block-columns-is-layout-flex\">\n<div class=\"wp-block-column is-layout-flow wp-block-column-is-layout-flow\">\n<figure class=\"wp-block-image size-full\"><img loading=\"lazy\" decoding=\"async\" width=\"450\" height=\"300\" src=\"https:\/\/concess.transport-manager.net\/mvmate\/wp-content\/uploads\/sites\/7\/2025\/05\/MAN_LionsCity10E.jpg\" alt=\"\" class=\"wp-image-1904\" srcset=\"https:\/\/concess.transport-manager.net\/mvmate\/wp-content\/uploads\/sites\/7\/2025\/05\/MAN_LionsCity10E.jpg 450w, https:\/\/concess.transport-manager.net\/mvmate\/wp-content\/uploads\/sites\/7\/2025\/05\/MAN_LionsCity10E-300x200.jpg 300w, https:\/\/concess.transport-manager.net\/mvmate\/wp-content\/uploads\/sites\/7\/2025\/05\/MAN_LionsCity10E-360x240.jpg 360w\" sizes=\"auto, (max-width: 450px) 100vw, 450px\" \/><\/figure>\n<\/div>\n\n\n\n<div class=\"wp-block-column is-layout-flow wp-block-column-is-layout-flow\">\n<p class=\"has-large-font-size\">  Le Lion&rsquo;s City 10 E<\/p>\n\n\n\n<p>  <em>Le dernier des MAN<\/em><\/p>\n\n\n\n<p>  80 places, 170 kWh \/ 250km d&rsquo;autonomie<\/p>\n\n\n\n<p>  Le tarif de ce v\u00e9hicule est propos\u00e9 \u00e0 partir de 250.000\u20ac<\/p>\n<\/div>\n<\/div>\n<\/div>\n<\/div>\n\n\n\n<hr class=\"wp-block-separator has-css-opacity is-style-wide\" \/>\n\n\n\n<h2 class=\"wp-block-heading\">Standards<\/h2>\n\n\n\n<div class=\"wp-block-media-text alignwide has-media-on-the-right is-stacked-on-mobile\"><div class=\"wp-block-media-text__content\">\n<p class=\"has-large-font-size\"><strong>Le Lion&rsquo;s City 12E<\/strong><\/p>\n\n\n\n<p><em>Le plus propre des \u00ab\u00a0f\u00e9lins\u00a0\u00bb <\/em><\/p>\n\n\n\n<p>104 places, 190 kWh <\/p>\n\n\n\n<p>Le tarif de ce v\u00e9hicule est propos\u00e9 \u00e0 partir de 350.000\u20ac<\/p>\n<\/div><figure class=\"wp-block-media-text__media\"><img loading=\"lazy\" decoding=\"async\" width=\"450\" height=\"300\" src=\"https:\/\/concess.transport-manager.net\/mvmate\/wp-content\/uploads\/sites\/7\/2023\/01\/MAN-lionscity12e.jpg\" alt=\"\" class=\"wp-image-800 size-full\" srcset=\"https:\/\/concess.transport-manager.net\/mvmate\/wp-content\/uploads\/sites\/7\/2023\/01\/MAN-lionscity12e.jpg 450w, https:\/\/concess.transport-manager.net\/mvmate\/wp-content\/uploads\/sites\/7\/2023\/01\/MAN-lionscity12e-300x200.jpg 300w\" sizes=\"auto, (max-width: 450px) 100vw, 450px\" \/><\/figure><\/div>\n\n\n\n<div class=\"wp-block-media-text alignwide is-stacked-on-mobile\"><figure class=\"wp-block-media-text__media\"><img loading=\"lazy\" decoding=\"async\" width=\"450\" height=\"300\" src=\"https:\/\/concess.transport-manager.net\/mvmate\/wp-content\/uploads\/sites\/7\/2023\/01\/MAN-lionscity12.jpg\" alt=\"\" class=\"wp-image-796 size-full\" srcset=\"https:\/\/concess.transport-manager.net\/mvmate\/wp-content\/uploads\/sites\/7\/2023\/01\/MAN-lionscity12.jpg 450w, https:\/\/concess.transport-manager.net\/mvmate\/wp-content\/uploads\/sites\/7\/2023\/01\/MAN-lionscity12-300x200.jpg 300w\" sizes=\"auto, (max-width: 450px) 100vw, 450px\" \/><\/figure><div class=\"wp-block-media-text__content\">\n<p class=\"has-large-font-size\"><strong>Le Lion&rsquo;s City 12<\/strong><\/p>\n\n\n\n<p><em>Le plus rependu des \u00ab\u00a0f\u00e9lins\u00a0\u00bb <\/em><\/p>\n\n\n\n<p>114 places <\/p>\n\n\n\n<p>Diesel : 35L\/100Km ; Hybride :  26L\/100Km ; GNV :  47L\/100Km<\/p>\n\n\n\n<p>Le tarif de ce v\u00e9hicule est propos\u00e9 \u00e0 partir de 210.000\u20ac pour la motorisation diesel.<\/p>\n<\/div><\/div>\n\n\n\n<div class=\"wp-block-media-text alignwide has-media-on-the-right is-stacked-on-mobile\"><div class=\"wp-block-media-text__content\">\n<p class=\"has-large-font-size\"><strong>Le Lion&rsquo;s City 12 G EfficientHybrid<\/strong><\/p>\n\n\n\n<p><em>Le plus sobre des \u00ab\u00a0f\u00e9lins\u00a0\u00bb<\/em><\/p>\n\n\n\n<p>114 places<\/p>\n\n\n\n<p>GNV Hybride : 42L\/100Km<\/p>\n\n\n\n<p>Le tarif de ce v\u00e9hicule est propos\u00e9 \u00e0 partir de 250.000\u20ac<\/p>\n<\/div><figure class=\"wp-block-media-text__media\"><img loading=\"lazy\" decoding=\"async\" width=\"450\" height=\"300\" src=\"https:\/\/concess.transport-manager.net\/mvmate\/wp-content\/uploads\/sites\/7\/2023\/01\/MAN_lionscity12Gefficienthybrid.jpg\" alt=\"\" class=\"wp-image-799 size-full\" srcset=\"https:\/\/concess.transport-manager.net\/mvmate\/wp-content\/uploads\/sites\/7\/2023\/01\/MAN_lionscity12Gefficienthybrid.jpg 450w, https:\/\/concess.transport-manager.net\/mvmate\/wp-content\/uploads\/sites\/7\/2023\/01\/MAN_lionscity12Gefficienthybrid-300x200.jpg 300w\" sizes=\"auto, (max-width: 450px) 100vw, 450px\" \/><\/figure><\/div>\n\n\n\n<hr class=\"wp-block-separator has-alpha-channel-opacity\" \/>\n\n\n\n<h2 class=\"wp-block-heading\">Articul\u00e9s<\/h2>\n\n\n\n<div class=\"wp-block-media-text alignwide is-stacked-on-mobile\"><figure class=\"wp-block-media-text__media\"><img loading=\"lazy\" decoding=\"async\" width=\"450\" height=\"300\" src=\"http:\/\/concess.transport-manager.net\/mvmate\/wp-content\/uploads\/sites\/7\/2023\/03\/MVMATE_MAN_Lions_City_18E.jpg\" alt=\"\" class=\"wp-image-951 size-full\" srcset=\"https:\/\/concess.transport-manager.net\/mvmate\/wp-content\/uploads\/sites\/7\/2023\/03\/MVMATE_MAN_Lions_City_18E.jpg 450w, https:\/\/concess.transport-manager.net\/mvmate\/wp-content\/uploads\/sites\/7\/2023\/03\/MVMATE_MAN_Lions_City_18E-300x200.jpg 300w, https:\/\/concess.transport-manager.net\/mvmate\/wp-content\/uploads\/sites\/7\/2023\/03\/MVMATE_MAN_Lions_City_18E-360x240.jpg 360w\" sizes=\"auto, (max-width: 450px) 100vw, 450px\" \/><\/figure><div class=\"wp-block-media-text__content\">\n<p class=\"has-large-font-size\"><strong>Le Lion&rsquo;s City 18 E<\/strong><\/p>\n\n\n\n<p><em>Le plus propre des \u00ab\u00a0rois\u00a0\u00bb <\/em><\/p>\n\n\n\n<p>146 places, 230 KWh <\/p>\n\n\n\n<p>Le tarif de ce v\u00e9hicule est propos\u00e9 \u00e0 partir de 450.000\u20ac<\/p>\n<\/div><\/div>\n\n\n\n<div class=\"wp-block-media-text alignwide has-media-on-the-right is-stacked-on-mobile\"><div class=\"wp-block-media-text__content\">\n<p class=\"has-large-font-size\"><strong>Le Lion&rsquo;s City 18<\/strong><\/p>\n\n\n\n<p><em>Le \u00ab\u00a0roi\u00a0\u00bb de la ville<\/em><\/p>\n\n\n\n<p>159 places, Diesel : 42L\/100Km ; Hybride :  32L\/100Km ; GNV : 55L\/100Km<\/p>\n\n\n\n<p>Le tarif de ce v\u00e9hicule est propos\u00e9 \u00e0 partir de 315.000\u20ac pour la motorisation diesel.<\/p>\n<\/div><figure class=\"wp-block-media-text__media\"><img loading=\"lazy\" decoding=\"async\" width=\"450\" height=\"300\" src=\"https:\/\/concess.transport-manager.net\/mvmate\/wp-content\/uploads\/sites\/7\/2023\/01\/MAN-LionsCity18.png\" alt=\"\" class=\"wp-image-805 size-full\" srcset=\"https:\/\/concess.transport-manager.net\/mvmate\/wp-content\/uploads\/sites\/7\/2023\/01\/MAN-LionsCity18.png 450w, https:\/\/concess.transport-manager.net\/mvmate\/wp-content\/uploads\/sites\/7\/2023\/01\/MAN-LionsCity18-300x200.png 300w\" sizes=\"auto, (max-width: 450px) 100vw, 450px\" \/><\/figure><\/div>\n\n\n\n<div class=\"wp-block-media-text alignwide is-stacked-on-mobile\"><figure class=\"wp-block-media-text__media\"><img loading=\"lazy\" decoding=\"async\" width=\"450\" height=\"300\" src=\"https:\/\/concess.transport-manager.net\/mvmate\/wp-content\/uploads\/sites\/7\/2023\/01\/MAN_lionscity18Gefficienthybrid.jpg\" alt=\"\" class=\"wp-image-806 size-full\" srcset=\"https:\/\/concess.transport-manager.net\/mvmate\/wp-content\/uploads\/sites\/7\/2023\/01\/MAN_lionscity18Gefficienthybrid.jpg 450w, https:\/\/concess.transport-manager.net\/mvmate\/wp-content\/uploads\/sites\/7\/2023\/01\/MAN_lionscity18Gefficienthybrid-300x200.jpg 300w\" sizes=\"auto, (max-width: 450px) 100vw, 450px\" \/><\/figure><div class=\"wp-block-media-text__content\">\n<p class=\"has-large-font-size\"><strong>Le Lion&rsquo;s City 18 G EfficientHybrid<\/strong><\/p>\n\n\n\n<p><em>Le plus sobre des \u00ab\u00a0rois\u00a0\u00bb <\/em><\/p>\n\n\n\n<p>159 places, GNV Hybride : 49L\/100Km<\/p>\n\n\n\n<p>Le tarif de ce v\u00e9hicule est propos\u00e9 \u00e0 partir de 370.000\u20ac<\/p>\n<\/div><\/div>\n\n\n\n<div style=\"height:46px\" aria-hidden=\"true\" class=\"wp-block-spacer\"><\/div>\n\n\n\n<div class=\"wp-block-buttons is-horizontal is-content-justification-center is-layout-flex wp-container-core-buttons-is-layout-03627597 wp-block-buttons-is-layout-flex\">\n<div class=\"wp-block-button\"><a class=\"wp-block-button__link wp-element-button\" href=\"https:\/\/docs.google.com\/forms\/d\/e\/1FAIpQLSfwCK8K1swZEYSQQqYNI9M499GYX0WNhjLPZxs2vNb1krvVJw\/viewform?usp=sf_link\" target=\"_blank\" rel=\"noreferrer noopener\">Commandez-ici<\/a><\/div>\n<\/div>\n\n\n\n<div style=\"height:42px\" aria-hidden=\"true\" class=\"wp-block-spacer\"><\/div>\n","protected":false},"excerpt":{"rendered":"<p>Minibus Le eTGE City Le plus comp\u00e9titif des minibus \u00e9lectriques 19 places, 85 kWh \/ 250km d&rsquo;autonomie Le tarif de ce v\u00e9hicule est propos\u00e9 \u00e0 partir de 110.000\u20ac Midibus Le Lion&rsquo;s City 10 E Le dernier des MAN 80 places, 170 kWh \/ 250km d&rsquo;autonomie Le tarif de ce v\u00e9hicule [&hellip;]<\/p>\n","protected":false},"author":17,"featured_media":0,"parent":0,"menu_order":0,"comment_status":"closed","ping_status":"closed","template":"","meta":{"footnotes":""},"class_list":["post-50","page","type-page","status-publish","hentry"],"_links":{"self":[{"href":"https:\/\/concess.transport-manager.net\/mvmate\/wp-json\/wp\/v2\/pages\/50","targetHints":{"allow":["GET"]}}],"collection":[{"href":"https:\/\/concess.transport-manager.net\/mvmate\/wp-json\/wp\/v2\/pages"}],"about":[{"href":"https:\/\/concess.transport-manager.net\/mvmate\/wp-json\/wp\/v2\/types\/page"}],"author":[{"embeddable":true,"href":"https:\/\/concess.transport-manager.net\/mvmate\/wp-json\/wp\/v2\/users\/17"}],"replies":[{"embeddable":true,"href":"https:\/\/concess.transport-manager.net\/mvmate\/wp-json\/wp\/v2\/comments?post=50"}],"version-history":[{"count":44,"href":"https:\/\/concess.transport-manager.net\/mvmate\/wp-json\/wp\/v2\/pages\/50\/revisions"}],"predecessor-version":[{"id":1905,"href":"https:\/\/concess.transport-manager.net\/mvmate\/wp-json\/wp\/v2\/pages\/50\/revisions\/1905"}],"wp:attachment":[{"href":"https:\/\/concess.transport-manager.net\/mvmate\/wp-json\/wp\/v2\/media?parent=50"}],"curies":[{"name":"wp","href":"https:\/\/api.w.org\/{rel}","templated":true}]}}