{"id":52,"date":"2021-01-07T22:42:48","date_gmt":"2021-01-07T21:42:48","guid":{"rendered":"https:\/\/concess.transport-manager.net\/mvmate\/?page_id=52"},"modified":"2025-12-31T14:27:07","modified_gmt":"2025-12-31T13:27:07","slug":"catalogue-occasion","status":"publish","type":"page","link":"https:\/\/concess.transport-manager.net\/mvmate\/catalogue-occasion\/","title":{"rendered":"Catalogue &#8211; VHO Man Urbain"},"content":{"rendered":"\n<figure class=\"wp-block-image size-large\"><img loading=\"lazy\" decoding=\"async\" width=\"1024\" height=\"576\" src=\"https:\/\/concess.transport-manager.net\/mvmate\/wp-content\/uploads\/sites\/7\/2023\/01\/Diapositive2-1024x576.jpg\" alt=\"\" class=\"wp-image-841\" srcset=\"https:\/\/concess.transport-manager.net\/mvmate\/wp-content\/uploads\/sites\/7\/2023\/01\/Diapositive2-1024x576.jpg 1024w, https:\/\/concess.transport-manager.net\/mvmate\/wp-content\/uploads\/sites\/7\/2023\/01\/Diapositive2-300x169.jpg 300w, https:\/\/concess.transport-manager.net\/mvmate\/wp-content\/uploads\/sites\/7\/2023\/01\/Diapositive2-768x432.jpg 768w, https:\/\/concess.transport-manager.net\/mvmate\/wp-content\/uploads\/sites\/7\/2023\/01\/Diapositive2.jpg 1280w\" sizes=\"auto, (max-width: 1024px) 100vw, 1024px\" \/><\/figure>\n\n\n\n<div class=\"wp-block-buttons is-horizontal is-content-justification-center is-layout-flex wp-container-core-buttons-is-layout-03627597 wp-block-buttons-is-layout-flex\">\n<div class=\"wp-block-button\"><a class=\"wp-block-button__link wp-element-button\" href=\"https:\/\/docs.google.com\/forms\/d\/e\/1FAIpQLSdUXS6a5_sHWAKVl2gxpQVzCfXUL7WkSyYA292bm18Q5CfB-g\/viewform?usp=sf_link\" target=\"_blank\" rel=\"noreferrer noopener\">Commandez-ici<\/a><\/div>\n<\/div>\n\n\n\n<h1 class=\"wp-block-heading has-text-align-center\"><strong>MINIBUS<\/strong><\/h1>\n\n\n\n<div class=\"wp-block-columns is-layout-flex wp-container-core-columns-is-layout-28f84493 wp-block-columns-is-layout-flex\">\n<div class=\"wp-block-column is-layout-flow wp-block-column-is-layout-flow\">\n<h2 class=\"wp-block-heading\">Man eTGE City<\/h2>\n\n\n\n<p>Produit \u00e0 compter de 2020 uniquement (occaz)<\/p>\n\n\n\n<p>19 places, 85 kWh \/ 250km d\u2019autonomie<\/p>\n\n\n\n<p>Le tarif de ce v\u00e9hicule est propos\u00e9 uniquement sur devis<\/p>\n<\/div>\n\n\n\n<div class=\"wp-block-column is-layout-flow wp-block-column-is-layout-flow\">\n<figure class=\"wp-block-image size-full\"><img loading=\"lazy\" decoding=\"async\" width=\"450\" height=\"300\" src=\"https:\/\/concess.transport-manager.net\/mvmate\/wp-content\/uploads\/sites\/7\/2025\/02\/MAN-etgecity.jpg\" alt=\"\" class=\"wp-image-1883\" srcset=\"https:\/\/concess.transport-manager.net\/mvmate\/wp-content\/uploads\/sites\/7\/2025\/02\/MAN-etgecity.jpg 450w, https:\/\/concess.transport-manager.net\/mvmate\/wp-content\/uploads\/sites\/7\/2025\/02\/MAN-etgecity-300x200.jpg 300w, https:\/\/concess.transport-manager.net\/mvmate\/wp-content\/uploads\/sites\/7\/2025\/02\/MAN-etgecity-360x240.jpg 360w\" sizes=\"auto, (max-width: 450px) 100vw, 450px\" \/><\/figure>\n<\/div>\n<\/div>\n\n\n\n<hr class=\"wp-block-separator has-alpha-channel-opacity\" \/>\n\n\n\n<h1 class=\"wp-block-heading has-text-align-center\"><strong><mark class=\"has-inline-color has-black-color\">MIDIBUS<\/mark><\/strong><\/h1>\n\n\n\n<div class=\"wp-block-media-text alignwide has-media-on-the-right is-stacked-on-mobile\"><div class=\"wp-block-media-text__content\">\n<p class=\"has-large-font-size\"><strong>Le Lion&rsquo;s city M<\/strong><\/p>\n\n\n\n<p>Produit entre 2005 et 2019, ce v\u00e9hicule dispose de 83 places. Avec sa motorisation diesel et une consommation de 30L\/100Km<\/p>\n\n\n\n<p><strong>Le tarif est sur demande en concession<\/strong><\/p>\n<\/div><figure class=\"wp-block-media-text__media\"><img loading=\"lazy\" decoding=\"async\" width=\"450\" height=\"300\" src=\"https:\/\/concess.transport-manager.net\/mvmate\/wp-content\/uploads\/sites\/7\/2023\/01\/MAN-LionsCityM.jpg\" alt=\"\" class=\"wp-image-875 size-full\" srcset=\"https:\/\/concess.transport-manager.net\/mvmate\/wp-content\/uploads\/sites\/7\/2023\/01\/MAN-LionsCityM.jpg 450w, https:\/\/concess.transport-manager.net\/mvmate\/wp-content\/uploads\/sites\/7\/2023\/01\/MAN-LionsCityM-300x200.jpg 300w\" sizes=\"auto, (max-width: 450px) 100vw, 450px\" \/><\/figure><\/div>\n\n\n\n<hr class=\"wp-block-separator has-css-opacity\" \/>\n\n\n\n<h1 class=\"wp-block-heading has-text-align-center\"><strong>STANDARD<\/strong><\/h1>\n\n\n\n<div class=\"wp-block-media-text alignwide has-media-on-the-right is-stacked-on-mobile\"><div class=\"wp-block-media-text__content\">\n<p class=\"has-large-font-size\"><strong>Le Lion&rsquo;s City<\/strong> <strong>Hybride<\/strong><\/p>\n\n\n\n<p>Produit entre 2006 et 2018, ce v\u00e9hicule dispose de 100 places. Avec sa motorisation Hybride il \u00e0 une consommation de 28L\/100Km<\/p>\n\n\n\n<p><strong>Le tarif est sur demande en concession<\/strong><\/p>\n<\/div><figure class=\"wp-block-media-text__media\"><img loading=\"lazy\" decoding=\"async\" width=\"450\" height=\"300\" src=\"https:\/\/concess.transport-manager.net\/mvmate\/wp-content\/uploads\/sites\/7\/2023\/01\/MAN-lionscityhyb.jpg\" alt=\"\" class=\"wp-image-879 size-full\" srcset=\"https:\/\/concess.transport-manager.net\/mvmate\/wp-content\/uploads\/sites\/7\/2023\/01\/MAN-lionscityhyb.jpg 450w, https:\/\/concess.transport-manager.net\/mvmate\/wp-content\/uploads\/sites\/7\/2023\/01\/MAN-lionscityhyb-300x200.jpg 300w\" sizes=\"auto, (max-width: 450px) 100vw, 450px\" \/><\/figure><\/div>\n\n\n\n<div class=\"wp-block-media-text alignwide is-stacked-on-mobile\"><figure class=\"wp-block-media-text__media\"><img loading=\"lazy\" decoding=\"async\" width=\"450\" height=\"300\" src=\"https:\/\/concess.transport-manager.net\/mvmate\/wp-content\/uploads\/sites\/7\/2023\/01\/MAN-lionscity.jpg\" alt=\"\" class=\"wp-image-878 size-full\" srcset=\"https:\/\/concess.transport-manager.net\/mvmate\/wp-content\/uploads\/sites\/7\/2023\/01\/MAN-lionscity.jpg 450w, https:\/\/concess.transport-manager.net\/mvmate\/wp-content\/uploads\/sites\/7\/2023\/01\/MAN-lionscity-300x200.jpg 300w\" sizes=\"auto, (max-width: 450px) 100vw, 450px\" \/><\/figure><div class=\"wp-block-media-text__content\">\n<p class=\"has-large-font-size\"><strong>Le Lion&rsquo;s City<\/strong><\/p>\n\n\n\n<p>Produit entre 2005 et 2018, ce v\u00e9hicule dispose de 100 places. Il est disponible avec plusieurs motorisations,<\/p>\n\n\n\n<p>Diesel : consommation de 37L\/100Km<br>GNV : consommation de 49L\/100Km<\/p>\n\n\n\n<p><strong>Le tarif est sur demande en concession<\/strong><\/p>\n<\/div><\/div>\n\n\n\n<div class=\"wp-block-media-text alignwide has-media-on-the-right is-stacked-on-mobile\"><div class=\"wp-block-media-text__content\">\n<p class=\"has-large-font-size\"><strong>Le Lion&rsquo;s City C<\/strong><\/p>\n\n\n\n<p>Produit de 2005 \u00e0 2023 , ce v\u00e9hicule dispose de 123 places. Il est disponible avec plusieurs motorisations,<\/p>\n\n\n\n<p>Diesel : consommation de 36L\/100Km<br>GNV : consommation de 48L\/100Km<\/p>\n\n\n\n<p><strong>Le tarif est sur demande en concession<\/strong><\/p>\n<\/div><figure class=\"wp-block-media-text__media\"><img loading=\"lazy\" decoding=\"async\" width=\"450\" height=\"300\" src=\"https:\/\/concess.transport-manager.net\/mvmate\/wp-content\/uploads\/sites\/7\/2023\/01\/MAN-lionscityC.jpg\" alt=\"\" class=\"wp-image-797 size-full\" srcset=\"https:\/\/concess.transport-manager.net\/mvmate\/wp-content\/uploads\/sites\/7\/2023\/01\/MAN-lionscityC.jpg 450w, https:\/\/concess.transport-manager.net\/mvmate\/wp-content\/uploads\/sites\/7\/2023\/01\/MAN-lionscityC-300x200.jpg 300w\" sizes=\"auto, (max-width: 450px) 100vw, 450px\" \/><\/figure><\/div>\n\n\n\n<div class=\"wp-block-media-text alignwide is-stacked-on-mobile\"><figure class=\"wp-block-media-text__media\"><img loading=\"lazy\" decoding=\"async\" width=\"450\" height=\"300\" src=\"https:\/\/concess.transport-manager.net\/mvmate\/wp-content\/uploads\/sites\/7\/2023\/01\/MAN-lionscityL.jpg\" alt=\"\" class=\"wp-image-798 size-full\" srcset=\"https:\/\/concess.transport-manager.net\/mvmate\/wp-content\/uploads\/sites\/7\/2023\/01\/MAN-lionscityL.jpg 450w, https:\/\/concess.transport-manager.net\/mvmate\/wp-content\/uploads\/sites\/7\/2023\/01\/MAN-lionscityL-300x200.jpg 300w\" sizes=\"auto, (max-width: 450px) 100vw, 450px\" \/><\/figure><div class=\"wp-block-media-text__content\">\n<p class=\"has-large-font-size\"><strong>Le Lion&rsquo;s City L<\/strong><\/p>\n\n\n\n<p>Produit de 2005 \u00e0 2023 , ce v\u00e9hicule dispose de 136 places. Il est disponible avec plusieurs motorisations,<\/p>\n\n\n\n<p>Diesel : consommation de 36L\/100Km<br>GNV : consommation de 48L\/100Km<\/p>\n\n\n\n<p><strong>Le tarif est sur demande en concession<\/strong><\/p>\n<\/div><\/div>\n\n\n\n<hr class=\"wp-block-separator has-css-opacity\" \/>\n\n\n\n<div class=\"wp-block-columns is-layout-flex wp-container-core-columns-is-layout-28f84493 wp-block-columns-is-layout-flex\">\n<div class=\"wp-block-column is-layout-flow wp-block-column-is-layout-flow\">\n<p class=\"has-large-font-size\"><strong>Le Lion&rsquo;s City 12<\/strong><\/p>\n\n\n\n<p>Produit depuis 2019, ce v\u00e9hicule dispose de 114 places. Il est disponible avec plusieurs motorisations<\/p>\n\n\n\n<p>Diesel : conso de 35L\/100Km<br>Hybride : conso de 26L\/100Km<br>GNV : Conso de 47L\/100Km<\/p>\n\n\n\n<p><strong>Le tarif est sur demande en concession<\/strong><\/p>\n<\/div>\n\n\n\n<div class=\"wp-block-column is-layout-flow wp-block-column-is-layout-flow\">\n<figure class=\"wp-block-image size-full is-resized\"><img loading=\"lazy\" decoding=\"async\" width=\"450\" height=\"300\" src=\"http:\/\/concess.transport-manager.net\/mvmate\/wp-content\/uploads\/sites\/7\/2024\/08\/MAN-lionscity12-2.jpg\" alt=\"\" class=\"wp-image-1515\" style=\"width:494px;height:auto\" srcset=\"https:\/\/concess.transport-manager.net\/mvmate\/wp-content\/uploads\/sites\/7\/2024\/08\/MAN-lionscity12-2.jpg 450w, https:\/\/concess.transport-manager.net\/mvmate\/wp-content\/uploads\/sites\/7\/2024\/08\/MAN-lionscity12-2-300x200.jpg 300w, https:\/\/concess.transport-manager.net\/mvmate\/wp-content\/uploads\/sites\/7\/2024\/08\/MAN-lionscity12-2-360x240.jpg 360w\" sizes=\"auto, (max-width: 450px) 100vw, 450px\" \/><\/figure>\n<\/div>\n<\/div>\n\n\n\n<div class=\"wp-block-columns is-layout-flex wp-container-core-columns-is-layout-28f84493 wp-block-columns-is-layout-flex\">\n<div class=\"wp-block-column is-layout-flow wp-block-column-is-layout-flow\">\n<figure class=\"wp-block-image size-full is-resized\"><img loading=\"lazy\" decoding=\"async\" width=\"450\" height=\"300\" src=\"http:\/\/concess.transport-manager.net\/mvmate\/wp-content\/uploads\/sites\/7\/2024\/08\/MAN_lionscity12Gefficienthybrid.jpg\" alt=\"\" class=\"wp-image-1509\" style=\"width:413px;height:auto\" srcset=\"https:\/\/concess.transport-manager.net\/mvmate\/wp-content\/uploads\/sites\/7\/2024\/08\/MAN_lionscity12Gefficienthybrid.jpg 450w, https:\/\/concess.transport-manager.net\/mvmate\/wp-content\/uploads\/sites\/7\/2024\/08\/MAN_lionscity12Gefficienthybrid-300x200.jpg 300w, https:\/\/concess.transport-manager.net\/mvmate\/wp-content\/uploads\/sites\/7\/2024\/08\/MAN_lionscity12Gefficienthybrid-360x240.jpg 360w\" sizes=\"auto, (max-width: 450px) 100vw, 450px\" \/><\/figure>\n<\/div>\n\n\n\n<div class=\"wp-block-column is-layout-flow wp-block-column-is-layout-flow\">\n<p class=\"has-large-font-size\"><strong>Le Lion&rsquo;s City 12 G EfficientHybrid<\/strong><\/p>\n\n\n\n<p>Produit depuis 2019, ce v\u00e9hicule dispose de 114 places. Disponible en motorisation GNV<br>GNV : Conso de 42L\/100Km<\/p>\n\n\n\n<p><strong>Le tarif est sur demande en concession<\/strong><\/p>\n<\/div>\n<\/div>\n\n\n\n<div class=\"wp-block-columns is-layout-flex wp-container-core-columns-is-layout-28f84493 wp-block-columns-is-layout-flex\">\n<div class=\"wp-block-column is-layout-flow wp-block-column-is-layout-flow\">\n<p><strong>Le Lion&rsquo;s City 12 E<\/strong><\/p>\n\n\n\n<p><\/p>\n\n\n\n<p><strong>Le tarif est sur demande en concession<\/strong><\/p>\n<\/div>\n\n\n\n<div class=\"wp-block-column is-layout-flow wp-block-column-is-layout-flow\">\n<figure class=\"wp-block-image size-full\"><img loading=\"lazy\" decoding=\"async\" width=\"450\" height=\"300\" src=\"https:\/\/concess.transport-manager.net\/mvmate\/wp-content\/uploads\/sites\/7\/2025\/01\/MAN-lionscity12e.jpg\" alt=\"\" class=\"wp-image-1864\" srcset=\"https:\/\/concess.transport-manager.net\/mvmate\/wp-content\/uploads\/sites\/7\/2025\/01\/MAN-lionscity12e.jpg 450w, https:\/\/concess.transport-manager.net\/mvmate\/wp-content\/uploads\/sites\/7\/2025\/01\/MAN-lionscity12e-300x200.jpg 300w, https:\/\/concess.transport-manager.net\/mvmate\/wp-content\/uploads\/sites\/7\/2025\/01\/MAN-lionscity12e-360x240.jpg 360w\" sizes=\"auto, (max-width: 450px) 100vw, 450px\" \/><\/figure>\n<\/div>\n<\/div>\n\n\n\n<h1 class=\"wp-block-heading has-text-align-center\">ARTICULE<\/h1>\n\n\n\n<div class=\"wp-block-media-text alignwide is-stacked-on-mobile\"><figure class=\"wp-block-media-text__media\"><img loading=\"lazy\" decoding=\"async\" width=\"450\" height=\"300\" src=\"https:\/\/concess.transport-manager.net\/mvmate\/wp-content\/uploads\/sites\/7\/2023\/01\/MAN-lionscityGL.jpg\" alt=\"\" class=\"wp-image-885 size-full\" srcset=\"https:\/\/concess.transport-manager.net\/mvmate\/wp-content\/uploads\/sites\/7\/2023\/01\/MAN-lionscityGL.jpg 450w, https:\/\/concess.transport-manager.net\/mvmate\/wp-content\/uploads\/sites\/7\/2023\/01\/MAN-lionscityGL-300x200.jpg 300w\" sizes=\"auto, (max-width: 450px) 100vw, 450px\" \/><\/figure><div class=\"wp-block-media-text__content\">\n<p class=\"has-large-font-size\"><strong>Le Lion&rsquo;s City GL<\/strong><mark style=\"color:#ff0000\" class=\"has-inline-color\"><strong>*<\/strong><\/mark><sup data-fn=\"7943ec97-bba0-465b-adaf-e09745b8ea4d\" class=\"fn\"><a href=\"#7943ec97-bba0-465b-adaf-e09745b8ea4d\" id=\"7943ec97-bba0-465b-adaf-e09745b8ea4d-link\">1<\/a><\/sup><\/p>\n\n\n\n<p class=\"has-small-font-size\"><em>\u00e0 partir du niveau 3<\/em><sup data-fn=\"22340df3-2ca3-47e0-9684-76f649e3ad64\" class=\"fn\"><a href=\"#22340df3-2ca3-47e0-9684-76f649e3ad64\" id=\"22340df3-2ca3-47e0-9684-76f649e3ad64-link\">2<\/a><\/sup><\/p>\n\n\n\n<p>Produit entre 2005 et 2018, ce v\u00e9hicule dispose de 169 places. Il est disponible avec plusieurs motorisations,<\/p>\n\n\n\n<p>Diesel : consommation de 44L\/100Km<br>GNV : consommation de 55L\/100Km<\/p>\n\n\n\n<p><strong>Le tarif est sur demande en concession<\/strong><\/p>\n<\/div><\/div>\n\n\n\n<div class=\"wp-block-media-text alignwide has-media-on-the-right is-stacked-on-mobile\"><div class=\"wp-block-media-text__content\">\n<p class=\"has-large-font-size\"><strong>Le Lion&rsquo;s City G<\/strong><\/p>\n\n\n\n<p>Produit entre 2005 et 2018, ce v\u00e9hicule dispose de 160 places. Il est disponible avec plusieurs motorisations,<\/p>\n\n\n\n<p>Diesel : consommation de 42L\/100Km<br>GNV : consommation de 53L\/100Km<\/p>\n\n\n\n<p><strong>Le tarif est sur demande en concession<\/strong><\/p>\n<\/div><figure class=\"wp-block-media-text__media\"><img loading=\"lazy\" decoding=\"async\" width=\"450\" height=\"300\" src=\"https:\/\/concess.transport-manager.net\/mvmate\/wp-content\/uploads\/sites\/7\/2023\/01\/MAN-LionsCityG.jpg\" alt=\"\" class=\"wp-image-884 size-full\" srcset=\"https:\/\/concess.transport-manager.net\/mvmate\/wp-content\/uploads\/sites\/7\/2023\/01\/MAN-LionsCityG.jpg 450w, https:\/\/concess.transport-manager.net\/mvmate\/wp-content\/uploads\/sites\/7\/2023\/01\/MAN-LionsCityG-300x200.jpg 300w\" sizes=\"auto, (max-width: 450px) 100vw, 450px\" \/><\/figure><\/div>\n\n\n\n<div class=\"wp-block-columns is-layout-flex wp-container-core-columns-is-layout-28f84493 wp-block-columns-is-layout-flex\">\n<div class=\"wp-block-column is-layout-flow wp-block-column-is-layout-flow\">\n<div class=\"wp-block-columns is-layout-flex wp-container-core-columns-is-layout-28f84493 wp-block-columns-is-layout-flex\">\n<div class=\"wp-block-column is-layout-flow wp-block-column-is-layout-flow\">\n<figure class=\"wp-block-image size-full is-resized\"><img loading=\"lazy\" decoding=\"async\" width=\"450\" height=\"300\" src=\"http:\/\/concess.transport-manager.net\/mvmate\/wp-content\/uploads\/sites\/7\/2024\/08\/MAN-LionsCity18-2.png\" alt=\"\" class=\"wp-image-1506\" style=\"width:416px;height:auto\" srcset=\"https:\/\/concess.transport-manager.net\/mvmate\/wp-content\/uploads\/sites\/7\/2024\/08\/MAN-LionsCity18-2.png 450w, https:\/\/concess.transport-manager.net\/mvmate\/wp-content\/uploads\/sites\/7\/2024\/08\/MAN-LionsCity18-2-300x200.png 300w, https:\/\/concess.transport-manager.net\/mvmate\/wp-content\/uploads\/sites\/7\/2024\/08\/MAN-LionsCity18-2-360x240.png 360w\" sizes=\"auto, (max-width: 450px) 100vw, 450px\" \/><\/figure>\n<\/div>\n\n\n\n<div class=\"wp-block-column is-layout-flow wp-block-column-is-layout-flow\">\n<p class=\"has-large-font-size\"><strong>Le Lion&rsquo;s City 18<\/strong><\/p>\n\n\n\n<p>Produit depuis 2019, ce v\u00e9hicule dispose de 159 places. Il est disponible avec plusieurs motorisations<\/p>\n\n\n\n<p>Diesel : conso de 42L\/100Km<br>Hybride : conso de 32L\/100Km<br>GNV : Conso de 55L\/100Km<\/p>\n\n\n\n<p><strong>Le tarif est sur demande en concession<\/strong><\/p>\n<\/div>\n<\/div>\n<\/div>\n<\/div>\n\n\n\n<div class=\"wp-block-columns is-layout-flex wp-container-core-columns-is-layout-28f84493 wp-block-columns-is-layout-flex\">\n<div class=\"wp-block-column is-layout-flow wp-block-column-is-layout-flow\">\n<p class=\"has-large-font-size\"><strong>Le Lion&rsquo;s City 18 G EfficientHybrid<\/strong><\/p>\n\n\n\n<p>Produit depuis 2019, ce v\u00e9hicule dispose de 159 places. Disponible en motorisation GNV<br>GNV : Conso de 49L\/100Km<\/p>\n\n\n\n<p><strong>Le tarif est sur demande en concession<\/strong><\/p>\n<\/div>\n\n\n\n<div class=\"wp-block-column is-layout-flow wp-block-column-is-layout-flow\">\n<figure class=\"wp-block-image size-full\"><img loading=\"lazy\" decoding=\"async\" width=\"450\" height=\"300\" src=\"https:\/\/concess.transport-manager.net\/mvmate\/wp-content\/uploads\/sites\/7\/2024\/08\/MAN_lionscity18Gefficienthybrid-1.jpg\" alt=\"\" class=\"wp-image-1518\" srcset=\"https:\/\/concess.transport-manager.net\/mvmate\/wp-content\/uploads\/sites\/7\/2024\/08\/MAN_lionscity18Gefficienthybrid-1.jpg 450w, https:\/\/concess.transport-manager.net\/mvmate\/wp-content\/uploads\/sites\/7\/2024\/08\/MAN_lionscity18Gefficienthybrid-1-300x200.jpg 300w, https:\/\/concess.transport-manager.net\/mvmate\/wp-content\/uploads\/sites\/7\/2024\/08\/MAN_lionscity18Gefficienthybrid-1-360x240.jpg 360w\" sizes=\"auto, (max-width: 450px) 100vw, 450px\" \/><\/figure>\n<\/div>\n<\/div>\n\n\n\n<p class=\"has-text-align-center has-medium-font-size\"><\/p>\n\n\n\n<div style=\"height:15px\" aria-hidden=\"true\" class=\"wp-block-spacer\"><\/div>\n\n\n\n<div class=\"wp-block-buttons is-horizontal is-content-justification-center is-layout-flex wp-container-core-buttons-is-layout-03627597 wp-block-buttons-is-layout-flex\">\n<div class=\"wp-block-button\"><a class=\"wp-block-button__link wp-element-button\" href=\"https:\/\/docs.google.com\/forms\/d\/e\/1FAIpQLSdUXS6a5_sHWAKVl2gxpQVzCfXUL7WkSyYA292bm18Q5CfB-g\/viewform?usp=sf_link\" target=\"_blank\" rel=\"noreferrer noopener\">Commandez-ici<\/a><\/div>\n<\/div>\n\n\n\n<div style=\"height:53px\" aria-hidden=\"true\" class=\"wp-block-spacer\"><\/div>\n\n\n<ol class=\"wp-block-footnotes\"><li id=\"7943ec97-bba0-465b-adaf-e09745b8ea4d\"><code><mark style=\"background-color:#efcb28\" class=\"has-inline-color\">V\u00e9hicule BHNS accessible uniquement \u00e0 partir du Niveau 3<\/mark><\/code> <a href=\"#7943ec97-bba0-465b-adaf-e09745b8ea4d-link\" aria-label=\"Aller \u00e0 la note de bas de page 1\">\u21a9\ufe0e<\/a><\/li><li id=\"22340df3-2ca3-47e0-9684-76f649e3ad64\"><code><mark style=\"background-color:#efcb28\" class=\"has-inline-color\">V\u00e9hicule BHNS accessible uniquement \u00e0 partir du Niveau 3<\/mark><\/code> <a href=\"#22340df3-2ca3-47e0-9684-76f649e3ad64-link\" aria-label=\"Aller \u00e0 la note de bas de page 2\">\u21a9\ufe0e<\/a><\/li><\/ol>","protected":false},"excerpt":{"rendered":"<p>MINIBUS Man eTGE City Produit \u00e0 compter de 2020 uniquement (occaz) 19 places, 85 kWh \/ 250km d\u2019autonomie Le tarif de ce v\u00e9hicule est propos\u00e9 uniquement sur devis MIDIBUS Le Lion&rsquo;s city M Produit entre 2005 et 2019, ce v\u00e9hicule dispose de 83 places. Avec sa motorisation diesel et une [&hellip;]<\/p>\n","protected":false},"author":17,"featured_media":0,"parent":0,"menu_order":0,"comment_status":"closed","ping_status":"closed","template":"","meta":{"footnotes":"[{\"id\":\"7943ec97-bba0-465b-adaf-e09745b8ea4d\",\"content\":\"<code><mark style=\\\"background-color:#efcb28\\\" class=\\\"has-inline-color\\\">V\\u00e9hicule BHNS accessible uniquement \\u00e0 partir du Niveau 3<\\\/mark><\\\/code>\"},{\"id\":\"22340df3-2ca3-47e0-9684-76f649e3ad64\",\"content\":\"<code><mark style=\\\"background-color:#efcb28\\\" class=\\\"has-inline-color\\\">V\\u00e9hicule BHNS accessible uniquement \\u00e0 partir du Niveau 3<\\\/mark><\\\/code>\"}]"},"class_list":["post-52","page","type-page","status-publish","hentry"],"_links":{"self":[{"href":"https:\/\/concess.transport-manager.net\/mvmate\/wp-json\/wp\/v2\/pages\/52","targetHints":{"allow":["GET"]}}],"collection":[{"href":"https:\/\/concess.transport-manager.net\/mvmate\/wp-json\/wp\/v2\/pages"}],"about":[{"href":"https:\/\/concess.transport-manager.net\/mvmate\/wp-json\/wp\/v2\/types\/page"}],"author":[{"embeddable":true,"href":"https:\/\/concess.transport-manager.net\/mvmate\/wp-json\/wp\/v2\/users\/17"}],"replies":[{"embeddable":true,"href":"https:\/\/concess.transport-manager.net\/mvmate\/wp-json\/wp\/v2\/comments?post=52"}],"version-history":[{"count":26,"href":"https:\/\/concess.transport-manager.net\/mvmate\/wp-json\/wp\/v2\/pages\/52\/revisions"}],"predecessor-version":[{"id":1911,"href":"https:\/\/concess.transport-manager.net\/mvmate\/wp-json\/wp\/v2\/pages\/52\/revisions\/1911"}],"wp:attachment":[{"href":"https:\/\/concess.transport-manager.net\/mvmate\/wp-json\/wp\/v2\/media?parent=52"}],"curies":[{"name":"wp","href":"https:\/\/api.w.org\/{rel}","templated":true}]}}