{"id":57,"date":"2021-01-07T22:55:53","date_gmt":"2021-01-07T21:55:53","guid":{"rendered":"https:\/\/concess.transport-manager.net\/mvmate\/?page_id=57"},"modified":"2025-06-23T22:19:45","modified_gmt":"2025-06-23T20:19:45","slug":"location-courte-duree","status":"publish","type":"page","link":"https:\/\/concess.transport-manager.net\/mvmate\/location-courte-duree\/","title":{"rendered":"Service location"},"content":{"rendered":"\n<figure class=\"wp-block-image size-large is-resized is-style-default\"><img loading=\"lazy\" decoding=\"async\" width=\"1024\" height=\"576\" src=\"https:\/\/concess.transport-manager.net\/mvmate\/wp-content\/uploads\/sites\/7\/2023\/01\/logo-MV-Mate-loc-1024x576.jpg\" alt=\"\" class=\"wp-image-847\" style=\"width:792px;height:445px\" srcset=\"https:\/\/concess.transport-manager.net\/mvmate\/wp-content\/uploads\/sites\/7\/2023\/01\/logo-MV-Mate-loc-1024x576.jpg 1024w, https:\/\/concess.transport-manager.net\/mvmate\/wp-content\/uploads\/sites\/7\/2023\/01\/logo-MV-Mate-loc-300x169.jpg 300w, https:\/\/concess.transport-manager.net\/mvmate\/wp-content\/uploads\/sites\/7\/2023\/01\/logo-MV-Mate-loc-768x432.jpg 768w, https:\/\/concess.transport-manager.net\/mvmate\/wp-content\/uploads\/sites\/7\/2023\/01\/logo-MV-Mate-loc.jpg 1280w\" sizes=\"auto, (max-width: 1024px) 100vw, 1024px\" \/><\/figure>\n\n\n\n<h2 class=\"wp-block-heading\">R\u00e8glement du service de location de courte dur\u00e9e<\/h2>\n\n\n\n<ul class=\"wp-block-list\">\n<li>Vous pouvez vous expos\u00e9e \u00e0 diverses amendes en cas de manquement \u00e0 une des r\u00e8gles suivantes :<br>&#8211; Le changement du num\u00e9ro de parc :<strong> 5.000 \u20ac par v\u00e9hicule<\/strong>.<br> &#8211; Un \u00e9tat de\u00a0<strong>propret\u00e9 inf\u00e9rieur \u00e0 90%<\/strong> :<strong>\u00a0500 \u20ac par v\u00e9hicule<\/strong>.<br><s>&#8211; Pr\u00e9sence d&rsquo;un contrat pub en fin de location : <strong>100 \u20ac par v\u00e9hicule<\/strong> <strong>et par jour restant<\/strong> plus l&rsquo;interruption du contrat pub.<\/s><br>&#8211; Retour d&rsquo;un v\u00e9hicule avec un CT p\u00e9rim\u00e9 : <strong>200 \u20ac par v\u00e9hicule<\/strong><\/li>\n\n\n\n<li>La non-restitution d&rsquo;un v\u00e9hicule suite \u00e0 une vente\/r\u00e9forme, expose \u00e0 une amende correspondant au prix d&rsquo;un v\u00e9hicule neuf sur le hall des ventes.<\/li>\n\n\n\n<li>La dur\u00e9e minimale de location est d&rsquo;une semaine et ne peut d\u00e9passer 24 semaines <em>(13 semaines si non membre du programme fid\u00e9lit\u00e9 My MV Mate+)<\/em>.<\/li>\n\n\n\n<li>En cas de rupture du contrat de location avant son terme, vous serez rembourser du montant correspondant aux semaines compl\u00e8tes restituer. Sur ce montant une p\u00e9nalit\u00e9 de <strong>15%<\/strong> sera retenue sur ce montant.<\/li>\n\n\n\n<li>Les pannes doivent faire l&rsquo;objet d&rsquo;une demande aupr\u00e8s du service apr\u00e8s-vente <strong>en aucun cas vous devez r\u00e9parer les v\u00e9hicules de location<\/strong>.<\/li>\n<\/ul>\n\n\n\n<figure class=\"wp-block-image size-full is-resized is-style-default\"><img loading=\"lazy\" decoding=\"async\" width=\"603\" height=\"432\" src=\"http:\/\/concess.transport-manager.net\/mvmate\/wp-content\/uploads\/sites\/7\/2024\/06\/image-4.png\" alt=\"\" class=\"wp-image-1487\" style=\"width:639px;height:auto\" srcset=\"https:\/\/concess.transport-manager.net\/mvmate\/wp-content\/uploads\/sites\/7\/2024\/06\/image-4.png 603w, https:\/\/concess.transport-manager.net\/mvmate\/wp-content\/uploads\/sites\/7\/2024\/06\/image-4-300x215.png 300w\" sizes=\"auto, (max-width: 603px) 100vw, 603px\" \/><\/figure>\n\n\n\n<p><strong>Les v\u00e9hicules Lion&rsquo;s <\/strong>: <em>Intercity C \/ Coach &amp; Coach C<\/em> <mark style=\"background-color:#efcb28\" class=\"has-inline-color has-black-color\">ne sont pas disponible en location<\/mark>. Celui-ci s&rsquo;op\u00e8rera si les types de cars sont lou\u00e9s et apr\u00e8s retour des joueurs. <\/p>\n\n\n\n<h2 class=\"wp-block-heading\">Ce que nous proposons<\/h2>\n\n\n\n<p><br>Pour les prolongements d&rsquo;une location, merci de passer directement sur le forum dans le sujet qui est d\u00e9di\u00e9 \u00e0 votre location initiale.<\/p>\n\n\n\n<p class=\"has-text-align-center\"><mark style=\"color:#ff0000\" class=\"has-inline-color\"><strong>! Attention les prolongations ne peuvent exc\u00e9d\u00e9s 6 semaines en plus !<\/strong><\/mark><\/p>\n\n\n\n<h2 class=\"wp-block-heading\">Disponibilit\u00e9 des v\u00e9hicules <\/h2>\n\n\n\n<p><strong>Pensez avant de faire votre demande \u00e0 regarder la disponibilit\u00e9 <\/strong><\/p>\n\n\n\n<div class=\"wp-block-buttons is-horizontal is-content-justification-center is-layout-flex wp-container-core-buttons-is-layout-03627597 wp-block-buttons-is-layout-flex\">\n<div class=\"wp-block-button\"><a class=\"wp-block-button__link wp-element-button\" href=\"https:\/\/docs.google.com\/spreadsheets\/d\/e\/2PACX-1vRg4CN-VRfGBfE-T0lXK2Zt2RDrlJQiTdMTxrMOfHyoM9jnYBkbXStiTpYf7CPpzEBgbuPN9GFJhwlX\/pubhtml\" target=\"_blank\" rel=\"noreferrer noopener\">Disponibilit\u00e9 parc location<\/a><\/div>\n<\/div>\n\n\n\n<h2 class=\"wp-block-heading\">Votre formulaire de location courte dur\u00e9e<\/h2>\n\n\n\n<p>Pour effectuer une demande de location de cliquez sur ce bouton<\/p>\n\n\n\n<div class=\"wp-block-buttons is-horizontal is-content-justification-center is-layout-flex wp-container-core-buttons-is-layout-03627597 wp-block-buttons-is-layout-flex\">\n<div class=\"wp-block-button\"><a class=\"wp-block-button__link wp-element-button\" href=\"https:\/\/forms.gle\/eHnGZXsGkBYvqUPAA\" target=\"_blank\" rel=\"noreferrer noopener\">Formulaire de demande LCD<\/a><\/div>\n<\/div>\n\n\n\n<div style=\"height:53px\" aria-hidden=\"true\" class=\"wp-block-spacer\"><\/div>\n","protected":false},"excerpt":{"rendered":"<p>R\u00e8glement du service de location de courte dur\u00e9e Les v\u00e9hicules Lion&rsquo;s : Intercity C \/ Coach &amp; Coach C ne sont pas disponible en location. Celui-ci s&rsquo;op\u00e8rera si les types de cars sont lou\u00e9s et apr\u00e8s retour des joueurs. Ce que nous proposons Pour les prolongements d&rsquo;une location, merci de [&hellip;]<\/p>\n","protected":false},"author":17,"featured_media":0,"parent":0,"menu_order":0,"comment_status":"closed","ping_status":"closed","template":"","meta":{"footnotes":""},"class_list":["post-57","page","type-page","status-publish","hentry"],"_links":{"self":[{"href":"https:\/\/concess.transport-manager.net\/mvmate\/wp-json\/wp\/v2\/pages\/57","targetHints":{"allow":["GET"]}}],"collection":[{"href":"https:\/\/concess.transport-manager.net\/mvmate\/wp-json\/wp\/v2\/pages"}],"about":[{"href":"https:\/\/concess.transport-manager.net\/mvmate\/wp-json\/wp\/v2\/types\/page"}],"author":[{"embeddable":true,"href":"https:\/\/concess.transport-manager.net\/mvmate\/wp-json\/wp\/v2\/users\/17"}],"replies":[{"embeddable":true,"href":"https:\/\/concess.transport-manager.net\/mvmate\/wp-json\/wp\/v2\/comments?post=57"}],"version-history":[{"count":50,"href":"https:\/\/concess.transport-manager.net\/mvmate\/wp-json\/wp\/v2\/pages\/57\/revisions"}],"predecessor-version":[{"id":1909,"href":"https:\/\/concess.transport-manager.net\/mvmate\/wp-json\/wp\/v2\/pages\/57\/revisions\/1909"}],"wp:attachment":[{"href":"https:\/\/concess.transport-manager.net\/mvmate\/wp-json\/wp\/v2\/media?parent=57"}],"curies":[{"name":"wp","href":"https:\/\/api.w.org\/{rel}","templated":true}]}}