{"id":61,"date":"2021-01-07T22:55:53","date_gmt":"2021-01-07T21:55:53","guid":{"rendered":"https:\/\/concess.transport-manager.net\/mvmate\/?page_id=61"},"modified":"2023-09-30T18:49:21","modified_gmt":"2023-09-30T16:49:21","slug":"sav","status":"publish","type":"page","link":"https:\/\/concess.transport-manager.net\/mvmate\/sav\/","title":{"rendered":"Service Apr\u00e8s Vente"},"content":{"rendered":"<div class=\"wp-block-image\">\n<figure class=\"aligncenter size-large is-resized\"><img loading=\"lazy\" decoding=\"async\" src=\"https:\/\/concess.transport-manager.net\/mvmate\/wp-content\/uploads\/sites\/7\/2023\/01\/Diapositive6-1024x576.jpg\" alt=\"\" class=\"wp-image-850\" style=\"width:735px;height:412px\" width=\"735\" height=\"412\" srcset=\"https:\/\/concess.transport-manager.net\/mvmate\/wp-content\/uploads\/sites\/7\/2023\/01\/Diapositive6-1024x576.jpg 1024w, https:\/\/concess.transport-manager.net\/mvmate\/wp-content\/uploads\/sites\/7\/2023\/01\/Diapositive6-300x169.jpg 300w, https:\/\/concess.transport-manager.net\/mvmate\/wp-content\/uploads\/sites\/7\/2023\/01\/Diapositive6-768x432.jpg 768w, https:\/\/concess.transport-manager.net\/mvmate\/wp-content\/uploads\/sites\/7\/2023\/01\/Diapositive6.jpg 1280w\" sizes=\"auto, (max-width: 735px) 100vw, 735px\" \/><\/figure>\n<\/div>\n\n\n<div style=\"height:37px\" aria-hidden=\"true\" class=\"wp-block-spacer\"><\/div>\n\n\n\n<p><strong>Si vous rencontrez un probl\u00e8me avec un v\u00e9hicule de location ou un v\u00e9hicule sous garantie,&nbsp;<br>le service apr\u00e8s-vente de la concession Mv Mate est l\u00e0 pour vous.<\/strong><br><strong>Attention :<\/strong><\/p>\n\n\n\n<ul class=\"wp-block-list\">\n<li>Les v\u00e9hicules dont le contr\u00f4le technique est d\u00e9pass\u00e9 ne seront pas pris en charge par le SAV.<\/li>\n\n\n\n<li>Les v\u00e9hicules ayant moins de 40% d&rsquo;\u00e9tat moteur ne seront pas pris en charge par le SAV.<\/li>\n\n\n\n<li>Les v\u00e9hicules de remplacement sont soumis aux m\u00eames r\u00e8gles que les v\u00e9hicules de location courte dur\u00e9e.<\/li>\n\n\n\n<li>Pour certaine pannes le fait que la r\u00e9vision sois trop vielle peux g\u00e9n\u00e9rer une baisse de la prise en charge du v\u00e9hicule<\/li>\n\n\n\n<li>Un v\u00e9hicule de pr\u00eat peux \u00eatre demand\u00e9 pour des panne sup\u00e9rieur \u00e0 4 jours<\/li>\n\n\n\n<li>Les frais de remorquage d&rsquo;un v\u00e9hicule en panne ne sont pas pris en charge par le SAV.<\/li>\n\n\n\n<li>Les r\u00e9paration ne peuvent plus \u00eatre pris en charge par les ateliers de la concession (cette r\u00e8gle est r\u00e9troactive) <\/li>\n\n\n\n<li>Les pannes suivantes ne sont pas prises en charge par le SAV :\n<ul class=\"wp-block-list\">\n<li>Les Vitres cass\u00e9s ;<\/li>\n\n\n\n<li>Les Durite d&rsquo;eau et \/ ou d&rsquo;huile perc\u00e9e<\/li>\n\n\n\n<li>Les Pneu crev\u00e9 et \/ou lisse<\/li>\n\n\n\n<li>Les Accident de circulation avec et sans corporel<\/li>\n\n\n\n<li>Les Fuites d&rsquo;huile<\/li>\n\n\n\n<li>Les hausses importantes de temp\u00e9ratures<\/li>\n\n\n\n<li>Les niveaux de consommables (huile, refroidissement, lave glaces&#8230;) trop bas<\/li>\n\n\n\n<li>Les d\u00e9gradations<\/li>\n\n\n\n<li>Les fuites d&rsquo;air au circuit de freinage<\/li>\n\n\n\n<li>Les probl\u00e8mes circuit d&rsquo;air<\/li>\n<\/ul>\n<\/li>\n<\/ul>\n\n\n\n<p>Merci de remplir le formulaire en cliquant sur \u00ab\u00a0Formulaire SAV\u00a0\u00bb &#8211; Un suivi sera disponible en cliquant sur le bouton \u00ab\u00a0Suivi SAV\u00a0\u00bb<\/p>\n\n\n\n<p><\/p>\n\n\n\n<div class=\"wp-block-buttons is-horizontal is-content-justification-center is-layout-flex wp-container-core-buttons-is-layout-03627597 wp-block-buttons-is-layout-flex\">\n<div class=\"wp-block-button\"><a class=\"wp-block-button__link wp-element-button\" href=\"https:\/\/forms.gle\/3aVhriggq6moFaMQ9\" target=\"_blank\" rel=\"noreferrer noopener\">Formulaire SAV<\/a><\/div>\n\n\n\n<div class=\"wp-block-button\"><a class=\"wp-block-button__link wp-element-button\" href=\"https:\/\/docs.google.com\/spreadsheets\/d\/e\/2PACX-1vTDVsnapC-5donjQ64tM_QCHaV0Pjg8izYm5bT1CKATc4kJyyar-B5R3svuNB1iX0CxVo0ZB0aZRV6t\/pubhtml?gid=1094957383&amp;single=true&amp;widget=true&amp;headers=false\" target=\"_blank\" rel=\"noreferrer noopener\">Suivi SAV<\/a><\/div>\n<\/div>\n\n\n\n<div style=\"height:37px\" aria-hidden=\"true\" class=\"wp-block-spacer\"><\/div>\n\n\n<div class=\"wp-block-image\">\n<figure class=\"aligncenter size-large is-resized\"><img loading=\"lazy\" decoding=\"async\" src=\"https:\/\/i.ibb.co\/TP8f9XZ\/IMG-1535.jpg\" alt=\"\" style=\"width:442px;height:294px\" width=\"442\" height=\"294\" \/><\/figure>\n<\/div>\n\n\n<p><\/p>\n","protected":false},"excerpt":{"rendered":"<p>Si vous rencontrez un probl\u00e8me avec un v\u00e9hicule de location ou un v\u00e9hicule sous garantie,&nbsp;le service apr\u00e8s-vente de la concession Mv Mate est l\u00e0 pour vous.Attention : Merci de remplir le formulaire en cliquant sur \u00ab\u00a0Formulaire SAV\u00a0\u00bb &#8211; Un suivi sera disponible en cliquant sur le bouton \u00ab\u00a0Suivi SAV\u00a0\u00bb<\/p>\n","protected":false},"author":17,"featured_media":0,"parent":0,"menu_order":0,"comment_status":"closed","ping_status":"closed","template":"","meta":{"footnotes":""},"class_list":["post-61","page","type-page","status-publish","hentry"],"_links":{"self":[{"href":"https:\/\/concess.transport-manager.net\/mvmate\/wp-json\/wp\/v2\/pages\/61","targetHints":{"allow":["GET"]}}],"collection":[{"href":"https:\/\/concess.transport-manager.net\/mvmate\/wp-json\/wp\/v2\/pages"}],"about":[{"href":"https:\/\/concess.transport-manager.net\/mvmate\/wp-json\/wp\/v2\/types\/page"}],"author":[{"embeddable":true,"href":"https:\/\/concess.transport-manager.net\/mvmate\/wp-json\/wp\/v2\/users\/17"}],"replies":[{"embeddable":true,"href":"https:\/\/concess.transport-manager.net\/mvmate\/wp-json\/wp\/v2\/comments?post=61"}],"version-history":[{"count":28,"href":"https:\/\/concess.transport-manager.net\/mvmate\/wp-json\/wp\/v2\/pages\/61\/revisions"}],"predecessor-version":[{"id":1309,"href":"https:\/\/concess.transport-manager.net\/mvmate\/wp-json\/wp\/v2\/pages\/61\/revisions\/1309"}],"wp:attachment":[{"href":"https:\/\/concess.transport-manager.net\/mvmate\/wp-json\/wp\/v2\/media?parent=61"}],"curies":[{"name":"wp","href":"https:\/\/api.w.org\/{rel}","templated":true}]}}