{"id":62,"date":"2021-01-07T22:55:53","date_gmt":"2021-01-07T21:55:53","guid":{"rendered":"https:\/\/concess.transport-manager.net\/mvmate\/?page_id=62"},"modified":"2024-11-10T18:44:20","modified_gmt":"2024-11-10T17:44:20","slug":"programme-de-fidelite","status":"publish","type":"page","link":"https:\/\/concess.transport-manager.net\/mvmate\/programme-de-fidelite\/","title":{"rendered":"Programme de fid\u00e9lit\u00e9 by MV Mate"},"content":{"rendered":"\n<figure class=\"wp-block-image size-large\"><img loading=\"lazy\" decoding=\"async\" width=\"1024\" height=\"576\" src=\"https:\/\/concess.transport-manager.net\/mvmate\/wp-content\/uploads\/sites\/7\/2023\/01\/My-MV-Mate-1024x576.png\" alt=\"\" class=\"wp-image-790\" srcset=\"https:\/\/concess.transport-manager.net\/mvmate\/wp-content\/uploads\/sites\/7\/2023\/01\/My-MV-Mate-1024x576.png 1024w, https:\/\/concess.transport-manager.net\/mvmate\/wp-content\/uploads\/sites\/7\/2023\/01\/My-MV-Mate-300x169.png 300w, https:\/\/concess.transport-manager.net\/mvmate\/wp-content\/uploads\/sites\/7\/2023\/01\/My-MV-Mate-768x432.png 768w, https:\/\/concess.transport-manager.net\/mvmate\/wp-content\/uploads\/sites\/7\/2023\/01\/My-MV-Mate.png 1280w\" sizes=\"auto, (max-width: 1024px) 100vw, 1024px\" \/><\/figure>\n\n\n\n<p class=\"has-text-align-center\"><strong>Le programme de fid\u00e9lit\u00e9 de MV Mate<\/strong><\/p>\n\n\n\n<div class=\"wp-block-buttons is-content-justification-center is-layout-flex wp-container-core-buttons-is-layout-a89b3969 wp-block-buttons-is-layout-flex\">\n<div class=\"wp-block-button\"><a class=\"wp-block-button__link wp-element-button\" href=\"https:\/\/forms.gle\/VXFR2ZMd5MCVHNp2A\">Souscription \u00e0 My MV Mate+<\/a><\/div>\n\n\n\n<div class=\"wp-block-button\"><a class=\"wp-block-button__link wp-element-button\" href=\"https:\/\/docs.google.com\/spreadsheets\/d\/e\/2PACX-1vQThOs4YdQTrS77585XVxCz-qMbCf98t1QU1fx1Wlnyc-Ohfrchs69RPo8NJE_Ur_oQFR7mdqfoJs6O\/pubhtml?gid=2144684036&amp;single=true\" target=\"_blank\" rel=\"noreferrer noopener\">Suivi de My MV Mate+<\/a><\/div>\n<\/div>\n\n\n\n<p><\/p>\n\n\n\n<figure class=\"wp-block-table is-style-stripes\"><table><tbody><tr><td>Crit\u00e8re<\/td><td>Basic<\/td><td>My MV Mate+<\/td><\/tr><tr><td><strong>Tarif<\/strong><\/td><td><strong>0\u20ac<\/strong><\/td><td><strong>75.000\u20ac \/ AN<\/strong><\/td><\/tr><tr><td>Garantie neuf<\/td><td>2 ans<\/td><td>10 ans<\/td><\/tr><tr><td>Garantie occasion<\/td><td>6 mois<\/td><td>24 mois<\/td><\/tr><tr><td>Reprise de v\u00e9hicules &#8211; marques concession (hors AO)<\/td><td>Argus -15%<\/td><td>Argus<\/td><\/tr><tr><td>Reprise de v\u00e9hicules &#8211; marques hors concession (hors AO)<\/td><td>Argus -20%<\/td><td>Argus -5%<\/td><\/tr><tr><td>Int\u00e9r\u00eat cr\u00e9dit banque Azur<\/td><td>2%<\/td><td>0%<\/td><\/tr><tr><td>Location<\/td><td>Max 13 semaines<\/td><td>Max 24 semaines<\/td><\/tr><tr><td>Quota Location<\/td><td>10 bus max<\/td><td>Pas de limite<\/td><\/tr><tr><td>Tarif location<\/td><td>Pas de remise<\/td><td>-10%<\/td><\/tr><tr><td>R\u00e9duction permanente<\/td><td>Aucune<\/td><td>4%<\/td><\/tr><tr><td>Prise en charge des pannes &gt; 4 jours en concession<\/td><td>Non<\/td><td>Oui<\/td><\/tr><tr><td>V\u00e9hicule de remplacement pour panne &gt; 4 jours<\/td><td>Non<\/td><td>Oui<\/td><\/tr><\/tbody><\/table><\/figure>\n\n\n\n\n","protected":false},"excerpt":{"rendered":"<p>Le programme de fid\u00e9lit\u00e9 de MV Mate Crit\u00e8re Basic My MV Mate+ Tarif 0\u20ac 75.000\u20ac \/ AN Garantie neuf 2 ans 10 ans Garantie occasion 6 mois 24 mois Reprise de v\u00e9hicules &#8211; marques concession (hors AO) Argus -15% Argus Reprise de v\u00e9hicules &#8211; marques hors concession (hors AO) Argus [&hellip;]<\/p>\n","protected":false},"author":17,"featured_media":0,"parent":0,"menu_order":0,"comment_status":"closed","ping_status":"closed","template":"","meta":{"footnotes":""},"class_list":["post-62","page","type-page","status-publish","hentry"],"_links":{"self":[{"href":"https:\/\/concess.transport-manager.net\/mvmate\/wp-json\/wp\/v2\/pages\/62","targetHints":{"allow":["GET"]}}],"collection":[{"href":"https:\/\/concess.transport-manager.net\/mvmate\/wp-json\/wp\/v2\/pages"}],"about":[{"href":"https:\/\/concess.transport-manager.net\/mvmate\/wp-json\/wp\/v2\/types\/page"}],"author":[{"embeddable":true,"href":"https:\/\/concess.transport-manager.net\/mvmate\/wp-json\/wp\/v2\/users\/17"}],"replies":[{"embeddable":true,"href":"https:\/\/concess.transport-manager.net\/mvmate\/wp-json\/wp\/v2\/comments?post=62"}],"version-history":[{"count":24,"href":"https:\/\/concess.transport-manager.net\/mvmate\/wp-json\/wp\/v2\/pages\/62\/revisions"}],"predecessor-version":[{"id":1828,"href":"https:\/\/concess.transport-manager.net\/mvmate\/wp-json\/wp\/v2\/pages\/62\/revisions\/1828"}],"wp:attachment":[{"href":"https:\/\/concess.transport-manager.net\/mvmate\/wp-json\/wp\/v2\/media?parent=62"}],"curies":[{"name":"wp","href":"https:\/\/api.w.org\/{rel}","templated":true}]}}