{"id":759,"date":"2023-06-26T19:24:36","date_gmt":"2023-06-26T17:24:36","guid":{"rendered":"https:\/\/concess.transport-manager.net\/mvmate\/?page_id=759"},"modified":"2023-07-29T20:45:41","modified_gmt":"2023-07-29T18:45:41","slug":"en-savoir-plus-sur-notre-histoire","status":"publish","type":"page","link":"https:\/\/concess.transport-manager.net\/mvmate\/en-savoir-plus-sur-notre-histoire\/","title":{"rendered":"En savoir plus sur notre histoire"},"content":{"rendered":"\n<div class=\"wp-block-media-text alignwide is-stacked-on-mobile\" style=\"grid-template-columns:21% auto\"><figure class=\"wp-block-media-text__media\"><img loading=\"lazy\" decoding=\"async\" width=\"600\" height=\"220\" src=\"https:\/\/concess.transport-manager.net\/mvmate\/wp-content\/uploads\/sites\/7\/2021\/01\/MAN_logo.png\" alt=\"\" class=\"wp-image-37 size-full\" srcset=\"https:\/\/concess.transport-manager.net\/mvmate\/wp-content\/uploads\/sites\/7\/2021\/01\/MAN_logo.png 600w, https:\/\/concess.transport-manager.net\/mvmate\/wp-content\/uploads\/sites\/7\/2021\/01\/MAN_logo-300x110.png 300w\" sizes=\"auto, (max-width: 600px) 100vw, 600px\" \/><\/figure><div class=\"wp-block-media-text__content\">\n<p class=\"has-drop-cap\">Man est un constructeur de machine et de v\u00e9hicules industriel. Cr\u00e9e en Allemagne en 1758, elle fabrique principalement des camions et des bus. <\/p>\n\n\n\n<p>Man a d\u00e9but\u00e9 la vente de bus en 1970 avec leurs premi\u00e8re g\u00e9n\u00e9ration de v\u00e9hicules, on se rappelle tous du MAN 890SG. C&rsquo;est en 2004 que l&rsquo;entreprise \u00e0 d\u00e9cid\u00e9 de changer le nom de leurs v\u00e9hicules en passant d&rsquo;une codification de 2 lettres et de 3 chiffres \u00e0 \u00ab\u00a0Lion&rsquo;s City\u00a0\u00bb plus simple et plus doux \u00e0 l&rsquo;oreille. <\/p>\n<\/div><\/div>\n\n\n\n<p><\/p>\n\n\n\n<figure class=\"wp-block-image size-large\"><img decoding=\"async\" src=\"https:\/\/i.ibb.co\/dLx6dLM\/insta-97-rtched.jpg\" alt=\"\" \/><\/figure>\n","protected":false},"excerpt":{"rendered":"<p>Man est un constructeur de machine et de v\u00e9hicules industriel. Cr\u00e9e en Allemagne en 1758, elle fabrique principalement des camions et des bus. Man a d\u00e9but\u00e9 la vente de bus en 1970 avec leurs premi\u00e8re g\u00e9n\u00e9ration de v\u00e9hicules, on se rappelle tous du MAN 890SG. C&rsquo;est en 2004 que l&rsquo;entreprise [&hellip;]<\/p>\n","protected":false},"author":17,"featured_media":0,"parent":0,"menu_order":0,"comment_status":"closed","ping_status":"closed","template":"","meta":{"footnotes":""},"class_list":["post-759","page","type-page","status-publish","hentry"],"_links":{"self":[{"href":"https:\/\/concess.transport-manager.net\/mvmate\/wp-json\/wp\/v2\/pages\/759","targetHints":{"allow":["GET"]}}],"collection":[{"href":"https:\/\/concess.transport-manager.net\/mvmate\/wp-json\/wp\/v2\/pages"}],"about":[{"href":"https:\/\/concess.transport-manager.net\/mvmate\/wp-json\/wp\/v2\/types\/page"}],"author":[{"embeddable":true,"href":"https:\/\/concess.transport-manager.net\/mvmate\/wp-json\/wp\/v2\/users\/17"}],"replies":[{"embeddable":true,"href":"https:\/\/concess.transport-manager.net\/mvmate\/wp-json\/wp\/v2\/comments?post=759"}],"version-history":[{"count":2,"href":"https:\/\/concess.transport-manager.net\/mvmate\/wp-json\/wp\/v2\/pages\/759\/revisions"}],"predecessor-version":[{"id":1007,"href":"https:\/\/concess.transport-manager.net\/mvmate\/wp-json\/wp\/v2\/pages\/759\/revisions\/1007"}],"wp:attachment":[{"href":"https:\/\/concess.transport-manager.net\/mvmate\/wp-json\/wp\/v2\/media?parent=759"}],"curies":[{"name":"wp","href":"https:\/\/api.w.org\/{rel}","templated":true}]}}