{"id":921,"date":"2023-01-27T22:57:46","date_gmt":"2023-01-27T21:57:46","guid":{"rendered":"https:\/\/concess.transport-manager.net\/mvmate\/?page_id=921"},"modified":"2023-11-19T12:00:29","modified_gmt":"2023-11-19T11:00:29","slug":"remerciement","status":"publish","type":"page","link":"https:\/\/concess.transport-manager.net\/mvmate\/en-savoir-plus-sur-notre-histoire\/remerciement\/","title":{"rendered":"Remerciement"},"content":{"rendered":"\n<hr class=\"wp-block-separator has-alpha-channel-opacity\" \/>\n\n\n\n<div class=\"wp-block-media-text alignwide is-stacked-on-mobile\" style=\"grid-template-columns:60% auto\"><figure class=\"wp-block-media-text__media\"><img loading=\"lazy\" decoding=\"async\" width=\"1024\" height=\"576\" src=\"https:\/\/concess.transport-manager.net\/mvmate\/wp-content\/uploads\/sites\/7\/2023\/01\/remerciement-1024x576.jpg\" alt=\"\" class=\"wp-image-922 size-full\" srcset=\"https:\/\/concess.transport-manager.net\/mvmate\/wp-content\/uploads\/sites\/7\/2023\/01\/remerciement-1024x576.jpg 1024w, https:\/\/concess.transport-manager.net\/mvmate\/wp-content\/uploads\/sites\/7\/2023\/01\/remerciement-300x169.jpg 300w, https:\/\/concess.transport-manager.net\/mvmate\/wp-content\/uploads\/sites\/7\/2023\/01\/remerciement-768x432.jpg 768w, https:\/\/concess.transport-manager.net\/mvmate\/wp-content\/uploads\/sites\/7\/2023\/01\/remerciement.jpg 1280w\" sizes=\"auto, (max-width: 1024px) 100vw, 1024px\" \/><\/figure><div class=\"wp-block-media-text__content\">\n<p style=\"font-size:30px\">Au nom de MV Mate je tenais \u00e0 remercier toutes les personnes qui ont pu particip\u00e9 de pr\u00e8s ou de loin \u00e0 l&rsquo;\u00e9laboration de cette concession.<\/p>\n<\/div><\/div>\n\n\n\n<hr class=\"wp-block-separator has-alpha-channel-opacity\" \/>\n\n\n\n<h2 class=\"wp-block-heading\">La nouvelle charte graphique<\/h2>\n\n\n\n<div class=\"wp-block-media-text alignwide has-media-on-the-right is-stacked-on-mobile\" style=\"grid-template-columns:auto 39%\"><div class=\"wp-block-media-text__content\">\n<p>Dans un premier temp je tenais \u00e0 remercier Alexandre de Alt design. Pour le travail accompli dans l&rsquo;\u00e9laboration de la nouvelle charte graphique de MV Mate. Voici les mots qu&rsquo;il a utilis\u00e9 pour d\u00e9finir MV Mate<\/p>\n\n\n\n<blockquote class=\"wp-block-quote is-layout-flow wp-block-quote-is-layout-flow\">\n<p>\u00ab\u00a0Ce sont deux \u00ab&nbsp;M&nbsp;\u00bb, ceux de Mv Mate, superpos\u00e9s l\u2019un sur l\u2019autre. Il repr\u00e9sente aussi le caract\u00e8re infini, car Mv Mate g\u00e9re la totalit\u00e9 du transport\u00a0\u00bb<\/p>\n<cite>Alt Design &#8211; D\u00e9cembre 2022<\/cite><\/blockquote>\n<\/div><figure class=\"wp-block-media-text__media\"><img loading=\"lazy\" decoding=\"async\" width=\"645\" height=\"793\" src=\"https:\/\/concess.transport-manager.net\/mvmate\/wp-content\/uploads\/sites\/7\/2023\/01\/alt-design.jpg\" alt=\"\" class=\"wp-image-923 size-full\" srcset=\"https:\/\/concess.transport-manager.net\/mvmate\/wp-content\/uploads\/sites\/7\/2023\/01\/alt-design.jpg 645w, https:\/\/concess.transport-manager.net\/mvmate\/wp-content\/uploads\/sites\/7\/2023\/01\/alt-design-244x300.jpg 244w\" sizes=\"auto, (max-width: 645px) 100vw, 645px\" \/><\/figure><\/div>\n\n\n\n<hr class=\"wp-block-separator has-alpha-channel-opacity\" \/>\n\n\n\n<h2 class=\"wp-block-heading\">Les photos<\/h2>\n\n\n\n<div class=\"wp-block-media-text alignwide is-stacked-on-mobile\" style=\"grid-template-columns:53% auto\"><figure class=\"wp-block-media-text__media\"><img loading=\"lazy\" decoding=\"async\" width=\"1024\" height=\"576\" src=\"https:\/\/concess.transport-manager.net\/mvmate\/wp-content\/uploads\/sites\/7\/2022\/11\/photo-site-2-1024x576.jpg\" alt=\"\" class=\"wp-image-731 size-full\" srcset=\"https:\/\/concess.transport-manager.net\/mvmate\/wp-content\/uploads\/sites\/7\/2022\/11\/photo-site-2-1024x576.jpg 1024w, https:\/\/concess.transport-manager.net\/mvmate\/wp-content\/uploads\/sites\/7\/2022\/11\/photo-site-2-300x169.jpg 300w, https:\/\/concess.transport-manager.net\/mvmate\/wp-content\/uploads\/sites\/7\/2022\/11\/photo-site-2-768x432.jpg 768w, https:\/\/concess.transport-manager.net\/mvmate\/wp-content\/uploads\/sites\/7\/2022\/11\/photo-site-2-1536x864.jpg 1536w, https:\/\/concess.transport-manager.net\/mvmate\/wp-content\/uploads\/sites\/7\/2022\/11\/photo-site-2.jpg 1920w\" sizes=\"auto, (max-width: 1024px) 100vw, 1024px\" \/><\/figure><div class=\"wp-block-media-text__content\">\n<p>Merci \u00e0 toutes les personnes qui on permis d&rsquo;\u00e9laborer les catalogues de chez MV Mate. Sans vous le catalogue serait beaucoup plus triste. Ne perdez pas vos objectifs qui dois \u00eatre de faire des photos de qualit\u00e9s. <\/p>\n\n\n\n<p>Pour vous citer : <\/p>\n\n\n\n<p>Merci \u00e0 : Miniautobusero, AgoraS-114, Florian95, Pierre Antoine A, Valentin,&nbsp;Jean-Sebastrick, Yan302, SPL12, Guillaume_M, Wikip\u00e9dia, Kaji, Tim Reckmann, Ludo, Eric K., Pi Eye, Dominik Konecny, Semvatac, TripeiroBzh. <\/p>\n\n\n\n<p>Je suis d\u00e9sol\u00e9 si j&rsquo;ai oubli\u00e9 des personnes.<\/p>\n<\/div><\/div>\n\n\n\n<hr class=\"wp-block-separator has-alpha-channel-opacity\" \/>\n\n\n\n<h2 class=\"wp-block-heading\">Les vid\u00e9o<\/h2>\n\n\n\n<p>Rappelez vous il y a quelques mois nous avons fait une \u00e9lection et un joueur avait r\u00e9alis\u00e9 une belle vid\u00e9o pour le reveal des r\u00e9sultats. Il m\u00e9rite \u00e9galement un remerciement pour le travail accomplit, \u00e9galement \u00e0 Shadowtin par la vid\u00e9o de pr\u00e9sentation.<\/p>\n\n\n\n<p>Merci \u00e0 TransQB alias QB pour le montages et de travail pour cette vid\u00e9o<\/p>\n\n\n\n<figure class=\"wp-block-embed aligncenter is-type-video is-provider-youtube wp-block-embed-youtube wp-embed-aspect-16-9 wp-has-aspect-ratio\"><div class=\"wp-block-embed__wrapper\">\n<iframe loading=\"lazy\" title=\"Pr\u00e9sentation des r\u00e9sultats du Lion&#039;s City 12G EfficientHybrid\" width=\"750\" height=\"422\" src=\"https:\/\/www.youtube.com\/embed\/XczG6269cZg?feature=oembed\" frameborder=\"0\" allow=\"accelerometer; autoplay; clipboard-write; encrypted-media; gyroscope; picture-in-picture; web-share\" allowfullscreen><\/iframe>\n<\/div><\/figure>\n\n\n\n<hr class=\"wp-block-separator has-alpha-channel-opacity\" \/>\n\n\n\n<h2 class=\"wp-block-heading\">Les int\u00e9rims <\/h2>\n\n\n\n<div class=\"wp-block-media-text alignwide has-media-on-the-right is-stacked-on-mobile\"><div class=\"wp-block-media-text__content\">\n<p>Merci aux int\u00e9rimaires que la concession \u00e0 pu avoir lors des absences du concessionnaire titulaire. Ces derniers ont permis d&rsquo;assurer un service de qualit\u00e9 et apporter leurs savoirs faires et \u00eatres \u00e0 la concession. Ils ont \u00e9galement \u00e9t\u00e9 porteur de nouvelles id\u00e9es qui ont \u00e9merg\u00e9 \u00e0 de nouveaux services chez MV Mate. <\/p>\n<\/div><figure class=\"wp-block-media-text__media\"><img loading=\"lazy\" decoding=\"async\" width=\"1024\" height=\"576\" src=\"https:\/\/concess.transport-manager.net\/mvmate\/wp-content\/uploads\/sites\/7\/2023\/01\/qb-1024x576.jpg\" alt=\"\" class=\"wp-image-931 size-full\" srcset=\"https:\/\/concess.transport-manager.net\/mvmate\/wp-content\/uploads\/sites\/7\/2023\/01\/qb-1024x576.jpg 1024w, https:\/\/concess.transport-manager.net\/mvmate\/wp-content\/uploads\/sites\/7\/2023\/01\/qb-300x169.jpg 300w, https:\/\/concess.transport-manager.net\/mvmate\/wp-content\/uploads\/sites\/7\/2023\/01\/qb-768x432.jpg 768w, https:\/\/concess.transport-manager.net\/mvmate\/wp-content\/uploads\/sites\/7\/2023\/01\/qb.jpg 1280w\" sizes=\"auto, (max-width: 1024px) 100vw, 1024px\" \/><\/figure><\/div>\n\n\n\n<hr class=\"wp-block-separator has-alpha-channel-opacity\" \/>\n\n\n\n<h2 class=\"wp-block-heading\"><\/h2>\n","protected":false},"excerpt":{"rendered":"<p>Au nom de MV Mate je tenais \u00e0 remercier toutes les personnes qui ont pu particip\u00e9 de pr\u00e8s ou de loin \u00e0 l&rsquo;\u00e9laboration de cette concession. La nouvelle charte graphique Les photos Merci \u00e0 toutes les personnes qui on permis d&rsquo;\u00e9laborer les catalogues de chez MV Mate. Sans vous le [&hellip;]<\/p>\n","protected":false},"author":17,"featured_media":0,"parent":759,"menu_order":1,"comment_status":"closed","ping_status":"closed","template":"","meta":{"footnotes":""},"class_list":["post-921","page","type-page","status-publish","hentry"],"_links":{"self":[{"href":"https:\/\/concess.transport-manager.net\/mvmate\/wp-json\/wp\/v2\/pages\/921","targetHints":{"allow":["GET"]}}],"collection":[{"href":"https:\/\/concess.transport-manager.net\/mvmate\/wp-json\/wp\/v2\/pages"}],"about":[{"href":"https:\/\/concess.transport-manager.net\/mvmate\/wp-json\/wp\/v2\/types\/page"}],"author":[{"embeddable":true,"href":"https:\/\/concess.transport-manager.net\/mvmate\/wp-json\/wp\/v2\/users\/17"}],"replies":[{"embeddable":true,"href":"https:\/\/concess.transport-manager.net\/mvmate\/wp-json\/wp\/v2\/comments?post=921"}],"version-history":[{"count":11,"href":"https:\/\/concess.transport-manager.net\/mvmate\/wp-json\/wp\/v2\/pages\/921\/revisions"}],"predecessor-version":[{"id":1339,"href":"https:\/\/concess.transport-manager.net\/mvmate\/wp-json\/wp\/v2\/pages\/921\/revisions\/1339"}],"up":[{"embeddable":true,"href":"https:\/\/concess.transport-manager.net\/mvmate\/wp-json\/wp\/v2\/pages\/759"}],"wp:attachment":[{"href":"https:\/\/concess.transport-manager.net\/mvmate\/wp-json\/wp\/v2\/media?parent=921"}],"curies":[{"name":"wp","href":"https:\/\/api.w.org\/{rel}","templated":true}]}}