{"id":101,"date":"2021-09-04T22:14:39","date_gmt":"2021-09-04T20:14:39","guid":{"rendered":"https:\/\/concess.transport-manager.net\/solaris\/?page_id=101"},"modified":"2025-09-23T22:04:51","modified_gmt":"2025-09-23T20:04:51","slug":"solaclub","status":"publish","type":"page","link":"https:\/\/concess.transport-manager.net\/solaris\/solaclub\/","title":{"rendered":"SOLACLUB"},"content":{"rendered":"<div class=\"wp-block-image\">\n<figure class=\"aligncenter size-large\"><img loading=\"lazy\" decoding=\"async\" width=\"314\" height=\"97\" src=\"https:\/\/concess.transport-manager.net\/solaris\/wp-content\/uploads\/sites\/3\/2021\/09\/fideli10.png\" alt=\"\" class=\"wp-image-102\" srcset=\"https:\/\/concess.transport-manager.net\/solaris\/wp-content\/uploads\/sites\/3\/2021\/09\/fideli10.png 314w, https:\/\/concess.transport-manager.net\/solaris\/wp-content\/uploads\/sites\/3\/2021\/09\/fideli10-300x93.png 300w\" sizes=\"auto, (max-width: 314px) 100vw, 314px\" \/><\/figure>\n<\/div>\n\n<div class=\"wp-block-image\">\n<figure class=\"aligncenter size-large\"><img loading=\"lazy\" decoding=\"async\" width=\"493\" height=\"228\" src=\"https:\/\/concess.transport-manager.net\/solaris\/wp-content\/uploads\/sites\/3\/2021\/09\/solacl10.png\" alt=\"\" class=\"wp-image-103\" srcset=\"https:\/\/concess.transport-manager.net\/solaris\/wp-content\/uploads\/sites\/3\/2021\/09\/solacl10.png 493w, https:\/\/concess.transport-manager.net\/solaris\/wp-content\/uploads\/sites\/3\/2021\/09\/solacl10-300x139.png 300w\" sizes=\"auto, (max-width: 493px) 100vw, 493px\" \/><\/figure>\n<\/div>\n\n\n<p>La concession a le plaisir de vous pr\u00e9senter la nouvelle version de son programme fid\u00e9lit\u00e9 SolaClub, qui d\u00e9sormais n&rsquo;existe qu&rsquo;en une seule offre (fini <strong><em>basic<\/em><\/strong>&nbsp;et <strong><em>premium<\/em><\/strong>).<br>Ainsi, vous pouvez b\u00e9n\u00e9ficier d&rsquo;un grand nombre d&rsquo;avantages r\u00e9serv\u00e9s aux clients fid\u00e9lis\u00e9s et r\u00e9alisez des \u00e9conomies non n\u00e9gligeables.<\/p>\n\n\n\n<figure class=\"wp-block-image size-full\"><img loading=\"lazy\" decoding=\"async\" width=\"739\" height=\"487\" src=\"https:\/\/concess.transport-manager.net\/solaris\/wp-content\/uploads\/sites\/3\/2023\/01\/image-17.png\" alt=\"\" class=\"wp-image-343\" srcset=\"https:\/\/concess.transport-manager.net\/solaris\/wp-content\/uploads\/sites\/3\/2023\/01\/image-17.png 739w, https:\/\/concess.transport-manager.net\/solaris\/wp-content\/uploads\/sites\/3\/2023\/01\/image-17-300x198.png 300w\" sizes=\"auto, (max-width: 739px) 100vw, 739px\" \/><\/figure>\n\n\n\n<p><strong>Le contrat d&rsquo;exclusivit\u00e9 :<\/strong><br>Extrait des conditions g\u00e9n\u00e9rales, I.6. :<br>\u00ab\u00a0L\u2019adh\u00e9sion avec exclusivit\u00e9 conf\u00e8re au client la possibilit\u00e9 de payer son adh\u00e9sion moins cher \u00e0 condition de ne se fournir que via la concession Solaris. Tout manquement est sanctionn\u00e9 par une p\u00e9nalit\u00e9 s\u2019\u00e9levant \u00e0 20 000\u20ac\/bus command\u00e9 dans une autre concession.<br>L\u2019exclusivit\u00e9 ne s\u2019applique pas pour les cas d\u2019absence de v\u00e9hicule \u00e9quivalent chez Solaris, les devis valid\u00e9s avant l\u2019adh\u00e9sion ou encore les bons d\u2019achat valides dans d\u2019autres concessions.<br>Tout client qui ne souhaite plus b\u00e9n\u00e9ficier de l\u2019exclusivit\u00e9 peut la r\u00e9voquer en acceptant de payer une indemnit\u00e9 de 38 000\u20ac, montant qui ne varie pas selon la dur\u00e9e de souscription au SolaClub.\u00a0\u00bb<\/p>\n\n\n\n<p>L&rsquo;ensemble des conditions du SolaClub sont \u00e0 retrouver dans les conditions g\u00e9n\u00e9rales, partie G\u00e9n\u00e9ralit\u00e9s et rubrique 6. Programme de fid\u00e9lit\u00e9 SolaClub<\/p>\n\n\n\n<p class=\"has-text-align-center\">Alors, convaincu ?<\/p>\n\n\n\n<div class=\"wp-block-buttons is-content-justification-center is-layout-flex wp-container-core-buttons-is-layout-a89b3969 wp-block-buttons-is-layout-flex\">\n<div class=\"wp-block-button\"><a class=\"wp-block-button__link wp-element-button\" href=\"https:\/\/transport-manager.net\/jeu\/sendconcess.php?p=solaclub\" target=\"_blank\" rel=\"noreferrer noopener\">Souscrire au SolaClub<\/a><\/div>\n<\/div>\n\n\n\n<p><\/p>\n","protected":false},"excerpt":{"rendered":"<p>La concession a le plaisir de vous pr\u00e9senter la nouvelle version de son programme fid\u00e9lit\u00e9 SolaClub, qui d\u00e9sormais n&rsquo;existe qu&rsquo;en une seule offre (fini basic&nbsp;et premium).Ainsi, vous pouvez b\u00e9n\u00e9ficier d&rsquo;un grand nombre d&rsquo;avantages r\u00e9serv\u00e9s aux clients fid\u00e9lis\u00e9s et r\u00e9alisez des \u00e9conomies non n\u00e9gligeables. Le contrat d&rsquo;exclusivit\u00e9 :Extrait des conditions g\u00e9n\u00e9rales, [&hellip;]<\/p>\n","protected":false},"author":11,"featured_media":0,"parent":0,"menu_order":0,"comment_status":"closed","ping_status":"closed","template":"","meta":{"footnotes":""},"class_list":["post-101","page","type-page","status-publish","hentry"],"_links":{"self":[{"href":"https:\/\/concess.transport-manager.net\/solaris\/wp-json\/wp\/v2\/pages\/101","targetHints":{"allow":["GET"]}}],"collection":[{"href":"https:\/\/concess.transport-manager.net\/solaris\/wp-json\/wp\/v2\/pages"}],"about":[{"href":"https:\/\/concess.transport-manager.net\/solaris\/wp-json\/wp\/v2\/types\/page"}],"author":[{"embeddable":true,"href":"https:\/\/concess.transport-manager.net\/solaris\/wp-json\/wp\/v2\/users\/11"}],"replies":[{"embeddable":true,"href":"https:\/\/concess.transport-manager.net\/solaris\/wp-json\/wp\/v2\/comments?post=101"}],"version-history":[{"count":7,"href":"https:\/\/concess.transport-manager.net\/solaris\/wp-json\/wp\/v2\/pages\/101\/revisions"}],"predecessor-version":[{"id":454,"href":"https:\/\/concess.transport-manager.net\/solaris\/wp-json\/wp\/v2\/pages\/101\/revisions\/454"}],"wp:attachment":[{"href":"https:\/\/concess.transport-manager.net\/solaris\/wp-json\/wp\/v2\/media?parent=101"}],"curies":[{"name":"wp","href":"https:\/\/api.w.org\/{rel}","templated":true}]}}