{"id":121,"date":"2021-09-25T18:16:06","date_gmt":"2021-09-25T16:16:06","guid":{"rendered":"https:\/\/concess.transport-manager.net\/solaris\/?page_id=121"},"modified":"2025-09-23T22:00:12","modified_gmt":"2025-09-23T20:00:12","slug":"location-demonstration","status":"publish","type":"page","link":"https:\/\/concess.transport-manager.net\/solaris\/location-demonstration\/","title":{"rendered":"Location &amp; D\u00e9monstration"},"content":{"rendered":"\n<p>La concession Solaris propose \u00e0 la location des v\u00e9hicules de sa gamme afin de pallier \u00e0 tout \u00e9v\u00e9nement pr\u00e9vu ou impr\u00e9vu.<br>__________________________________<\/p>\n\n\n\n<p><strong>Fonctionnement<\/strong><\/p>\n\n\n\n<p>Retrouvez d\u00e9sormais les sp\u00e9cificit\u00e9s li\u00e9es \u00e0 la location <a href=\"https:\/\/concess.transport-manager.net\/solaris\/specificites-location\/\" data-type=\"URL\" data-id=\"https:\/\/concess.transport-manager.net\/solaris\/specificites-location\/\">ici<\/a>.<br><br>Les v\u00e9hicules sont \u00e9quip\u00e9s de diodes couleurs blanches, d&rsquo;une plateforme r\u00e9tractable, de portes \u00e9lectriques, de la climatisation int\u00e9grale et de vitres teint\u00e9es. (sauf Urbino 15)<br>__________________________________<\/p>\n\n\n\n<p><strong>Tarifs et disponibilit\u00e9s<\/strong><\/p>\n\n\n\n<p>Les tarifs diff\u00e8rent en fonction des v\u00e9hicules. Il faut compter 250 \u20ac\/semaine suppl\u00e9mentaires pour un v\u00e9hicule GNV,&nbsp;150 \u20ac\/semaine suppl\u00e9mentaires pour un v\u00e9hicule hybride et 500 \u20ac\/semaine suppl\u00e9mentaires pour un v\u00e9hicule \u00e9lectrique.<br>Les membres SolaClub b\u00e9n\u00e9ficient d&rsquo;une remise de 10% sur le tarif public.<br>Le paiement est effectu\u00e9 comptant. Le client doit solder sa facture dans les 30 jours suivant son \u00e9mission, \u00e0 la mise \u00e0 disposition des v\u00e9hicules.<\/p>\n\n\n\n<p>Pour conna\u00eetre les tarifs et la disponibilit\u00e9 des v\u00e9hicules, c&rsquo;est ici :<\/p>\n\n\n\n<p><a rel=\"noreferrer noopener\" href=\"https:\/\/docs.google.com\/spreadsheets\/d\/e\/2PACX-1vSwE_dLPOnTPMf2m5jCfJpaDnEl4fx_-UfkBdhibvTWJj2zSSNUpAtEAG72MjMilPSdSHn8dRdnK3VY\/pubhtml?gid=1280917293&amp;single=true\" data-type=\"URL\" data-id=\"https:\/\/docs.google.com\/spreadsheets\/d\/e\/2PACX-1vSwE_dLPOnTPMf2m5jCfJpaDnEl4fx_-UfkBdhibvTWJj2zSSNUpAtEAG72MjMilPSdSHn8dRdnK3VY\/pubhtml?gid=1280917293&amp;single=true\" target=\"_blank\">NOUVEAU ! Tableau disponibilit\u00e9s<\/a><br>par LG, avec l&rsquo;aide du staff TM<br><br>Ou si vous pr\u00e9f\u00e9rez : l&rsquo;ancien <a rel=\"noreferrer noopener\" href=\"https:\/\/docs.google.com\/spreadsheets\/d\/e\/2PACX-1vTUMJjEIoOITsUKJllUubOSIA6v4nzPfjcFrz0CgjHLSDQbUwug04chlGrYa7AREGVrjLme5mWBcaiY\/pubhtml?gid=451287790&amp;single=true\" target=\"_blank\">Tableau disponibilit\u00e9 v\u00e9hicules<\/a><\/p>\n\n\n\n<p>__________________________________<\/p>\n\n\n\n<p><strong>V\u00e9hicules de d\u00e9monstration<\/strong><\/p>\n\n\n\n<p>Int\u00e9ress\u00e9 par un de nos v\u00e9hicules mais pas encore convaincu ? Afin de vous permettre de tester nos v\u00e9hicules qui r\u00e9pondent \u00e0 des besoins sp\u00e9cifiques, nous vous proposons en d\u00e9monstration:<\/p>\n\n\n\n<ul class=\"wp-block-list\">\n<li>1 Urbino 12 IV E<\/li>\n\n\n\n<li>1 Urbino 15 IV LE E<\/li>\n\n\n\n<li>1 Urbino 18 IV E<\/li>\n\n\n\n<li>1 Urbino 18 BHNS GNV (N3 et +)<\/li>\n\n\n\n<li>1 Urbino 18 BHNS Hybride (N3 et +)<br><\/li>\n<\/ul>\n\n\n\n<p>La dur\u00e9e de d\u00e9monstration est limit\u00e9e \u00e0 15 jours et n&rsquo;est accord\u00e9e qu&rsquo;une fois par mod\u00e8le et par joueur.<\/p>\n\n\n\n<p>Rappel: Les v\u00e9hicules devront \u00eatre restitu\u00e9s propres, sous peine de p\u00e9nalit\u00e9s. Le num\u00e9ro de parc et les options du v\u00e9hicule ne pourront \u00eatre modifi\u00e9s.<\/p>\n\n\n\n<p>Contactez votre concessionnaire pour + de renseignements.<\/p>\n\n\n\n<p>__________________________________<\/p>\n\n\n\n<div class=\"wp-block-buttons alignwide is-horizontal is-content-justification-center is-layout-flex wp-container-core-buttons-is-layout-03627597 wp-block-buttons-is-layout-flex\">\n<div class=\"wp-block-button\"><a class=\"wp-block-button__link wp-element-button\" href=\"https:\/\/transport-manager.net\/jeu\/sendconcess.php?p=solarislocation\">Vous avez fait votre choix ? Demandez votre location !<\/a><\/div>\n<\/div>\n\n\n\n<p>N&rsquo;oubliez pas que les <a href=\"https:\/\/concess.transport-manager.net\/solaris\/conditions\/\" data-type=\"URL\" data-id=\"https:\/\/concess.transport-manager.net\/solaris\/conditions\/\">Conditions G\u00e9n\u00e9rales<\/a> s&rsquo;appliquent.<\/p>\n","protected":false},"excerpt":{"rendered":"<p>La concession Solaris propose \u00e0 la location des v\u00e9hicules de sa gamme afin de pallier \u00e0 tout \u00e9v\u00e9nement pr\u00e9vu ou impr\u00e9vu.__________________________________ Fonctionnement Retrouvez d\u00e9sormais les sp\u00e9cificit\u00e9s li\u00e9es \u00e0 la location ici. Les v\u00e9hicules sont \u00e9quip\u00e9s de diodes couleurs blanches, d&rsquo;une plateforme r\u00e9tractable, de portes \u00e9lectriques, de la climatisation int\u00e9grale et [&hellip;]<\/p>\n","protected":false},"author":11,"featured_media":0,"parent":0,"menu_order":0,"comment_status":"closed","ping_status":"closed","template":"","meta":{"footnotes":""},"class_list":["post-121","page","type-page","status-publish","hentry"],"_links":{"self":[{"href":"https:\/\/concess.transport-manager.net\/solaris\/wp-json\/wp\/v2\/pages\/121","targetHints":{"allow":["GET"]}}],"collection":[{"href":"https:\/\/concess.transport-manager.net\/solaris\/wp-json\/wp\/v2\/pages"}],"about":[{"href":"https:\/\/concess.transport-manager.net\/solaris\/wp-json\/wp\/v2\/types\/page"}],"author":[{"embeddable":true,"href":"https:\/\/concess.transport-manager.net\/solaris\/wp-json\/wp\/v2\/users\/11"}],"replies":[{"embeddable":true,"href":"https:\/\/concess.transport-manager.net\/solaris\/wp-json\/wp\/v2\/comments?post=121"}],"version-history":[{"count":12,"href":"https:\/\/concess.transport-manager.net\/solaris\/wp-json\/wp\/v2\/pages\/121\/revisions"}],"predecessor-version":[{"id":453,"href":"https:\/\/concess.transport-manager.net\/solaris\/wp-json\/wp\/v2\/pages\/121\/revisions\/453"}],"wp:attachment":[{"href":"https:\/\/concess.transport-manager.net\/solaris\/wp-json\/wp\/v2\/media?parent=121"}],"curies":[{"name":"wp","href":"https:\/\/api.w.org\/{rel}","templated":true}]}}