{"id":134,"date":"2021-10-02T16:13:07","date_gmt":"2021-10-02T14:13:07","guid":{"rendered":"https:\/\/concess.transport-manager.net\/solaris\/?page_id=134"},"modified":"2023-03-18T00:31:53","modified_gmt":"2023-03-17T23:31:53","slug":"la-personnalisation-des-bus","status":"publish","type":"page","link":"https:\/\/concess.transport-manager.net\/solaris\/la-personnalisation-des-bus\/","title":{"rendered":"La personnalisation des bus"},"content":{"rendered":"\n<p>Pour faciliter et simplifier la personnalisation des bus, vous trouvez ci dessous toutes les possibilit\u00e9s de personnalisation avec le num\u00e9ro de r\u00e9f\u00e9rence \u00e0 reporter dans le formulaire de devis. <\/p>\n\n\n\n<h2 class=\"has-text-align-center wp-block-heading\">Les si\u00e8ges<\/h2>\n\n\n\n<figure class=\"wp-block-image size-large\"><img loading=\"lazy\" decoding=\"async\" width=\"747\" height=\"221\" src=\"https:\/\/concess.transport-manager.net\/solaris\/wp-content\/uploads\/sites\/3\/2021\/10\/siege.png\" alt=\"\" class=\"wp-image-145\" srcset=\"https:\/\/concess.transport-manager.net\/solaris\/wp-content\/uploads\/sites\/3\/2021\/10\/siege.png 747w, https:\/\/concess.transport-manager.net\/solaris\/wp-content\/uploads\/sites\/3\/2021\/10\/siege-300x89.png 300w\" sizes=\"auto, (max-width: 747px) 100vw, 747px\" \/><figcaption class=\"wp-element-caption\">Code : Mod\u00e8le 1, Mod\u00e8le 2, Mod\u00e8le 3 et Mod\u00e8le 4<\/figcaption><\/figure>\n\n\n\n<h2 class=\"has-text-align-center wp-block-heading\">Les barres de maintien<\/h2>\n\n\n\n<figure class=\"wp-block-image size-large\"><img loading=\"lazy\" decoding=\"async\" width=\"805\" height=\"360\" src=\"https:\/\/concess.transport-manager.net\/solaris\/wp-content\/uploads\/sites\/3\/2021\/10\/barres.png\" alt=\"\" class=\"wp-image-144\" srcset=\"https:\/\/concess.transport-manager.net\/solaris\/wp-content\/uploads\/sites\/3\/2021\/10\/barres.png 805w, https:\/\/concess.transport-manager.net\/solaris\/wp-content\/uploads\/sites\/3\/2021\/10\/barres-300x134.png 300w, https:\/\/concess.transport-manager.net\/solaris\/wp-content\/uploads\/sites\/3\/2021\/10\/barres-768x343.png 768w\" sizes=\"auto, (max-width: 805px) 100vw, 805px\" \/><\/figure>\n\n\n\n<h2 class=\"has-text-align-center wp-block-heading\">Les tissus <\/h2>\n\n\n\n<figure class=\"wp-block-image size-large\"><img loading=\"lazy\" decoding=\"async\" width=\"764\" height=\"579\" src=\"https:\/\/concess.transport-manager.net\/solaris\/wp-content\/uploads\/sites\/3\/2021\/10\/tissu-1.png\" alt=\"\" class=\"wp-image-136\" srcset=\"https:\/\/concess.transport-manager.net\/solaris\/wp-content\/uploads\/sites\/3\/2021\/10\/tissu-1.png 764w, https:\/\/concess.transport-manager.net\/solaris\/wp-content\/uploads\/sites\/3\/2021\/10\/tissu-1-300x227.png 300w\" sizes=\"auto, (max-width: 764px) 100vw, 764px\" \/><\/figure>\n\n\n\n<figure class=\"wp-block-image size-large\"><img loading=\"lazy\" decoding=\"async\" width=\"766\" height=\"571\" src=\"https:\/\/concess.transport-manager.net\/solaris\/wp-content\/uploads\/sites\/3\/2021\/10\/tissu-2.png\" alt=\"\" class=\"wp-image-137\" srcset=\"https:\/\/concess.transport-manager.net\/solaris\/wp-content\/uploads\/sites\/3\/2021\/10\/tissu-2.png 766w, https:\/\/concess.transport-manager.net\/solaris\/wp-content\/uploads\/sites\/3\/2021\/10\/tissu-2-300x224.png 300w\" sizes=\"auto, (max-width: 766px) 100vw, 766px\" \/><\/figure>\n\n\n\n<figure class=\"wp-block-image size-large\"><img loading=\"lazy\" decoding=\"async\" width=\"764\" height=\"572\" src=\"https:\/\/concess.transport-manager.net\/solaris\/wp-content\/uploads\/sites\/3\/2021\/10\/tissu-3.png\" alt=\"\" class=\"wp-image-139\" srcset=\"https:\/\/concess.transport-manager.net\/solaris\/wp-content\/uploads\/sites\/3\/2021\/10\/tissu-3.png 764w, https:\/\/concess.transport-manager.net\/solaris\/wp-content\/uploads\/sites\/3\/2021\/10\/tissu-3-300x225.png 300w\" sizes=\"auto, (max-width: 764px) 100vw, 764px\" \/><\/figure>\n\n\n\n<h2 class=\"has-text-align-center wp-block-heading\">Le rev\u00eatement de sol<\/h2>\n\n\n\n<figure class=\"wp-block-image size-large\"><img loading=\"lazy\" decoding=\"async\" width=\"787\" height=\"522\" src=\"https:\/\/concess.transport-manager.net\/solaris\/wp-content\/uploads\/sites\/3\/2021\/10\/pvc.png\" alt=\"\" class=\"wp-image-140\" srcset=\"https:\/\/concess.transport-manager.net\/solaris\/wp-content\/uploads\/sites\/3\/2021\/10\/pvc.png 787w, https:\/\/concess.transport-manager.net\/solaris\/wp-content\/uploads\/sites\/3\/2021\/10\/pvc-300x199.png 300w, https:\/\/concess.transport-manager.net\/solaris\/wp-content\/uploads\/sites\/3\/2021\/10\/pvc-768x509.png 768w, https:\/\/concess.transport-manager.net\/solaris\/wp-content\/uploads\/sites\/3\/2021\/10\/pvc-360x240.png 360w\" sizes=\"auto, (max-width: 787px) 100vw, 787px\" \/><\/figure>\n\n\n\n<figure class=\"wp-block-image size-large\"><img loading=\"lazy\" decoding=\"async\" width=\"805\" height=\"262\" src=\"https:\/\/concess.transport-manager.net\/solaris\/wp-content\/uploads\/sites\/3\/2021\/10\/parquet.png\" alt=\"\" class=\"wp-image-141\" srcset=\"https:\/\/concess.transport-manager.net\/solaris\/wp-content\/uploads\/sites\/3\/2021\/10\/parquet.png 805w, https:\/\/concess.transport-manager.net\/solaris\/wp-content\/uploads\/sites\/3\/2021\/10\/parquet-300x98.png 300w, https:\/\/concess.transport-manager.net\/solaris\/wp-content\/uploads\/sites\/3\/2021\/10\/parquet-768x250.png 768w\" sizes=\"auto, (max-width: 805px) 100vw, 805px\" \/><\/figure>\n\n\n\n<figure class=\"wp-block-image size-large\"><img loading=\"lazy\" decoding=\"async\" width=\"808\" height=\"529\" src=\"https:\/\/concess.transport-manager.net\/solaris\/wp-content\/uploads\/sites\/3\/2021\/10\/moquette.png\" alt=\"\" class=\"wp-image-142\" srcset=\"https:\/\/concess.transport-manager.net\/solaris\/wp-content\/uploads\/sites\/3\/2021\/10\/moquette.png 808w, https:\/\/concess.transport-manager.net\/solaris\/wp-content\/uploads\/sites\/3\/2021\/10\/moquette-300x196.png 300w, https:\/\/concess.transport-manager.net\/solaris\/wp-content\/uploads\/sites\/3\/2021\/10\/moquette-768x503.png 768w\" sizes=\"auto, (max-width: 808px) 100vw, 808px\" \/><\/figure>\n","protected":false},"excerpt":{"rendered":"<p>Pour faciliter et simplifier la personnalisation des bus, vous trouvez ci dessous toutes les possibilit\u00e9s de personnalisation avec le num\u00e9ro de r\u00e9f\u00e9rence \u00e0 reporter dans le formulaire de devis. Les si\u00e8ges Les barres de maintien Les tissus Le rev\u00eatement de sol<\/p>\n","protected":false},"author":11,"featured_media":0,"parent":0,"menu_order":0,"comment_status":"closed","ping_status":"closed","template":"","meta":{"footnotes":""},"class_list":["post-134","page","type-page","status-publish","hentry"],"_links":{"self":[{"href":"https:\/\/concess.transport-manager.net\/solaris\/wp-json\/wp\/v2\/pages\/134","targetHints":{"allow":["GET"]}}],"collection":[{"href":"https:\/\/concess.transport-manager.net\/solaris\/wp-json\/wp\/v2\/pages"}],"about":[{"href":"https:\/\/concess.transport-manager.net\/solaris\/wp-json\/wp\/v2\/types\/page"}],"author":[{"embeddable":true,"href":"https:\/\/concess.transport-manager.net\/solaris\/wp-json\/wp\/v2\/users\/11"}],"replies":[{"embeddable":true,"href":"https:\/\/concess.transport-manager.net\/solaris\/wp-json\/wp\/v2\/comments?post=134"}],"version-history":[{"count":5,"href":"https:\/\/concess.transport-manager.net\/solaris\/wp-json\/wp\/v2\/pages\/134\/revisions"}],"predecessor-version":[{"id":359,"href":"https:\/\/concess.transport-manager.net\/solaris\/wp-json\/wp\/v2\/pages\/134\/revisions\/359"}],"wp:attachment":[{"href":"https:\/\/concess.transport-manager.net\/solaris\/wp-json\/wp\/v2\/media?parent=134"}],"curies":[{"name":"wp","href":"https:\/\/api.w.org\/{rel}","templated":true}]}}