{"id":287,"date":"2023-01-01T00:47:32","date_gmt":"2022-12-31T23:47:32","guid":{"rendered":"https:\/\/concess.transport-manager.net\/solaris\/?page_id=287"},"modified":"2025-09-23T21:49:45","modified_gmt":"2025-09-23T19:49:45","slug":"catalogue-bus-neuf","status":"publish","type":"page","link":"https:\/\/concess.transport-manager.net\/solaris\/catalogue-bus-neuf\/","title":{"rendered":"Catalogue bus\/cars neuf"},"content":{"rendered":"\n<p>De l&rsquo;Alpino \u00e0 notre incontournable Urbino, d\u00e9couvrez une gamme adapt\u00e9e \u00e0 vos besoins !<\/p>\n\n\n\n<p class=\"has-text-align-left\">Notez que :<br>&#8211; L&rsquo;ast\u00e9risque rouge correspond \u00e0 un <strong>v\u00e9hicule BHNS<\/strong>, accessible uniquement aux joueurs <strong>\u00e0 partir du niveau 3<\/strong><br>&#8211; L&rsquo;ast\u00e9risque bleu correspond \u00e0 un <strong>v\u00e9hicule LE ou Car<\/strong>, accessible uniquement aux joueurs <strong>\u00e0 partir du niveau <\/strong>4<br>&#8211; Les baies basses sont disponibles sur l&rsquo;ensemble de la gamme Alpino et Urbino <strong>\u00e0 l&rsquo;exception des v\u00e9hicules \u00e9lectriques, LE, Cars et BHNS<\/strong><br><br><strong>Les prix affich\u00e9s correspondent \u00e0 un v\u00e9hicule \u00e9tant en configuration minimale (Diodes pour la girouette avant), avec les frais de manutention inclus.<\/strong><\/p>\n\n\n\n<figure class=\"wp-block-image size-full\"><img loading=\"lazy\" decoding=\"async\" width=\"848\" height=\"532\" src=\"https:\/\/concess.transport-manager.net\/solaris\/wp-content\/uploads\/sites\/3\/2024\/10\/image.png\" alt=\"\" class=\"wp-image-409\" srcset=\"https:\/\/concess.transport-manager.net\/solaris\/wp-content\/uploads\/sites\/3\/2024\/10\/image.png 848w, https:\/\/concess.transport-manager.net\/solaris\/wp-content\/uploads\/sites\/3\/2024\/10\/image-300x188.png 300w, https:\/\/concess.transport-manager.net\/solaris\/wp-content\/uploads\/sites\/3\/2024\/10\/image-768x482.png 768w\" sizes=\"auto, (max-width: 848px) 100vw, 848px\" \/><\/figure>\n\n\n<div class=\"wp-block-image\">\n<figure class=\"aligncenter size-full\"><img loading=\"lazy\" decoding=\"async\" width=\"850\" height=\"531\" src=\"https:\/\/concess.transport-manager.net\/solaris\/wp-content\/uploads\/sites\/3\/2024\/10\/image-1.png\" alt=\"\" class=\"wp-image-410\" srcset=\"https:\/\/concess.transport-manager.net\/solaris\/wp-content\/uploads\/sites\/3\/2024\/10\/image-1.png 850w, https:\/\/concess.transport-manager.net\/solaris\/wp-content\/uploads\/sites\/3\/2024\/10\/image-1-300x187.png 300w, https:\/\/concess.transport-manager.net\/solaris\/wp-content\/uploads\/sites\/3\/2024\/10\/image-1-768x480.png 768w\" sizes=\"auto, (max-width: 850px) 100vw, 850px\" \/><\/figure>\n<\/div>\n\n<div class=\"wp-block-image\">\n<figure class=\"aligncenter size-full\"><img loading=\"lazy\" decoding=\"async\" width=\"372\" height=\"532\" src=\"https:\/\/concess.transport-manager.net\/solaris\/wp-content\/uploads\/sites\/3\/2024\/10\/image-2.png\" alt=\"\" class=\"wp-image-411\" srcset=\"https:\/\/concess.transport-manager.net\/solaris\/wp-content\/uploads\/sites\/3\/2024\/10\/image-2.png 372w, https:\/\/concess.transport-manager.net\/solaris\/wp-content\/uploads\/sites\/3\/2024\/10\/image-2-210x300.png 210w\" sizes=\"auto, (max-width: 372px) 100vw, 372px\" \/><\/figure>\n<\/div>\n\n\n<figure class=\"wp-block-image size-full is-resized\"><img loading=\"lazy\" decoding=\"async\" width=\"848\" height=\"533\" src=\"https:\/\/concess.transport-manager.net\/solaris\/wp-content\/uploads\/sites\/3\/2024\/10\/image-4.png\" alt=\"\" class=\"wp-image-413\" style=\"width:840px;height:auto\" srcset=\"https:\/\/concess.transport-manager.net\/solaris\/wp-content\/uploads\/sites\/3\/2024\/10\/image-4.png 848w, https:\/\/concess.transport-manager.net\/solaris\/wp-content\/uploads\/sites\/3\/2024\/10\/image-4-300x189.png 300w, https:\/\/concess.transport-manager.net\/solaris\/wp-content\/uploads\/sites\/3\/2024\/10\/image-4-768x483.png 768w\" sizes=\"auto, (max-width: 848px) 100vw, 848px\" \/><\/figure>\n\n\n\n<figure class=\"wp-block-image size-full\"><img loading=\"lazy\" decoding=\"async\" width=\"847\" height=\"533\" src=\"https:\/\/concess.transport-manager.net\/solaris\/wp-content\/uploads\/sites\/3\/2024\/10\/image-5.png\" alt=\"\" class=\"wp-image-414\" srcset=\"https:\/\/concess.transport-manager.net\/solaris\/wp-content\/uploads\/sites\/3\/2024\/10\/image-5.png 847w, https:\/\/concess.transport-manager.net\/solaris\/wp-content\/uploads\/sites\/3\/2024\/10\/image-5-300x189.png 300w, https:\/\/concess.transport-manager.net\/solaris\/wp-content\/uploads\/sites\/3\/2024\/10\/image-5-768x483.png 768w\" sizes=\"auto, (max-width: 847px) 100vw, 847px\" \/><\/figure>\n\n\n\n<figure class=\"wp-block-image size-full is-resized\"><img loading=\"lazy\" decoding=\"async\" width=\"848\" height=\"533\" src=\"https:\/\/concess.transport-manager.net\/solaris\/wp-content\/uploads\/sites\/3\/2024\/10\/image-6.png\" alt=\"\" class=\"wp-image-415\" style=\"width:840px;height:auto\" srcset=\"https:\/\/concess.transport-manager.net\/solaris\/wp-content\/uploads\/sites\/3\/2024\/10\/image-6.png 848w, https:\/\/concess.transport-manager.net\/solaris\/wp-content\/uploads\/sites\/3\/2024\/10\/image-6-300x189.png 300w, https:\/\/concess.transport-manager.net\/solaris\/wp-content\/uploads\/sites\/3\/2024\/10\/image-6-768x483.png 768w\" sizes=\"auto, (max-width: 848px) 100vw, 848px\" \/><\/figure>\n\n\n\n<figure class=\"wp-block-image size-full\"><img loading=\"lazy\" decoding=\"async\" width=\"848\" height=\"532\" src=\"https:\/\/concess.transport-manager.net\/solaris\/wp-content\/uploads\/sites\/3\/2024\/10\/image-7.png\" alt=\"\" class=\"wp-image-416\" srcset=\"https:\/\/concess.transport-manager.net\/solaris\/wp-content\/uploads\/sites\/3\/2024\/10\/image-7.png 848w, https:\/\/concess.transport-manager.net\/solaris\/wp-content\/uploads\/sites\/3\/2024\/10\/image-7-300x188.png 300w, https:\/\/concess.transport-manager.net\/solaris\/wp-content\/uploads\/sites\/3\/2024\/10\/image-7-768x482.png 768w\" sizes=\"auto, (max-width: 848px) 100vw, 848px\" \/><\/figure>\n\n\n\n<p class=\"has-text-align-center\">Vous avez fait votre choix ? Alors n&rsquo;attendez plus !<\/p>\n\n\n\n<div class=\"wp-block-buttons alignwide is-content-justification-center is-layout-flex wp-container-core-buttons-is-layout-a89b3969 wp-block-buttons-is-layout-flex\">\n<div class=\"wp-block-button\"><a class=\"wp-block-button__link wp-element-button\" href=\"https:\/\/transport-manager.net\/jeu\/sendconcess.php?p=solarisdevis\" target=\"_blank\" rel=\"noreferrer noopener\">R\u00e9aliser un devis<\/a><\/div>\n<\/div>\n\n\n\n<p><\/p>\n","protected":false},"excerpt":{"rendered":"<p>De l&rsquo;Alpino \u00e0 notre incontournable Urbino, d\u00e9couvrez une gamme adapt\u00e9e \u00e0 vos besoins ! Notez que :&#8211; L&rsquo;ast\u00e9risque rouge correspond \u00e0 un v\u00e9hicule BHNS, accessible uniquement aux joueurs \u00e0 partir du niveau 3&#8211; L&rsquo;ast\u00e9risque bleu correspond \u00e0 un v\u00e9hicule LE ou Car, accessible uniquement aux joueurs \u00e0 partir du niveau [&hellip;]<\/p>\n","protected":false},"author":13,"featured_media":0,"parent":0,"menu_order":0,"comment_status":"closed","ping_status":"closed","template":"","meta":{"footnotes":""},"class_list":["post-287","page","type-page","status-publish","hentry"],"_links":{"self":[{"href":"https:\/\/concess.transport-manager.net\/solaris\/wp-json\/wp\/v2\/pages\/287","targetHints":{"allow":["GET"]}}],"collection":[{"href":"https:\/\/concess.transport-manager.net\/solaris\/wp-json\/wp\/v2\/pages"}],"about":[{"href":"https:\/\/concess.transport-manager.net\/solaris\/wp-json\/wp\/v2\/types\/page"}],"author":[{"embeddable":true,"href":"https:\/\/concess.transport-manager.net\/solaris\/wp-json\/wp\/v2\/users\/13"}],"replies":[{"embeddable":true,"href":"https:\/\/concess.transport-manager.net\/solaris\/wp-json\/wp\/v2\/comments?post=287"}],"version-history":[{"count":16,"href":"https:\/\/concess.transport-manager.net\/solaris\/wp-json\/wp\/v2\/pages\/287\/revisions"}],"predecessor-version":[{"id":451,"href":"https:\/\/concess.transport-manager.net\/solaris\/wp-json\/wp\/v2\/pages\/287\/revisions\/451"}],"wp:attachment":[{"href":"https:\/\/concess.transport-manager.net\/solaris\/wp-json\/wp\/v2\/media?parent=287"}],"curies":[{"name":"wp","href":"https:\/\/api.w.org\/{rel}","templated":true}]}}