{"id":299,"date":"2023-01-01T01:18:17","date_gmt":"2023-01-01T00:18:17","guid":{"rendered":"https:\/\/concess.transport-manager.net\/solaris\/?page_id=299"},"modified":"2025-09-23T21:59:53","modified_gmt":"2025-09-23T19:59:53","slug":"catalogue-bus-occasion","status":"publish","type":"page","link":"https:\/\/concess.transport-manager.net\/solaris\/catalogue-bus-occasion\/","title":{"rendered":"Catalogue bus\/cars occasion"},"content":{"rendered":"\n<p>M\u00eame d&rsquo;occasion, nos bus sauront vous plaire \ud83d\ude09<\/p>\n\n\n\n<p>Notez que :<br>&#8211; L&rsquo;ast\u00e9risque rouge correspond \u00e0 un <strong>v\u00e9hicule BHNS<\/strong>, accessible uniquement aux joueurs <strong>\u00e0 partir du niveau 3<\/strong><br>&#8211; L&rsquo;ast\u00e9risque bleu correspond \u00e0 un <strong>v\u00e9hicule LE ou Car<\/strong>, accessible uniquement aux joueurs <strong>\u00e0 partir du niveau 4<\/strong><br>&#8211; La mention \u00b2 renvoie \u00e0 des v\u00e9hicules disponibles neufs<br>&#8211; Les baies basses sont disponibles sur l&rsquo;ensemble de la gamme Alpino et Urbino <strong>\u00e0 l&rsquo;exception des v\u00e9hicules \u00e9lectriques, LE, Cars et BHNS<\/strong><\/p>\n\n\n\n<figure class=\"wp-block-image size-full\"><img loading=\"lazy\" decoding=\"async\" width=\"847\" height=\"495\" src=\"https:\/\/concess.transport-manager.net\/solaris\/wp-content\/uploads\/sites\/3\/2024\/10\/image-8.png\" alt=\"\" class=\"wp-image-418\" srcset=\"https:\/\/concess.transport-manager.net\/solaris\/wp-content\/uploads\/sites\/3\/2024\/10\/image-8.png 847w, https:\/\/concess.transport-manager.net\/solaris\/wp-content\/uploads\/sites\/3\/2024\/10\/image-8-300x175.png 300w, https:\/\/concess.transport-manager.net\/solaris\/wp-content\/uploads\/sites\/3\/2024\/10\/image-8-768x449.png 768w\" sizes=\"auto, (max-width: 847px) 100vw, 847px\" \/><\/figure>\n\n\n\n<figure class=\"wp-block-image size-full\"><img loading=\"lazy\" decoding=\"async\" width=\"847\" height=\"492\" src=\"https:\/\/concess.transport-manager.net\/solaris\/wp-content\/uploads\/sites\/3\/2024\/10\/image-9.png\" alt=\"\" class=\"wp-image-420\" srcset=\"https:\/\/concess.transport-manager.net\/solaris\/wp-content\/uploads\/sites\/3\/2024\/10\/image-9.png 847w, https:\/\/concess.transport-manager.net\/solaris\/wp-content\/uploads\/sites\/3\/2024\/10\/image-9-300x174.png 300w, https:\/\/concess.transport-manager.net\/solaris\/wp-content\/uploads\/sites\/3\/2024\/10\/image-9-768x446.png 768w\" sizes=\"auto, (max-width: 847px) 100vw, 847px\" \/><\/figure>\n\n\n\n<figure class=\"wp-block-image size-full is-resized\"><img loading=\"lazy\" decoding=\"async\" width=\"847\" height=\"495\" src=\"https:\/\/concess.transport-manager.net\/solaris\/wp-content\/uploads\/sites\/3\/2024\/10\/image-10.png\" alt=\"\" class=\"wp-image-421\" style=\"width:840px;height:auto\" srcset=\"https:\/\/concess.transport-manager.net\/solaris\/wp-content\/uploads\/sites\/3\/2024\/10\/image-10.png 847w, https:\/\/concess.transport-manager.net\/solaris\/wp-content\/uploads\/sites\/3\/2024\/10\/image-10-300x175.png 300w, https:\/\/concess.transport-manager.net\/solaris\/wp-content\/uploads\/sites\/3\/2024\/10\/image-10-768x449.png 768w\" sizes=\"auto, (max-width: 847px) 100vw, 847px\" \/><\/figure>\n\n\n\n<figure class=\"wp-block-image size-full\"><img loading=\"lazy\" decoding=\"async\" width=\"847\" height=\"492\" src=\"https:\/\/concess.transport-manager.net\/solaris\/wp-content\/uploads\/sites\/3\/2024\/10\/image-11.png\" alt=\"\" class=\"wp-image-422\" srcset=\"https:\/\/concess.transport-manager.net\/solaris\/wp-content\/uploads\/sites\/3\/2024\/10\/image-11.png 847w, https:\/\/concess.transport-manager.net\/solaris\/wp-content\/uploads\/sites\/3\/2024\/10\/image-11-300x174.png 300w, https:\/\/concess.transport-manager.net\/solaris\/wp-content\/uploads\/sites\/3\/2024\/10\/image-11-768x446.png 768w\" sizes=\"auto, (max-width: 847px) 100vw, 847px\" \/><\/figure>\n\n\n\n<figure class=\"wp-block-image size-full\"><img loading=\"lazy\" decoding=\"async\" width=\"847\" height=\"492\" src=\"https:\/\/concess.transport-manager.net\/solaris\/wp-content\/uploads\/sites\/3\/2024\/10\/image-12.png\" alt=\"\" class=\"wp-image-423\" srcset=\"https:\/\/concess.transport-manager.net\/solaris\/wp-content\/uploads\/sites\/3\/2024\/10\/image-12.png 847w, https:\/\/concess.transport-manager.net\/solaris\/wp-content\/uploads\/sites\/3\/2024\/10\/image-12-300x174.png 300w, https:\/\/concess.transport-manager.net\/solaris\/wp-content\/uploads\/sites\/3\/2024\/10\/image-12-768x446.png 768w\" sizes=\"auto, (max-width: 847px) 100vw, 847px\" \/><\/figure>\n\n\n\n<figure class=\"wp-block-image size-full\"><img loading=\"lazy\" decoding=\"async\" width=\"848\" height=\"493\" src=\"https:\/\/concess.transport-manager.net\/solaris\/wp-content\/uploads\/sites\/3\/2024\/10\/image-13.png\" alt=\"\" class=\"wp-image-424\" srcset=\"https:\/\/concess.transport-manager.net\/solaris\/wp-content\/uploads\/sites\/3\/2024\/10\/image-13.png 848w, https:\/\/concess.transport-manager.net\/solaris\/wp-content\/uploads\/sites\/3\/2024\/10\/image-13-300x174.png 300w, https:\/\/concess.transport-manager.net\/solaris\/wp-content\/uploads\/sites\/3\/2024\/10\/image-13-768x446.png 768w\" sizes=\"auto, (max-width: 848px) 100vw, 848px\" \/><\/figure>\n\n\n\n<figure class=\"wp-block-image size-full\"><img loading=\"lazy\" decoding=\"async\" width=\"847\" height=\"497\" src=\"https:\/\/concess.transport-manager.net\/solaris\/wp-content\/uploads\/sites\/3\/2024\/10\/image-14.png\" alt=\"\" class=\"wp-image-425\" srcset=\"https:\/\/concess.transport-manager.net\/solaris\/wp-content\/uploads\/sites\/3\/2024\/10\/image-14.png 847w, https:\/\/concess.transport-manager.net\/solaris\/wp-content\/uploads\/sites\/3\/2024\/10\/image-14-300x176.png 300w, https:\/\/concess.transport-manager.net\/solaris\/wp-content\/uploads\/sites\/3\/2024\/10\/image-14-768x451.png 768w\" sizes=\"auto, (max-width: 847px) 100vw, 847px\" \/><\/figure>\n\n\n<div class=\"wp-block-image\">\n<figure class=\"aligncenter size-full\"><img loading=\"lazy\" decoding=\"async\" width=\"370\" height=\"492\" src=\"https:\/\/concess.transport-manager.net\/solaris\/wp-content\/uploads\/sites\/3\/2024\/10\/image-15.png\" alt=\"\" class=\"wp-image-426\" srcset=\"https:\/\/concess.transport-manager.net\/solaris\/wp-content\/uploads\/sites\/3\/2024\/10\/image-15.png 370w, https:\/\/concess.transport-manager.net\/solaris\/wp-content\/uploads\/sites\/3\/2024\/10\/image-15-226x300.png 226w\" sizes=\"auto, (max-width: 370px) 100vw, 370px\" \/><\/figure>\n<\/div>\n\n\n<figure class=\"wp-block-image size-full\"><img loading=\"lazy\" decoding=\"async\" width=\"847\" height=\"493\" src=\"https:\/\/concess.transport-manager.net\/solaris\/wp-content\/uploads\/sites\/3\/2024\/10\/image-16.png\" alt=\"\" class=\"wp-image-427\" srcset=\"https:\/\/concess.transport-manager.net\/solaris\/wp-content\/uploads\/sites\/3\/2024\/10\/image-16.png 847w, https:\/\/concess.transport-manager.net\/solaris\/wp-content\/uploads\/sites\/3\/2024\/10\/image-16-300x175.png 300w, https:\/\/concess.transport-manager.net\/solaris\/wp-content\/uploads\/sites\/3\/2024\/10\/image-16-768x447.png 768w\" sizes=\"auto, (max-width: 847px) 100vw, 847px\" \/><\/figure>\n\n\n\n<figure class=\"wp-block-image size-full\"><img loading=\"lazy\" decoding=\"async\" width=\"847\" height=\"496\" src=\"https:\/\/concess.transport-manager.net\/solaris\/wp-content\/uploads\/sites\/3\/2024\/10\/image-17.png\" alt=\"\" class=\"wp-image-428\" srcset=\"https:\/\/concess.transport-manager.net\/solaris\/wp-content\/uploads\/sites\/3\/2024\/10\/image-17.png 847w, https:\/\/concess.transport-manager.net\/solaris\/wp-content\/uploads\/sites\/3\/2024\/10\/image-17-300x176.png 300w, https:\/\/concess.transport-manager.net\/solaris\/wp-content\/uploads\/sites\/3\/2024\/10\/image-17-768x450.png 768w\" sizes=\"auto, (max-width: 847px) 100vw, 847px\" \/><\/figure>\n\n\n<div class=\"wp-block-image\">\n<figure class=\"aligncenter size-full\"><img loading=\"lazy\" decoding=\"async\" width=\"371\" height=\"492\" src=\"https:\/\/concess.transport-manager.net\/solaris\/wp-content\/uploads\/sites\/3\/2024\/10\/image-18.png\" alt=\"\" class=\"wp-image-429\" srcset=\"https:\/\/concess.transport-manager.net\/solaris\/wp-content\/uploads\/sites\/3\/2024\/10\/image-18.png 371w, https:\/\/concess.transport-manager.net\/solaris\/wp-content\/uploads\/sites\/3\/2024\/10\/image-18-226x300.png 226w\" sizes=\"auto, (max-width: 371px) 100vw, 371px\" \/><\/figure>\n<\/div>\n\n\n<p class=\"has-text-align-center\">Vous avez fait votre choix ? Alors n&rsquo;attendez plus !<\/p>\n\n\n\n<div class=\"wp-block-buttons alignwide is-content-justification-center is-layout-flex wp-container-core-buttons-is-layout-a89b3969 wp-block-buttons-is-layout-flex\">\n<div class=\"wp-block-button\"><a class=\"wp-block-button__link wp-element-button\" href=\"https:\/\/transport-manager.net\/jeu\/sendconcess.php?p=solarisdevis\" target=\"_blank\" rel=\"noreferrer noopener\">R\u00e9aliser un devis<\/a><\/div>\n<\/div>\n\n\n\n<p><\/p>\n","protected":false},"excerpt":{"rendered":"<p>M\u00eame d&rsquo;occasion, nos bus sauront vous plaire \ud83d\ude09 Notez que :&#8211; L&rsquo;ast\u00e9risque rouge correspond \u00e0 un v\u00e9hicule BHNS, accessible uniquement aux joueurs \u00e0 partir du niveau 3&#8211; L&rsquo;ast\u00e9risque bleu correspond \u00e0 un v\u00e9hicule LE ou Car, accessible uniquement aux joueurs \u00e0 partir du niveau 4&#8211; La mention \u00b2 renvoie \u00e0 [&hellip;]<\/p>\n","protected":false},"author":13,"featured_media":0,"parent":0,"menu_order":0,"comment_status":"closed","ping_status":"closed","template":"","meta":{"footnotes":""},"class_list":["post-299","page","type-page","status-publish","hentry"],"_links":{"self":[{"href":"https:\/\/concess.transport-manager.net\/solaris\/wp-json\/wp\/v2\/pages\/299","targetHints":{"allow":["GET"]}}],"collection":[{"href":"https:\/\/concess.transport-manager.net\/solaris\/wp-json\/wp\/v2\/pages"}],"about":[{"href":"https:\/\/concess.transport-manager.net\/solaris\/wp-json\/wp\/v2\/types\/page"}],"author":[{"embeddable":true,"href":"https:\/\/concess.transport-manager.net\/solaris\/wp-json\/wp\/v2\/users\/13"}],"replies":[{"embeddable":true,"href":"https:\/\/concess.transport-manager.net\/solaris\/wp-json\/wp\/v2\/comments?post=299"}],"version-history":[{"count":12,"href":"https:\/\/concess.transport-manager.net\/solaris\/wp-json\/wp\/v2\/pages\/299\/revisions"}],"predecessor-version":[{"id":452,"href":"https:\/\/concess.transport-manager.net\/solaris\/wp-json\/wp\/v2\/pages\/299\/revisions\/452"}],"wp:attachment":[{"href":"https:\/\/concess.transport-manager.net\/solaris\/wp-json\/wp\/v2\/media?parent=299"}],"curies":[{"name":"wp","href":"https:\/\/api.w.org\/{rel}","templated":true}]}}