{"id":68,"date":"2021-09-02T22:20:01","date_gmt":"2021-09-02T20:20:01","guid":{"rendered":"https:\/\/concess.transport-manager.net\/solaris\/?page_id=68"},"modified":"2023-01-01T01:29:21","modified_gmt":"2023-01-01T00:29:21","slug":"bienvenue","status":"publish","type":"page","link":"https:\/\/concess.transport-manager.net\/solaris\/","title":{"rendered":"Bienvenue chez SOLARIS Bus &amp; Coach"},"content":{"rendered":"\n<h2 class=\"wp-block-heading\">Notre histoire <\/h2>\n\n\n\n<p>Entreprise polonaise cr\u00e9\u00e9e en 2001 par Krzysztof Olszewski, sur les vestiges de la filiale polonaise de Neoplan, Solaris a tr\u00e8s rapidement perc\u00e9 sur le march\u00e9 avec ses autobus gr\u00e2ce au succ\u00e8s de sa gamme d\u2019autobus urbains Urbino. Les premiers bus sont vendus sur les r\u00e9seaux polonais, puis l&rsquo;entreprise s&rsquo;ouvre \u00e0 l&rsquo;international en livrant un v\u00e9hicule Urbino 15 \u00e0 la ville d&rsquo;Ostrava, en R\u00e9publique Tch\u00e8que en 2000. Aujourd&rsquo;hui, environ 80% de la production est destin\u00e9e \u00e0 l&rsquo;export.<\/p>\n\n\n\n<p>Le catalogue compte tous les types de longueur et de motorisation. Pour remplir chacune de vos attentes, Solaris a \u00e9t\u00e9 \u00e0 l\u2019avant-garde pour l\u2019int\u00e9gration des nouvelles technologies dans la construction de l\u2019autobus de demain, tout en pratiquant les tarifs les plus bas du march\u00e9.<\/p>\n\n\n<div class=\"wp-block-image\">\n<figure class=\"aligncenter size-large\"><img loading=\"lazy\" decoding=\"async\" width=\"638\" height=\"448\" src=\"https:\/\/concess.transport-manager.net\/solaris\/wp-content\/uploads\/sites\/3\/2021\/09\/toutou10.png\" alt=\"\" class=\"wp-image-72\" srcset=\"https:\/\/concess.transport-manager.net\/solaris\/wp-content\/uploads\/sites\/3\/2021\/09\/toutou10.png 638w, https:\/\/concess.transport-manager.net\/solaris\/wp-content\/uploads\/sites\/3\/2021\/09\/toutou10-300x211.png 300w\" sizes=\"auto, (max-width: 638px) 100vw, 638px\" \/><\/figure>\n<\/div>\n\n<div class=\"wp-block-image\">\n<figure class=\"aligncenter size-large\"><img loading=\"lazy\" decoding=\"async\" width=\"644\" height=\"98\" src=\"https:\/\/concess.transport-manager.net\/solaris\/wp-content\/uploads\/sites\/3\/2021\/09\/histoi12.png\" alt=\"\" class=\"wp-image-73\" srcset=\"https:\/\/concess.transport-manager.net\/solaris\/wp-content\/uploads\/sites\/3\/2021\/09\/histoi12.png 644w, https:\/\/concess.transport-manager.net\/solaris\/wp-content\/uploads\/sites\/3\/2021\/09\/histoi12-300x46.png 300w\" sizes=\"auto, (max-width: 644px) 100vw, 644px\" \/><\/figure>\n<\/div>\n\n\n<p>Voici Dachsie, la mascotte principale de la marque Solaris ! Dachsie est un teckel vert, imagin\u00e9 par Solange Olszewska, la femme du PDG de notre entreprise, afin de repr\u00e9senter les activit\u00e9s de la marque. Ce chien se d\u00e9cline dans diff\u00e9rentes mises en sc\u00e8ne selon la fonction du v\u00e9hicule qu&rsquo;il repr\u00e9sente (avec un sac \u00e0 dos dans un v\u00e9hicule interurbain, avec deux c\u0153urs symbolisant un moteur \u00e0 double entra\u00eenement pour les v\u00e9hicules hybrides, avec une fleur dans la bouche pour les mod\u00e8les EEV \u00e9cologique&#8230;)<\/p>\n\n\n\n<p>\u00ab\u00a0\u00c9tant responsable, entre autres choses, de l&rsquo;image de l&rsquo;entreprise, j&rsquo;ai essay\u00e9 de concevoir un symbole ou un logo qui distinguerait nos bus des produits des concurrents. Le teckel vert correspond parfaitement \u00e0 cet esprit. Il a un long corps, tout comme un bus, il a des jambes courtes et est l\u00e9g\u00e8rement creus\u00e9 tout comme nos bus \u00e0 plancher bas, il mange peu parce que nos bus sont \u00e9cologique et \u00e9conomiques, c&rsquo;est vert parce que nos produits sont respectueux de l&rsquo;environnement, et, le meilleur pour la fin, il est compl\u00e8tement d\u00e9vou\u00e9 \u00e0 son ma\u00eetre, tout comme nous le sommes compl\u00e8tement au service de nos clients\u00a0\u00bb, explique Solange Olszewska.<\/p>\n","protected":false},"excerpt":{"rendered":"<p>Notre histoire Entreprise polonaise cr\u00e9\u00e9e en 2001 par Krzysztof Olszewski, sur les vestiges de la filiale polonaise de Neoplan, Solaris a tr\u00e8s rapidement perc\u00e9 sur le march\u00e9 avec ses autobus gr\u00e2ce au succ\u00e8s de sa gamme d\u2019autobus urbains Urbino. Les premiers bus sont vendus sur les r\u00e9seaux polonais, puis l&rsquo;entreprise [&hellip;]<\/p>\n","protected":false},"author":11,"featured_media":0,"parent":0,"menu_order":0,"comment_status":"closed","ping_status":"closed","template":"","meta":{"footnotes":""},"class_list":["post-68","page","type-page","status-publish","hentry"],"_links":{"self":[{"href":"https:\/\/concess.transport-manager.net\/solaris\/wp-json\/wp\/v2\/pages\/68","targetHints":{"allow":["GET"]}}],"collection":[{"href":"https:\/\/concess.transport-manager.net\/solaris\/wp-json\/wp\/v2\/pages"}],"about":[{"href":"https:\/\/concess.transport-manager.net\/solaris\/wp-json\/wp\/v2\/types\/page"}],"author":[{"embeddable":true,"href":"https:\/\/concess.transport-manager.net\/solaris\/wp-json\/wp\/v2\/users\/11"}],"replies":[{"embeddable":true,"href":"https:\/\/concess.transport-manager.net\/solaris\/wp-json\/wp\/v2\/comments?post=68"}],"version-history":[{"count":5,"href":"https:\/\/concess.transport-manager.net\/solaris\/wp-json\/wp\/v2\/pages\/68\/revisions"}],"predecessor-version":[{"id":313,"href":"https:\/\/concess.transport-manager.net\/solaris\/wp-json\/wp\/v2\/pages\/68\/revisions\/313"}],"wp:attachment":[{"href":"https:\/\/concess.transport-manager.net\/solaris\/wp-json\/wp\/v2\/media?parent=68"}],"curies":[{"name":"wp","href":"https:\/\/api.w.org\/{rel}","templated":true}]}}